{"id":323,"date":"2018-02-22T13:25:25","date_gmt":"2018-02-22T12:25:25","guid":{"rendered":"https:\/\/www.hsu-hh.de\/diffpsych\/?page_id=323"},"modified":"2024-09-12T12:18:03","modified_gmt":"2024-09-12T10:18:03","slug":"pia-magdalena-brandt","status":"publish","type":"page","link":"https:\/\/www.hsu-hh.de\/diffpsych\/team\/pia-magdalena-brandt","title":{"rendered":"Dr. Pia Magdalena Brandt"},"content":{"rendered":"\n<p>Wissenschaftliche Mitarbeiterin<\/p>\n\n\n<div class=\"ansprechparter-container\">\n<div class=\"row ansprechpartner-item ansprechparter-header\">\n<div class=\"col-md-4 col-lg-3 col-xs-4 ansprechpartner-item floatright img-circle center-block\" style=\"margin-bottom: 30px\">\n<div class=\"img-responsive-wrapper\"><img loading=\"lazy\" decoding=\"async\" class=\"img-circle img-responsive center-block alignnone wp-image-327\" src=\"https:\/\/www.hsu-hh.de\/diffpsych\/wp-content\/uploads\/sites\/722\/2018\/02\/brandt-300x300.jpg\" alt=\"Pia Magdalena Brandt\" width=\"161\" height=\"161\" srcset=\"https:\/\/www.hsu-hh.de\/diffpsych\/wp-content\/uploads\/sites\/722\/2018\/02\/brandt-300x300.jpg 300w, https:\/\/www.hsu-hh.de\/diffpsych\/wp-content\/uploads\/sites\/722\/2018\/02\/brandt-150x150.jpg 150w, https:\/\/www.hsu-hh.de\/diffpsych\/wp-content\/uploads\/sites\/722\/2018\/02\/brandt-768x768.jpg 768w, https:\/\/www.hsu-hh.de\/diffpsych\/wp-content\/uploads\/sites\/722\/2018\/02\/brandt-100x100.jpg 100w, https:\/\/www.hsu-hh.de\/diffpsych\/wp-content\/uploads\/sites\/722\/2018\/02\/brandt.jpg 800w\" sizes=\"auto, (max-width: 161px) 100vw, 161px\" \/><\/div>\n<\/div>\n<div class=\"col-md-12 col-lg-3 col-xs-12 ansprechpartner-item kontakt floatright\" style=\"margin-bottom: 30px\">\n<div class=\"row\">\n<div class=\"col-xs-12 col-sm-6 col-lg-12\">\n<div class=\"row\">\n<div class=\"col-xs-12 col-lg-4 row-text bold\">Raum:<\/div>\n<div class=\"col-xs-12 col-lg-8 row-text\">129<\/div>\n<\/div>\n<\/div>\n<div class=\"col-xs-12 col-sm-6 col-lg-12\">\n<div class=\"row\">\n<div class=\"col-xs-12 col-lg-4 row-text bold\">Telefon:<\/div>\n<div class=\"col-xs-12 col-lg-8 row-text\">(040) 6541-0<\/div>\n<\/div>\n<\/div>\n<div class=\"col-xs-12 col-sm-6 col-lg-12\">\n<div class=\"row\">\n<div class=\"col-xs-12 col-md-12 row-text bold\">E-Mail:<\/div>\n<div class=\"col-xs-12 col-md-12 row-text\"><a href=\"mailto:pia.brandt@hsu-hh.de\" rel='nofollow'>pia.brandt@hsu-hh.de<\/a><\/div>\n<\/div>\n<\/div>\n<\/div>\n<\/div>\n<div class=\"col-md-6 col-lg-3 col-xs-12 ansprechpartner-item anschrift floatright\">\n<div class=\"row-headline\">Besucheranschrift<\/div>\n<div class=\"row-text\">Helmut-Schmidt-Universit\u00e4t<\/div>\n<div class=\"row-text\">Geb\u00e4ude H4<\/div>\n<div class=\"row-text\">Holstenhofweg 85<\/div>\n<div class=\"row-text\">22043 Hamburg<\/div>\n<\/div>\n<div class=\"col-md-6 col-lg-3 col-xs-12 ansprechpartner-item anschrift floatright\">\n<div class=\"row-headline\">Postanschrift<\/div>\n<div class=\"row-text\">Helmut-Schmidt-Universit\u00e4t<\/div>\n<div class=\"row-text\">Fakult\u00e4t f\u00fcr Geistes- und Sozialwissenschaften<br \/>\nProfessur f\u00fcr Pers\u00f6nlichkeitspsychologie<\/div>\n<div class=\"row-text\">Postfach 70 08 22<\/div>\n<div class=\"row-text\">22008 Hamburg<\/div>\n<\/div>\n<\/div>\n<\/div>\n<div class=\"clearfix\"><\/div>\n<p>&nbsp;<\/p>","protected":false},"excerpt":{"rendered":"<p>Wissenschaftliche Mitarbeiterin Raum: 129 Telefon: (040) 6541-0 E-Mail: pia.brandt@hsu-hh.de Besucheranschrift Helmut-Schmidt-Universit\u00e4t Geb\u00e4ude H4 Holstenhofweg 85 22043 Hamburg Postanschrift Helmut-Schmidt-Universit\u00e4t Fakult\u00e4t f\u00fcr Geistes- und Sozialwissenschaften Professur f\u00fcr Pers\u00f6nlichkeitspsychologie Postfach 70 08 [&hellip;]<\/p>\n","protected":false},"author":1548,"featured_media":0,"parent":102,"menu_order":0,"comment_status":"closed","ping_status":"closed","template":"","meta":{"footnotes":""},"categories":[4],"tags":[],"class_list":["post-323","page","type-page","status-publish","hentry","category-forschung"],"_links":{"self":[{"href":"https:\/\/www.hsu-hh.de\/diffpsych\/wp-json\/wp\/v2\/pages\/323","targetHints":{"allow":["GET"]}}],"collection":[{"href":"https:\/\/www.hsu-hh.de\/diffpsych\/wp-json\/wp\/v2\/pages"}],"about":[{"href":"https:\/\/www.hsu-hh.de\/diffpsych\/wp-json\/wp\/v2\/types\/page"}],"author":[{"embeddable":true,"href":"https:\/\/www.hsu-hh.de\/diffpsych\/wp-json\/wp\/v2\/users\/1548"}],"replies":[{"embeddable":true,"href":"https:\/\/www.hsu-hh.de\/diffpsych\/wp-json\/wp\/v2\/comments?post=323"}],"version-history":[{"count":11,"href":"https:\/\/www.hsu-hh.de\/diffpsych\/wp-json\/wp\/v2\/pages\/323\/revisions"}],"predecessor-version":[{"id":2106,"href":"https:\/\/www.hsu-hh.de\/diffpsych\/wp-json\/wp\/v2\/pages\/323\/revisions\/2106"}],"up":[{"embeddable":true,"href":"https:\/\/www.hsu-hh.de\/diffpsych\/wp-json\/wp\/v2\/pages\/102"}],"wp:attachment":[{"href":"https:\/\/www.hsu-hh.de\/diffpsych\/wp-json\/wp\/v2\/media?parent=323"}],"wp:term":[{"taxonomy":"category","embeddable":true,"href":"https:\/\/www.hsu-hh.de\/diffpsych\/wp-json\/wp\/v2\/categories?post=323"},{"taxonomy":"post_tag","embeddable":true,"href":"https:\/\/www.hsu-hh.de\/diffpsych\/wp-json\/wp\/v2\/tags?post=323"}],"curies":[{"name":"wp","href":"https:\/\/api.w.org\/{rel}","templated":true}]}}