{"id":2380,"date":"2026-05-08T11:16:08","date_gmt":"2026-05-08T09:16:08","guid":{"rendered":"https:\/\/www.hsu-hh.de\/diffpsych\/?page_id=2380"},"modified":"2026-05-08T11:16:09","modified_gmt":"2026-05-08T09:16:09","slug":"resilienzkonzept-fuer-feldjaegerkraefte","status":"publish","type":"page","link":"https:\/\/www.hsu-hh.de\/diffpsych\/resilienzkonzept-fuer-feldjaegerkraefte","title":{"rendered":"Resilienzkonzept f\u00fcr Feldj\u00e4gerkr\u00e4fte"},"content":{"rendered":"\n<p>Im <a href=\"https:\/\/www.hsu-hh.de\/diffpsych\/kooperationsvereinbarung-mit-dem-kommando-feldjaeger-der-bundeswehr\" data-type=\"page\" data-id=\"2309\">KdoBer FJgBw<\/a> wurde \u00fcber mehrere Jahre ein zielgruppenspezifisches Resilienzkonzept entwickelt, das modular aufgebaut ist und in der Ausbildung implementiert sowie validiert und evaluiert wurde. Es setzt stark auf Praxisanteile und vermittelt mehrere psychologische Bausteine, die zusammen die psychische Widerstandsf\u00e4higkeit st\u00e4rken. Zielgruppenorientierte Stressimpfungstrainings werden aktuell im Bereich verwendungsspezifisches Fahren und Schie\u00dfen durchgef\u00fchrt.<\/p>\n\n\n\n<ul class=\"wp-block-list\">\n<li><strong>Entwicklung eines Messinstruments zur Resilienz<\/strong><br>Ziel: Erhebung der individuellen Auspr\u00e4gung der Resilienzkompetenzen und Aufzeigen von Bereichen mit Entwicklungspotential.<\/li>\n\n\n\n<li><strong>\u201eEinfluss digitaler Ausbildungsmittel auf den Ausbildungserfolg\u201c<\/strong><br>Ziel: Empirische Untersuchung des Einflusses digitaler Ausbildungsmittel auf Selbstreflexion, Belastungsverarbeitung und Ausbildungserfolg unter einsatznahen Bedingungen.<\/li>\n\n\n\n<li><strong>Verwendungsspezifika der Module (FJgBw Spezialisierung)<\/strong><br>Ziel: Ausbildungsinhalte anhand des Resilienzkonzepts FJgWesBw an verwendungsspezifische Fertigkeiten anpassen.<\/li>\n\n\n\n<li><strong>Einbindung von Multiplikatoren in die Resilienzausbildung<\/strong><br>Ziel: Praktische Anwendung von Wissen und Techniken sowie Transfer auf Einsatzszenarien in unterschiedliche bestehende Ausbildungsvorhaben einbinden.<\/li>\n\n\n\n<li><strong>Weiterentwicklung von Ausbildungsmitteln im Stressimpfungstraining<\/strong><br>Ziel: Selbstreflexion und Stressmanagmenent in herausfordernden Szenarien zielgerichtet f\u00f6rdern (z. B. \u00fcber Biofeedback).<\/li>\n\n\n\n<li><strong>Digitale Prozesse in der Ausbildung<\/strong><br>Ziel: Lernprozess mit Hilfe digitaler Mittel unterst\u00fctzen und neue Ressourcen in der Lehre schaffen<\/li>\n<\/ul>\n\n\n\n<p>Bei Interesse oder Fragen erreichen Sie die Truppen- und Einsatzpsychologie der Feldj\u00e4ger unter:<\/p>\n\n\n\n<p>0511 \u2013 90 3833 \/ 3838<\/p>\n\n\n\n<p><a href=\"mailto:KdoFJgBwTrPsych@bundeswehr.org\" rel='nofollow'>KdoFJgBwTrPsych@bundeswehr.org<\/a><\/p>\n","protected":false},"excerpt":{"rendered":"<p>Im KdoBer FJgBw wurde \u00fcber mehrere Jahre ein zielgruppenspezifisches Resilienzkonzept entwickelt, das modular aufgebaut ist und in der Ausbildung implementiert sowie validiert und evaluiert wurde. Es setzt stark auf Praxisanteile [&hellip;]<\/p>\n","protected":false},"author":4019,"featured_media":0,"parent":0,"menu_order":0,"comment_status":"closed","ping_status":"closed","template":"","meta":{"footnotes":""},"categories":[4],"tags":[],"class_list":["post-2380","page","type-page","status-publish","hentry","category-forschung"],"_links":{"self":[{"href":"https:\/\/www.hsu-hh.de\/diffpsych\/wp-json\/wp\/v2\/pages\/2380","targetHints":{"allow":["GET"]}}],"collection":[{"href":"https:\/\/www.hsu-hh.de\/diffpsych\/wp-json\/wp\/v2\/pages"}],"about":[{"href":"https:\/\/www.hsu-hh.de\/diffpsych\/wp-json\/wp\/v2\/types\/page"}],"author":[{"embeddable":true,"href":"https:\/\/www.hsu-hh.de\/diffpsych\/wp-json\/wp\/v2\/users\/4019"}],"replies":[{"embeddable":true,"href":"https:\/\/www.hsu-hh.de\/diffpsych\/wp-json\/wp\/v2\/comments?post=2380"}],"version-history":[{"count":1,"href":"https:\/\/www.hsu-hh.de\/diffpsych\/wp-json\/wp\/v2\/pages\/2380\/revisions"}],"predecessor-version":[{"id":2381,"href":"https:\/\/www.hsu-hh.de\/diffpsych\/wp-json\/wp\/v2\/pages\/2380\/revisions\/2381"}],"wp:attachment":[{"href":"https:\/\/www.hsu-hh.de\/diffpsych\/wp-json\/wp\/v2\/media?parent=2380"}],"wp:term":[{"taxonomy":"category","embeddable":true,"href":"https:\/\/www.hsu-hh.de\/diffpsych\/wp-json\/wp\/v2\/categories?post=2380"},{"taxonomy":"post_tag","embeddable":true,"href":"https:\/\/www.hsu-hh.de\/diffpsych\/wp-json\/wp\/v2\/tags?post=2380"}],"curies":[{"name":"wp","href":"https:\/\/api.w.org\/{rel}","templated":true}]}}