{"id":2309,"date":"2026-01-27T16:11:39","date_gmt":"2026-01-27T15:11:39","guid":{"rendered":"https:\/\/www.hsu-hh.de\/diffpsych\/?page_id=2309"},"modified":"2026-01-27T16:11:40","modified_gmt":"2026-01-27T15:11:40","slug":"kooperationsvereinbarung-mit-dem-kommando-feldjaeger-der-bundeswehr","status":"publish","type":"page","link":"https:\/\/www.hsu-hh.de\/diffpsych\/kooperationsvereinbarung-mit-dem-kommando-feldjaeger-der-bundeswehr","title":{"rendered":"Kooperationsvereinbarung mit dem Kommando Feldj\u00e4ger der Bundeswehr"},"content":{"rendered":"\n<p>Seit 2024 besteht eine Kooperationsvereinbarung zwischen der <abbr title=\"Helmut Schmidt Universit\u00e4t\">HSU<\/abbr>\/UniBw H und des Kommando Feldj\u00e4ger der Bundeswehr (Truppen- und Einsatzpsychologie FJg\/MP) mit dem Ziel einer engen Zusammenarbeit zur gemeinsamen Akquise, Organisation und Durchf\u00fchrung von Forschungsvorhaben im Bereich der Truppen- und Einsatzpsychologie. F\u00fcr jedes Forschungsvorhaben werden Koordinatorinnen\/Koordinatoren benannt, die Sie im Rahmen ihrer fachlichen T\u00e4tigkeit tatkr\u00e4ftig unterst\u00fctzen.<\/p>\n\n\n\n<p>Aktuell beinhaltet die Kooperationsvereinbarung zwei Projekte. Zum einen das\u00a0<strong>\u201eResilienzkonzept f\u00fcr Feldj\u00e4gerkr\u00e4fte\u201c<\/strong>, zum anderen das Projekt\u00a0<strong>\u201eComMP\u201c<\/strong>. Weitere \u00d6ffnungen hin zu gewinnbringenden Projekten sind geplant.<\/p>\n\n\n\n<h2 class=\"wp-block-heading has-text-align-center\">Resilienzkonzept <strong>f\u00fcr Feldj\u00e4gerkr\u00e4fte (FJg &amp; BOS)<\/strong><\/h2>\n\n\n\n<div class=\"wp-block-columns is-layout-flex wp-container-core-columns-is-layout-9d6595d7 wp-block-columns-is-layout-flex\">\n<div class=\"wp-block-column is-layout-flow wp-block-column-is-layout-flow\" style=\"flex-basis:66.66%\">\n<p>Im KdoBer FJgBw wurde \u00fcber mehrere Jahre ein zielgruppenspezifisches Resilienzkonzept entwickelt, das modular aufgebaut ist und in der Ausbildung implementiert sowie validiert und evaluiert wurde. Es setzt stark auf Praxisanteile und vermittelt mehrere psychologische Bausteine, die zusammen die psychische Widerstandsf\u00e4higkeit st\u00e4rken. Zielgruppenorientierte Stressimpfungstrainings werden im Bereich verwendungsspezifisches Fahren und Schie\u00dfen durchgef\u00fchrt.<\/p>\n\n\n\n<p>Kernfelder:<\/p>\n\n\n\n<ul class=\"wp-block-list\">\n<li>Selbstreflektion<\/li>\n\n\n\n<li>Stressmanagement<\/li>\n\n\n\n<li>Anpassungsleistung<\/li>\n\n\n\n<li>Potenzial<\/li>\n\n\n\n<li>Soziales Umfeld<\/li>\n\n\n\n<li>Innerer Bezugsrahmen<\/li>\n<\/ul>\n<\/div>\n\n\n\n<div class=\"wp-block-column is-layout-flow wp-block-column-is-layout-flow\" style=\"flex-basis:33.33%\"><div class=\"wp-block-image\">\n<figure class=\"aligncenter size-large is-resized\"><img loading=\"lazy\" decoding=\"async\" width=\"730\" height=\"1024\" src=\"https:\/\/www.hsu-hh.de\/diffpsych\/wp-content\/uploads\/sites\/722\/2026\/01\/Grafik-fuer-Website-730x1024.png\" data-credit=\"Hastedt\" alt=\"\" class=\"wp-image-2314\" style=\"width:403px;height:auto\" srcset=\"https:\/\/www.hsu-hh.de\/diffpsych\/wp-content\/uploads\/sites\/722\/2026\/01\/Grafik-fuer-Website-730x1024.png 730w, https:\/\/www.hsu-hh.de\/diffpsych\/wp-content\/uploads\/sites\/722\/2026\/01\/Grafik-fuer-Website-214x300.png 214w, https:\/\/www.hsu-hh.de\/diffpsych\/wp-content\/uploads\/sites\/722\/2026\/01\/Grafik-fuer-Website-768x1078.png 768w, https:\/\/www.hsu-hh.de\/diffpsych\/wp-content\/uploads\/sites\/722\/2026\/01\/Grafik-fuer-Website.png 816w\" sizes=\"auto, (max-width: 730px) 100vw, 730px\" \/><\/figure>\n<\/div><\/div>\n<\/div>\n\n\n\n<div class=\"wp-block-columns is-layout-flex wp-container-core-columns-is-layout-9d6595d7 wp-block-columns-is-layout-flex\">\n<div class=\"wp-block-column is-layout-flow wp-block-column-is-layout-flow\"><\/div>\n\n\n\n<div class=\"wp-block-column is-layout-flow wp-block-column-is-layout-flow\"><\/div>\n<\/div>\n\n\n\n<div class=\"wp-block-media-text is-stacked-on-mobile\"><figure class=\"wp-block-media-text__media\"><video controls src=\"https:\/\/www.hsu-hh.de\/diffpsych\/wp-content\/uploads\/sites\/722\/2026\/01\/WhatsApp-Video-2026-01-26-at-17.44.18.mp4\"><\/video><\/figure><div class=\"wp-block-media-text__content\">\n<p><strong>Stressimpfungstraining (SIT) &#8211; Schie\u00dfen<\/strong><\/p>\n<\/div><\/div>\n\n\n\n<div class=\"wp-block-media-text has-media-on-the-right is-stacked-on-mobile\"><div class=\"wp-block-media-text__content\">\n<p><strong>Stressimpfungstraining (SIT) &#8211; Fahren<\/strong><\/p>\n<\/div><figure class=\"wp-block-media-text__media\"><video controls src=\"https:\/\/www.hsu-hh.de\/diffpsych\/wp-content\/uploads\/sites\/722\/2026\/01\/WhatsApp-Video-2026-01-26-at-17.44.03.mp4\"><\/video><\/figure><\/div>\n\n\n\n<p><\/p>\n\n\n\n<h2 class=\"wp-block-heading has-text-align-center\">ComMP<\/h2>\n\n\n\n<p class=\"has-text-align-center\">(Digital Communications Structure in Change Management of German Military Police)<\/p>\n\n\n\n<p>Untersuchungsgegenstand im Projekt ComMP ist die Analysierbarkeit der internen Kommunikation in milit\u00e4rischen Strukturen, um auf dieser Grundlage Optimierungsma\u00dfnahmen f\u00fcr KdoBer FJgBw auszuarbeiten, zu implementieren und zu evaluieren. Besonderes Augenmerk liegt hier auf digitalisiertem und digitalem Arbeiten und Ver\u00e4nderungsprozessen. Die unterschiedlichen Ver\u00e4nderungsprozesse verlangen verschiedenste Arten der internen Organisationskommunikation, LV\/BV die Krisensicherheit gerade dieser.<\/p>\n\n\n\n<div class=\"wp-block-columns is-layout-flex wp-container-core-columns-is-layout-9d6595d7 wp-block-columns-is-layout-flex\">\n<div class=\"wp-block-column is-layout-flow wp-block-column-is-layout-flow\">\n<p>Kernfelder:<\/p>\n\n\n\n<ul class=\"wp-block-list\">\n<li>Kommunikationsmittel und Kommunikationspraxis<\/li>\n\n\n\n<li>F\u00fchrungskommunikation<\/li>\n\n\n\n<li>Kommunikationsprozesse und Kommunikationsstrukturen<\/li>\n\n\n\n<li>Besprechungen und Protokollpraxis<\/li>\n\n\n\n<li>Kommunikationskultur<\/li>\n\n\n\n<li>Rahmenbedingungen interner Kommunikation<\/li>\n\n\n\n<li>Informationsumfang und Informationsangemessenheit<\/li>\n\n\n\n<li>Entscheidungs- und Umsetzungsebene<\/li>\n<\/ul>\n\n\n\n<p><\/p>\n<\/div>\n\n\n\n<div class=\"wp-block-column is-vertically-aligned-center is-layout-flow wp-block-column-is-layout-flow\">\n<figure class=\"wp-block-image size-full\"><img loading=\"lazy\" decoding=\"async\" width=\"941\" height=\"572\" src=\"https:\/\/www.hsu-hh.de\/diffpsych\/wp-content\/uploads\/sites\/722\/2026\/01\/COMPGrafik.png\" data-credit=\"Hastedt\" alt=\"\" class=\"wp-image-2315\" srcset=\"https:\/\/www.hsu-hh.de\/diffpsych\/wp-content\/uploads\/sites\/722\/2026\/01\/COMPGrafik.png 941w, https:\/\/www.hsu-hh.de\/diffpsych\/wp-content\/uploads\/sites\/722\/2026\/01\/COMPGrafik-300x182.png 300w, https:\/\/www.hsu-hh.de\/diffpsych\/wp-content\/uploads\/sites\/722\/2026\/01\/COMPGrafik-768x467.png 768w\" sizes=\"auto, (max-width: 941px) 100vw, 941px\" \/><\/figure>\n<\/div>\n<\/div>\n\n\n\n<p>In allen oben genannten Kernfeldern besteht die M\u00f6glichkeit einer begleiteten Bachelor- oder Masterarbeit, um Forschung und Praxis gewinnbringend und mit nachhaltigen Ergebnissen f\u00fcr die Truppe zu verbinden.<\/p>\n\n\n\n<figure class=\"wp-block-image size-large\"><img loading=\"lazy\" decoding=\"async\" width=\"1024\" height=\"712\" src=\"https:\/\/www.hsu-hh.de\/diffpsych\/wp-content\/uploads\/sites\/722\/2026\/01\/SEM_HSU-1024x712.png\" data-credit=\"Hastedt\" alt=\"\" class=\"wp-image-2325\" srcset=\"https:\/\/www.hsu-hh.de\/diffpsych\/wp-content\/uploads\/sites\/722\/2026\/01\/SEM_HSU-1024x712.png 1024w, https:\/\/www.hsu-hh.de\/diffpsych\/wp-content\/uploads\/sites\/722\/2026\/01\/SEM_HSU-300x209.png 300w, https:\/\/www.hsu-hh.de\/diffpsych\/wp-content\/uploads\/sites\/722\/2026\/01\/SEM_HSU-768x534.png 768w, https:\/\/www.hsu-hh.de\/diffpsych\/wp-content\/uploads\/sites\/722\/2026\/01\/SEM_HSU-1536x1068.png 1536w, https:\/\/www.hsu-hh.de\/diffpsych\/wp-content\/uploads\/sites\/722\/2026\/01\/SEM_HSU-2048x1425.png 2048w, https:\/\/www.hsu-hh.de\/diffpsych\/wp-content\/uploads\/sites\/722\/2026\/01\/SEM_HSU-1100x765.png 1100w\" sizes=\"auto, (max-width: 1024px) 100vw, 1024px\" \/><\/figure>\n\n\n\n<p><strong>Kontakt<\/strong>:<br>Kommando Feldj\u00e4ger der Bundeswehr<br>-Truppen- &amp; Einsatzpsychologie-<\/p>\n\n\n\n<p>Langenforther Stra\u00dfe 1<br>30657 Hannover<\/p>\n\n\n\n<p>0511 &#8211; 903 3853<br>kdofjgbwtrpsych@bundeswehr.org<\/p>\n","protected":false},"excerpt":{"rendered":"<p>Seit 2024 besteht eine Kooperationsvereinbarung zwischen der HSU\/UniBw H und des Kommando Feldj\u00e4ger der Bundeswehr (Truppen- und Einsatzpsychologie FJg\/MP) mit dem Ziel einer engen Zusammenarbeit zur gemeinsamen Akquise, Organisation und [&hellip;]<\/p>\n","protected":false},"author":4019,"featured_media":0,"parent":0,"menu_order":0,"comment_status":"closed","ping_status":"closed","template":"","meta":{"footnotes":""},"categories":[4],"tags":[],"class_list":["post-2309","page","type-page","status-publish","hentry","category-forschung"],"_links":{"self":[{"href":"https:\/\/www.hsu-hh.de\/diffpsych\/wp-json\/wp\/v2\/pages\/2309","targetHints":{"allow":["GET"]}}],"collection":[{"href":"https:\/\/www.hsu-hh.de\/diffpsych\/wp-json\/wp\/v2\/pages"}],"about":[{"href":"https:\/\/www.hsu-hh.de\/diffpsych\/wp-json\/wp\/v2\/types\/page"}],"author":[{"embeddable":true,"href":"https:\/\/www.hsu-hh.de\/diffpsych\/wp-json\/wp\/v2\/users\/4019"}],"replies":[{"embeddable":true,"href":"https:\/\/www.hsu-hh.de\/diffpsych\/wp-json\/wp\/v2\/comments?post=2309"}],"version-history":[{"count":10,"href":"https:\/\/www.hsu-hh.de\/diffpsych\/wp-json\/wp\/v2\/pages\/2309\/revisions"}],"predecessor-version":[{"id":2328,"href":"https:\/\/www.hsu-hh.de\/diffpsych\/wp-json\/wp\/v2\/pages\/2309\/revisions\/2328"}],"wp:attachment":[{"href":"https:\/\/www.hsu-hh.de\/diffpsych\/wp-json\/wp\/v2\/media?parent=2309"}],"wp:term":[{"taxonomy":"category","embeddable":true,"href":"https:\/\/www.hsu-hh.de\/diffpsych\/wp-json\/wp\/v2\/categories?post=2309"},{"taxonomy":"post_tag","embeddable":true,"href":"https:\/\/www.hsu-hh.de\/diffpsych\/wp-json\/wp\/v2\/tags?post=2309"}],"curies":[{"name":"wp","href":"https:\/\/api.w.org\/{rel}","templated":true}]}}