{"id":2166,"date":"2025-01-15T14:31:04","date_gmt":"2025-01-15T13:31:04","guid":{"rendered":"https:\/\/www.hsu-hh.de\/diffpsych\/?page_id=2166"},"modified":"2025-01-15T14:43:12","modified_gmt":"2025-01-15T13:43:12","slug":"forschungspraktikum","status":"publish","type":"page","link":"https:\/\/www.hsu-hh.de\/diffpsych\/forschungspraktikum","title":{"rendered":"Forschungspraktika"},"content":{"rendered":"\n<p>Liebe Studierende,<\/p>\n\n\n\n<p>in der Professur f\u00fcr Pers\u00f6nlichkeitspsychologie bieten wir regelm\u00e4\u00dfig Praktikumspl\u00e4tze im Rahmen Ihres (Psychologie-)studiums an. Sie k\u00f6nnen sowohl Ihr Pflichtpraktikum im Bachelor als auch Ihr Pflichtpraktikum im Master bei uns absolvieren. Das Praktikum kann in Vollzeit stattfinden, oder auch Trimester-\/Semesterbegleitend in Teilzeit.<\/p>\n\n\n\n<p><strong>Was bietet Ihnen ein Forschungspraktikum in unserer Professur?<\/strong><\/p>\n\n\n\n<ul class=\"wp-block-list\">\n<li>Ein hohes Ma\u00df an Flexibilit\u00e4t. Wir bieten gerne individuelle M\u00f6glichkeiten an, wie Sie ihr Praktikum gestalten k\u00f6nnen.&nbsp;&nbsp;Die Arbeitszeiten werden immer individuell besprochen. Auch kurzfristig k\u00f6nnen wir Ihnen oft einen Praktikumsplatz anbieten.<\/li>\n\n\n\n<li>Sie werden ausf\u00fchrlich eingearbeitet und pers\u00f6nlich betreut. Sie haben immer einen zuverl\u00e4ssigen Ansprechpartner.&nbsp;<\/li>\n\n\n\n<li>Sie habe die M\u00f6glichkeit, eigene Forschungsprojekte zu realisieren.&nbsp;<\/li>\n\n\n\n<li>Sie unterst\u00fctzen uns in laufenden Forschungsprojekten zu unterschiedlichen Themenbereichen der Pers\u00f6nlichkeitspsychologie.<\/li>\n\n\n\n<li>Sie erhalten Einblicke in das Arbeiten in einem psychologischen Labor.<\/li>\n\n\n\n<li>Sie unterst\u00fctzen die Mitarbeiter in ihrer Forschung.<\/li>\n\n\n\n<li>Sie erhalten Einblicke in die Testbibliothek und unterst\u00fctzen unsere studentischen Hilfskr\u00e4fte bei der Verteilung von Versuchspersonenstunden.<\/li>\n<\/ul>\n\n\n\n<p style=\"text-decoration:underline\">F\u00fcr Soldaten\/Studierende der <abbr title=\"Helmut Schmidt Universit\u00e4t\">HSU<\/abbr>:<\/p>\n\n\n\n<p>Melden Sie sich bei Interesse bei den unten genannten Ansprechpersonen.<\/p>\n\n\n\n<p style=\"text-decoration:underline\">F\u00fcr Externe Studierende:<\/p>\n\n\n\n<p>Sie erhalten Einblicke in die Arbeit an der Universit\u00e4t der Bundeswehr und arbeiten Seite an Seite mit zivilen Mitarbeitern und soldatischen Studierenden.<\/p>\n\n\n\n<p>Senden Sie uns eine Bewerbung inklusive Lebenslauf an die unten genannten Ansprechpersonen. Bitte beschreiben Sie darin auch die universit\u00e4tsspezifischen Anspr\u00fcche an Ihren Praktikumsplatz.<\/p>\n\n\n\n<p class=\"has-medium-font-size\" style=\"text-decoration:underline\">Aktuelle Projekte:<\/p>\n\n\n\n<p>Laborstudie zu der Wirkung von Pers\u00f6nlichkeitsmerkmalen bei der Betrachtung von emotionalen Stimuli bei Manipulation durch tDCS. (<a href=\"https:\/\/www.hsu-hh.de\/diffpsych\/abschlussarbeiten\/eye-tracking\">https:\/\/www.hsu-hh.de\/diffpsych\/abschlussarbeiten\/eye-tracking<\/a>)<\/p>\n\n\n\n<p style=\"font-style:normal;font-weight:600\">Ansprechpartnerin<\/p>\n\n\n\n<p>Jill-Sonja Meyer, <abbr title=\"Master of Science\">M.Sc.<\/abbr><br>Wissenschaftliche Mitarbeiterin<br><br>Tel.: +49 40 6541 3596 \/ 90 7926 3596 (Bw)<br>E-Mail:&nbsp;<a href=\"mailto:meyerji@hsu-hh.de\" rel='nofollow'>meyerji@hsu-hh.de<\/a><\/p>\n","protected":false},"excerpt":{"rendered":"<p>Liebe Studierende, in der Professur f\u00fcr Pers\u00f6nlichkeitspsychologie bieten wir regelm\u00e4\u00dfig Praktikumspl\u00e4tze im Rahmen Ihres (Psychologie-)studiums an. Sie k\u00f6nnen sowohl Ihr Pflichtpraktikum im Bachelor als auch Ihr Pflichtpraktikum im Master bei [&hellip;]<\/p>\n","protected":false},"author":3978,"featured_media":0,"parent":0,"menu_order":0,"comment_status":"closed","ping_status":"closed","template":"","meta":{"footnotes":""},"categories":[4],"tags":[],"class_list":["post-2166","page","type-page","status-publish","hentry","category-forschung"],"_links":{"self":[{"href":"https:\/\/www.hsu-hh.de\/diffpsych\/wp-json\/wp\/v2\/pages\/2166","targetHints":{"allow":["GET"]}}],"collection":[{"href":"https:\/\/www.hsu-hh.de\/diffpsych\/wp-json\/wp\/v2\/pages"}],"about":[{"href":"https:\/\/www.hsu-hh.de\/diffpsych\/wp-json\/wp\/v2\/types\/page"}],"author":[{"embeddable":true,"href":"https:\/\/www.hsu-hh.de\/diffpsych\/wp-json\/wp\/v2\/users\/3978"}],"replies":[{"embeddable":true,"href":"https:\/\/www.hsu-hh.de\/diffpsych\/wp-json\/wp\/v2\/comments?post=2166"}],"version-history":[{"count":4,"href":"https:\/\/www.hsu-hh.de\/diffpsych\/wp-json\/wp\/v2\/pages\/2166\/revisions"}],"predecessor-version":[{"id":2176,"href":"https:\/\/www.hsu-hh.de\/diffpsych\/wp-json\/wp\/v2\/pages\/2166\/revisions\/2176"}],"wp:attachment":[{"href":"https:\/\/www.hsu-hh.de\/diffpsych\/wp-json\/wp\/v2\/media?parent=2166"}],"wp:term":[{"taxonomy":"category","embeddable":true,"href":"https:\/\/www.hsu-hh.de\/diffpsych\/wp-json\/wp\/v2\/categories?post=2166"},{"taxonomy":"post_tag","embeddable":true,"href":"https:\/\/www.hsu-hh.de\/diffpsych\/wp-json\/wp\/v2\/tags?post=2166"}],"curies":[{"name":"wp","href":"https:\/\/api.w.org\/{rel}","templated":true}]}}