{"id":1935,"date":"2023-05-08T12:23:27","date_gmt":"2023-05-08T10:23:27","guid":{"rendered":"https:\/\/www.hsu-hh.de\/diffpsych\/?page_id=1935"},"modified":"2023-05-08T12:23:27","modified_gmt":"2023-05-08T10:23:27","slug":"einfluss-von-social-media-auf-die-impostor-auspraegung","status":"publish","type":"page","link":"https:\/\/www.hsu-hh.de\/diffpsych\/einfluss-von-social-media-auf-die-impostor-auspraegung","title":{"rendered":"Einfluss von Social Media auf die Impostor-Auspr\u00e4gung"},"content":{"rendered":"\n<p>Liebe Mitstudierende,<\/p>\n\n\n\n<p>gerne m\u00f6chten wir Sie zur Teilnahme an unserer ca. 10-min\u00fctigen Onlinestudie zum Einfluss von Social Media auf die Impostor-Auspr\u00e4gung (deut. Hochstapler-Syndrom) einladen:<\/p>\n\n\n\n<p>Mit Ihrer Teilnahme verdienen Sie sich eine halbe Versuchspersonenstunde und erhalten ebenfalls am Ende der Umfrage automatisiert ihr pers\u00f6nliches Impostor-Profil (Generalscore und Subskalenauspr\u00e4gungen).<\/p>\n\n\n\n<p>Die VP-Stunden k\u00f6nnen <strong>ab dem 19. Juni <\/strong>bei den studentischen Hilfskr\u00e4ften der Professur f\u00fcr Pers\u00f6nlichkeitsosychologie vor Ort (H4) nach Terminvereinbarung (<a href=\"mailto:SHK.diffpsych@hsu-hh.de\" rel='nofollow'><abbr title=\"Studentische Hilfskraft\">SHK<\/abbr>.diffpsych@hsu-hh.de<\/a>) abgeholt werden.\u00a0<\/p>\n\n\n\n<p>Wir danken Ihnen sehr f\u00fcr Ihre Unterst\u00fctzung und w\u00fcnschen Ihnen viel Spa\u00df bei der Durchf\u00fchrung.<\/p>\n\n\n\n<p>Viele Gr\u00fc\u00dfe und einen guten Start in die Woche!<\/p>\n\n\n\n<p><\/p>\n","protected":false},"excerpt":{"rendered":"<p>Liebe Mitstudierende, gerne m\u00f6chten wir Sie zur Teilnahme an unserer ca. 10-min\u00fctigen Onlinestudie zum Einfluss von Social Media auf die Impostor-Auspr\u00e4gung (deut. Hochstapler-Syndrom) einladen: Mit Ihrer Teilnahme verdienen Sie sich [&hellip;]<\/p>\n","protected":false},"author":2884,"featured_media":0,"parent":0,"menu_order":0,"comment_status":"closed","ping_status":"closed","template":"","meta":{"footnotes":""},"categories":[4],"tags":[],"class_list":["post-1935","page","type-page","status-publish","hentry","category-forschung"],"_links":{"self":[{"href":"https:\/\/www.hsu-hh.de\/diffpsych\/wp-json\/wp\/v2\/pages\/1935","targetHints":{"allow":["GET"]}}],"collection":[{"href":"https:\/\/www.hsu-hh.de\/diffpsych\/wp-json\/wp\/v2\/pages"}],"about":[{"href":"https:\/\/www.hsu-hh.de\/diffpsych\/wp-json\/wp\/v2\/types\/page"}],"author":[{"embeddable":true,"href":"https:\/\/www.hsu-hh.de\/diffpsych\/wp-json\/wp\/v2\/users\/2884"}],"replies":[{"embeddable":true,"href":"https:\/\/www.hsu-hh.de\/diffpsych\/wp-json\/wp\/v2\/comments?post=1935"}],"version-history":[{"count":1,"href":"https:\/\/www.hsu-hh.de\/diffpsych\/wp-json\/wp\/v2\/pages\/1935\/revisions"}],"predecessor-version":[{"id":1936,"href":"https:\/\/www.hsu-hh.de\/diffpsych\/wp-json\/wp\/v2\/pages\/1935\/revisions\/1936"}],"wp:attachment":[{"href":"https:\/\/www.hsu-hh.de\/diffpsych\/wp-json\/wp\/v2\/media?parent=1935"}],"wp:term":[{"taxonomy":"category","embeddable":true,"href":"https:\/\/www.hsu-hh.de\/diffpsych\/wp-json\/wp\/v2\/categories?post=1935"},{"taxonomy":"post_tag","embeddable":true,"href":"https:\/\/www.hsu-hh.de\/diffpsych\/wp-json\/wp\/v2\/tags?post=1935"}],"curies":[{"name":"wp","href":"https:\/\/api.w.org\/{rel}","templated":true}]}}