{"id":1928,"date":"2023-05-08T12:13:35","date_gmt":"2023-05-08T10:13:35","guid":{"rendered":"https:\/\/www.hsu-hh.de\/diffpsych\/?page_id=1928"},"modified":"2024-04-10T13:06:16","modified_gmt":"2024-04-10T11:06:16","slug":"reaktionen-auf-das-betrachten-emotionaler-bilder","status":"publish","type":"page","link":"https:\/\/www.hsu-hh.de\/diffpsych\/reaktionen-auf-das-betrachten-emotionaler-bilder","title":{"rendered":"Social Media &amp; Pers\u00f6nlichkeit"},"content":{"rendered":"\n<figure class=\"wp-block-image size-large is-resized\"><img loading=\"lazy\" decoding=\"async\" width=\"1024\" height=\"585\" src=\"https:\/\/www.hsu-hh.de\/diffpsych\/wp-content\/uploads\/sites\/722\/2024\/04\/image-1024x585.png\" data-credit=\"\" alt=\"\" class=\"wp-image-2018\" style=\"width:1141px;height:auto\" srcset=\"https:\/\/www.hsu-hh.de\/diffpsych\/wp-content\/uploads\/sites\/722\/2024\/04\/image-1024x585.png 1024w, https:\/\/www.hsu-hh.de\/diffpsych\/wp-content\/uploads\/sites\/722\/2024\/04\/image-300x171.png 300w, https:\/\/www.hsu-hh.de\/diffpsych\/wp-content\/uploads\/sites\/722\/2024\/04\/image-768x439.png 768w, https:\/\/www.hsu-hh.de\/diffpsych\/wp-content\/uploads\/sites\/722\/2024\/04\/image-1536x878.png 1536w, https:\/\/www.hsu-hh.de\/diffpsych\/wp-content\/uploads\/sites\/722\/2024\/04\/image-1100x629.png 1100w, https:\/\/www.hsu-hh.de\/diffpsych\/wp-content\/uploads\/sites\/722\/2024\/04\/image.png 1792w\" sizes=\"auto, (max-width: 1024px) 100vw, 1024px\" \/><\/figure>\n\n\n\n<p><strong>Liebe Forschungsinteressierte,<\/strong><br><br>f\u00fcr unsere Forschung suchen wir Testpersonen, die an unserer Eye-Tracking-Studie teilnehmen! Voraussetzungen daf\u00fcr sind, dass du gesund bist (psychisch und neurologisch), mindestens 18 Jahre alt und \u00fcber gute Deutschkenntnisse verf\u00fcgst.<br><br>Worum geht es? Im Rahmen eines Forschungsprojektes von\u00a0<abbr title=\"Doktor\">Dr.<\/abbr> Hanno Ohmann und <abbr title=\"Doktor\">Dr.<\/abbr> Lynne St\u00f6ven aus der Professur f\u00fcr Pers\u00f6nlichkeitspsychologie und Psychologische Diagnostik f\u00fchren wir eine Studie zum Thema Social Media &amp; Pers\u00f6nlichkeit durch.<br><br>Die Studie wird im Labor der Professur (H4, 1.OG, R.126) durchgef\u00fchrt und dauert je nach individuellem Tempo ca. 30-45 Minuten. Verg\u00fctet\u00a0wird\u00a0die\u00a0Teilnahme\u00a0mit\u00a01\u00a0VP-Stunde!<br><br>Bei Interesse an einer Teilnahme, melde dich bitte zur Terminabsprache unter: <a href=\"mailto:studienteilnahme.psydia@gmail.com\" target=\"_blank\" rel=\"noreferrer noopener\">studienteilnahme.psydia@gmail.com<\/a><br><br>Solltest du bereits an der Studie teilgenommen haben, kannst du leider kein zweites Mal teilnehmen.<br><br>Du bist kein Student der <abbr title=\"Helmut Schmidt Universit\u00e4t\">HSU<\/abbr> und m\u00f6chtest trotzdem teilnehmen? Es ist m\u00f6glich, die Teilnahme an der Studie mit 10\u20ac verg\u00fctet zu bekommen. Melde dich auch dazu unter der <abbr title=\"oben genannt\">o.g.<\/abbr> Adresse, falls du Interesse haben solltest.\u00a0<br><br>Wir freuen uns auf deine Teilnahme!<br><\/p>\n","protected":false},"excerpt":{"rendered":"<p>Liebe Forschungsinteressierte, f\u00fcr unsere Forschung suchen wir Testpersonen, die an unserer Eye-Tracking-Studie teilnehmen! Voraussetzungen daf\u00fcr sind, dass du gesund bist (psychisch und neurologisch), mindestens 18 Jahre alt und \u00fcber gute [&hellip;]<\/p>\n","protected":false},"author":2884,"featured_media":0,"parent":0,"menu_order":0,"comment_status":"closed","ping_status":"closed","template":"","meta":{"footnotes":""},"categories":[4],"tags":[],"class_list":["post-1928","page","type-page","status-publish","hentry","category-forschung"],"_links":{"self":[{"href":"https:\/\/www.hsu-hh.de\/diffpsych\/wp-json\/wp\/v2\/pages\/1928","targetHints":{"allow":["GET"]}}],"collection":[{"href":"https:\/\/www.hsu-hh.de\/diffpsych\/wp-json\/wp\/v2\/pages"}],"about":[{"href":"https:\/\/www.hsu-hh.de\/diffpsych\/wp-json\/wp\/v2\/types\/page"}],"author":[{"embeddable":true,"href":"https:\/\/www.hsu-hh.de\/diffpsych\/wp-json\/wp\/v2\/users\/2884"}],"replies":[{"embeddable":true,"href":"https:\/\/www.hsu-hh.de\/diffpsych\/wp-json\/wp\/v2\/comments?post=1928"}],"version-history":[{"count":3,"href":"https:\/\/www.hsu-hh.de\/diffpsych\/wp-json\/wp\/v2\/pages\/1928\/revisions"}],"predecessor-version":[{"id":2019,"href":"https:\/\/www.hsu-hh.de\/diffpsych\/wp-json\/wp\/v2\/pages\/1928\/revisions\/2019"}],"wp:attachment":[{"href":"https:\/\/www.hsu-hh.de\/diffpsych\/wp-json\/wp\/v2\/media?parent=1928"}],"wp:term":[{"taxonomy":"category","embeddable":true,"href":"https:\/\/www.hsu-hh.de\/diffpsych\/wp-json\/wp\/v2\/categories?post=1928"},{"taxonomy":"post_tag","embeddable":true,"href":"https:\/\/www.hsu-hh.de\/diffpsych\/wp-json\/wp\/v2\/tags?post=1928"}],"curies":[{"name":"wp","href":"https:\/\/api.w.org\/{rel}","templated":true}]}}