{"id":1866,"date":"2023-02-21T10:48:13","date_gmt":"2023-02-21T09:48:13","guid":{"rendered":"https:\/\/www.hsu-hh.de\/diffpsych\/?page_id=1866"},"modified":"2023-06-02T08:59:53","modified_gmt":"2023-06-02T06:59:53","slug":"abschlussarbeit-das-impostor-phaenomen-ein-systematischer-ueberblick","status":"publish","type":"page","link":"https:\/\/www.hsu-hh.de\/diffpsych\/abschlussarbeit-das-impostor-phaenomen-ein-systematischer-ueberblick","title":{"rendered":"Abschlussarbeit I : &#8222;Das Impostor Ph\u00e4nomen \u2013 ein systematischer \u00dcberblick&#8220;"},"content":{"rendered":"\n<p>Wir schreiben eine Masterarbeit zum Impostor Ph\u00e4nomen (IP) aus. Das IP (deut. Hochstapler Ph\u00e4nomen) beschreibt ein pers\u00f6nlichkeitspsychologisches Konstrukt, welches durch eine externale Erfolgsattribution und internale Misserfolgsattribution gekennzeichnet ist. Personen mit hoher IP-Auspr\u00e4gung sind erfolgreich, aber erachten Gl\u00fcck, Wohlwollen oder besonders hohe Anstrengung als Erfolgsursache. Sie begreifen sich insgeheim als Hochstapler.<\/p>\n\n\n\n<p>Das Ziel dieser Arbeit ist die Erarbeitung eines systematischen \u00dcberblicks (Systematic Review), welches die Einzeluntersuchungsergebnisse der bisherigen Forschung zum IP zusammenfasst.<\/p>\n\n\n\n<p><strong>Voraussetzungen:<\/strong><\/p>\n\n\n\n<ul class=\"wp-block-list\">\n<li>Interesse an der Pers\u00f6nlichkeitspsychologie und dem Impostor Ph\u00e4nomen<\/li>\n\n\n\n<li>Die F\u00e4higkeit zur systematischen Datenaggregation und Informationsaufbereitung<\/li>\n\n\n\n<li>Sehr gute Studienleistungen und Eigeninitiatives wissenschaftliches Arbeiten<\/li>\n<\/ul>\n\n\n\n<p><strong>M\u00f6glichkeiten:<\/strong><\/p>\n\n\n\n<ul class=\"wp-block-list\">\n<li>Unterst\u00fctzung in theoretischen, methodischen und statistischen Aspekten<\/li>\n\n\n\n<li>Co-Autorenschaft in internationaler Fachzeitschrift<\/li>\n\n\n\n<li>Intensive Betreuung der Abschlussarbeit<\/li>\n<\/ul>\n\n\n\n<p><\/p>\n\n\n\n<h1 class=\"wp-block-heading\"><strong>Abschlussarbeit II : \u201eDie narrative Identit\u00e4t eines Impostor\u201c<\/strong><\/h1>\n\n\n\n<p>Der Zusammenhang der Impostor-Auspr\u00e4gung sowie der perfektionistischen Selbstdarstellung mit der berichteten narrativen Identit\u00e4t und der Nutzung spezifischer Wortkategorien.<\/p>\n\n\n\n<p>Wir schreiben eine Masterarbeit zur qualitativen und quantitativen Untersuchung des Impostor Ph\u00e4nomens (IP) aus. Das P beschreibt Personen, welche sehr erfolgreich sind, aber diese Erfolge nicht internalisieren, das Gef\u00fchl haben hochzustapeln und eine Angst davor entwickeln, irgendwann entlarvt zu werden.<\/p>\n\n\n\n<p>Das besondere dieser Arbeit ist eine Kombination aus qualitativer und quantitativer Untersuchungsvariablen. Wir planen das Durchf\u00fchren von ca. 60 halbstrukturierten Interviews (Tonaufnahme), automatisiert in Texte transkribiert werden. Diese Texte k\u00f6nnen mit einer computerbasierten Sprachauswertungssoftware (LIWC) untersucht werden. Au\u00dferdem kann der Zusammenhang von Wortnutzung mit psychometrischen Instrumenten (Impostor-Profil 30; perfektionistische Selbstdarstellung) untersucht werden.<\/p>\n\n\n\n<p>Geplant ist aus dieser Abschlussarbeit in Kombination mit weiteren Datens\u00e4tzen eine Publikation zu verfassen, an welcher Sie als Co-Autor beteiligt w\u00e4ren.<\/p>\n\n\n\n<p>Melden Sie sich bei Interesse gerne bei <a href=\"mailto:fabio.ibrahim@hsu-hh.de\" rel='nofollow'>fabio.ibrahim@hsu-hh.de<\/a>.<\/p>\n\n\n\n<p><\/p>\n\n\n\n<figure class=\"wp-block-image size-full\"><img loading=\"lazy\" decoding=\"async\" width=\"453\" height=\"255\" src=\"https:\/\/www.hsu-hh.de\/diffpsych\/wp-content\/uploads\/sites\/722\/2023\/06\/Unbenannt.png\" data-credit=\"F.Ibrahim\" alt=\"\" class=\"wp-image-1949\" srcset=\"https:\/\/www.hsu-hh.de\/diffpsych\/wp-content\/uploads\/sites\/722\/2023\/06\/Unbenannt.png 453w, https:\/\/www.hsu-hh.de\/diffpsych\/wp-content\/uploads\/sites\/722\/2023\/06\/Unbenannt-300x169.png 300w\" sizes=\"auto, (max-width: 453px) 100vw, 453px\" \/><\/figure>\n","protected":false},"excerpt":{"rendered":"<p>Wir schreiben eine Masterarbeit zum Impostor Ph\u00e4nomen (IP) aus. Das IP (deut. Hochstapler Ph\u00e4nomen) beschreibt ein pers\u00f6nlichkeitspsychologisches Konstrukt, welches durch eine externale Erfolgsattribution und internale Misserfolgsattribution gekennzeichnet ist. Personen mit [&hellip;]<\/p>\n","protected":false},"author":2884,"featured_media":0,"parent":0,"menu_order":0,"comment_status":"closed","ping_status":"closed","template":"","meta":{"footnotes":""},"categories":[4],"tags":[],"class_list":["post-1866","page","type-page","status-publish","hentry","category-forschung"],"_links":{"self":[{"href":"https:\/\/www.hsu-hh.de\/diffpsych\/wp-json\/wp\/v2\/pages\/1866","targetHints":{"allow":["GET"]}}],"collection":[{"href":"https:\/\/www.hsu-hh.de\/diffpsych\/wp-json\/wp\/v2\/pages"}],"about":[{"href":"https:\/\/www.hsu-hh.de\/diffpsych\/wp-json\/wp\/v2\/types\/page"}],"author":[{"embeddable":true,"href":"https:\/\/www.hsu-hh.de\/diffpsych\/wp-json\/wp\/v2\/users\/2884"}],"replies":[{"embeddable":true,"href":"https:\/\/www.hsu-hh.de\/diffpsych\/wp-json\/wp\/v2\/comments?post=1866"}],"version-history":[{"count":2,"href":"https:\/\/www.hsu-hh.de\/diffpsych\/wp-json\/wp\/v2\/pages\/1866\/revisions"}],"predecessor-version":[{"id":1950,"href":"https:\/\/www.hsu-hh.de\/diffpsych\/wp-json\/wp\/v2\/pages\/1866\/revisions\/1950"}],"wp:attachment":[{"href":"https:\/\/www.hsu-hh.de\/diffpsych\/wp-json\/wp\/v2\/media?parent=1866"}],"wp:term":[{"taxonomy":"category","embeddable":true,"href":"https:\/\/www.hsu-hh.de\/diffpsych\/wp-json\/wp\/v2\/categories?post=1866"},{"taxonomy":"post_tag","embeddable":true,"href":"https:\/\/www.hsu-hh.de\/diffpsych\/wp-json\/wp\/v2\/tags?post=1866"}],"curies":[{"name":"wp","href":"https:\/\/api.w.org\/{rel}","templated":true}]}}