{"id":1792,"date":"2022-10-26T10:43:43","date_gmt":"2022-10-26T08:43:43","guid":{"rendered":"https:\/\/www.hsu-hh.de\/diffpsych\/?page_id=1792"},"modified":"2022-10-26T10:50:48","modified_gmt":"2022-10-26T08:50:48","slug":"aus-den-augen-aus-dem-sinn","status":"publish","type":"page","link":"https:\/\/www.hsu-hh.de\/diffpsych\/aus-den-augen-aus-dem-sinn","title":{"rendered":"Aus den Augen aus dem Sinn?"},"content":{"rendered":"\n<p><strong>Die Zusammenh\u00e4nge zwischen pr\u00e4krastinatem Verhalten und zwanghafter und angstgebundener Aufgabenbearbeitung<\/strong><\/p>\n\n\n\n<p>Pr\u00e4krastinates Verhalten ist die Tendenz Dinge eher fr\u00fcher abzuarbeiten als sie aufzuschieben. Doch warum tun Menschen das?<\/p>\n\n\n\n<ul class=\"wp-block-list\"><li>Spielen dort andere Dinge mit rein wie beispielsweise ein zwanghaftes Verhalten oder die Angst Dinge nicht rechtzeitig fertigstellen zu k\u00f6nnen?<\/li><li>Welchen Einfluss hat ein zwanghaftes Verhalten auf das Aufgabenmanagement?<\/li><li>Warum bearbeite ich Aufgaben fr\u00fcher? Aus Angst vor der Deadline oder aus Angst das es irgendwann zu viele Aufgaben werden?<\/li><li>Ist die ein pr\u00e4krastinates Verhalten Situationsgebunden?<\/li><li>Gibt es einen Unterschied zwischen dem Aufgabenmanagement zwischen Arbeit und Freizeit? Pr\u00e4krastiniere ich in meiner Freizeit eher als bei meiner Arbeit? Welchen Einfluss hat die Situation und die Umgebung auf das Aufgabenmanagement einer Person?<\/li><\/ul>\n\n\n\n<p><br>Sollten Sie Interesse daran haben, ihre Abschlussarbeit (B.Sc. \/ <abbr title=\"Master of Science\">M.Sc.<\/abbr>) in diesem Bereich zu schreiben, melden Sie sich bitte bei <a href=\"https:\/\/www.hsu-hh.de\/diffpsych\/team\/christopher-gehrig\" data-type=\"page\" data-id=\"865\">Christopher Gehrig <abbr title=\"Master of Science\">M.Sc.<\/abbr><\/a>.<\/p>\n\n\n\n<p><\/p>\n","protected":false},"excerpt":{"rendered":"<p>Die Zusammenh\u00e4nge zwischen pr\u00e4krastinatem Verhalten und zwanghafter und angstgebundener Aufgabenbearbeitung Pr\u00e4krastinates Verhalten ist die Tendenz Dinge eher fr\u00fcher abzuarbeiten als sie aufzuschieben. Doch warum tun Menschen das? Spielen dort andere [&hellip;]<\/p>\n","protected":false},"author":2884,"featured_media":0,"parent":0,"menu_order":0,"comment_status":"closed","ping_status":"closed","template":"","meta":{"footnotes":""},"categories":[4],"tags":[],"class_list":["post-1792","page","type-page","status-publish","hentry","category-forschung"],"_links":{"self":[{"href":"https:\/\/www.hsu-hh.de\/diffpsych\/wp-json\/wp\/v2\/pages\/1792","targetHints":{"allow":["GET"]}}],"collection":[{"href":"https:\/\/www.hsu-hh.de\/diffpsych\/wp-json\/wp\/v2\/pages"}],"about":[{"href":"https:\/\/www.hsu-hh.de\/diffpsych\/wp-json\/wp\/v2\/types\/page"}],"author":[{"embeddable":true,"href":"https:\/\/www.hsu-hh.de\/diffpsych\/wp-json\/wp\/v2\/users\/2884"}],"replies":[{"embeddable":true,"href":"https:\/\/www.hsu-hh.de\/diffpsych\/wp-json\/wp\/v2\/comments?post=1792"}],"version-history":[{"count":4,"href":"https:\/\/www.hsu-hh.de\/diffpsych\/wp-json\/wp\/v2\/pages\/1792\/revisions"}],"predecessor-version":[{"id":1798,"href":"https:\/\/www.hsu-hh.de\/diffpsych\/wp-json\/wp\/v2\/pages\/1792\/revisions\/1798"}],"wp:attachment":[{"href":"https:\/\/www.hsu-hh.de\/diffpsych\/wp-json\/wp\/v2\/media?parent=1792"}],"wp:term":[{"taxonomy":"category","embeddable":true,"href":"https:\/\/www.hsu-hh.de\/diffpsych\/wp-json\/wp\/v2\/categories?post=1792"},{"taxonomy":"post_tag","embeddable":true,"href":"https:\/\/www.hsu-hh.de\/diffpsych\/wp-json\/wp\/v2\/tags?post=1792"}],"curies":[{"name":"wp","href":"https:\/\/api.w.org\/{rel}","templated":true}]}}