{"id":1615,"date":"2022-02-28T10:41:57","date_gmt":"2022-02-28T09:41:57","guid":{"rendered":"https:\/\/www.hsu-hh.de\/diffpsych\/?page_id=1615"},"modified":"2026-02-04T14:16:54","modified_gmt":"2026-02-04T13:16:54","slug":"herzlich-willkommen-auf-unseren-forschungsseiten-zum-thema-hochsensibilitaet","status":"publish","type":"page","link":"https:\/\/www.hsu-hh.de\/diffpsych\/herzlich-willkommen-auf-unseren-forschungsseiten-zum-thema-hochsensibilitaet","title":{"rendered":"Herzlich Willkommen auf unseren Forschungsseiten zum Thema \u201aHochsensibilit\u00e4t\u2018!"},"content":{"rendered":"<h2>Sehr geehrte Interessierte, das Wichtigste in K\u00fcrze vorab:<\/h2>\n<p>Wir sind eine universit\u00e4re Forschungseinrichtung und bieten <strong>keine individuelle Behandlung oder Diagnostik<\/strong> an. Wir erstellen auch <strong>keine Zertifikate oder Befunde<\/strong>, die Hochsensibilit\u00e4t bescheinigen. Wir bitten daher darum, von entsprechenden Anfragen abzusehen. Wir freuen uns hingegen sehr, wenn Sie Forschungsinteresse haben und uns entweder als Studienteilnehmer:in unterst\u00fctzen m\u00f6chten oder den Wunsch nach wissenschaftlichem Austausch haben (siehe unten).<\/p>\n<p>Wir m\u00f6chten ein paar Worte an alle Interessierten richten und Ihnen einige Informationen zu unseren Forschungsaktivit\u00e4ten an der Universit\u00e4t geben (siehe detaillierte Erkl\u00e4rungen unter i-iv). Es erreichen uns in letzter Zeit vermehrt, besonders nach \u00f6ffentlichen Medienbeitr\u00e4gen (von <abbr title=\"Professor\">Prof.<\/abbr> <abbr title=\"Doktor\">Dr.<\/abbr> Herzberg), mannigfaltige Anfragen zum Thema \u201aHochsensibilit\u00e4t\u2018, denen wir hier zentral begegnen m\u00f6chten. Diese Anfragen sind sehr individuell und mit den verschiedensten Absichten, W\u00fcnschen oder Bed\u00fcrfnissen verbunden. Vieles davon ist f\u00fcr uns leider nicht leistbar. Es ist uns daher ein Anliegen, hier zu kl\u00e4ren, was wir als universit\u00e4re Einrichtung leisten k\u00f6nnen und was nicht.<\/p>\n<h3>(i) Wir sind in erster Linie eine \u00f6ffentliche Hochschule, die sich im Kernziel der Forschung und der Lehre verpflichtet sieht.<\/h3>\n<p>Als Doktorand der Abteilung und abteilungsinterner Referent f\u00fcr das Thema Hochsensibilit\u00e4t liegt mir, Marcus B\u00fcrger, das Ph\u00e4nomen Hochsensibilit\u00e4t sehr am Herzen. Ausf\u00fchrlich beschrieben wurde das Konstrukt beispielsweise von Dagmar Fenner (2021, deutschsprachig) oder von der amerikanischen Urheberin, Elaine Aron, (2016, englischsprachig). Dankenswerter Weise ergab sich 2018 hier in Hamburg an der Helmut-Schmidt-Universit\u00e4t (unter der Leitung von <abbr title=\"Professor\">Prof.<\/abbr> <abbr title=\"Doktor\">Dr.<\/abbr> Herzberg) die Gelegenheit, eine Promotion zum Thema \u201aHochsensibilit\u00e4t\u2018 zu realisieren. <abbr title=\"Professor\">Prof.<\/abbr> <abbr title=\"Doktor\">Dr.<\/abbr> Herzberg und ich arbeiten (in Kooperation mit verschiedenen lokalen und \u00fcberregionalen Wissenschaftler:innen) gemeinsam am Thema und konzipieren Studien, die den aktuellen wissenschaftlichen Kenntnisstand mittels empirischer Methoden erweitern sollen. Zudem ist <abbr title=\"Professor\">Prof.<\/abbr> <abbr title=\"Doktor\">Dr.<\/abbr> Herzberg auch immer wieder in den wissenschaftlichen, gutachterlichen Prozess des sogenannten \u201apeer-reviews\u2018 eingebunden. Dort nutzt er die Gelegenheit, die Forschungsergebnisse anderer Arbeitsgruppen kritisch zu betrachten und Hinweise zu geben, die die Qualit\u00e4t der Forschung erhalten und verbessern. Unsere Lehraktivit\u00e4ten an der Bundeswehruniversit\u00e4t sind nicht auf Hochsensibilit\u00e4t bezogen.<\/p>\n<p><em><strong>Frau <abbr title=\"Doktor\">Dr.<\/abbr> Sandra Konrad<\/strong><\/em> hat die Forschungst\u00e4tigkeiten zum Thema Hochsensibilit\u00e4t in Hamburg an der Helmut-Schmidt-Universit\u00e4t (<abbr title=\"Helmut Schmidt Universit\u00e4t\">HSU<\/abbr>) initiiert und von 2013 bis 2019 betrieben. Sie arbeitet nun nicht mehr als wissenschaftliche Mitarbeiterin bei uns, ist jedoch weiterhin mit dem Ph\u00e4nomen \u201aHochsensibilit\u00e4t\u2018 besch\u00e4ftigt. Sie pr\u00e4sentiert Ihre Arbeit auf Ihrer <a href=\"http:\/\/konrad-hsp.de\" rel='nofollow'>Homepage<\/a>. Kontaktdaten (E-Mail-Adresse) finden Sie dort.<\/p>\n<h3>(ii) Befunde, Zeugnisse oder dergleichen, die Hochsensibilit\u00e4t bescheinigen, sind bei uns nicht zu erhalten oder zu erwirken.<\/h3>\n<p>Hochsensibilit\u00e4t verstehen wir NICHT als eine Erkrankung, die entsprechend einer Diagnose (im ICD-11 kodiert und durch m\u00f6gliche Leistungserbringer und Kostentr\u00e4ger anerkannt) behandelt werden k\u00f6nnte. Dementsprechend ist es Deutschland nicht m\u00f6glich, eine seri\u00f6se und wirksame Bescheinigung auszustellen. Die aktuellen psychometrischen, wissenschaftlich fundierten Verfahren zur Einsch\u00e4tzung der Auspr\u00e4gung von Hochsensibilit\u00e4t beschr\u00e4nken sich auf Selbstausk\u00fcnfte mittels Fragebogen.<\/p>\n<h3>(iii) Wir bieten keine (Lebens-)Beratung oder Psychotherapie an.<\/h3>\n<p>Aber: Wir verweisen im Folgenden auf mehrere M\u00f6glichkeiten, sich zu informieren oder <abbr title=\"gegebenenfalls\">ggf.<\/abbr> Kontakt zu versorgenden Personen aufzunehmen. Auch ohne eine anerkannte Diagnose kann man durch symptombezogene, psychotherapeutische Hilfestellung (<abbr title=\"zum Beispiel\">z.B.<\/abbr> Coaching, Beratung, Psychotherapie) einen Nutzen f\u00fcr das Individuum (f\u00fcr Betroffene) erzielen und die Anpassungschancen an eine m\u00f6gliche Disposition zur Hochsensibilit\u00e4t verbessern.<\/p>\n<\/p>\n\n\n<div class=\"wp-block-columns is-layout-flex wp-container-core-columns-is-layout-9d6595d7 wp-block-columns-is-layout-flex\">\n<div class=\"wp-block-column is-layout-flow wp-block-column-is-layout-flow\">\n<h2 class=\"wp-block-heading\">Therapieangebote<\/h2>\n\n\n\n<p><a href=\"https:\/\/www.psychologie-blach.at\" rel='nofollow'>www.psychologie-blach.at<\/a><\/p>\n<p>(Diese Liste wird erweitert.)<\/p>\n\n\n\n<p><\/p>\n<\/div>\n\n\n\n<div class=\"wp-block-column is-layout-flow wp-block-column-is-layout-flow\">\n<h2 class=\"wp-block-heading\">Informationsangebote<\/h2>\n\n\n\n<p><a href=\"https:\/\/www.hochsensibel.org\" rel='nofollow'>IFHS e.V. (Informations- und Forschungsverbund e.V.)<\/a>&nbsp;<\/p>\n<p><a href=\"https:\/\/www.zartbesaitet.net\" rel='nofollow'>Zart besaitet<\/a>&nbsp;&nbsp;<\/p>\n<p><a href=\"https:\/\/www.netzwerk-hsp.ch\" rel='nofollow'>Netzwerk Hochsensibilit\u00e4t<\/a>&nbsp;&nbsp;<\/p>\n<p><a href=\"https:\/\/sensitivityresearch.com\/de\/\" rel='nofollow'>sensitivityresearch.com<\/a><\/p>\n<\/div>\n<\/div>\n\n\n<h3>(iv) Ein Kernziel unserer Abteilung ist die wissenschaftliche Auseinandersetzung mit dem Ph\u00e4nomen Hochsensibilit\u00e4t:<\/h3>\n<p><strong>Aktuelle Studien:<\/strong><\/p>\n<p>Die Datenerhebung unserer ersten Studie <a href=\"https:\/\/www.hsu-hh.de\/diffpsych\/eha-studie\">(EHA-Studie)<\/a> haben wir, <a href=\"https:\/\/www.hsu-hh.de\/diffpsych\/team\/marcus-buerger\">Marcus B\u00fcrger<\/a> und <a href=\"https:\/\/www.hsu-hh.de\/diffpsych\/team\/johann-christoph-muenscher\">Johann-Christoph M\u00fcnscher<\/a>, Ende 2021 abgeschlossen. Hier ging es uns prim\u00e4r um die Frage nach einem m\u00f6glichen Zusammenhang von Hochsensibilit\u00e4t und Aufmerksamkeitsleistung. Die Herzratenvariabilit\u00e4t (HRV) wurde begleitend aufgezeichnet und dient der Charakterisierung von Erregungszust\u00e4nden, die sich parallel zur Aufgabenbearbeitung im Labor darstellen.<\/p>\n<p>Eine weitere Untersuchung, die ich mit meinem Kollegen<a href=\"https:\/\/www.hsu-hh.de\/diffpsych\/team\/dr-hanno-andreas-ohmann\"> Herrn <abbr title=\"Doktor\">Dr.<\/abbr> Hanno Andreas Ohmann<\/a> durchf\u00fchre, besch\u00e4ftigt sich mit der Reaktion von Hochsensiblen auf normierte, emotionale Bilder. Die Studie wird auf den Seiten des IFHS e.V. <a href=\"https:\/\/hochsensibel.org\/startseite\/aktuelles\/hhsu.php\" rel='nofollow'>(Informations- und Forschungsverbund e.V.)<\/a> umf\u00e4nglich beschrieben, weitere Informationen finden sie <a href=\"https:\/\/www.hsu-hh.de\/diffpsych\/eye-tracking-studie-persoenlichkeit-und-die-wahrnehmung-emotionaler-bilder\">hier<\/a>. Diese Vorstudie ist ebenfalls Ende 2021 abgeschlossen worden. Eine weitere Phase der Studie (Hauptstudie) ist bereits geplant. Dabei wird die Aufzeichnung von Augenbewegungen (eye-tracking) genutzt, um interindividuelle Unterschiede im Blickverhalten zu untersuchen.<\/p>\n<p>Wir hoffen, wir konnten Verst\u00e4ndnis f\u00fcr unsere Anliegen erzeugen. Zudem freuen wir uns und sind sehr dankbar, wenn Sie uns bei unserer Forschung als Teilnehmer*innen unterst\u00fctzen m\u00f6chten! Wenn Sie mir schreiben m\u00f6chten, nutzen Sie bitte die folgende E-Mail-Adresse:<br \/>buergerm@hsu-hh.de<\/p>\n<p>Referenzen (Literatur):<br \/>Fenner, D. (2021). Hochsensibilit\u00e4t: Ph\u00e4nomenologische und ethische \u00dcberlegungen. Schwabe Verlagsgruppe.<br \/>Aron, N. E. (2016). The highly sensitive person: How to thrive when the world overwhelms you. Harmony Books.<\/p>","protected":false},"excerpt":{"rendered":"<p>Sehr geehrte Interessierte, das Wichtigste in K\u00fcrze vorab: Wir sind eine universit\u00e4re Forschungseinrichtung und bieten keine individuelle Behandlung oder Diagnostik an. Wir erstellen auch keine Zertifikate oder Befunde, die Hochsensibilit\u00e4t [&hellip;]<\/p>\n","protected":false},"author":2884,"featured_media":0,"parent":0,"menu_order":0,"comment_status":"closed","ping_status":"closed","template":"","meta":{"footnotes":""},"categories":[4],"tags":[],"class_list":["post-1615","page","type-page","status-publish","hentry","category-forschung"],"_links":{"self":[{"href":"https:\/\/www.hsu-hh.de\/diffpsych\/wp-json\/wp\/v2\/pages\/1615","targetHints":{"allow":["GET"]}}],"collection":[{"href":"https:\/\/www.hsu-hh.de\/diffpsych\/wp-json\/wp\/v2\/pages"}],"about":[{"href":"https:\/\/www.hsu-hh.de\/diffpsych\/wp-json\/wp\/v2\/types\/page"}],"author":[{"embeddable":true,"href":"https:\/\/www.hsu-hh.de\/diffpsych\/wp-json\/wp\/v2\/users\/2884"}],"replies":[{"embeddable":true,"href":"https:\/\/www.hsu-hh.de\/diffpsych\/wp-json\/wp\/v2\/comments?post=1615"}],"version-history":[{"count":10,"href":"https:\/\/www.hsu-hh.de\/diffpsych\/wp-json\/wp\/v2\/pages\/1615\/revisions"}],"predecessor-version":[{"id":2335,"href":"https:\/\/www.hsu-hh.de\/diffpsych\/wp-json\/wp\/v2\/pages\/1615\/revisions\/2335"}],"wp:attachment":[{"href":"https:\/\/www.hsu-hh.de\/diffpsych\/wp-json\/wp\/v2\/media?parent=1615"}],"wp:term":[{"taxonomy":"category","embeddable":true,"href":"https:\/\/www.hsu-hh.de\/diffpsych\/wp-json\/wp\/v2\/categories?post=1615"},{"taxonomy":"post_tag","embeddable":true,"href":"https:\/\/www.hsu-hh.de\/diffpsych\/wp-json\/wp\/v2\/tags?post=1615"}],"curies":[{"name":"wp","href":"https:\/\/api.w.org\/{rel}","templated":true}]}}