{"id":135,"date":"2017-11-16T10:58:32","date_gmt":"2017-11-16T09:58:32","guid":{"rendered":"https:\/\/www.hsu-hh.de\/diffpsych\/?page_id=135"},"modified":"2024-12-02T14:50:32","modified_gmt":"2024-12-02T13:50:32","slug":"eye-tracking","status":"publish","type":"page","link":"https:\/\/www.hsu-hh.de\/diffpsych\/abschlussarbeiten\/eye-tracking","title":{"rendered":"Eye-Tracking"},"content":{"rendered":"<h2>Was ist Eye-Tracking?<\/h2>\n<p>&#8222;Mit Eye-Tracking (selten auch: Blickerfassung oder Okulographie) bezeichnet man das Aufzeichnen der haupts\u00e4chlich aus Fixationen (Punkte, die man genau betrachtet), Sakkaden (schnellen Augenbewegungen) und Regressionen bestehenden Blickbewegungen einer Person.<\/p>\n<p>Als Eyetracker werden Ger\u00e4te und Systeme bezeichnet, die die Aufzeichnung vornehmen und eine Analyse der Blickbewegungen erm\u00f6glichen.<\/p>\n<p>Das Eye-Tracking wird als wissenschaftliche Methode in den Neurowissenschaften, der Wahrnehmungs-, Kognitions- und Werbepsychologie, der kognitiven <abbr title=\"beziehungsweise\">bzw.<\/abbr> klinischen Linguistik, im Produktdesign und der Leseforschung eingesetzt. Es wird auch bei der Untersuchung von Tieren, insbesondere im Zusammenhang mit der Erforschung ihrer kognitiven F\u00e4higkeiten eingesetzt.&#8220;<\/p>\n<p>(aus: <a href=\"http:\/\/de.wikipedia.org\/wiki\/Eye-Tracking\" rel='nofollow'>http:\/\/de.wikipedia.org\/wiki\/Eye-Tracking<\/a>; 02.04.2013)<\/p>\n<h2>Wahrnehmung von Gesichtsanomalien<\/h2>\n<p>Menschen mit Gesichtsanomalien stehen in ihrem Alltag besonderen Herausforderungen gegen\u00fcber, weil sie h\u00e4ufig ungewollt in den Mittelpunkt der Aufmerksamkeit geraten.Eine Studie soll mit Hilfe des Eye Tracking untersuchen, ob Menschen mit Gesichtsanomalien nicht nur anders angeschaut, sondern auch in ihrer Pers\u00f6nlichkeit, Intelligenz und Attraktivit\u00e4t anders als gesunde Menschen eingesch\u00e4tzt werden.<\/p>\n<h2><strong>aktuelle Ausschreibung &#8211; Masterarbeit:\u00a0<\/strong><\/h2>\n<p>Wir m\u00f6chten Ihnen das Angebot machen, Ihre Masterarbeit (PSY 12002) in Verbindung mit einem interessanten (Forschungs-)Thema in der Professur f\u00fcr Pers\u00f6nlichkeitspsychologie und Psychologische Diagnostik umzusetzen. Wir betreuen Sie angemessen in den einzelnen Teilschritten, die es ben\u00f6tigt, um auch diese H\u00fcrde des Studiums erfolgreich zu meistern.<\/p>\n<p>Aktuell f\u00fchren wir in unserer Abteilung eine Laborstudie durch, die verschiedene methodische Ans\u00e4tze kombiniert (<abbr title=\"unter anderem\">u.a.<\/abbr> Eyetracking und transkranielle Gleichstromstimulation (tDCS) in Verbindung mit der Pers\u00f6nlichkeit).<br \/>\nDementsprechend sind verschiedene theoretische Perspektiven m\u00f6glich und Sie k\u00f6nnten beispielsweise folgenden Fragestellungen nachgehen:<\/p>\n<p><strong>Hochsensibilit\u00e4t (Betreuung durch Herrn Marcus B\u00fcrger; Kontakt: <a href=\"mailto:buergerm@hsu-hh.de\" rel='nofollow'>buergerm@hsu-hh.de<\/a>) <\/strong><\/p>\n<p>1)\u00a0\u00a0\u00a0\u00a0 Ist Hochsensibilit\u00e4t mit einem charakteristischen Blickverhalten beim Betrachten emotionaler Bilder assoziiert?<br \/>\n2)\u00a0\u00a0\u00a0\u00a0 Ist eine erh\u00f6hte emotionale und k\u00f6rperliche Reaktivit\u00e4t von Hochsensiblen objektiv messbar?<br \/>\n3)\u00a0\u00a0\u00a0\u00a0 Werden Filmausschnitte (naturalistische Stimuli) von Hochsensiblen anders verarbeitet?<\/p>\n<p><strong>Dunkle Tetrade (Betreuung durch Frau Jill-Sonja Meyer; Kontakt: <a href=\"mailto:meyerji@hsu-hh.de\" rel='nofollow'>meyerji@hsu-hh.de<\/a>)<\/strong><\/p>\n<p>1)\u00a0\u00a0\u00a0\u00a0 Welche Wirkung hat [a.\/b.\/c.\/d.\/e.\/f.\/g.\/h.] auf das Blickverhalten beim Betrachten emotionaler Stimuli (Bilder oder Videos)?<\/p>\n<p style=\"padding-left: 40px\">a.\u00a0\u00a0\u00a0\u00a0 Narzissmus<br \/>\nb.\u00a0\u00a0\u00a0\u00a0 Psychopathie<br \/>\nc.\u00a0\u00a0\u00a0\u00a0\u00a0 Machiavellismus<br \/>\nd.\u00a0\u00a0\u00a0\u00a0 Sadismus<br \/>\ne.\u00a0\u00a0\u00a0\u00a0 Empathie<br \/>\nf.\u00a0\u00a0\u00a0\u00a0\u00a0 Psychologisches Kapital<br \/>\ng.\u00a0\u00a0\u00a0\u00a0 Impulsivit\u00e4t<br \/>\nh.\u00a0\u00a0\u00a0\u00a0 Aggressivit\u00e4t<\/p>\n<p>2)\u00a0\u00a0\u00a0\u00a0 Gibt es einen Interaktionseffekt zwischen der Pers\u00f6nlichkeit, der tDCS-Stimulation und dem Blickverhalten bei der Betrachtung emotionaler Bilder?<\/p>\n<p><strong>Behavioral Activation System (BAS) \/ Behavioral Inhibition System (BIS) (Betreuung durch Herrn <abbr title=\"Doktor\">Dr.<\/abbr> Hanno Ohmann; Kontakt: <a href=\"mailto:hanno.ohmann@hsu-hh.de\" rel='nofollow'>hanno.ohmann@hsu-hh.de<\/a>)<\/strong><\/p>\n<p>1)\u00a0\u00a0\u00a0\u00a0 Gibt es einen Zusammenhang zwischen der individuellen Auspr\u00e4gung des Behavioral Activation System (BAS) <abbr title=\"beziehungsweise\">bzw.<\/abbr> des Behavioral Inhibition System (BIS) und dem Blickverhalten bei der Betrachtung emotionaler Bilder?<br \/>\n2)\u00a0\u00a0\u00a0\u00a0 Beeinflusst eine Stimulation mittels tDCS generell das Blickverhalten bei der Betrachtung emotionaler Bilder?<br \/>\n3)\u00a0\u00a0\u00a0\u00a0 Gibt es einen Interaktionseffekt zwischen der Pers\u00f6nlichkeit (BIS \/ BAS), der Stimulation mittels tDCS und dem Blickverhalten bei der Betrachtung emotionaler Bilder?<\/p>\n<p>Klingt das interessant f\u00fcr Sie? Nehmen Sie Kontakt mit uns auf!<\/p>\n","protected":false},"excerpt":{"rendered":"<p>Was ist Eye-Tracking? &#8222;Mit Eye-Tracking (selten auch: Blickerfassung oder Okulographie) bezeichnet man das Aufzeichnen der haupts\u00e4chlich aus Fixationen (Punkte, die man genau betrachtet), Sakkaden (schnellen Augenbewegungen) und Regressionen bestehenden Blickbewegungen [&hellip;]<\/p>\n","protected":false},"author":189,"featured_media":0,"parent":133,"menu_order":0,"comment_status":"closed","ping_status":"closed","template":"","meta":{"footnotes":""},"categories":[4],"tags":[],"class_list":["post-135","page","type-page","status-publish","hentry","category-forschung"],"_links":{"self":[{"href":"https:\/\/www.hsu-hh.de\/diffpsych\/wp-json\/wp\/v2\/pages\/135","targetHints":{"allow":["GET"]}}],"collection":[{"href":"https:\/\/www.hsu-hh.de\/diffpsych\/wp-json\/wp\/v2\/pages"}],"about":[{"href":"https:\/\/www.hsu-hh.de\/diffpsych\/wp-json\/wp\/v2\/types\/page"}],"author":[{"embeddable":true,"href":"https:\/\/www.hsu-hh.de\/diffpsych\/wp-json\/wp\/v2\/users\/189"}],"replies":[{"embeddable":true,"href":"https:\/\/www.hsu-hh.de\/diffpsych\/wp-json\/wp\/v2\/comments?post=135"}],"version-history":[{"count":5,"href":"https:\/\/www.hsu-hh.de\/diffpsych\/wp-json\/wp\/v2\/pages\/135\/revisions"}],"predecessor-version":[{"id":2156,"href":"https:\/\/www.hsu-hh.de\/diffpsych\/wp-json\/wp\/v2\/pages\/135\/revisions\/2156"}],"up":[{"embeddable":true,"href":"https:\/\/www.hsu-hh.de\/diffpsych\/wp-json\/wp\/v2\/pages\/133"}],"wp:attachment":[{"href":"https:\/\/www.hsu-hh.de\/diffpsych\/wp-json\/wp\/v2\/media?parent=135"}],"wp:term":[{"taxonomy":"category","embeddable":true,"href":"https:\/\/www.hsu-hh.de\/diffpsych\/wp-json\/wp\/v2\/categories?post=135"},{"taxonomy":"post_tag","embeddable":true,"href":"https:\/\/www.hsu-hh.de\/diffpsych\/wp-json\/wp\/v2\/tags?post=135"}],"curies":[{"name":"wp","href":"https:\/\/api.w.org\/{rel}","templated":true}]}}