{"id":133,"date":"2017-11-16T10:56:33","date_gmt":"2017-11-16T09:56:33","guid":{"rendered":"https:\/\/www.hsu-hh.de\/diffpsych\/?page_id=133"},"modified":"2023-04-11T12:50:14","modified_gmt":"2023-04-11T10:50:14","slug":"abschlussarbeiten","status":"publish","type":"page","link":"https:\/\/www.hsu-hh.de\/diffpsych\/abschlussarbeiten","title":{"rendered":"Abschlussarbeiten"},"content":{"rendered":"<p>Wir bieten Abschlussarbeiten <abbr title=\"unter anderem\">u.a.<\/abbr> zu folgenden Themen an:<\/p>\n<p><a href=\"https:\/\/www.hsu-hh.de\/diffpsych\/abschlussarbeit-das-impostor-phaenomen-ein-systematischer-ueberblick\">Impostor-Ph\u00e4nomen<\/a><\/p>\n<p><a href=\"https:\/\/www.hsu-hh.de\/diffpsych\/abschlussarbeiten\/eye-tracking\/\">Eye-Tracking<\/a><\/p>\n<p><a href=\"https:\/\/www.hsu-hh.de\/diffpsych\/herzlich-willkommen-auf-unseren-forschungsseiten-zum-thema-hochsensibilitaet\">Hochsensibilit\u00e4t<\/a><\/p>\n<p><a href=\"https:\/\/www.hsu-hh.de\/diffpsych\/der-einfluss-von-persoenlichkeitseigenschaften-beim-gebrauch-der-ankerheuristik\">Pers\u00f6nlichkeit<\/a><\/p>\n<p><a href=\"https:\/\/www.hsu-hh.de\/diffpsych\/aus-den-augen-aus-dem-sinn\">Pr\u00e4krastination<\/a><\/p>\n<p>Weitere Themen f\u00fcr Bachelor- und Masterarbeiten finden Sie an der Pinnwand unserer Abteilung (H4, neben dem Raum 119). Alternativ k\u00f6nnen Sie einen Termin mit mir vereinbaren, in dem wir Themen besprechen, die Sie <abbr title=\"eventuell(en)\">evtl.<\/abbr> gern bearbeiten m\u00f6chten oder um nach aktuellen Themen nachzufragen.<\/p>\n<div class=\"ansprechparter-container\">\n<div class=\"row ansprechpartner-item ansprechparter-header\">\n<div class=\"col-xs-8 col-lg-12\" style=\"margin-bottom: 30px\">\n<h3 class=\"ansprechparter-headline\">Ansprechpartner:<\/h3>\n<div class=\"mobile-small\">Univ. <abbr title=\"Professor\">Prof.<\/abbr> <abbr title=\"Doktor\">Dr.<\/abbr> Philipp Y. Herzberg<\/div>\n<\/div>\n<div class=\"col-md-4 col-lg-3 col-xs-4 ansprechpartner-item floatright img-circle center-block\" style=\"margin-bottom: 30px\">\n<div class=\"img-responsive-wrapper\"><img decoding=\"async\" class=\"img-circle img-responsive center-block\" src=\"\/wp-content\/themes\/hsu\/img\/dummy\/dummy_ansprechpartner.png\" alt=\"\" \/><\/div>\n<\/div>\n<div class=\"col-md-12 col-lg-3 col-xs-12 ansprechpartner-item kontakt floatright\" style=\"margin-bottom: 30px\">\n<div class=\"row\">\n<div class=\"col-xs-12 col-sm-6 col-lg-12\">\n<div class=\"row\">\n<div class=\"col-xs-12 col-lg-4 row-text bold\">Raum:<\/div>\n<div class=\"col-xs-12 col-lg-8 row-text\">119<\/div>\n<\/div>\n<\/div>\n<div class=\"col-xs-12 col-sm-6 col-lg-12\">\n<div class=\"row\">\n<div class=\"col-xs-12 col-lg-4 row-text bold\">Telefon:<\/div>\n<div class=\"col-xs-12 col-lg-8 row-text\">+49-40-6541-2845<\/div>\n<\/div>\n<\/div>\n<div class=\"col-xs-12 col-sm-6 col-lg-12\">\n<div class=\"row\">\n<div class=\"col-xs-12 col-lg-4 row-text bold\">Fax:<\/div>\n<div class=\"col-xs-12 col-lg-8 row-text\">+49-40-6541-2040<\/div>\n<\/div>\n<\/div>\n<div class=\"col-xs-12 col-sm-6 col-lg-12\">\n<div class=\"row\">\n<div class=\"col-xs-12 col-md-12 row-text bold\">Email:<\/div>\n<div class=\"col-xs-12 col-md-12 row-text\"><a href=\"mailto:herzberg@hsu-hh.de\" rel='nofollow'>herzberg@hsu-hh.de<\/a><\/div>\n<\/div>\n<\/div>\n<\/div>\n<\/div>\n<div class=\"col-md-6 col-lg-3 col-xs-12 ansprechpartner-item anschrift floatright\">\n<div class=\"row-headline\">Besucheranschrift<\/div>\n<div class=\"row-text\">Helmut-Schmidt-Universit\u00e4t<\/div>\n<div class=\"row-text\">Geb\u00e4ude H4<\/div>\n<div class=\"row-text\">Holstenhofweg 85<\/div>\n<div class=\"row-text\">22043 Hamburg<\/div>\n<\/div>\n<div class=\"col-md-6 col-lg-3 col-xs-12 ansprechpartner-item anschrift floatright\">\n<div class=\"row-headline\">Postanschrift<\/div>\n<p>Helmut-Schmidt-Universit\u00e4t<br \/>\nFakult\u00e4t f\u00fcr Geistes- und Sozialwissenschaften<br \/>\nProfessur f\u00fcr Pers\u00f6nlichkeitspsychologie<br \/>\nPostfach 70 08 22<br \/>\n22008 Hamburg<\/p>\n<\/div>\n<\/div>\n<div class=\"clearfix\"><\/div>\n<\/div>\n","protected":false},"excerpt":{"rendered":"<p>Wir bieten Abschlussarbeiten u.a. zu folgenden Themen an: Impostor-Ph\u00e4nomen Eye-Tracking Hochsensibilit\u00e4t Pers\u00f6nlichkeit Pr\u00e4krastination Weitere Themen f\u00fcr Bachelor- und Masterarbeiten finden Sie an der Pinnwand unserer Abteilung (H4, neben dem Raum [&hellip;]<\/p>\n","protected":false},"author":189,"featured_media":0,"parent":0,"menu_order":0,"comment_status":"closed","ping_status":"closed","template":"","meta":{"footnotes":""},"categories":[6],"tags":[],"class_list":["post-133","page","type-page","status-publish","hentry","category-lehre"],"_links":{"self":[{"href":"https:\/\/www.hsu-hh.de\/diffpsych\/wp-json\/wp\/v2\/pages\/133","targetHints":{"allow":["GET"]}}],"collection":[{"href":"https:\/\/www.hsu-hh.de\/diffpsych\/wp-json\/wp\/v2\/pages"}],"about":[{"href":"https:\/\/www.hsu-hh.de\/diffpsych\/wp-json\/wp\/v2\/types\/page"}],"author":[{"embeddable":true,"href":"https:\/\/www.hsu-hh.de\/diffpsych\/wp-json\/wp\/v2\/users\/189"}],"replies":[{"embeddable":true,"href":"https:\/\/www.hsu-hh.de\/diffpsych\/wp-json\/wp\/v2\/comments?post=133"}],"version-history":[{"count":14,"href":"https:\/\/www.hsu-hh.de\/diffpsych\/wp-json\/wp\/v2\/pages\/133\/revisions"}],"predecessor-version":[{"id":2146,"href":"https:\/\/www.hsu-hh.de\/diffpsych\/wp-json\/wp\/v2\/pages\/133\/revisions\/2146"}],"wp:attachment":[{"href":"https:\/\/www.hsu-hh.de\/diffpsych\/wp-json\/wp\/v2\/media?parent=133"}],"wp:term":[{"taxonomy":"category","embeddable":true,"href":"https:\/\/www.hsu-hh.de\/diffpsych\/wp-json\/wp\/v2\/categories?post=133"},{"taxonomy":"post_tag","embeddable":true,"href":"https:\/\/www.hsu-hh.de\/diffpsych\/wp-json\/wp\/v2\/tags?post=133"}],"curies":[{"name":"wp","href":"https:\/\/api.w.org\/{rel}","templated":true}]}}