{"id":1314,"date":"2021-02-16T14:02:34","date_gmt":"2021-02-16T13:02:34","guid":{"rendered":"https:\/\/www.hsu-hh.de\/diffpsych\/?page_id=1314"},"modified":"2024-06-21T09:36:20","modified_gmt":"2024-06-21T07:36:20","slug":"fhj-julian-dohmen-shk","status":"publish","type":"page","link":"https:\/\/www.hsu-hh.de\/diffpsych\/fhj-julian-dohmen-shk","title":{"rendered":"Lt. Julian Dohmen (SHK)"},"content":{"rendered":"\n<p>Laborleitung<\/p>\n\n\n<script type=\"application\/ld+json\">[{\"@context\": \"https:\/\/www.schema.org\",\"@type\": \"Person\",\"name\": \"Julian Dohmen\",\"worksFor\": [{\t\"@type\": \"Organization\",\t\"name\": \"Helmut-Schmidt-Universit\u00e4t, Professur f\u00fcr Pers\u00f6nlichkeitspsychologie und Psychologische Diagnostik\",\t\"url\": \"https:\/\/www.hsu-hh.de\"\t, \"department\": {\"@type\": \"Organization\",\t\t\t\t\t\"name\": \"Professur f\u00fcr Pers\u00f6nlichkeitspsychologie und Psychologische Diagnostik\",\t\t\t\t\t\"location\": {\t\t\t\t\t\t\"@type\": \"PostalAddress\",\t\t\t\t\t\t\"addressLocality\": \"\",        \t\t\t\t\"postalCode\": \"22043\",        \t\t\t\t\"streetAddress\": \"Holstenhofweg 85 , Geb\u00e4ude H4\"\t\t\t\t\t}},\t\"location\": {\t\t\"@type\": \"PostalAddress\",    \t\"addressLocality\": \"\",    \t\"postalCode\": \"22008\",    \t\"postOfficeBoxNumber\": \"700822\"\t}   }],\"image\": \"https:\/\/www.hsu-hh.de\/wp-content\/themes\/hsu\/img\/dummy\/dummy_ansprechpartner.png\",\"telephone\": \"\",\"faxNumber\": \"\",\"email\": \"Julian.Dohmen@hsu-hh.de\"}]<\/script><div class=\"clearfix\"><\/div><div class=\"ansprechparter-container \" style=\"margin-top:1em; \"><div class=\"row ansprechpartner-item ansprechparter-header\" ><div class=\"col-xs-8 col-lg-12\" style=\"margin-bottom: 30px;\"><h3 class=\"ansprechparter-headline\">Julian Dohmen<\/h3><\/div><\/div><div class=\"col-md-4 col-lg-3 col-xs-4 ansprechpartner-item floatright img-circle center-block\" style=\"margin-bottom: 30px;\"><div class=\"img-responsive-wrapper\"><img decoding=\"async\" src=\"\/wp-content\/themes\/hsu\/img\/dummy\/dummy_ansprechpartner.png\" alt=\"Mitarbeiter Symbol-Icon\" class=\"img-circle img-responsive center-block\" \/><\/div><\/div><div class=\"col-md-12 col-lg-3 col-xs-12 ansprechpartner-item kontakt floatright\" style=\"margin-bottom: 30px; \"><div class=\"row\"><div class=\"col-xs-12 col-sm-6 col-lg-12\"><div class=\"row\"><div class=\"col-xs-4 col-lg-4 row-text bold\" >Raum:<\/div><div class=\" row-text\">126<\/div><\/div><\/div><div class=\"col-xs-12 col-sm-6 col-lg-12\"><div class=\"row\"><div class=\"col-xs-4 col-lg-4 row-text bold\">E-Mail:<\/div><div class=\"row-text\" style=\"overflow:hidden; word-break: break-word\"><a href=\"mailto:Julian.Dohmen@hsu-hh.de\" rel=\"nofollow\">Julian.Dohmen@hsu-hh.de<\/a><\/div><\/div><\/div><\/div><\/div><div class=\"col-md-6 col-lg-3 col-xs-12 ansprechpartner-item anschrift floatright\" ><div class=\"row-headline\">Besucheranschrift<\/div><div class=\"dataBesucheranschrift\" style=\"\"><div class=\"row-text\">Helmut-Schmidt-Universit\u00e4t<\/div><div class=\"row-text\">Professur f\u00fcr Pers\u00f6nlichkeitspsychologie und Psychologische Diagnostik<\/div><div class=\"row-text\">Geb\u00e4ude H4<\/div><div class=\"row-text\">Holstenhofweg 85<\/div><div class=\"row-text\">22043 Hamburg<\/div><\/div><\/div><div class=\"col-md-6 col-lg-3 col-xs-12 ansprechpartner-item anschrift floatright\"><div class=\"row-headline\">Postanschrift<\/div><div class=\"dataPostanschrift\" style=\"\"><div class=\"row-text\">Helmut-Schmidt-Universit\u00e4t<\/div><div class=\"row-text\">Professur f\u00fcr Pers\u00f6nlichkeitspsychologie und Psychologische Diagnostik<\/div><div class=\"row-text\">Postfach 70 08 22<\/div><div class=\"row-text\">22008 Hamburg<\/div><\/div><\/div><\/div><div class=\"clearfix\"><\/div>\n\n\n<p><\/p>\n","protected":false},"excerpt":{"rendered":"<p>Laborleitung<\/p>\n","protected":false},"author":2884,"featured_media":0,"parent":0,"menu_order":0,"comment_status":"closed","ping_status":"closed","template":"","meta":{"footnotes":""},"categories":[4],"tags":[58,60,62,64,66],"class_list":["post-1314","page","type-page","status-publish","hentry","category-forschung","tag-bundeswehr-de","tag-hsu-de","tag-psy-de","tag-psychologie-de","tag-shk-de"],"_links":{"self":[{"href":"https:\/\/www.hsu-hh.de\/diffpsych\/wp-json\/wp\/v2\/pages\/1314","targetHints":{"allow":["GET"]}}],"collection":[{"href":"https:\/\/www.hsu-hh.de\/diffpsych\/wp-json\/wp\/v2\/pages"}],"about":[{"href":"https:\/\/www.hsu-hh.de\/diffpsych\/wp-json\/wp\/v2\/types\/page"}],"author":[{"embeddable":true,"href":"https:\/\/www.hsu-hh.de\/diffpsych\/wp-json\/wp\/v2\/users\/2884"}],"replies":[{"embeddable":true,"href":"https:\/\/www.hsu-hh.de\/diffpsych\/wp-json\/wp\/v2\/comments?post=1314"}],"version-history":[{"count":6,"href":"https:\/\/www.hsu-hh.de\/diffpsych\/wp-json\/wp\/v2\/pages\/1314\/revisions"}],"predecessor-version":[{"id":2054,"href":"https:\/\/www.hsu-hh.de\/diffpsych\/wp-json\/wp\/v2\/pages\/1314\/revisions\/2054"}],"wp:attachment":[{"href":"https:\/\/www.hsu-hh.de\/diffpsych\/wp-json\/wp\/v2\/media?parent=1314"}],"wp:term":[{"taxonomy":"category","embeddable":true,"href":"https:\/\/www.hsu-hh.de\/diffpsych\/wp-json\/wp\/v2\/categories?post=1314"},{"taxonomy":"post_tag","embeddable":true,"href":"https:\/\/www.hsu-hh.de\/diffpsych\/wp-json\/wp\/v2\/tags?post=1314"}],"curies":[{"name":"wp","href":"https:\/\/api.w.org\/{rel}","templated":true}]}}