{"id":122,"date":"2017-11-16T10:50:11","date_gmt":"2017-11-16T09:50:11","guid":{"rendered":"https:\/\/www.hsu-hh.de\/diffpsych\/?page_id=122"},"modified":"2021-08-15T11:43:22","modified_gmt":"2021-08-15T09:43:22","slug":"kai-fricke","status":"publish","type":"page","link":"https:\/\/www.hsu-hh.de\/diffpsych\/team\/kai-fricke","title":{"rendered":"Dr. Kai Fricke"},"content":{"rendered":"<div class=\"ansprechparter-container\">\n<div class=\"row ansprechpartner-item ansprechparter-header\">\n<div class=\"col-md-4 col-lg-3 col-xs-4 ansprechpartner-item floatright img-circle center-block\" style=\"margin-bottom: 30px\">\n<div class=\"img-responsive-wrapper\"><\/div>\n<\/div>\n<div class=\"col-md-12 col-lg-3 col-xs-12 ansprechpartner-item kontakt floatright\" style=\"margin-bottom: 30px\">\n<div class=\"row\">\n<div class=\"col-xs-12 col-sm-6 col-lg-12\">\n<div class=\"row\">\n<div class=\"col-xs-12 col-lg-4 row-text bold\">Raum:<\/div>\n<div class=\"col-xs-12 col-lg-8 row-text\">120<\/div>\n<\/div>\n<\/div>\n<div class=\"col-xs-12 col-sm-6 col-lg-12\">\n<div class=\"row\">\n<div class=\"col-xs-12 col-lg-4 row-text bold\">Telefon:<\/div>\n<div class=\"col-xs-12 col-lg-8 row-text\">+49-40-6541-2410<\/div>\n<\/div>\n<\/div>\n<div class=\"col-xs-12 col-sm-6 col-lg-12\">\n<div class=\"row\">\n<div class=\"col-xs-12 col-md-12 row-text bold\">Email:<\/div>\n<div class=\"col-xs-12 col-md-12 row-text\"><a href=\"mailto:fricke@hsu-hh.de\" rel='nofollow'>fricke@hsu-hh.de<\/a><\/div>\n<\/div>\n<\/div>\n<\/div>\n<\/div>\n<div class=\"col-md-6 col-lg-3 col-xs-12 ansprechpartner-item anschrift floatright\">\n<div class=\"row-headline\">Besucheranschrift<\/div>\n<div class=\"row-text\">Helmut-Schmidt-Universit\u00e4t<\/div>\n<div class=\"row-text\">Geb\u00e4ude H4<\/div>\n<div class=\"row-text\">Holstenhofweg 85<\/div>\n<div class=\"row-text\">22043 Hamburg<\/div>\n<\/div>\n<div class=\"col-md-6 col-lg-3 col-xs-12 ansprechpartner-item anschrift floatright\">\n<div class=\"row-headline\">Postanschrift<\/div>\n<p>Helmut-Schmidt-Universit\u00e4t<br \/>\nFakult\u00e4t f\u00fcr Geistes- und Sozialwissenschaften<br \/>\nProfessur f\u00fcr Pers\u00f6nlichkeitspsychologie<br \/>\nPostfach 70 08 22<br \/>\n22008 Hamburg<\/p>\n<\/div>\n<\/div>\n<div class=\"clearfix\"><\/div>\n<\/div>\n<h4>For the most recent list of publications, please go to <a href=\"http:\/\/www.kaifricke.com\" rel='nofollow'>www.kaifricke.com<\/a>.<\/h4>\n<h4>Publications in peer-reviewed journals<\/h4>\n<ul>\n<li>Fricke, K. R., Greenberg, D. M., Rentfrow, P. J., &amp; Herzberg, P. Y. (2019). Measuring musical preferences from listening behavior: Data from 1 million people and 200,000 songs. <em>Psychology of Music<\/em>. Manuscript accepted.<\/li>\n<li>Schaarschmidt, M., Mika, S., Fricke, K., &amp; Yoneki, E. (2019). RLgraph: Modular Computation Graphs for Deep Reinforcement Learning. <em>Proceedings of the 2nd Conference on Systems and Machine Learning (SysML)<\/em>. <a class=\"pub-bib\" href=\"https:\/\/kaifricke.com\/research\/schaarschmidt2019rlgraph.bib\" rel='nofollow'>[bib]<\/a> <a class=\"pub-link\" href=\"https:\/\/www.sysml.cc\/doc\/2019\/43.pdf\" rel='nofollow'>[link]<\/a> <a class=\"pub-link\" href=\"https:\/\/arxiv.org\/abs\/1810.09028\" rel='nofollow'>[pre-print]<\/a><\/li>\n<li>Fricke, K. R., Greenberg, D. M., Rentfrow, P. J., &amp; Herzberg, P. Y. (2018). Computer-based music feature analysis mirrors human perception and can be used to measure individual music preference. <em>Journal of Research in Personality, 75<\/em>, 94-102. <a class=\"pub-bib\" href=\"https:\/\/kaifricke.com\/research\/fricke2018computer.bib\" rel='nofollow'>[bib]<\/a> <a class=\"pub-link\" href=\"https:\/\/www.sciencedirect.com\/science\/article\/pii\/S0092656618300989\" rel='nofollow'>[link]<\/a><\/li>\n<li>Fricke, K. R., &amp; Herzberg, P. Y. (2017). Personality and self-reported preference for music genres and attributes in a German-speaking sample. <em>Journal of Research in Personality, 68<\/em>, 114-123. <a class=\"pub-bib\" href=\"https:\/\/kaifricke.com\/research\/fricke2017personality.bib\" rel='nofollow'>[bib]<\/a> <a class=\"pub-link\" href=\"https:\/\/www.sciencedirect.com\/science\/article\/pii\/S0092656617300107\" rel='nofollow'>[link]<\/a><\/li>\n<li>Rohenkohl, A. C., De Schepper, J., Vanderfaeillie, J., Fricke, K., Hendrickx, S., Lagrou, K., &#8230; &amp; Quitmann, J. (2014). Validation of the Flemish version of the Quality of Life in Short Stature Youth (QoLISSY) questionnaire. <em>Acta Clinica Belgica, 69<\/em>, 177-182. <a class=\"pub-bib\" href=\"https:\/\/kaifricke.com\/research\/rohenkohl2014validation.bib\" rel='nofollow'>[bib]<\/a> <a class=\"pub-link\" href=\"https:\/\/www.tandfonline.com\/doi\/abs\/10.1179\/2295333714Y.0000000024\" rel='nofollow'>[link]<\/a><\/li>\n<\/ul>\n<h4>Upcoming publications<\/h4>\n<ul>\n<li>Schaarschmidt, M., Fricke, K. R., &amp; Yoneki, E. (2019). <em>Wield: Systematic Reinforcement Learning With Progressive Randomization.<\/em> Manuscript submitted for publication. <a class=\"pub-link\" href=\"https:\/\/arxiv.org\/abs\/1909.06844\" rel='nofollow'>[pre-print]<\/a><\/li>\n<li>Fricke, K. R., &amp; Herzberg, P. Y. (2019). <em>Know your big data: De-biasing subsamples of large datasets for personality research using importance sampling and kNN matching.<\/em> Manuscript submitted for publication. <a class=\"pub-link\" href=\"https:\/\/psyarxiv.com\/4ftb7\/\" rel='nofollow'>[pre-print]<\/a><\/li>\n<li>Greenberg, D. M., &amp; Fricke, K. R. (2019). <em>Decreasing stress through a spatial audio and immersive 3D environment: Implications for clinical and medical settings<\/em>. Manuscript submitted for publication.<\/li>\n<li>Greenberg, D. M., Matz, S. C., Schwartz, H. A., &amp; Fricke, K. R. (2019). <em>The self-congruity effect of music<\/em>. Manuscript submitted for publication.<\/li>\n<li>Schaarschmidt, M., Kuhnle, A., Ellis, B., Fricke, K., Gessert, F., &amp; Yoneki, E. (2018). LIFT: Reinforcement Learning in Computer Systems by Learning From Demonstrations. arXiv preprint arXiv:1808.07903. <a><img decoding=\"async\" class=\"citavipicker\" style=\"border: 0px none!important;width: 16px!important;height: 16px!important;margin-left: 1px !important;margin-right: 1px !important\" title=\"Titel anhand dieser ArXiv-ID in Citavi-Projekt \u00fcbernehmen\" src=\"image\/svg+xml;base64,PD94bWwgdmVyc2lvbj0iMS4wIiBlbmNvZGluZz0idXRmLTgiPz48IURPQ1RZUEUgc3ZnIFBVQkxJQyAiLS8vVzNDLy9EVEQgU1ZHIDEuMS8vRU4iICJodHRwOi8vd3d3LnczLm9yZy9HcmFwaGljcy9TVkcvMS4xL0RURC9zdmcxMS5kdGQiPjxzdmcgdmVyc2lvbj0iMS4xIiBpZD0iRWJlbmVfMSIgeG1sbnM9Imh0dHA6Ly93d3cudzMub3JnLzIwMDAvc3ZnIiB4bWxuczp4bGluaz0iaHR0cDovL3d3dy53My5vcmcvMTk5OS94bGluayIgeD0iMHB4IiB5PSIwcHgiIHdpZHRoPSIxNnB4IiBoZWlnaHQ9IjE2cHgiIHZpZXdCb3g9IjAgMCAxNiAxNiIgZW5hYmxlLWJhY2tncm91bmQ9Im5ldyAwIDAgMTYgMTYiIHhtbDpzcGFjZT0icHJlc2VydmUiPjxnPjxnPjxwYXRoIGZpbGw9IiNGRkZGRkYiIGQ9Ik04LjAwMSwxNS41QzMuODY0LDE1LjUsMC41LDEyLjEzNiwwLjUsOGMwLTQuMTM1LDMuMzY1LTcuNSw3LjUwMS03LjVTMTUuNSwzLjg2NCwxNS41LDhTMTIuMTM3LDE1LjUsOC4wMDEsMTUuNXoiLz48cGF0aCBmaWxsPSIjRDUyQjFFIiBkPSJNOC4wMDEsMUMxMS44NiwxLDE1LDQuMTQxLDE1LDhzLTMuMTM5LDctNi45OTksN0M0LjE0LDE1LDEsMTEuODU5LDEsOFM0LjE0LDEsOC4wMDEsMSBNOC4wMDEsMEMzLjU4MiwwLDAsMy41ODIsMCw4czMuNTgyLDgsOC4wMDEsOEMxMi40MTgsMTYsMTYsMTIuNDE4LDE2LDhTMTIuNDE4LDAsOC4wMDEsMEw4LjAwMSwweiIvPjwvZz48cGF0aCBmaWxsPSIjRDUyQjFFIiBkPSJNNi43NDUsMTIuNTg5Yy0wLjIyNywwLjEyMi0wLjQ5NywwLjI0Ny0wLjY4NCwwLjI0N2MtMC4zMTgsMC0wLjUwMS0wLjE2NC0wLjUwMS0wLjQ1MmMwLTAuMjA3LDAuMTQtMC4zNzUsMC41OTUtMC42MjJjMS41NDktMC45MDQsMi41OTQtMi4yNzIsMi41OTQtMy43MjFjMC0wLjgyNS0wLjIyNy0xLjExOS0wLjY4MS0xLjExOWMtMC4xMzUsMC0wLjMyLDAuMjE5LTAuNjM2LDAuMjE5SDcuMTU3QzYuMTAyLDcuMTQzLDUuMzMzLDYuMjY0LDUuMzMzLDUuMjNjMC0xLjE1MiwwLjk1OC0yLjAwNiwyLjI4LTIuMDA2YzEuNzc3LDAsMy4wNTMsMS4zNzMsMy4wNTMsMy40M0MxMC42NjYsOS4yMTUsOS4yMDMsMTEuMjcsNi43NDUsMTIuNTg5Ii8+PC9nPjwvc3ZnPg\" \/><\/a> <a class=\"pub-bib\" href=\"https:\/\/kaifricke.com\/research\/schaarschmidt2018lift.bib\" rel='nofollow'>[bib]<\/a> <a class=\"pub-link\" href=\"https:\/\/arxiv.org\/abs\/1808.07903\" rel='nofollow'>[pre-print]<\/a><\/li>\n<\/ul>\n<h4>Conference talks<\/h4>\n<ul>\n<li>Fricke, K. R., Wildfang, S., &amp; Herzberg, P. Y. (2019). Enhancing big data for the exploration of user personality characteristics of online music streaming services users. In Melanie Viola Partsch (Chair), <em>Advanced Modeling<\/em>. Paper session conducted at the DPPD conference, Dresden.<\/li>\n<li>Fricke, K. R., &amp; Herzberg, P. Y. (2018). Messen von Musikpr\u00e4ferenz aus Playback-Statistiken von Musikstreamingdiensten. In S. J. Mayer (Chair), <em>Pers\u00f6nlichkeitsdimensionen<\/em>. Symposium conducted at the DGPS conference, Frankfurt (Main).<\/li>\n<\/ul>\n","protected":false},"excerpt":{"rendered":"<p>Raum: 120 Telefon: +49-40-6541-2410 Email: fricke@hsu-hh.de Besucheranschrift Helmut-Schmidt-Universit\u00e4t Geb\u00e4ude H4 Holstenhofweg 85 22043 Hamburg Postanschrift Helmut-Schmidt-Universit\u00e4t Fakult\u00e4t f\u00fcr Geistes- und Sozialwissenschaften Professur f\u00fcr Pers\u00f6nlichkeitspsychologie Postfach 70 08 22 22008 Hamburg [&hellip;]<\/p>\n","protected":false},"author":189,"featured_media":0,"parent":102,"menu_order":0,"comment_status":"closed","ping_status":"closed","template":"","meta":{"footnotes":""},"categories":[8],"tags":[],"class_list":["post-122","page","type-page","status-publish","hentry","category-team"],"_links":{"self":[{"href":"https:\/\/www.hsu-hh.de\/diffpsych\/wp-json\/wp\/v2\/pages\/122","targetHints":{"allow":["GET"]}}],"collection":[{"href":"https:\/\/www.hsu-hh.de\/diffpsych\/wp-json\/wp\/v2\/pages"}],"about":[{"href":"https:\/\/www.hsu-hh.de\/diffpsych\/wp-json\/wp\/v2\/types\/page"}],"author":[{"embeddable":true,"href":"https:\/\/www.hsu-hh.de\/diffpsych\/wp-json\/wp\/v2\/users\/189"}],"replies":[{"embeddable":true,"href":"https:\/\/www.hsu-hh.de\/diffpsych\/wp-json\/wp\/v2\/comments?post=122"}],"version-history":[{"count":24,"href":"https:\/\/www.hsu-hh.de\/diffpsych\/wp-json\/wp\/v2\/pages\/122\/revisions"}],"predecessor-version":[{"id":1372,"href":"https:\/\/www.hsu-hh.de\/diffpsych\/wp-json\/wp\/v2\/pages\/122\/revisions\/1372"}],"up":[{"embeddable":true,"href":"https:\/\/www.hsu-hh.de\/diffpsych\/wp-json\/wp\/v2\/pages\/102"}],"wp:attachment":[{"href":"https:\/\/www.hsu-hh.de\/diffpsych\/wp-json\/wp\/v2\/media?parent=122"}],"wp:term":[{"taxonomy":"category","embeddable":true,"href":"https:\/\/www.hsu-hh.de\/diffpsych\/wp-json\/wp\/v2\/categories?post=122"},{"taxonomy":"post_tag","embeddable":true,"href":"https:\/\/www.hsu-hh.de\/diffpsych\/wp-json\/wp\/v2\/tags?post=122"}],"curies":[{"name":"wp","href":"https:\/\/api.w.org\/{rel}","templated":true}]}}