{"id":1142,"date":"2020-10-14T08:48:08","date_gmt":"2020-10-14T06:48:08","guid":{"rendered":"https:\/\/www.hsu-hh.de\/diffpsych\/?page_id=1142"},"modified":"2026-03-25T08:36:56","modified_gmt":"2026-03-25T07:36:56","slug":"fabio-ibrahim","status":"publish","type":"page","link":"https:\/\/www.hsu-hh.de\/diffpsych\/fabio-ibrahim","title":{"rendered":"Dr. Fabio Ibrahim"},"content":{"rendered":"\n<p>Wissenschaftlicher Mitarbeiter<\/p>\n\n\n<div class=\"ansprechparter-container\">\n<div class=\"row ansprechpartner-item ansprechparter-header\">\n<div class=\"col-xs-8 col-lg-12\" style=\"margin-bottom: 30px\">\n<div class=\"mobile-small\">\u00a0<\/div>\n<\/div>\n<div class=\"col-md-4 col-lg-3 col-xs-4 ansprechpartner-item floatright img-circle center-block\" style=\"margin-bottom: 30px\">\n<p><img loading=\"lazy\" decoding=\"async\" class=\"alignnone wp-image-1152 size-medium\" src=\"https:\/\/www.hsu-hh.de\/diffpsych\/wp-content\/uploads\/sites\/722\/2020\/10\/IMG_3880-300x200.jpg\" alt=\"\" width=\"300\" height=\"200\" data-credit=\"Fabio Ibrahim\" srcset=\"https:\/\/www.hsu-hh.de\/diffpsych\/wp-content\/uploads\/sites\/722\/2020\/10\/IMG_3880-300x200.jpg 300w, https:\/\/www.hsu-hh.de\/diffpsych\/wp-content\/uploads\/sites\/722\/2020\/10\/IMG_3880-1024x683.jpg 1024w, https:\/\/www.hsu-hh.de\/diffpsych\/wp-content\/uploads\/sites\/722\/2020\/10\/IMG_3880-768x512.jpg 768w, https:\/\/www.hsu-hh.de\/diffpsych\/wp-content\/uploads\/sites\/722\/2020\/10\/IMG_3880-1536x1025.jpg 1536w, https:\/\/www.hsu-hh.de\/diffpsych\/wp-content\/uploads\/sites\/722\/2020\/10\/IMG_3880-2048x1366.jpg 2048w, https:\/\/www.hsu-hh.de\/diffpsych\/wp-content\/uploads\/sites\/722\/2020\/10\/IMG_3880-1100x734.jpg 1100w\" sizes=\"auto, (max-width: 300px) 100vw, 300px\" \/><\/p>\n<div class=\"img-responsive-wrapper\">\u00a0<\/div>\n<\/div>\n<div class=\"col-md-12 col-lg-3 col-xs-12 ansprechpartner-item kontakt floatright\" style=\"margin-bottom: 30px\">\n<div class=\"row\">\n<div class=\"col-xs-12 col-sm-6 col-lg-12\">\n<div class=\"row\">\n<div class=\"col-xs-12 col-lg-4 row-text bold\">Raum:<\/div>\n<div class=\"col-xs-12 col-lg-8 row-text\">120<\/div>\n<\/div>\n<\/div>\n<div class=\"col-xs-12 col-sm-6 col-lg-12\">\n<div class=\"row\">\n<div class=\"col-xs-12 col-lg-4 row-text bold\">Telefon:<\/div>\n<div class=\"col-xs-12 col-lg-8 row-text\">(0157) 88158963<\/div>\n<\/div>\n<\/div>\n<div class=\"col-xs-12 col-sm-6 col-lg-12\">\n<div class=\"row\">\n<div class=\"col-xs-12 col-lg-8 row-text\">\u00a0<\/div>\n<\/div>\n<\/div>\n<div class=\"col-xs-12 col-sm-6 col-lg-12\">\n<div class=\"row\">\n<div class=\"col-xs-12 col-md-12 row-text bold\">E-Mail:<\/div>\n<div class=\"col-xs-12 col-md-12 row-text\"><a href=\"mailto:muster@hsu-hh.de\" rel='nofollow'>fabio.ibrahim@hsu-hh.de<\/a><\/div>\n<div>\u00a0<\/div>\n<div><strong>Website:<\/strong><\/div>\n<div><a href=\"https:\/\/impostor-profile.com\/\" rel='nofollow'>impostor-profile.com<\/a><\/div>\n<\/div>\n<\/div>\n<\/div>\n<\/div>\n<div class=\"col-md-6 col-lg-3 col-xs-12 ansprechpartner-item anschrift floatright\">\n<div class=\"row-headline\">Besucheranschrift<\/div>\n<div class=\"row-text\">Helmut-Schmidt-Universit\u00e4t<\/div>\n<div class=\"row-text\">Geb\u00e4ude H4<\/div>\n<div class=\"row-text\">Holstenhofweg 85<\/div>\n<div class=\"row-text\">22043 Hamburg<\/div>\n<\/div>\n<div class=\"col-md-6 col-lg-3 col-xs-12 ansprechpartner-item anschrift floatright\">\n<div class=\"row-headline\">Postanschrift<\/div>\n<div class=\"row-text\">Helmut-Schmidt-Universit\u00e4t<br \/>Fakult\u00e4t f\u00fcr Geistes- und Sozialwissenschaften<br \/>Professur f\u00fcr Pers\u00f6nlichkeitspsychologie<br \/>Postfach 70 08 22<br \/>22008 Hamburg<\/div>\n<\/div>\n<\/div>\n<\/div>\n<div class=\"clearfix\">\u00a0<\/div>\n<p><strong>Ausschreibung:<\/strong><\/p>\n<p><strong>Forschungsinteressen:<\/strong><\/p>\n<ul>\n<li><a href=\"https:\/\/impostor-profile.com\/\" rel='nofollow'>Impostor Ph\u00e4nomen<\/a><\/li>\n<li>Milit\u00e4r- und Polizeipsychologie<\/li>\n<li>Psychometrie<\/li>\n<li>Stressmanagement und Achtsamkeitsmeditation<\/li>\n<li>Soziale Netzwerkanalyse<\/li>\n<li>Human Performance Optimization<\/li>\n<\/ul>\n<h3>Publikationen<\/h3>\n<p><strong>2026<\/strong><\/p>\n<ul>\n<li>Ibrahim, F., Telle, N.-T., Lauckner, M., Karl, J., &amp; Daseking, M. (2026). Gender Similarity Effects in Human\u2013AI Interaction: Development and Validation of the Behavioral AI Anthropomorphism Scale (BAAS) and Implications for Trust and Gender Attribution. <strong>Computers in Human Behavior Reports<\/strong>, 101003. https:\/\/doi.org\/10.1016\/j.chbr.2026.101003<\/li>\n<li>Ibrahim, F., Wittig, K., &amp; Herzberg, P. Y. (2026). Target size, self-efficacy, and stress as determinants of precision in a marksmanship task. <strong>Frontiers in Psychology<\/strong>, 16. https:\/\/doi.org\/10.3389\/fpsyg.2025.1710147<\/li>\n<li>Sifferlinger, N., Berglez, P., Wetzko, M., Eder, J., Bartl, S., Ibrahim, F., &amp; Bauer, G. (2026). Abschluss des KIRAS FFG Projekts NIKE MATE. <strong>BHM Berg- und H\u00fcttenm\u00e4nnische Monatshefte<\/strong>. https:\/\/doi.org\/10.1007\/s00501-026-01705-w<\/li>\n<li>Ibrahim, F., Schumacher, J., Hofer, P., &amp; Daseking, M. (2026). Decision-Making in virtual reality: An experimental study on virtual reality\u2019s effect on presence, task-load and decision-making performance within operational command. Telematics and Informatics Reports, 21, 100282. https:\/\/doi.org\/10.1016\/j.teler.2025.100282<\/li>\n<\/ul>\n<p><strong>2025<\/strong><\/p>\n<ul>\n<li>Ibrahim, F., &amp; Herzberg, P.-Y. (2025). Close Quarters Battle \u2013 Pr\u00e4diktoren und Trainingseffekte bei unspezialisierten Soldaten und Spezialkr\u00e4ften der Polizei.<strong>\u00a0Wehrwissenschaftliche Forschung: Jahresbericht 2024.<\/strong><\/li>\n<li>Kattenberg, T., &amp; Ibrahim, F. (2025). Lawful but Awful: Wenn polizeiliche Autorit\u00e4t auf Personen in psychischen Ausnahmezust\u00e4nden trifft \u2013 von der Analyse zum Handlungsleitfaden. In M. S. Staller, S. Koerner, &amp; B. Zaiser (Eds.), <strong>Polizei und Menschen in psychischen Krisen: Perspektiven, Handlungsoptionen, Reflexionen<\/strong> (pp. 87\u2013115). Springer Fachmedien.\u00a0<\/li>\n<li>Ibrahim, F., Telle, N.-T., Herzberg, P. Y., &amp; M\u00fcnscher, J. C. (2025). The construction and Validation of the AI mindset Scale (AIMS).\u00a0<strong>Computers in Human Behavior: Artificial Humans<\/strong>, 100220. https:\/\/doi.org\/10.1016\/j.chbah.2025.100220<\/li>\n<li>Ibrahim, F., Druic\u0103, E., Musso, F., Krej\u010dov\u00e1, K., Sheveleva, M. S., Herzberg, P. Y., &amp; Karl, J. A. (2025). Cross-cultural validation and standardization of the Impostor-Profile 30. <strong>Current Psychology<\/strong>.<\/li>\n<li>Bielenberg, C., Ibrahim, F., &amp; Herzberg, P. Y. (2025). The Impact of Workplace Environment on the Impostor Phenomenon Among Early Career Starters.\u00a0<strong>Current Research in Behavioral Sciences<\/strong>, 100175.<\/li>\n<li>Ibrahim, F., M\u00fcnscher, J.-C., Daseking, M., &amp; Telle, N.-T. (2025). The technology acceptance model and adopter type analysis in the context of artificial intelligence. <strong>Frontiers in Artificial Intelligence<\/strong>, 7, 1496518. https:\/\/doi.org\/10.3389\/frai.2024.1496518<\/li>\n<\/ul>\n<p><strong>2024<\/strong><\/p>\n<ul>\n<li>Ibrahim, F., &amp; Herzberg, P.-Y. (2023). Tactical breathing \u2013 Stressmanagementtechnik zur Steigerung der Pr\u00e4zision im Schie\u00dfen. <strong>Wehrwissenschaftliche Forschung: Jahresbericht 2023<\/strong>.<\/li>\n<li>Ibrahim, F., Feildboy, E., Nagy, D., Huber, Y., Hennig, J., &amp; Herzberg, P. Y. (2024). Predicting Closed Quarters Battle Capability \u2013 Examining the Influence of Personality, Attentional Ability, 2D:4D-Ratio and Mindfulness on Tactical Performance. <strong>Military Psychology<\/strong>.<\/li>\n<li>Ibrahim, F., Feildboy, E., Huber, Y., Nagy, D., Hennig, J., &amp; Herzberg, P. Y. (2024). Enhancing Close Quarters Battle Performance\u2014The Effect of a Compact Training on the Tactical Performance and Stress Response of Non-Specialized and Special Forces. <strong>Journal of Police and Criminal Psychology<\/strong>, 1-10.<\/li>\n<li>St\u00f6ven, L. M., Herzberg, P. Y., &amp; Ibrahim, F. (2024). Navigating virtual selves: validation of the German version of the presentation of online self scale. <strong>Frontiers in Psychology<\/strong>, 15, 1435691.<\/li>\n<li>Fedtke, S., &amp; Ibrahim, F., (2024).EPIS 3.0: Die neue Resistance \u2013 Resilienzpr\u00fcfung priviligierter <abbr title=\"Informationstechnologie\">IT<\/abbr>-Mitarbeiter in Zeiten von NIS-2 und DORA. <strong>&lt;kes&gt; Die Zeitschrift f\u00fcr Informations-Sicherheit<\/strong>. 2024\/04.<\/li>\n<li>Ibrahim, F., Herzberg, P. Y., &amp; St\u00f6ven, L. (2024). Feeling Phony Online \u2013 The Impostor Phenomenon\u00b4s link to Online Self-Presentation, Self-Esteem, and Social Network Site Use. <strong>Acta Psychologica<\/strong>. https:\/\/doi.org\/10.1016\/j.actpsy.2024.104342<\/li>\n<li>Brandt, P. M., Ibrahim, F., &amp; Herzberg, P. Y. (2024). The (Linguistic) Profile of the Impostor Phenomenon. <strong>Zeitschrift f\u00fcr Psychologie<\/strong>.<\/li>\n<li>Ibrahim, F., &amp; Kattenberg, T. (2024). Die heuristische Gef\u00e4hrdungsbeurteilung\u2013ein Fortbildungsansatz zur Verbesserung der Polizeiarbeit im Umgang mit Personen in psychischen Ausnahmezust\u00e4nden. <strong>Forensische Psychiatrie, Psychologie, Kriminologie<\/strong>, 1-10.<\/li>\n<\/ul>\n<p><strong>2023<\/strong><\/p>\n<ul>\n<li>Ibrahim, F., Brill, E., Meyberg, T., &amp; Herzberg, P. Y. (2023). The impostor phenomenon in the eye of knowledgeable others: the association of the impostor phenomenon with the judge\u2019s accuracy. <strong>Frontiers in Psychology<\/strong>, 14.<\/li>\n<li>Ibrahim, F., Schumacher, J., Schwandt, L., &amp; Herzberg, P. (2023). The first shot counts the most: Tactical breathing as an intervention to increase marksmanship accuracy in student officers. <strong>Military Psychology<\/strong>. https:\/\/doi.org\/10.1080\/08995605.2023.2258737<\/li>\n<li>Ibrahim, F., Rhode, S., &amp; Daseking, M. (2023). A Systematic Review Of Cognitive And Psychological Warfare. <strong>The Defence Horizon Journal<\/strong>. https:\/\/doi.org\/10.5281\/zenodo.10205600<\/li>\n<li>Hofer, P., Janko, R., Ibrahim, F., &amp; Eder, J. (2023). STO-MP-MSG-207 Decision Support within Complex Urban Operations. <strong>NATO Science and Technology Organization<\/strong>.<\/li>\n<li>Ibrahim, F., &amp; Kattenberg, T. (2023). Sucht, Depression, Schizophrenie \u2013 Ausnahmezustand im Kopf. <strong>Deutsche Polizei.<\/strong>\u00a0ISSN: 0949-2844). 10\/23.<\/li>\n<li>Ibrahim, F., &amp; Telle, N.-T. (2023). Kriterien guter Personalauswahl. <strong>Wirtschaftspsychologie aktuell.<\/strong> ISSN: 1611-9207. 3\/2023.<\/li>\n<\/ul>\n<h3>2022<\/h3>\n<ul>\n<li>Ibrahim, F., Ernst, A., Zahner, D., Masakowski, Y., &amp; Herzberg, P. (2022). Evaluation of the Critical Thinking Course of the NATO Innovation Hub. <strong>The Defence Horizon Journal<\/strong>.<\/li>\n<li>Ibrahim, F., G\u00f6ddertz, D., &amp; Herzberg, P. (2022). The non-self-serving attributional bias within the impostor phenomenon. <strong>Current Psychology<\/strong>, 41. https:\/\/doi.org\/10.1007\/s12144-022-03486-0<\/li>\n<li>Ibrahim, F., M\u00fcnscher, J. C., &amp; Herzberg, P. Y. (2022). The validation of the English Impostor-Profile 30 and the exploratory formulation of the learned helplessness model of the impostor phenomenon. <strong>Acta Psychologica<\/strong>, 226, 103589.<\/li>\n<li>Telle, N.-T., &amp; Ibrahim, F. (2022). Den Knoten l\u00f6sen: Wie die soziale Netzwerkanalyse unsichtbare Beziehungsgef\u00fcge aufdeckt und Zusammenarbeit f\u00f6rdert. Zeitschrift f\u00fcr <strong>OrganisationsEntwicklung<\/strong>, 01\/2022.<\/li>\n<\/ul>\n<h3>2021<\/h3>\n<ul>\n<li>Ibrahim, F., M\u00fcnscher, J. C., &amp; Herzberg, P. Y. (2021). Examining the Impostor-Profile \u2013 Is There a General Impostor Characteristic?. <strong>Frontiers in Psychology<\/strong>.<\/li>\n<li>Fabio Ibrahim, Dean Stave, Ansgar Johannes Dietmar Herchenr\u00f6der, Nikolas Heim, Clemens Lorei, Philipp Yorck Herzberg, Niels Hanssen, Robert-Jacek Gorzka. Kommando Feldj\u00e4ger der Bundeswehr. Beitr\u00e4ge zur Einsatzpsychologie: Extremgruppenforschung im milit\u00e4rischen und polizeilichen Kontext am Beispiel der Resilienz bei hochspezialisiertem <abbr title=\"Informationstechnologie\">IT<\/abbr>-Personal. <strong>Polizei und Wissenschaft<\/strong>. Ausgabe 3\/2021.<\/li>\n<\/ul>\n<h3>2020<\/h3>\n<ul>\n<li><a href=\"https:\/\/link.springer.com\/article\/10.1007\/s12144-020-00895-x\" rel='nofollow'>Ibrahim, F., M\u00fcnscher, J. C., &amp; Herzberg, P. Y. (2020). The facets of an impostor\u2013development and validation of the impostor-profile (IPP31) for measuring impostor phenomenon. <strong>Current Psychology<\/strong>, 1-12.<\/a><\/li>\n<\/ul>\n<h3>2019<\/h3>\n<ul>\n<li><a href=\"http:\/\/www.polizeiundwissenschaft-online.de\/zusammenfassung\/1\/458\/\" rel='nofollow'>Fabio Ibrahim, Holger Schulz, Thiemo Knaust, Johannes M\u00fcller, Philipp Skiberowski, Helge H\u00f6llmer &amp; Robert-Jacek Gorzka. Kommando Feldj\u00e4ger der Bundeswehr. Beitr\u00e4ge zur Cyberpsychologie: Belastungsfaktoren bei Drohnenpiloten aus psychotraumatologischer Sicht. <strong>Polizei und Wissenschaft<\/strong>. Ausgabe 2\/2019.<\/a><\/li>\n<li><a href=\"http:\/\/www.polizeiundwissenschaft-online.de\/archiv\/#archiv\" rel='nofollow'>M.-A. Dominguez Laske, F. Ibrahim, V. Tahal, H. H\u00f6llmer, H. Schulz, Th. Knaust, I. Knaust, Ph. Skiberowski, T. Schliwin &amp; R.-J. Gorzka. Bundeswehrkrankenhaus Hamburg. Beitr\u00e4ge zur Cyberpsychologie: Klinische Relevanz von Selektions-, Gravitations- und Sozialisationsprozessen bei hochspezialisiertem <abbr title=\"Informationstechnologie\">IT<\/abbr>-Personal. <strong>Polizei und Wissenschaft<\/strong>. Ausgabe 1\/2019.<\/a><\/li>\n<\/ul>\n<p><strong>Wissenschaftliche Pr\u00e4sentationen und Poster<\/strong><\/p>\n<ul>\n<li>Ibrahim, F.,&amp; Herzberg, P. (2025) \u201aHuman Performance Augmentation \u2013 Forschung zur Steigerung der Einsatzbereitschaft\u2018 (Uboote Symposium 2025, Eckernf\u00f6rde)<\/li>\n<li>Ibrahim, F. (2024) \u201aMilit\u00e4rische Performanzsteigerung durch Stressmanagement, Mensch-Maschine-Interaktion und Neuroplastizit\u00e4t \u2013 Status quo und Perspektiven\u2018 (Symposium Human Performance Modification, Berlin)<\/li>\n<li>Ibrahim, F.,&amp; Herzberg, P. (2024)\u201a Successfully Operating in Complex Urban Environments\u2018 (Future Soldier Technology 2025, London)<\/li>\n<li>Ibrahim, F.,&amp; Herzberg, P. (2024) &#8218;Das Impostor-Ph\u00e4nomen \u2013 Forschungsstand, Herausforderungen und Potenziale (DGPS Kongress, Wien; Positionsreferat).<\/li>\n<li>Ibrahim, F., &amp; Daseking, M. (2024) Decision-Making in Virtual Reaility: An Experimental Study on Virtual Reality\u00b4s Effect on Presence, Task-Load and Decision-Making Performance within Operational Command (DGPS Kongress, Wien; Poster)<\/li>\n<li>Ibrahim, F., Herzberg, P., &amp; Mussel, P. (2024) The Core Beliefs of an Impostor \u2013 The Association of the Impostor Phenomenon with Core Beliefs and the Core Belief specific Examination of Impostor Types (European Conference of Personality Berlin; Pr\u00e4sentation)<\/li>\n<li>Ibrahim, F., (2024) The Effect of Personality and Training on the Tactical Performance and Stress Response of Non-Specialized and Special Forces (European Congress of Sport and Excercise Psychology, Innsbruck; Poster)<\/li>\n<li>Ibrahim, F., Rhode, S., &amp; Daseking, M. (2023) A Systematic Review Of Cognitive And Psychological (Warfare. Thereian Military Academic Forum, Wien; Pr\u00e4sentation)<\/li>\n<li>Ibrahim, F., Herzberg, P. Y. (2023) Das Impostor-Ph\u00e4nomen \u2013 Forschungsstand, Herausforderungen und Potenziale. (17. Arbeitstagung der Fachgruppe Differentielle Psychologie, Pers\u00f6nlichkeitspsychologie und Psychologische Diagnostik (DPPD)Salzburg; Positionsreferat)<\/li>\n<li>Ibrahim, F., Ernst, A., &amp; Daseking, M. (2023) Evaluation of the Critical Thinking Course of the NATO Innovation Hub. (Warfare. Thereian Military Academic Forum, Wien; Pr\u00e4sentation)<\/li>\n<\/ul>\n<p><a href=\"http:\/\/www.linkedin.com\/in\/05041994\" rel='nofollow'><img loading=\"lazy\" decoding=\"async\" class=\"alignnone wp-image-1150\" src=\"https:\/\/www.hsu-hh.de\/diffpsych\/wp-content\/uploads\/sites\/722\/2020\/10\/iconfinder-social-media-applications-14linkedin-4102586_113786-300x300.png\" alt=\"\" width=\"73\" height=\"73\" data-credit=\"Ibrahim\" srcset=\"https:\/\/www.hsu-hh.de\/diffpsych\/wp-content\/uploads\/sites\/722\/2020\/10\/iconfinder-social-media-applications-14linkedin-4102586_113786-300x300.png 300w, https:\/\/www.hsu-hh.de\/diffpsych\/wp-content\/uploads\/sites\/722\/2020\/10\/iconfinder-social-media-applications-14linkedin-4102586_113786-150x150.png 150w, https:\/\/www.hsu-hh.de\/diffpsych\/wp-content\/uploads\/sites\/722\/2020\/10\/iconfinder-social-media-applications-14linkedin-4102586_113786-100x100.png 100w, https:\/\/www.hsu-hh.de\/diffpsych\/wp-content\/uploads\/sites\/722\/2020\/10\/iconfinder-social-media-applications-14linkedin-4102586_113786.png 512w\" sizes=\"auto, (max-width: 73px) 100vw, 73px\" \/><\/a><\/p>\n\n\n<p><\/p>\n","protected":false},"excerpt":{"rendered":"<p>Wissenschaftlicher Mitarbeiter \u00a0 \u00a0 Raum: 120 Telefon: (0157) 88158963 \u00a0 E-Mail: fabio.ibrahim@hsu-hh.de \u00a0 Website: impostor-profile.com Besucheranschrift Helmut-Schmidt-Universit\u00e4t Geb\u00e4ude H4 Holstenhofweg 85 22043 Hamburg Postanschrift Helmut-Schmidt-Universit\u00e4tFakult\u00e4t f\u00fcr Geistes- und SozialwissenschaftenProfessur f\u00fcr [&hellip;]<\/p>\n","protected":false},"author":1242,"featured_media":0,"parent":0,"menu_order":0,"comment_status":"closed","ping_status":"closed","template":"","meta":{"footnotes":""},"categories":[4],"tags":[],"class_list":["post-1142","page","type-page","status-publish","hentry","category-forschung"],"_links":{"self":[{"href":"https:\/\/www.hsu-hh.de\/diffpsych\/wp-json\/wp\/v2\/pages\/1142","targetHints":{"allow":["GET"]}}],"collection":[{"href":"https:\/\/www.hsu-hh.de\/diffpsych\/wp-json\/wp\/v2\/pages"}],"about":[{"href":"https:\/\/www.hsu-hh.de\/diffpsych\/wp-json\/wp\/v2\/types\/page"}],"author":[{"embeddable":true,"href":"https:\/\/www.hsu-hh.de\/diffpsych\/wp-json\/wp\/v2\/users\/1242"}],"replies":[{"embeddable":true,"href":"https:\/\/www.hsu-hh.de\/diffpsych\/wp-json\/wp\/v2\/comments?post=1142"}],"version-history":[{"count":41,"href":"https:\/\/www.hsu-hh.de\/diffpsych\/wp-json\/wp\/v2\/pages\/1142\/revisions"}],"predecessor-version":[{"id":2341,"href":"https:\/\/www.hsu-hh.de\/diffpsych\/wp-json\/wp\/v2\/pages\/1142\/revisions\/2341"}],"wp:attachment":[{"href":"https:\/\/www.hsu-hh.de\/diffpsych\/wp-json\/wp\/v2\/media?parent=1142"}],"wp:term":[{"taxonomy":"category","embeddable":true,"href":"https:\/\/www.hsu-hh.de\/diffpsych\/wp-json\/wp\/v2\/categories?post=1142"},{"taxonomy":"post_tag","embeddable":true,"href":"https:\/\/www.hsu-hh.de\/diffpsych\/wp-json\/wp\/v2\/tags?post=1142"}],"curies":[{"name":"wp","href":"https:\/\/api.w.org\/{rel}","templated":true}]}}