{"id":112,"date":"2017-11-16T10:42:09","date_gmt":"2017-11-16T09:42:09","guid":{"rendered":"https:\/\/www.hsu-hh.de\/diffpsych\/?page_id=112"},"modified":"2019-10-10T14:21:01","modified_gmt":"2019-10-10T12:21:01","slug":"madiha-rana","status":"publish","type":"page","link":"https:\/\/www.hsu-hh.de\/diffpsych\/ehemalige-mitarbeiter\/madiha-rana","title":{"rendered":"Dr. Madiha Rana"},"content":{"rendered":"<div class=\"ansprechparter-container\">\n<div class=\"row ansprechpartner-item ansprechparter-header\">\n<div class=\"col-md-4 col-lg-3 col-xs-4 ansprechpartner-item floatright img-circle center-block\" style=\"margin-bottom: 30px\">\n<div class=\"img-responsive-wrapper\"><img decoding=\"async\" class=\"img-circle img-responsive center-block\" src=\"\/wp-content\/themes\/hsu\/img\/dummy\/dummy_ansprechpartner.png\" alt=\"\" \/><\/div>\n<\/div>\n<div class=\"col-md-12 col-lg-3 col-xs-12 ansprechpartner-item kontakt floatright\" style=\"margin-bottom: 30px\">\n<div class=\"row\">\n<div class=\"col-xs-12 col-sm-6 col-lg-12\">\n<div class=\"row\">\n<div class=\"col-xs-12 col-lg-4 row-text bold\">Raum:<\/div>\n<div class=\"col-xs-12 col-lg-8 row-text\">125<\/div>\n<\/div>\n<\/div>\n<div class=\"col-xs-12 col-sm-6 col-lg-12\">\n<div class=\"row\">\n<div class=\"col-xs-12 col-lg-4 row-text bold\">Telefon:<\/div>\n<div class=\"col-xs-12 col-lg-8 row-text\">+49-40-6541-2932<\/div>\n<\/div>\n<\/div>\n<div class=\"col-xs-12 col-sm-6 col-lg-12\">\n<div class=\"row\">\n<div class=\"col-xs-12 col-lg-4 row-text bold\">Fax:<\/div>\n<div class=\"col-xs-12 col-lg-8 row-text\">+49-40-6541-2040<\/div>\n<\/div>\n<\/div>\n<div class=\"col-xs-12 col-sm-6 col-lg-12\">\n<div class=\"row\">\n<div class=\"col-xs-12 col-md-12 row-text bold\">Email:<\/div>\n<div class=\"col-xs-12 col-md-12 row-text\"><a href=\"rana@hsu-hh.de\" rel='nofollow'>rana@hsu-hh.de<\/a><\/div>\n<\/div>\n<\/div>\n<\/div>\n<\/div>\n<div class=\"col-md-6 col-lg-3 col-xs-12 ansprechpartner-item anschrift floatright\">\n<div class=\"row-headline\">Besucheranschrift<\/div>\n<div class=\"row-text\">Helmut-Schmidt-Universit\u00e4t<\/div>\n<div class=\"row-text\">Geb\u00e4ude H4<\/div>\n<div class=\"row-text\">Holstenhofweg 85<\/div>\n<div class=\"row-text\">22043 Hamburg<\/div>\n<\/div>\n<div class=\"col-md-6 col-lg-3 col-xs-12 ansprechpartner-item anschrift floatright\">\n<div class=\"row-headline\">Postanschrift<\/div>\n<div>Helmut-Schmidt-Universit\u00e4t<br \/>\nFakult\u00e4t f\u00fcr Geistes- und Sozialwissenschaften<br \/>\nProfessur f\u00fcr Pers\u00f6nlichkeitspsychologie<br \/>\nPostfach 70 08 22<br \/>\n22008 Hamburg<\/div>\n<\/div>\n<\/div>\n<div class=\"clearfix\"><\/div>\n<\/div>\n<p>&nbsp;<\/p>\n<h3>Forschungsprojekte<\/h3>\n<ol>\n<li>Entwicklung eines integrativen Modells der Krankheitsverarbeitung von Patienten mit Mund, Kiefer- und Gesichtstumoren. Eine prospektive multizentrische L\u00e4ngsschnittstudie<\/li>\n<li>Qualitative Analyse der Belastung von Krebspatienten aus der Perspektive von Patienten und \u00c4rzten<\/li>\n<li>Entwicklung eines Screening-Verfahrens f\u00fcr den Einsatz in der Psychoonkologie<\/li>\n<li>Individuelle und dyadische Belastungen bei Patienten mit Krebserkrankungen und deren Partnern<\/li>\n<li>Subklinischer Narzissmus und Burnout<\/li>\n<li>Folgen von Langzeitarbeitslosigkeit<\/li>\n<\/ol>\n<h3>Curriculum Vitae<\/h3>\n<div class=\"content-block4\">\n<p>Seit 05\/2015<\/p>\n<\/div>\n<div class=\"content-block2\">\n<p>Lehrbeauftrage f\u00fcr Statistik an der Europ\u00e4ischen Fernhochschule Hamburg<\/p>\n<\/div>\n<p>&nbsp;<\/p>\n<p>&nbsp;<\/p>\n<div class=\"content-block4\">\n<p>Seit 01\/2010<\/p>\n<\/div>\n<div class=\"content-block2\">\n<p>Wissenschaftliche Mitarbeiterin an der Professur f\u00fcr Differentielle Psychologie und Psychologische Diagnostik an der Helmut- Schmidt-Universit\u00e4t\/ Universit\u00e4t der Bundeswehr Hamburg<\/p>\n<\/div>\n<p>&nbsp;<\/p>\n<p>&nbsp;<\/p>\n<p>&nbsp;<\/p>\n<div class=\"content-block4\">\n<p>04\/2011- 03\/2013<\/p>\n<\/div>\n<div class=\"content-block2\">\n<p>Wissenschaftliche Mitarbeiterin an der Professur f\u00fcr Differentielle Psychologie und Psychologische Diagnostik an der Universit\u00e4t Hamburg<\/p>\n<\/div>\n<p>&nbsp;<\/p>\n<p>&nbsp;<\/p>\n<div class=\"content-block4\">\n<p>06\/2006- 06\/2008<\/p>\n<\/div>\n<div class=\"content-block2\">\n<p>Neuropsychologische Gutachterin im Medizinischen Gutachten-Institut Hamburg (MGI)<\/p>\n<\/div>\n<p>&nbsp;<\/p>\n<p>&nbsp;<\/p>\n<div class=\"content-block4\">\n<p>07\/2006- 09\/2006<\/p>\n<\/div>\n<div class=\"content-block2\">\n<p>Neuropsychologische Konsile im Schlaganfallzentrum des Bethesda AK Bergedorf<\/p>\n<\/div>\n<p>&nbsp;<\/p>\n<p>&nbsp;<\/p>\n<div class=\"content-block4\">\n<p>02\/2005- 06\/2006<\/p>\n<\/div>\n<div class=\"content-block2\">\n<p>T\u00e4tigkeit in der Neuropsychologischen Praxis <abbr title=\"Privatdozent\">PD<\/abbr>. <abbr title=\"Doktor\">Dr.<\/abbr> Bodenburg<\/p>\n<\/div>\n<p>&nbsp;<\/p>\n<p>&nbsp;<\/p>\n<div class=\"content-block4\">\n<p>09\/2006- 01\/2009<\/p>\n<\/div>\n<div class=\"content-block2\">\n<p>Promotion am Fachbereich Psychologie der Universit\u00e4t Hamburg<\/p>\n<\/div>\n<p>&nbsp;<\/p>\n<p>&nbsp;<\/p>\n<p>&nbsp;<\/p>\n<div class=\"content-block4\">\n<p>10\/2001- 05\/2006<\/p>\n<\/div>\n<div class=\"content-block2\">\n<p>Psychologiestudium an der Universit\u00e4t Hamburg<\/p>\n<\/div>\n<p>&nbsp;<\/p>\n<p>&nbsp;<\/p>\n<p>&nbsp;<\/p>\n<p>&nbsp;<\/p>\n<h3>Publikationen<\/h3>\n<h3>2015<\/h3>\n<ul>\n<li>Rana, M., Bullinger, M., &amp; Rana, M. (2015). Coping with Stroke: A Prospective Comparative Cross-Cultural Research. Journal of Religion and Health. 54(1), 173-86.<\/li>\n<li>Rana, M., Kanatas, A., Herzberg, P. Y., Gellrich N. C., Rana, M. A. (2015). Relevance of psycho-social factors in oral cancer and precancerous condition regarding quality of life. A prospective comparative study. British Journal of Oral and Maxillofacial Surgery, 53.<\/li>\n<li>Rana, M., Kanatas, A., Herzberg, P. Y., Khoschdell, M., Kokemueller, H., Gellrich N. C., Rana, M.\u00a0 (2015) Prospective Study on the Influence of Psychological and Medical Factors on Quality of Life and Symptom Severity among Patients with Oral Squamous-Cell Carcinoma. British Journal of Oral and Maxillofacial Surgery, 53. Doi: 10.1016\/j.bjoms.2015.01.019<\/li>\n<li>Rana, M., Modrow, D., Keuchel, J., Chui, C., Rana, M., Wagner, M. et al. (2015). Development and evaluation of an automatic tumor segmentation tool: A comparison between automatic, semi-automatic and manual segmentation of mandibular odontogenic cysts and tumors. Journal of cranio-maxillo-facial surgery. 43(3):355-9.<\/li>\n<\/ul>\n<h3>2014<\/h3>\n<ul>\n<li>Rana, M., Gellrich, N. C., Czens, F., Kanatas, A., &amp; Rana, M. (2014). Coping with oral cancer: the impact of health and disease-related personality traits. Supportive Care in Cancer. doi: 10.1007\/ s00520-014-2300-6<\/li>\n<li>Rana, M., Gellrich, N. C., &amp; Rana, M. (2014). Comparison of health-related quality of life of patients with different precancer and oral cancer stages. Clinical Oral Investigations. doi: 10.1007\/s00784-014-1265-7 Rana, M., Rana, M., Herzberg, P. Y., Krause, C. (2014). Religious confession and symptom severity. A prospective comparative study. Journal of Religion and Health.<\/li>\n<li>Omeje, K. U., Rana, M., Adebola, A. R., Efunkoya, A. A., Olasoji, H. O., Purcz, N., Rana, M. (2014). Quality of life in treatment of mandibular fractures using closed reduction and maxillomandibular fixation in comparison with open reduction and internal fixation &#8211; A randomized prospective study. Journal of Cranio-Maxillofacial Surgery. doi: http:\/\/dx.doi.org\/10.1016\/j.jcms.2014. 06.021<\/li>\n<\/ul>\n<h3>2013<\/h3>\n<ul>\n<li>Essig, H., Dressel, L., Rana, M., Rana, M., Kokemueller, H., Ruecker, M., &amp; Gellrich, N. C. (2013). Precision of posttraumatic primary orbital reconstruction using individually bent titanium mesh with and without navigation: a retrospective study. Head &amp; Face Medicine, 9(1), 18.<\/li>\n<li>Faisal, M., Rana, M., Shaheen, A., Warraich, R., Kokemueller, H., Eckardt, A. M., Rana, M. (2013). Reconstructive management of the rare bilateral oral submucos fibrosis using nasolabial flap in comparison with free radial forearm flap &#8211; a randomised prospective trial. Orphanet Journal of Rare Diseases, 8(1), 56.<\/li>\n<li>Hanken, H., Kraatz, J., Smeets, R., Heiland, M., Blessmann, M., Eichhorn, W., Rana, M. (2013). The detection of oral pre- malignant lesions with an autofluorescence based imaging system (VELscopeTM) &#8211; a single blinded clinical evaluation. Head &amp; Face Medicine, 9(1), 23.<\/li>\n<li>Iqbal, A., Warraich, R., Udeabor, S., Rana, M., Eckardt, A., Gellrich, N. C., &amp; Rana, M. (2013). Role of human papillomavirus infection and other factors in patients with head and neck squamous cell carcinoma. Oral Diseases. 20(3), 288-293.<\/li>\n<li>Modabber, A., Rana, M., Ghassemi, A., Gerressen, M., Gellrich, N. C., Holzle, F., &amp; Rana, M. (2013). Three-dimensional evaluation of postoperative swelling in treatment of zygomatic bone fractures using two different cooling therapy methods: a randomized, observer-blind, prospective study. Trials, 14, 238.<\/li>\n<li>Rana, M., Gellrich, N. C., Rana, M., Piffko, J., &amp; Kater, W. (2013). Evaluation of surgically assisted rapid maxillary expansion with piezosurgery versus oscillating saw and chisel osteotomy &#8211; a randomized prospective trial. Trials, 14(1), 49.<\/li>\n<li>Rashad, A., Smeets, R., Rana, M., &amp; Bohluli, B. (2013). Extraction bradycardia: a pilot case-crossover study. Head &amp; Face Medicine, 9(1), 29.<\/li>\n<li>Warraich, R., Faisal, M., Rana, M., Shaheen, A., Gellrich, N. C., &amp; Rana, M. (2013). Evaluation of postoperative discomfort following third molar surgery using submucosal dexamethasone &#8211; a randomized observer blind prospective study. Oral Surgery Oral Medicine Oral Pathology Oral Radiology, 116(1), 16-22.<\/li>\n<\/ul>\n<h3>2012<\/h3>\n<ul>\n<li>Essig, H., Warraich, R., Zulfiqar, G., Rana, M., Eckardt, A. M., Gellrich, N. C., &amp; Rana, M. (2012). Assessment of cervical lymph node metastasis for therapeutic decision-making in squamous cell carcinoma of buccal mucosa: a prospective clinical analysis. World Journal of Surgical Oncology, 10, 253.<\/li>\n<li>Rana, M., Warraich, R., Rashad, A., von See, C., Channar, K. A., Rana, M., Gellrich, N. C. (2012). Management of comminuted but continuous mandible defects after gunshot injuries. Injury. 45(1), 206-211.<\/li>\n<\/ul>\n","protected":false},"excerpt":{"rendered":"<p>Raum: 125 Telefon: +49-40-6541-2932 Fax: +49-40-6541-2040 Email: rana@hsu-hh.de Besucheranschrift Helmut-Schmidt-Universit\u00e4t Geb\u00e4ude H4 Holstenhofweg 85 22043 Hamburg Postanschrift Helmut-Schmidt-Universit\u00e4t Fakult\u00e4t f\u00fcr Geistes- und Sozialwissenschaften Professur f\u00fcr Pers\u00f6nlichkeitspsychologie Postfach 70 08 22 [&hellip;]<\/p>\n","protected":false},"author":189,"featured_media":0,"parent":863,"menu_order":0,"comment_status":"closed","ping_status":"closed","template":"","meta":{"footnotes":""},"categories":[8],"tags":[],"class_list":["post-112","page","type-page","status-publish","hentry","category-team"],"_links":{"self":[{"href":"https:\/\/www.hsu-hh.de\/diffpsych\/wp-json\/wp\/v2\/pages\/112","targetHints":{"allow":["GET"]}}],"collection":[{"href":"https:\/\/www.hsu-hh.de\/diffpsych\/wp-json\/wp\/v2\/pages"}],"about":[{"href":"https:\/\/www.hsu-hh.de\/diffpsych\/wp-json\/wp\/v2\/types\/page"}],"author":[{"embeddable":true,"href":"https:\/\/www.hsu-hh.de\/diffpsych\/wp-json\/wp\/v2\/users\/189"}],"replies":[{"embeddable":true,"href":"https:\/\/www.hsu-hh.de\/diffpsych\/wp-json\/wp\/v2\/comments?post=112"}],"version-history":[{"count":19,"href":"https:\/\/www.hsu-hh.de\/diffpsych\/wp-json\/wp\/v2\/pages\/112\/revisions"}],"predecessor-version":[{"id":233,"href":"https:\/\/www.hsu-hh.de\/diffpsych\/wp-json\/wp\/v2\/pages\/112\/revisions\/233"}],"up":[{"embeddable":true,"href":"https:\/\/www.hsu-hh.de\/diffpsych\/wp-json\/wp\/v2\/pages\/863"}],"wp:attachment":[{"href":"https:\/\/www.hsu-hh.de\/diffpsych\/wp-json\/wp\/v2\/media?parent=112"}],"wp:term":[{"taxonomy":"category","embeddable":true,"href":"https:\/\/www.hsu-hh.de\/diffpsych\/wp-json\/wp\/v2\/categories?post=112"},{"taxonomy":"post_tag","embeddable":true,"href":"https:\/\/www.hsu-hh.de\/diffpsych\/wp-json\/wp\/v2\/tags?post=112"}],"curies":[{"name":"wp","href":"https:\/\/api.w.org\/{rel}","templated":true}]}}