{"id":73,"date":"2017-07-03T15:52:08","date_gmt":"2017-07-03T13:52:08","guid":{"rendered":"https:\/\/www.hsu-hh.de\/\/dataport\/?page_id=73"},"modified":"2022-08-01T17:37:51","modified_gmt":"2022-08-01T15:37:51","slug":"startseite","status":"publish","type":"page","link":"https:\/\/www.hsu-hh.de\/dataport\/","title":{"rendered":"Moin und Willkommen im HSU-Dataport"},"content":{"rendered":"\n<figure class=\"wp-block-image size-large is-resized\"><img loading=\"lazy\" decoding=\"async\" src=\"https:\/\/www.hsu-hh.de\/dataport\/wp-content\/uploads\/sites\/874\/2022\/08\/moin.drawio-1024x113.png\" data-credit=\"imb\" alt=\" \" class=\"wp-image-147\" width=\"1135\" height=\"125\" srcset=\"https:\/\/www.hsu-hh.de\/dataport\/wp-content\/uploads\/sites\/874\/2022\/08\/moin.drawio-1024x113.png 1024w, https:\/\/www.hsu-hh.de\/dataport\/wp-content\/uploads\/sites\/874\/2022\/08\/moin.drawio-300x33.png 300w, https:\/\/www.hsu-hh.de\/dataport\/wp-content\/uploads\/sites\/874\/2022\/08\/moin.drawio-768x84.png 768w, https:\/\/www.hsu-hh.de\/dataport\/wp-content\/uploads\/sites\/874\/2022\/08\/moin.drawio-1536x169.png 1536w, https:\/\/www.hsu-hh.de\/dataport\/wp-content\/uploads\/sites\/874\/2022\/08\/moin.drawio-1100x121.png 1100w, https:\/\/www.hsu-hh.de\/dataport\/wp-content\/uploads\/sites\/874\/2022\/08\/moin.drawio.png 1910w\" sizes=\"auto, (max-width: 1135px) 100vw, 1135px\" \/><\/figure>\n\n\n\n<div style=\"height:100px\" aria-hidden=\"true\" class=\"wp-block-spacer\"><\/div>\n\n\n\n<p class=\"has-medium-font-size\">Herzlich willkommen im <abbr title=\"Helmut Schmidt Universit\u00e4t\">HSU<\/abbr>-Dataport. Der <abbr title=\"Helmut Schmidt Universit\u00e4t\">HSU<\/abbr>-Dataport ist eine \u00f6ffentliche Plattform zum Hosten und Verbreiten wissenschaftlicher Datens\u00e4tze in den Bereichen K\u00fcnstliche Intelligenz und Maschinelles Lernen. Der Hauptfokus liegt zun\u00e4chst auf Datens\u00e4tzen Cyber-Physischer Systeme. In Zukunft soll der <abbr title=\"Helmut Schmidt Universit\u00e4t\">HSU<\/abbr>-Dataport aber sukzessiv auch auf weitere Themengebiete und Fachbereiche aufgeweitet werden. <\/p>\n\n\n\n<div style=\"height:100px\" aria-hidden=\"true\" class=\"wp-block-spacer\"><\/div>\n\n\n\n<div class=\"wp-block-media-text alignwide is-stacked-on-mobile has-grey-background-color has-background\"><figure class=\"wp-block-media-text__media\"><img loading=\"lazy\" decoding=\"async\" width=\"1024\" height=\"451\" src=\"https:\/\/www.hsu-hh.de\/dataport\/wp-content\/uploads\/sites\/874\/2022\/08\/datendatendaten-1024x451.png\" data-credit=\" imb\" alt=\"\" class=\"wp-image-197 size-full\" srcset=\"https:\/\/www.hsu-hh.de\/dataport\/wp-content\/uploads\/sites\/874\/2022\/08\/datendatendaten-1024x451.png 1024w, https:\/\/www.hsu-hh.de\/dataport\/wp-content\/uploads\/sites\/874\/2022\/08\/datendatendaten-300x132.png 300w, https:\/\/www.hsu-hh.de\/dataport\/wp-content\/uploads\/sites\/874\/2022\/08\/datendatendaten-768x338.png 768w, https:\/\/www.hsu-hh.de\/dataport\/wp-content\/uploads\/sites\/874\/2022\/08\/datendatendaten-1536x677.png 1536w, https:\/\/www.hsu-hh.de\/dataport\/wp-content\/uploads\/sites\/874\/2022\/08\/datendatendaten-2048x902.png 2048w, https:\/\/www.hsu-hh.de\/dataport\/wp-content\/uploads\/sites\/874\/2022\/08\/datendatendaten-1100x485.png 1100w\" sizes=\"auto, (max-width: 1024px) 100vw, 1024px\" \/><\/figure><div class=\"wp-block-media-text__content\">\n<p class=\"has-medium-font-size\"><strong><a href=\"https:\/\/www.hsu-hh.de\/dataport\/datasets\/\" data-type=\"page\" data-id=\"150\">Datens\u00e4tze finden<\/a><\/strong><\/p>\n\n\n\n<p>Finden Sie den richtigen Datensatz f\u00fcr Ihr Forschungs-projekt im Bereich Cyber-Physischer Systeme und Cyber-Physischer Produktionssysteme. <\/p>\n<\/div><\/div>\n\n\n\n<div class=\"wp-block-media-text alignwide has-media-on-the-right is-stacked-on-mobile has-grey-background-color has-background\"><figure class=\"wp-block-media-text__media\"><img loading=\"lazy\" decoding=\"async\" width=\"1024\" height=\"787\" src=\"https:\/\/www.hsu-hh.de\/dataport\/wp-content\/uploads\/sites\/874\/2022\/08\/dataport-logo-1024x787.png\" data-credit=\" imb\" alt=\" \" class=\"wp-image-142 size-full\" srcset=\"https:\/\/www.hsu-hh.de\/dataport\/wp-content\/uploads\/sites\/874\/2022\/08\/dataport-logo-1024x787.png 1024w, https:\/\/www.hsu-hh.de\/dataport\/wp-content\/uploads\/sites\/874\/2022\/08\/dataport-logo-300x231.png 300w, https:\/\/www.hsu-hh.de\/dataport\/wp-content\/uploads\/sites\/874\/2022\/08\/dataport-logo-768x591.png 768w, https:\/\/www.hsu-hh.de\/dataport\/wp-content\/uploads\/sites\/874\/2022\/08\/dataport-logo-1536x1181.png 1536w, https:\/\/www.hsu-hh.de\/dataport\/wp-content\/uploads\/sites\/874\/2022\/08\/dataport-logo-2048x1575.png 2048w, https:\/\/www.hsu-hh.de\/dataport\/wp-content\/uploads\/sites\/874\/2022\/08\/dataport-logo-1100x846.png 1100w\" sizes=\"auto, (max-width: 1024px) 100vw, 1024px\" \/><\/figure><div class=\"wp-block-media-text__content\">\n<p class=\"has-medium-font-size\"><a href=\"https:\/\/www.hsu-hh.de\/dataport\/contribute\/\"><strong>Datens\u00e4tze publizieren<\/strong><\/a><\/p>\n\n\n\n<p>Ver\u00f6ffentlichen Sie Ihren eigenen Datensatz auf dem <br><abbr title=\"Helmut Schmidt Universit\u00e4t\">HSU<\/abbr>-Dataport. Der <abbr title=\"Helmut Schmidt Universit\u00e4t\">HSU<\/abbr>-Dataport ist als \u00f6ffentliche Plattform mit Qualit\u00e4tskontrolle konzipiert. Der Zugang ist niederschwellig und direkt. Wir freuen uns \u00fcber Ihren Beitrag.<\/p>\n<\/div><\/div>\n\n\n\n<div class=\"wp-block-media-text alignwide is-stacked-on-mobile has-grey-background-color has-background\"><figure class=\"wp-block-media-text__media\"><img loading=\"lazy\" decoding=\"async\" width=\"571\" height=\"334\" src=\"https:\/\/www.hsu-hh.de\/dataport\/wp-content\/uploads\/sites\/874\/2022\/08\/apply1-e1659365455951.png\" data-credit=\"imb\" alt=\"apply\" class=\"wp-image-215 size-full\" srcset=\"https:\/\/www.hsu-hh.de\/dataport\/wp-content\/uploads\/sites\/874\/2022\/08\/apply1-e1659365455951.png 571w, https:\/\/www.hsu-hh.de\/dataport\/wp-content\/uploads\/sites\/874\/2022\/08\/apply1-e1659365455951-300x175.png 300w\" sizes=\"auto, (max-width: 571px) 100vw, 571px\" \/><\/figure><div class=\"wp-block-media-text__content\">\n<p class=\"has-medium-font-size\"><a href=\"https:\/\/www.hsu-hh.de\/dataport\/datasets\/\" data-type=\"page\" data-id=\"150\"><strong>Datens\u00e4tze anwenden<\/strong><\/a><\/p>\n\n\n\n<p>Verlinken Sie ihre Forschung mit den entsprechenden Datens\u00e4tzen um eine h\u00f6here Reichweite ihrer Forschung oder Ihrer Datens\u00e4tze zu erreichen.  <\/p>\n<\/div><\/div>\n\n\n\n<div style=\"height:100px\" aria-hidden=\"true\" class=\"wp-block-spacer\"><\/div>\n\n\n\n<p>Der <abbr title=\"Helmut Schmidt Universit\u00e4t\">HSU<\/abbr>-Dataport ist eine Initiative des Lehrstuhls f\u00fcr Informatik im Maschinenbau an der Helmut-Schmidt Universit\u00e4t Hamburg. <br>Erreichen und folgen Sie uns hier: <\/p>\n\n\n\n<div style=\"height:70px\" aria-hidden=\"true\" class=\"wp-block-spacer\"><\/div>\n\n\n\n<div class=\"wp-block-columns is-layout-flex wp-container-core-columns-is-layout-9d6595d7 wp-block-columns-is-layout-flex\">\n<div class=\"wp-block-column is-layout-flow wp-block-column-is-layout-flow\">\n<p><strong><a href=\"https:\/\/www.hsu-hh.de\/imb\">www.<\/a><\/strong><\/p>\n<\/div>\n\n\n\n<div class=\"wp-block-column is-layout-flow wp-block-column-is-layout-flow\">\n<figure class=\"wp-block-image size-full is-resized\"><a href=\"https:\/\/github.com\/imb-hsu\" rel='nofollow'><img loading=\"lazy\" decoding=\"async\" src=\"https:\/\/www.hsu-hh.de\/dataport\/wp-content\/uploads\/sites\/874\/2022\/08\/github-logo.png\" data-credit=\"github.com\" alt=\"github-icon\" class=\"wp-image-204\" width=\"39\" height=\"39\" srcset=\"https:\/\/www.hsu-hh.de\/dataport\/wp-content\/uploads\/sites\/874\/2022\/08\/github-logo.png 512w, https:\/\/www.hsu-hh.de\/dataport\/wp-content\/uploads\/sites\/874\/2022\/08\/github-logo-300x300.png 300w, https:\/\/www.hsu-hh.de\/dataport\/wp-content\/uploads\/sites\/874\/2022\/08\/github-logo-150x150.png 150w, https:\/\/www.hsu-hh.de\/dataport\/wp-content\/uploads\/sites\/874\/2022\/08\/github-logo-100x100.png 100w\" sizes=\"auto, (max-width: 39px) 100vw, 39px\" \/><\/a><\/figure>\n<\/div>\n\n\n\n<div class=\"wp-block-column is-layout-flow wp-block-column-is-layout-flow\">\n<figure class=\"wp-block-image size-full is-resized\"><a href=\"https:\/\/twitter.com\/imb_hsu\" rel='nofollow'><img loading=\"lazy\" decoding=\"async\" src=\"https:\/\/www.hsu-hh.de\/dataport\/wp-content\/uploads\/sites\/874\/2022\/08\/twitter.png\" data-credit=\"twiiter.com\" alt=\"twitter-icon\" class=\"wp-image-203\" width=\"37\" height=\"37\" srcset=\"https:\/\/www.hsu-hh.de\/dataport\/wp-content\/uploads\/sites\/874\/2022\/08\/twitter.png 512w, https:\/\/www.hsu-hh.de\/dataport\/wp-content\/uploads\/sites\/874\/2022\/08\/twitter-300x300.png 300w, https:\/\/www.hsu-hh.de\/dataport\/wp-content\/uploads\/sites\/874\/2022\/08\/twitter-150x150.png 150w, https:\/\/www.hsu-hh.de\/dataport\/wp-content\/uploads\/sites\/874\/2022\/08\/twitter-100x100.png 100w\" sizes=\"auto, (max-width: 37px) 100vw, 37px\" \/><\/a><\/figure>\n<\/div>\n<\/div>\n\n\n\n<div style=\"height:100px\" aria-hidden=\"true\" class=\"wp-block-spacer\"><\/div>\n","protected":false},"excerpt":{"rendered":"<p>Herzlich willkommen im HSU-Dataport. Der HSU-Dataport ist eine \u00f6ffentliche Plattform zum Hosten und Verbreiten wissenschaftlicher Datens\u00e4tze in den Bereichen K\u00fcnstliche Intelligenz und Maschinelles Lernen. Der Hauptfokus liegt zun\u00e4chst auf Datens\u00e4tzen [&hellip;]<\/p>\n","protected":false},"author":3417,"featured_media":0,"parent":0,"menu_order":0,"comment_status":"closed","ping_status":"closed","template":"","meta":{"footnotes":""},"categories":[35],"tags":[],"class_list":["post-73","page","type-page","status-publish","hentry","category-startseite"],"_links":{"self":[{"href":"https:\/\/www.hsu-hh.de\/dataport\/wp-json\/wp\/v2\/pages\/73","targetHints":{"allow":["GET"]}}],"collection":[{"href":"https:\/\/www.hsu-hh.de\/dataport\/wp-json\/wp\/v2\/pages"}],"about":[{"href":"https:\/\/www.hsu-hh.de\/dataport\/wp-json\/wp\/v2\/types\/page"}],"author":[{"embeddable":true,"href":"https:\/\/www.hsu-hh.de\/dataport\/wp-json\/wp\/v2\/users\/3417"}],"replies":[{"embeddable":true,"href":"https:\/\/www.hsu-hh.de\/dataport\/wp-json\/wp\/v2\/comments?post=73"}],"version-history":[{"count":13,"href":"https:\/\/www.hsu-hh.de\/dataport\/wp-json\/wp\/v2\/pages\/73\/revisions"}],"predecessor-version":[{"id":238,"href":"https:\/\/www.hsu-hh.de\/dataport\/wp-json\/wp\/v2\/pages\/73\/revisions\/238"}],"wp:attachment":[{"href":"https:\/\/www.hsu-hh.de\/dataport\/wp-json\/wp\/v2\/media?parent=73"}],"wp:term":[{"taxonomy":"category","embeddable":true,"href":"https:\/\/www.hsu-hh.de\/dataport\/wp-json\/wp\/v2\/categories?post=73"},{"taxonomy":"post_tag","embeddable":true,"href":"https:\/\/www.hsu-hh.de\/dataport\/wp-json\/wp\/v2\/tags?post=73"}],"curies":[{"name":"wp","href":"https:\/\/api.w.org\/{rel}","templated":true}]}}