{"id":185,"date":"2022-08-01T14:37:43","date_gmt":"2022-08-01T12:37:43","guid":{"rendered":"https:\/\/www.hsu-hh.de\/dataport\/?page_id=185"},"modified":"2022-08-01T14:43:35","modified_gmt":"2022-08-01T12:43:35","slug":"musterdatensatz-x","status":"publish","type":"page","link":"https:\/\/www.hsu-hh.de\/dataport\/datasets\/musterdatensatz-x\/","title":{"rendered":"Musterdatensatz X"},"content":{"rendered":"\n<p>Das ist eine Vorlage f\u00fcr Datens\u00e4tze.<\/p>\n\n\n\n<h2 class=\"wp-block-heading\">Einf\u00fchrung<\/h2>\n\n\n\n<p>Motivation und Beschreibung des Datensatzes.<\/p>\n\n\n\n<h2 class=\"wp-block-heading\">Datensatzbeschreibung<\/h2>\n\n\n\n<p>Beschreibung der Features und Eigenschaften des Datensatzes.<\/p>\n\n\n\n<h2 class=\"wp-block-heading\">Ver\u00f6ffentlichungen und Links<\/h2>\n\n\n\n<p>Github o.\u00e4. Links und Ver\u00f6ffentlichungen, die den Datensatz entweder vorstellen oder verwenden.<\/p>\n\n\n\n<div class=\"wp-block-hsu-downloadblock\"><div class=\"thumbnail-area\"><img decoding=\"async\" src=\"\/wp-content\/themes\/hsu\/img\/dummy\/downloads_dummy.png\" alt=\"Download Symbol-Icon\" \/><\/div><div class=\"text-area\">Downloadtitel<\/div><div class=\"download-area\"><a class=\"download-link\" rel='nofollow'><span class=\"download-name\">pdf laden<\/span><span class=\"download-icon\"><img decoding=\"async\" class=\"download-icon\" alt=\"download icon\" src=\"\/wp-content\/themes\/hsu\/img\/icons\/download_icon.png\" \/><\/span><span class=\"download-size\">0 KB<\/span><\/a><\/div><\/div>\n\n\n\n<p><\/p>\n","protected":false},"excerpt":{"rendered":"<p>Das ist eine Vorlage f\u00fcr Datens\u00e4tze. Einf\u00fchrung Motivation und Beschreibung des Datensatzes. Datensatzbeschreibung Beschreibung der Features und Eigenschaften des Datensatzes. Ver\u00f6ffentlichungen und Links Github o.\u00e4. Links und Ver\u00f6ffentlichungen, die den [&hellip;]<\/p>\n","protected":false},"author":3417,"featured_media":0,"parent":150,"menu_order":0,"comment_status":"closed","ping_status":"closed","template":"","meta":{"footnotes":""},"categories":[4],"tags":[],"class_list":["post-185","page","type-page","status-publish","hentry","category-forschung"],"_links":{"self":[{"href":"https:\/\/www.hsu-hh.de\/dataport\/wp-json\/wp\/v2\/pages\/185","targetHints":{"allow":["GET"]}}],"collection":[{"href":"https:\/\/www.hsu-hh.de\/dataport\/wp-json\/wp\/v2\/pages"}],"about":[{"href":"https:\/\/www.hsu-hh.de\/dataport\/wp-json\/wp\/v2\/types\/page"}],"author":[{"embeddable":true,"href":"https:\/\/www.hsu-hh.de\/dataport\/wp-json\/wp\/v2\/users\/3417"}],"replies":[{"embeddable":true,"href":"https:\/\/www.hsu-hh.de\/dataport\/wp-json\/wp\/v2\/comments?post=185"}],"version-history":[{"count":2,"href":"https:\/\/www.hsu-hh.de\/dataport\/wp-json\/wp\/v2\/pages\/185\/revisions"}],"predecessor-version":[{"id":194,"href":"https:\/\/www.hsu-hh.de\/dataport\/wp-json\/wp\/v2\/pages\/185\/revisions\/194"}],"up":[{"embeddable":true,"href":"https:\/\/www.hsu-hh.de\/dataport\/wp-json\/wp\/v2\/pages\/150"}],"wp:attachment":[{"href":"https:\/\/www.hsu-hh.de\/dataport\/wp-json\/wp\/v2\/media?parent=185"}],"wp:term":[{"taxonomy":"category","embeddable":true,"href":"https:\/\/www.hsu-hh.de\/dataport\/wp-json\/wp\/v2\/categories?post=185"},{"taxonomy":"post_tag","embeddable":true,"href":"https:\/\/www.hsu-hh.de\/dataport\/wp-json\/wp\/v2\/tags?post=185"}],"curies":[{"name":"wp","href":"https:\/\/api.w.org\/{rel}","templated":true}]}}