{"id":73,"date":"2017-07-03T15:52:08","date_gmt":"2017-07-03T13:52:08","guid":{"rendered":"https:\/\/www.hsu-hh.de\/dataeng\/?page_id=73"},"modified":"2025-11-18T17:00:26","modified_gmt":"2025-11-18T16:00:26","slug":"startseite","status":"publish","type":"page","link":"https:\/\/www.hsu-hh.de\/dataeng\/","title":{"rendered":"Herzlich Willkommen!"},"content":{"rendered":"<p>Wir begr\u00fc\u00dfen Sie auf den Internetseiten der Professur f\u00fcr Data Engineering. Unsere Professur ist seit 2022, unter Leitung von <a href=\"https:\/\/www.hsu-hh.de\/dataeng\/mitarbeiter\/maria-maleshkova\/\"><abbr title=\"Professor\">Prof.<\/abbr> <abbr title=\"Doktor\">Dr.<\/abbr> Maria Maleshkova<\/a>, an der Fakult\u00e4t f\u00fcr Elektrotechnik an der Helmut-Schmidt-Universit\u00e4t beheimatet.<\/p>\n<p>Weitere Informationen zur Professur und zu unserer Arbeit finden Sie auf den nachfolgenden Seiten.<\/p>\n\n\n<div class=\"wp-block-columns is-layout-flex wp-container-core-columns-is-layout-9d6595d7 wp-block-columns-is-layout-flex\">\n<div class=\"wp-block-column is-layout-flow wp-block-column-is-layout-flow\">\n<h2 class=\"wp-block-heading has-text-align-center\"><a href=\"https:\/\/www.hsu-hh.de\/dataeng\/forschung\/aktuelle-projekte\/\" data-type=\"page\" data-id=\"397\">Aktuelle Projekte<\/a><\/h2>\n\n\n<div class=\"wp-block-image is-style-rounded\">\n<figure class=\"aligncenter size-full is-resized\"><a href=\"https:\/\/www.hsu-hh.de\/dataeng\/forschung\/aktuelle-projekte\/\"><img loading=\"lazy\" decoding=\"async\" width=\"1024\" height=\"1024\" src=\"https:\/\/www.hsu-hh.de\/dataeng\/wp-content\/uploads\/sites\/879\/2024\/08\/publications.webp\" data-credit=\"HSU-HH\/ET\" alt=\"\" class=\"wp-image-345\" style=\"width:325px\" srcset=\"https:\/\/www.hsu-hh.de\/dataeng\/wp-content\/uploads\/sites\/879\/2024\/08\/publications.webp 1024w, https:\/\/www.hsu-hh.de\/dataeng\/wp-content\/uploads\/sites\/879\/2024\/08\/publications-300x300.webp 300w, https:\/\/www.hsu-hh.de\/dataeng\/wp-content\/uploads\/sites\/879\/2024\/08\/publications-150x150.webp 150w, https:\/\/www.hsu-hh.de\/dataeng\/wp-content\/uploads\/sites\/879\/2024\/08\/publications-768x768.webp 768w, https:\/\/www.hsu-hh.de\/dataeng\/wp-content\/uploads\/sites\/879\/2024\/08\/publications-100x100.webp 100w\" sizes=\"auto, (max-width: 1024px) 100vw, 1024px\" \/><\/a><\/figure>\n<\/div><\/div>\n\n\n\n<div class=\"wp-block-column is-layout-flow wp-block-column-is-layout-flow\">\n<h2 class=\"wp-block-heading has-text-align-center\"><a href=\"https:\/\/www.hsu-hh.de\/dataeng\/mitarbeiter\/\" data-type=\"page\" data-id=\"106\">Mitarbeiter<\/a><\/h2>\n\n\n<div class=\"wp-block-image is-style-rounded\">\n<figure class=\"aligncenter size-full is-resized\"><a href=\"https:\/\/www.hsu-hh.de\/dataeng\/mitarbeiter\/\"><img loading=\"lazy\" decoding=\"async\" width=\"283\" height=\"283\" src=\"https:\/\/www.hsu-hh.de\/dataeng\/wp-content\/uploads\/sites\/879\/2025\/02\/Mitarbeiter.jpg\" data-credit=\"HSU-HH\/ET\" alt=\"\" class=\"wp-image-791\" style=\"object-fit:cover;width:325px;height:325px\" srcset=\"https:\/\/www.hsu-hh.de\/dataeng\/wp-content\/uploads\/sites\/879\/2025\/02\/Mitarbeiter.jpg 283w, https:\/\/www.hsu-hh.de\/dataeng\/wp-content\/uploads\/sites\/879\/2025\/02\/Mitarbeiter-150x150.jpg 150w, https:\/\/www.hsu-hh.de\/dataeng\/wp-content\/uploads\/sites\/879\/2025\/02\/Mitarbeiter-100x100.jpg 100w\" sizes=\"auto, (max-width: 283px) 100vw, 283px\" \/><\/a><\/figure>\n<\/div><\/div>\n\n\n\n<div class=\"wp-block-column is-layout-flow wp-block-column-is-layout-flow\">\n<h2 class=\"wp-block-heading has-text-align-center\"><a href=\"https:\/\/www.hsu-hh.de\/dataeng\/forschung\/publikationen\/\" data-type=\"page\" data-id=\"200\">Publikationen<\/a><\/h2>\n\n\n<div class=\"wp-block-image is-style-rounded\">\n<figure class=\"aligncenter size-full is-resized\"><a href=\"https:\/\/www.hsu-hh.de\/dataeng\/forschung\/publikationen\/\"><img loading=\"lazy\" decoding=\"async\" width=\"1024\" height=\"1024\" src=\"https:\/\/www.hsu-hh.de\/dataeng\/wp-content\/uploads\/sites\/879\/2024\/08\/research.webp\" data-credit=\"HSU-HH\/ET\" alt=\"\" class=\"wp-image-346\" style=\"width:325px\" srcset=\"https:\/\/www.hsu-hh.de\/dataeng\/wp-content\/uploads\/sites\/879\/2024\/08\/research.webp 1024w, https:\/\/www.hsu-hh.de\/dataeng\/wp-content\/uploads\/sites\/879\/2024\/08\/research-300x300.webp 300w, https:\/\/www.hsu-hh.de\/dataeng\/wp-content\/uploads\/sites\/879\/2024\/08\/research-150x150.webp 150w, https:\/\/www.hsu-hh.de\/dataeng\/wp-content\/uploads\/sites\/879\/2024\/08\/research-768x768.webp 768w, https:\/\/www.hsu-hh.de\/dataeng\/wp-content\/uploads\/sites\/879\/2024\/08\/research-100x100.webp 100w\" sizes=\"auto, (max-width: 1024px) 100vw, 1024px\" \/><\/a><\/figure>\n<\/div><\/div>\n<\/div>\n\n\n\n<p><\/p>\n","protected":false},"excerpt":{"rendered":"<p>Wir begr\u00fc\u00dfen Sie auf den Internetseiten der Professur f\u00fcr Data Engineering. Unsere Professur ist seit 2022, unter Leitung von Prof. Dr. Maria Maleshkova, an der Fakult\u00e4t f\u00fcr Elektrotechnik an der [&hellip;]<\/p>\n","protected":false},"author":26,"featured_media":0,"parent":0,"menu_order":0,"comment_status":"closed","ping_status":"closed","template":"","meta":{"footnotes":""},"categories":[35],"tags":[],"class_list":["post-73","page","type-page","status-publish","hentry","category-startseite"],"_links":{"self":[{"href":"https:\/\/www.hsu-hh.de\/dataeng\/wp-json\/wp\/v2\/pages\/73","targetHints":{"allow":["GET"]}}],"collection":[{"href":"https:\/\/www.hsu-hh.de\/dataeng\/wp-json\/wp\/v2\/pages"}],"about":[{"href":"https:\/\/www.hsu-hh.de\/dataeng\/wp-json\/wp\/v2\/types\/page"}],"author":[{"embeddable":true,"href":"https:\/\/www.hsu-hh.de\/dataeng\/wp-json\/wp\/v2\/users\/26"}],"replies":[{"embeddable":true,"href":"https:\/\/www.hsu-hh.de\/dataeng\/wp-json\/wp\/v2\/comments?post=73"}],"version-history":[{"count":22,"href":"https:\/\/www.hsu-hh.de\/dataeng\/wp-json\/wp\/v2\/pages\/73\/revisions"}],"predecessor-version":[{"id":1235,"href":"https:\/\/www.hsu-hh.de\/dataeng\/wp-json\/wp\/v2\/pages\/73\/revisions\/1235"}],"wp:attachment":[{"href":"https:\/\/www.hsu-hh.de\/dataeng\/wp-json\/wp\/v2\/media?parent=73"}],"wp:term":[{"taxonomy":"category","embeddable":true,"href":"https:\/\/www.hsu-hh.de\/dataeng\/wp-json\/wp\/v2\/categories?post=73"},{"taxonomy":"post_tag","embeddable":true,"href":"https:\/\/www.hsu-hh.de\/dataeng\/wp-json\/wp\/v2\/tags?post=73"}],"curies":[{"name":"wp","href":"https:\/\/api.w.org\/{rel}","templated":true}]}}