{"id":568,"date":"2025-02-03T10:46:02","date_gmt":"2025-02-03T09:46:02","guid":{"rendered":"https:\/\/www.hsu-hh.de\/dataeng\/?page_id=568"},"modified":"2026-01-06T17:24:43","modified_gmt":"2026-01-06T16:24:43","slug":"niklas-doerner","status":"publish","type":"page","link":"https:\/\/www.hsu-hh.de\/dataeng\/mitarbeiter\/niklas-doerner\/","title":{"rendered":"Niklas D\u00f6rner"},"content":{"rendered":"<script type=\"application\/ld+json\">[{\"@context\": \"https:\/\/www.schema.org\",\"@type\": \"Person\",\"name\": \"Niklas D\u00f6rner, M.Sc.\",\"worksFor\": [{\t\"@type\": \"Organization\",\t\"name\": \"Helmut-Schmidt-Universit\u00e4t\",\t\"url\": \"https:\/\/www.hsu-hh.de\"\t, \"department\": {\"@type\": \"Organization\",\t\t\t\t\t\"name\": \"Engineering\",\t\t\t\t\t\"location\": {\t\t\t\t\t\t\"@type\": \"PostalAddress\",\t\t\t\t\t\t\"addressLocality\": \"\",        \t\t\t\t\"postalCode\": \"22043\",        \t\t\t\t\"streetAddress\": \"Holstenhofweg 85 , Geb\u00e4ude H3\"\t\t\t\t\t}},\t\"location\": {\t\t\"@type\": \"PostalAddress\",    \t\"addressLocality\": \"\",    \t\"postalCode\": \"22008\",    \t\"postOfficeBoxNumber\": \"700822\"\t}   }],\"image\": \"https:\/\/www.hsu-hh.de\/dataeng\/wp-content\/uploads\/sites\/879\/2025\/02\/Niklas-150x150.jpg\",\"telephone\": \"+49406541-3650\",\"faxNumber\": \"\",\"email\": \"doernern@hsu-hh.de\"}]<\/script><div class=\"clearfix\"><\/div><div class=\"ansprechparter-container \" style=\"margin-top:1em; \"><div class=\"row ansprechpartner-item ansprechparter-header\" ><div class=\"col-xs-8 col-lg-12\" style=\"margin-bottom: 30px;\"><h3 class=\"ansprechparter-headline\">Niklas D\u00f6rner, M.Sc.<\/h3><\/div><\/div><div class=\"col-md-4 col-lg-3 col-xs-4 ansprechpartner-item floatright img-circle center-block\" style=\"margin-bottom: 30px;\"><div class=\"img-responsive-wrapper\"><img decoding=\"async\" src=\"https:\/\/www.hsu-hh.de\/dataeng\/wp-content\/uploads\/sites\/879\/2025\/02\/Niklas-150x150.jpg\" alt=\"\" class=\"img-circle img-responsive center-block\" \/><\/div><\/div><div class=\"col-md-12 col-lg-3 col-xs-12 ansprechpartner-item kontakt floatright\" style=\"margin-bottom: 30px; \"><div class=\"row\"><div class=\"col-xs-12 col-sm-6 col-lg-12\"><div class=\"row\"><div class=\"col-xs-4 col-lg-4 row-text bold\" >Raum:<\/div><div class=\" row-text\">116<\/div><\/div><\/div><div class=\"col-xs-12 col-sm-6 col-lg-12\"><div class=\"row\"><div class=\"col-xs-4 col-lg-4 row-text bold\">Telefon:<\/div><div class=\" row-text\">+49406541-3650<\/div><\/div><\/div><div class=\"col-xs-12 col-sm-6 col-lg-12\"><div class=\"row\"><div class=\"col-xs-4 col-lg-4 row-text bold\">E-Mail:<\/div><div class=\"row-text\" style=\"overflow:hidden; word-break: break-word\"><a href=\"mailto:doernern@hsu-hh.de\" rel=\"nofollow\">doernern@hsu-hh.de<\/a><\/div><\/div><\/div><\/div><\/div><div class=\"col-md-6 col-lg-3 col-xs-12 ansprechpartner-item anschrift floatright\" ><div class=\"row-headline\">Besucheranschrift<\/div><div class=\"dataBesucheranschrift\" style=\"\"><div class=\"row-text\">Helmut-Schmidt-Universit\u00e4t<\/div><div class=\"row-text\">Geb\u00e4ude H3<\/div><div class=\"row-text\">Holstenhofweg 85<\/div><div class=\"row-text\">22043 Hamburg<\/div><\/div><\/div><div class=\"col-md-6 col-lg-3 col-xs-12 ansprechpartner-item anschrift floatright\"><div class=\"row-headline\">Postanschrift<\/div><div class=\"dataPostanschrift\" style=\"\"><div class=\"row-text\">Helmut-Schmidt-Universit\u00e4t<\/div><div class=\"row-text\">Engineering<\/div><div class=\"row-text\">Postfach 70 08 22<\/div><div class=\"row-text\">22008 Hamburg<\/div><\/div><\/div><\/div><div class=\"clearfix\"><\/div>\n\n<div class=\"wp-block-image\">\n<figure class=\"alignright size-large is-resized\"><a href=\"https:\/\/www.linkedin.com\/in\/niklas-d%C3%B6rner-368966216\/\" rel='nofollow'><img loading=\"lazy\" decoding=\"async\" width=\"1024\" height=\"1024\" src=\"https:\/\/www.hsu-hh.de\/dataeng\/wp-content\/uploads\/sites\/879\/2025\/02\/LinkedIn_logo-1024x1024.png\" data-credit=\"By LinkedIn - This file has been extracted from another file, Public Domain, https:\/\/commons.wikimedia.org\/w\/index.php?curid=100133709\" alt=\"\" class=\"wp-image-597\" style=\"object-fit:cover;width:50px;height:50px\" srcset=\"https:\/\/www.hsu-hh.de\/dataeng\/wp-content\/uploads\/sites\/879\/2025\/02\/LinkedIn_logo-1024x1024.png 1024w, https:\/\/www.hsu-hh.de\/dataeng\/wp-content\/uploads\/sites\/879\/2025\/02\/LinkedIn_logo-300x300.png 300w, https:\/\/www.hsu-hh.de\/dataeng\/wp-content\/uploads\/sites\/879\/2025\/02\/LinkedIn_logo-150x150.png 150w, https:\/\/www.hsu-hh.de\/dataeng\/wp-content\/uploads\/sites\/879\/2025\/02\/LinkedIn_logo-768x768.png 768w, https:\/\/www.hsu-hh.de\/dataeng\/wp-content\/uploads\/sites\/879\/2025\/02\/LinkedIn_logo-100x100.png 100w, https:\/\/www.hsu-hh.de\/dataeng\/wp-content\/uploads\/sites\/879\/2025\/02\/LinkedIn_logo-1100x1100.png 1100w, https:\/\/www.hsu-hh.de\/dataeng\/wp-content\/uploads\/sites\/879\/2025\/02\/LinkedIn_logo.png 1200w\" sizes=\"auto, (max-width: 1024px) 100vw, 1024px\" \/><\/a><\/figure>\n<\/div>\n\n<div class=\"wp-block-image\">\n<figure class=\"alignright size-large is-resized\"><a href=\"https:\/\/scholar.google.de\/citations?user=yw1SulAAAAAJ\" rel='nofollow'><img loading=\"lazy\" decoding=\"async\" width=\"1024\" height=\"1024\" src=\"https:\/\/www.hsu-hh.de\/dataeng\/wp-content\/uploads\/sites\/879\/2025\/02\/Google_Scholar_logo-1024x1024.png\" data-credit=\"By Google - Eigenes Werk nach Vorlage, Gemeinfrei, https:\/\/commons.wikimedia.org\/w\/index.php?curid=34749800\" alt=\"\" class=\"wp-image-596\" style=\"object-fit:cover;width:50px;height:50px\" srcset=\"https:\/\/www.hsu-hh.de\/dataeng\/wp-content\/uploads\/sites\/879\/2025\/02\/Google_Scholar_logo-1024x1024.png 1024w, https:\/\/www.hsu-hh.de\/dataeng\/wp-content\/uploads\/sites\/879\/2025\/02\/Google_Scholar_logo-300x300.png 300w, https:\/\/www.hsu-hh.de\/dataeng\/wp-content\/uploads\/sites\/879\/2025\/02\/Google_Scholar_logo-150x150.png 150w, https:\/\/www.hsu-hh.de\/dataeng\/wp-content\/uploads\/sites\/879\/2025\/02\/Google_Scholar_logo-768x768.png 768w, https:\/\/www.hsu-hh.de\/dataeng\/wp-content\/uploads\/sites\/879\/2025\/02\/Google_Scholar_logo-100x100.png 100w, https:\/\/www.hsu-hh.de\/dataeng\/wp-content\/uploads\/sites\/879\/2025\/02\/Google_Scholar_logo-1100x1100.png 1100w, https:\/\/www.hsu-hh.de\/dataeng\/wp-content\/uploads\/sites\/879\/2025\/02\/Google_Scholar_logo.png 1200w\" sizes=\"auto, (max-width: 1024px) 100vw, 1024px\" \/><\/a><\/figure>\n<\/div>\n\n<div class=\"wp-block-image\">\n<figure class=\"alignright size-large is-resized\"><a href=\"https:\/\/www.researchgate.net\/profile\/Niklas-Doerner-2\" rel='nofollow'><img loading=\"lazy\" decoding=\"async\" width=\"1024\" height=\"1024\" src=\"https:\/\/www.hsu-hh.de\/dataeng\/wp-content\/uploads\/sites\/879\/2025\/02\/ResearchGate_logo-1024x1024.png\" data-credit=\"By Rejol - Own work, CC0, https:\/\/commons.wikimedia.org\/w\/index.php?curid=97726671\" alt=\"\" class=\"wp-image-604\" style=\"object-fit:cover;width:50px;height:50px\" srcset=\"https:\/\/www.hsu-hh.de\/dataeng\/wp-content\/uploads\/sites\/879\/2025\/02\/ResearchGate_logo-1024x1024.png 1024w, https:\/\/www.hsu-hh.de\/dataeng\/wp-content\/uploads\/sites\/879\/2025\/02\/ResearchGate_logo-300x300.png 300w, https:\/\/www.hsu-hh.de\/dataeng\/wp-content\/uploads\/sites\/879\/2025\/02\/ResearchGate_logo-150x150.png 150w, https:\/\/www.hsu-hh.de\/dataeng\/wp-content\/uploads\/sites\/879\/2025\/02\/ResearchGate_logo-768x768.png 768w, https:\/\/www.hsu-hh.de\/dataeng\/wp-content\/uploads\/sites\/879\/2025\/02\/ResearchGate_logo-1536x1536.png 1536w, https:\/\/www.hsu-hh.de\/dataeng\/wp-content\/uploads\/sites\/879\/2025\/02\/ResearchGate_logo-100x100.png 100w, https:\/\/www.hsu-hh.de\/dataeng\/wp-content\/uploads\/sites\/879\/2025\/02\/ResearchGate_logo-1100x1100.png 1100w, https:\/\/www.hsu-hh.de\/dataeng\/wp-content\/uploads\/sites\/879\/2025\/02\/ResearchGate_logo.png 2048w\" sizes=\"auto, (max-width: 1024px) 100vw, 1024px\" \/><\/a><\/figure>\n<\/div>\n\n<div class=\"wp-block-image\">\n<figure class=\"alignright size-full is-resized\"><a href=\"https:\/\/orcid.org\/0009-0004-0088-8633\" rel='nofollow'><img loading=\"lazy\" decoding=\"async\" width=\"512\" height=\"512\" src=\"https:\/\/www.hsu-hh.de\/dataeng\/wp-content\/uploads\/sites\/879\/2025\/02\/ORCID_logo.png\" data-credit=\"By ORCID - doi:10.23640\/07243.5008697.v2, ORCID-iD_icon-vector.svg, CC0, https:\/\/commons.wikimedia.org\/w\/index.php?curid=77173854\" alt=\"\" class=\"wp-image-632\" style=\"object-fit:cover;width:50px;height:50px\" srcset=\"https:\/\/www.hsu-hh.de\/dataeng\/wp-content\/uploads\/sites\/879\/2025\/02\/ORCID_logo.png 512w, https:\/\/www.hsu-hh.de\/dataeng\/wp-content\/uploads\/sites\/879\/2025\/02\/ORCID_logo-300x300.png 300w, https:\/\/www.hsu-hh.de\/dataeng\/wp-content\/uploads\/sites\/879\/2025\/02\/ORCID_logo-150x150.png 150w, https:\/\/www.hsu-hh.de\/dataeng\/wp-content\/uploads\/sites\/879\/2025\/02\/ORCID_logo-100x100.png 100w\" sizes=\"auto, (max-width: 512px) 100vw, 512px\" \/><\/a><\/figure>\n<\/div>\n\n<div class=\"wp-block-image\">\n<figure class=\"alignright size-large is-resized\"><a href=\"https:\/\/github.com\/doernern\" rel='nofollow'><img loading=\"lazy\" decoding=\"async\" width=\"1024\" height=\"1024\" src=\"https:\/\/www.hsu-hh.de\/dataeng\/wp-content\/uploads\/sites\/879\/2025\/02\/GitHub_logo-1024x1024.png\" data-credit=\"By GitHub Inc., MIT, https:\/\/commons.wikimedia.org\/w\/index.php?curid=33440579\" alt=\"\" class=\"wp-image-650\" style=\"object-fit:cover;width:50px;height:50px\" srcset=\"https:\/\/www.hsu-hh.de\/dataeng\/wp-content\/uploads\/sites\/879\/2025\/02\/GitHub_logo-1024x1024.png 1024w, https:\/\/www.hsu-hh.de\/dataeng\/wp-content\/uploads\/sites\/879\/2025\/02\/GitHub_logo-300x300.png 300w, https:\/\/www.hsu-hh.de\/dataeng\/wp-content\/uploads\/sites\/879\/2025\/02\/GitHub_logo-150x150.png 150w, https:\/\/www.hsu-hh.de\/dataeng\/wp-content\/uploads\/sites\/879\/2025\/02\/GitHub_logo-768x768.png 768w, https:\/\/www.hsu-hh.de\/dataeng\/wp-content\/uploads\/sites\/879\/2025\/02\/GitHub_logo-100x100.png 100w, https:\/\/www.hsu-hh.de\/dataeng\/wp-content\/uploads\/sites\/879\/2025\/02\/GitHub_logo-1100x1100.png 1100w, https:\/\/www.hsu-hh.de\/dataeng\/wp-content\/uploads\/sites\/879\/2025\/02\/GitHub_logo.png 1200w\" sizes=\"auto, (max-width: 1024px) 100vw, 1024px\" \/><\/a><\/figure>\n<\/div>\n\n\n<h2 class=\"wp-block-heading\">Profil<\/h2>\n\n\n\n<p>Niklas D\u00f6rner ist seit 2025 als wissenschaftlicher Mitarbeiter an der Professur f\u00fcr Data Engineering t\u00e4tig und arbeitet am Projekt <a href=\"https:\/\/www.hsu-hh.de\/dataeng\/forschung\/aktuelle-projekte\/eki\/\">BMVg, DTEC: EKI<\/a>.<\/p>\n\n\n\n<h2 class=\"wp-block-heading\">Ausgew\u00e4hlte Publikationen<\/h2>\n\n\n\n<div class=\"wp-block-hsu-publicationblock\"><div class=\"img-area download-image\"><img decoding=\"async\" src=\"\/wp-content\/themes\/hsu\/img\/dummy\/downloads_dummy.png\" alt=\"Publikation Symbol-Icon\" \/><\/div><div class=\"content-area\"><a href=\"https:\/\/ceur-ws.org\/Vol-4093\/paper7.pdf\" rel='nofollow'>MQTT4SSN: An Ontology for the MQTT Message Protocol<br \/><\/a>Niklas D\u00f6rner, Maria Maleshkova<br \/>ISWC 2025 Companion Volume, November 2\u20136, 2025, Nara, Japan<\/div><\/div>\n\n\n\n<div class=\"wp-block-hsu-publicationblock\"><div class=\"img-area download-image\"><img decoding=\"async\" src=\"\/wp-content\/themes\/hsu\/img\/dummy\/downloads_dummy.png\" alt=\"Publikation Symbol-Icon\" \/><\/div><div class=\"content-area\"><a href=\"https:\/\/doi.org\/10.5281\/zenodo.17522995\" rel='nofollow'>MQTT4SSNOntology: MQTT4SSN v1.0: CEUR Workshop Proceedings release (v1.0).<br \/><\/a>Niklas D\u00f6rner<br \/><a href=\"https:\/\/doi.org\/10.5281\/zenodo.17522995\" target=\"_blank\" rel=\"noreferrer noopener\"><\/a><\/div><\/div>\n\n\n\n<div class=\"wp-block-hsu-publicationblock\"><div class=\"img-area download-image\"><img decoding=\"async\" src=\"\/wp-content\/themes\/hsu\/img\/dummy\/downloads_dummy.png\" alt=\"Publikation Symbol-Icon\" \/><\/div><div class=\"content-area\"><a href=\"http:\/\/dx.doi.org\/10.13140\/RG.2.2.18702.02880\" rel='nofollow'>Internship Digital Medicine \u2013 Biomedical Sensors for Medical Computer Scientists<br \/><\/a>Christian Gie\u00dfer, Niklas D\u00f6rner<\/div><\/div>\n","protected":false},"excerpt":{"rendered":"<p>Profil Niklas D\u00f6rner ist seit 2025 als wissenschaftlicher Mitarbeiter an der Professur f\u00fcr Data Engineering t\u00e4tig und arbeitet am Projekt BMVg, DTEC: EKI. Ausgew\u00e4hlte Publikationen<\/p>\n","protected":false},"author":4068,"featured_media":0,"parent":106,"menu_order":0,"comment_status":"closed","ping_status":"closed","template":"","meta":{"footnotes":""},"categories":[4],"tags":[],"class_list":["post-568","page","type-page","status-publish","hentry","category-forschung"],"_links":{"self":[{"href":"https:\/\/www.hsu-hh.de\/dataeng\/wp-json\/wp\/v2\/pages\/568","targetHints":{"allow":["GET"]}}],"collection":[{"href":"https:\/\/www.hsu-hh.de\/dataeng\/wp-json\/wp\/v2\/pages"}],"about":[{"href":"https:\/\/www.hsu-hh.de\/dataeng\/wp-json\/wp\/v2\/types\/page"}],"author":[{"embeddable":true,"href":"https:\/\/www.hsu-hh.de\/dataeng\/wp-json\/wp\/v2\/users\/4068"}],"replies":[{"embeddable":true,"href":"https:\/\/www.hsu-hh.de\/dataeng\/wp-json\/wp\/v2\/comments?post=568"}],"version-history":[{"count":21,"href":"https:\/\/www.hsu-hh.de\/dataeng\/wp-json\/wp\/v2\/pages\/568\/revisions"}],"predecessor-version":[{"id":1266,"href":"https:\/\/www.hsu-hh.de\/dataeng\/wp-json\/wp\/v2\/pages\/568\/revisions\/1266"}],"up":[{"embeddable":true,"href":"https:\/\/www.hsu-hh.de\/dataeng\/wp-json\/wp\/v2\/pages\/106"}],"wp:attachment":[{"href":"https:\/\/www.hsu-hh.de\/dataeng\/wp-json\/wp\/v2\/media?parent=568"}],"wp:term":[{"taxonomy":"category","embeddable":true,"href":"https:\/\/www.hsu-hh.de\/dataeng\/wp-json\/wp\/v2\/categories?post=568"},{"taxonomy":"post_tag","embeddable":true,"href":"https:\/\/www.hsu-hh.de\/dataeng\/wp-json\/wp\/v2\/tags?post=568"}],"curies":[{"name":"wp","href":"https:\/\/api.w.org\/{rel}","templated":true}]}}