{"id":552,"date":"2025-02-03T10:18:32","date_gmt":"2025-02-03T09:18:32","guid":{"rendered":"https:\/\/www.hsu-hh.de\/dataeng\/?page_id=552"},"modified":"2026-02-06T17:01:00","modified_gmt":"2026-02-06T16:01:00","slug":"simon-burbach","status":"publish","type":"page","link":"https:\/\/www.hsu-hh.de\/dataeng\/mitarbeiter\/simon-burbach\/","title":{"rendered":"Simon Burbach"},"content":{"rendered":"<script type=\"application\/ld+json\">[{\"@context\": \"https:\/\/www.schema.org\",\"@type\": \"Person\",\"name\": \"Simon Burbach, M.Sc.\",\"worksFor\": [{\t\"@type\": \"Organization\",\t\"name\": \"Helmut-Schmidt-Universit\u00e4t\",\t\"url\": \"https:\/\/www.hsu-hh.de\"\t, \"department\": {\"@type\": \"Organization\",\t\t\t\t\t\"name\": \"Engineering\",\t\t\t\t\t\"location\": {\t\t\t\t\t\t\"@type\": \"PostalAddress\",\t\t\t\t\t\t\"addressLocality\": \"\",        \t\t\t\t\"postalCode\": \"22043\",        \t\t\t\t\"streetAddress\": \"Holstenhofweg 85 , Geb\u00e4ude H3\"\t\t\t\t\t}},\t\"location\": {\t\t\"@type\": \"PostalAddress\",    \t\"addressLocality\": \"\",    \t\"postalCode\": \"22008\",    \t\"postOfficeBoxNumber\": \"700822\"\t}   }],\"image\": \"https:\/\/www.hsu-hh.de\/dataeng\/wp-content\/uploads\/sites\/879\/2025\/02\/Simon-150x150.jpg\",\"telephone\": \"+49406541-3738\",\"faxNumber\": \"\",\"email\": \"burbachs@hsu-hh.de\"}]<\/script><div class=\"clearfix\"><\/div><div class=\"ansprechparter-container \" style=\"margin-top:1em; \"><div class=\"row ansprechpartner-item ansprechparter-header\" ><div class=\"col-xs-8 col-lg-12\" style=\"margin-bottom: 30px;\"><h3 class=\"ansprechparter-headline\">Simon Burbach, M.Sc.<\/h3><\/div><\/div><div class=\"col-md-4 col-lg-3 col-xs-4 ansprechpartner-item floatright img-circle center-block\" style=\"margin-bottom: 30px;\"><div class=\"img-responsive-wrapper\"><img decoding=\"async\" src=\"https:\/\/www.hsu-hh.de\/dataeng\/wp-content\/uploads\/sites\/879\/2025\/02\/Simon-150x150.jpg\" alt=\"\" class=\"img-circle img-responsive center-block\" \/><\/div><\/div><div class=\"col-md-12 col-lg-3 col-xs-12 ansprechpartner-item kontakt floatright\" style=\"margin-bottom: 30px; \"><div class=\"row\"><div class=\"col-xs-12 col-sm-6 col-lg-12\"><div class=\"row\"><div class=\"col-xs-4 col-lg-4 row-text bold\" >Raum:<\/div><div class=\" row-text\">116<\/div><\/div><\/div><div class=\"col-xs-12 col-sm-6 col-lg-12\"><div class=\"row\"><div class=\"col-xs-4 col-lg-4 row-text bold\">Telefon:<\/div><div class=\" row-text\">+49406541-3738<\/div><\/div><\/div><div class=\"col-xs-12 col-sm-6 col-lg-12\"><div class=\"row\"><div class=\"col-xs-4 col-lg-4 row-text bold\">E-Mail:<\/div><div class=\"row-text\" style=\"overflow:hidden; word-break: break-word\"><a href=\"mailto:burbachs@hsu-hh.de\" rel=\"nofollow\">burbachs@hsu-hh.de<\/a><\/div><\/div><\/div><\/div><\/div><div class=\"col-md-6 col-lg-3 col-xs-12 ansprechpartner-item anschrift floatright\" ><div class=\"row-headline\">Besucheranschrift<\/div><div class=\"dataBesucheranschrift\" style=\"\"><div class=\"row-text\">Helmut-Schmidt-Universit\u00e4t<\/div><div class=\"row-text\">Geb\u00e4ude H3<\/div><div class=\"row-text\">Holstenhofweg 85<\/div><div class=\"row-text\">22043 Hamburg<\/div><\/div><\/div><div class=\"col-md-6 col-lg-3 col-xs-12 ansprechpartner-item anschrift floatright\"><div class=\"row-headline\">Postanschrift<\/div><div class=\"dataPostanschrift\" style=\"\"><div class=\"row-text\">Helmut-Schmidt-Universit\u00e4t<\/div><div class=\"row-text\">Engineering<\/div><div class=\"row-text\">Postfach 70 08 22<\/div><div class=\"row-text\">22008 Hamburg<\/div><\/div><\/div><\/div><div class=\"clearfix\"><\/div>\n\n<div class=\"wp-block-image\">\n<figure class=\"alignright size-large is-resized\"><a href=\"https:\/\/www.linkedin.com\/in\/simon-burbach-076b45298\/\" rel='nofollow'><img loading=\"lazy\" decoding=\"async\" width=\"1024\" height=\"1024\" src=\"https:\/\/www.hsu-hh.de\/dataeng\/wp-content\/uploads\/sites\/879\/2025\/02\/LinkedIn_logo-1024x1024.png\" data-credit=\"By LinkedIn - This file has been extracted from another file, Public Domain, https:\/\/commons.wikimedia.org\/w\/index.php?curid=100133709\" alt=\"\" class=\"wp-image-597\" style=\"object-fit:cover;width:50px;height:50px\" srcset=\"https:\/\/www.hsu-hh.de\/dataeng\/wp-content\/uploads\/sites\/879\/2025\/02\/LinkedIn_logo-1024x1024.png 1024w, https:\/\/www.hsu-hh.de\/dataeng\/wp-content\/uploads\/sites\/879\/2025\/02\/LinkedIn_logo-300x300.png 300w, https:\/\/www.hsu-hh.de\/dataeng\/wp-content\/uploads\/sites\/879\/2025\/02\/LinkedIn_logo-150x150.png 150w, https:\/\/www.hsu-hh.de\/dataeng\/wp-content\/uploads\/sites\/879\/2025\/02\/LinkedIn_logo-768x768.png 768w, https:\/\/www.hsu-hh.de\/dataeng\/wp-content\/uploads\/sites\/879\/2025\/02\/LinkedIn_logo-100x100.png 100w, https:\/\/www.hsu-hh.de\/dataeng\/wp-content\/uploads\/sites\/879\/2025\/02\/LinkedIn_logo-1100x1100.png 1100w, https:\/\/www.hsu-hh.de\/dataeng\/wp-content\/uploads\/sites\/879\/2025\/02\/LinkedIn_logo.png 1200w\" sizes=\"auto, (max-width: 1024px) 100vw, 1024px\" \/><\/a><\/figure>\n<\/div>\n\n<div class=\"wp-block-image\">\n<figure class=\"alignright size-large is-resized\"><a href=\"https:\/\/scholar.google.de\/citations?user=HCnl55cAAAAJ\" rel='nofollow'><img loading=\"lazy\" decoding=\"async\" width=\"1024\" height=\"1024\" src=\"https:\/\/www.hsu-hh.de\/dataeng\/wp-content\/uploads\/sites\/879\/2025\/02\/Google_Scholar_logo-1024x1024.png\" data-credit=\"By Google - Eigenes Werk nach Vorlage, Gemeinfrei, https:\/\/commons.wikimedia.org\/w\/index.php?curid=34749800\" alt=\"\" class=\"wp-image-596\" style=\"object-fit:cover;width:50px;height:50px\" srcset=\"https:\/\/www.hsu-hh.de\/dataeng\/wp-content\/uploads\/sites\/879\/2025\/02\/Google_Scholar_logo-1024x1024.png 1024w, https:\/\/www.hsu-hh.de\/dataeng\/wp-content\/uploads\/sites\/879\/2025\/02\/Google_Scholar_logo-300x300.png 300w, https:\/\/www.hsu-hh.de\/dataeng\/wp-content\/uploads\/sites\/879\/2025\/02\/Google_Scholar_logo-150x150.png 150w, https:\/\/www.hsu-hh.de\/dataeng\/wp-content\/uploads\/sites\/879\/2025\/02\/Google_Scholar_logo-768x768.png 768w, https:\/\/www.hsu-hh.de\/dataeng\/wp-content\/uploads\/sites\/879\/2025\/02\/Google_Scholar_logo-100x100.png 100w, https:\/\/www.hsu-hh.de\/dataeng\/wp-content\/uploads\/sites\/879\/2025\/02\/Google_Scholar_logo-1100x1100.png 1100w, https:\/\/www.hsu-hh.de\/dataeng\/wp-content\/uploads\/sites\/879\/2025\/02\/Google_Scholar_logo.png 1200w\" sizes=\"auto, (max-width: 1024px) 100vw, 1024px\" \/><\/a><\/figure>\n<\/div>\n\n<div class=\"wp-block-image\">\n<figure class=\"alignright size-large is-resized\"><a href=\"https:\/\/www.researchgate.net\/profile\/Simon-Burbach?ev=hdr_xprf\" rel='nofollow'><img loading=\"lazy\" decoding=\"async\" width=\"1024\" height=\"1024\" src=\"https:\/\/www.hsu-hh.de\/dataeng\/wp-content\/uploads\/sites\/879\/2025\/02\/ResearchGate_logo-1024x1024.png\" data-credit=\"By Rejol - Own work, CC0, https:\/\/commons.wikimedia.org\/w\/index.php?curid=97726671\" alt=\"\" class=\"wp-image-604\" style=\"object-fit:cover;width:50px;height:50px\" srcset=\"https:\/\/www.hsu-hh.de\/dataeng\/wp-content\/uploads\/sites\/879\/2025\/02\/ResearchGate_logo-1024x1024.png 1024w, https:\/\/www.hsu-hh.de\/dataeng\/wp-content\/uploads\/sites\/879\/2025\/02\/ResearchGate_logo-300x300.png 300w, https:\/\/www.hsu-hh.de\/dataeng\/wp-content\/uploads\/sites\/879\/2025\/02\/ResearchGate_logo-150x150.png 150w, https:\/\/www.hsu-hh.de\/dataeng\/wp-content\/uploads\/sites\/879\/2025\/02\/ResearchGate_logo-768x768.png 768w, https:\/\/www.hsu-hh.de\/dataeng\/wp-content\/uploads\/sites\/879\/2025\/02\/ResearchGate_logo-1536x1536.png 1536w, https:\/\/www.hsu-hh.de\/dataeng\/wp-content\/uploads\/sites\/879\/2025\/02\/ResearchGate_logo-100x100.png 100w, https:\/\/www.hsu-hh.de\/dataeng\/wp-content\/uploads\/sites\/879\/2025\/02\/ResearchGate_logo-1100x1100.png 1100w, https:\/\/www.hsu-hh.de\/dataeng\/wp-content\/uploads\/sites\/879\/2025\/02\/ResearchGate_logo.png 2048w\" sizes=\"auto, (max-width: 1024px) 100vw, 1024px\" \/><\/a><\/figure>\n<\/div>\n\n<div class=\"wp-block-image\">\n<figure class=\"alignright size-full is-resized\"><a href=\"https:\/\/orcid.org\/0009-0009-8373-6622\" rel='nofollow'><img loading=\"lazy\" decoding=\"async\" width=\"512\" height=\"512\" src=\"https:\/\/www.hsu-hh.de\/dataeng\/wp-content\/uploads\/sites\/879\/2025\/02\/ORCID_logo.png\" data-credit=\"By ORCID - doi:10.23640\/07243.5008697.v2, ORCID-iD_icon-vector.svg, CC0, https:\/\/commons.wikimedia.org\/w\/index.php?curid=77173854\" alt=\"\" class=\"wp-image-632\" style=\"object-fit:cover;width:50px;height:50px\" srcset=\"https:\/\/www.hsu-hh.de\/dataeng\/wp-content\/uploads\/sites\/879\/2025\/02\/ORCID_logo.png 512w, https:\/\/www.hsu-hh.de\/dataeng\/wp-content\/uploads\/sites\/879\/2025\/02\/ORCID_logo-300x300.png 300w, https:\/\/www.hsu-hh.de\/dataeng\/wp-content\/uploads\/sites\/879\/2025\/02\/ORCID_logo-150x150.png 150w, https:\/\/www.hsu-hh.de\/dataeng\/wp-content\/uploads\/sites\/879\/2025\/02\/ORCID_logo-100x100.png 100w\" sizes=\"auto, (max-width: 512px) 100vw, 512px\" \/><\/a><\/figure>\n<\/div>\n\n<div class=\"wp-block-image\">\n<figure class=\"alignright size-large is-resized\"><a href=\"https:\/\/github.com\/BurbachS\" rel='nofollow'><img loading=\"lazy\" decoding=\"async\" width=\"1024\" height=\"1024\" src=\"https:\/\/www.hsu-hh.de\/dataeng\/wp-content\/uploads\/sites\/879\/2025\/02\/GitHub_logo-1024x1024.png\" data-credit=\"By GitHub Inc., MIT, https:\/\/commons.wikimedia.org\/w\/index.php?curid=33440579\" alt=\"\" class=\"wp-image-650\" style=\"object-fit:cover;width:50px;height:50px\" srcset=\"https:\/\/www.hsu-hh.de\/dataeng\/wp-content\/uploads\/sites\/879\/2025\/02\/GitHub_logo-1024x1024.png 1024w, https:\/\/www.hsu-hh.de\/dataeng\/wp-content\/uploads\/sites\/879\/2025\/02\/GitHub_logo-300x300.png 300w, https:\/\/www.hsu-hh.de\/dataeng\/wp-content\/uploads\/sites\/879\/2025\/02\/GitHub_logo-150x150.png 150w, https:\/\/www.hsu-hh.de\/dataeng\/wp-content\/uploads\/sites\/879\/2025\/02\/GitHub_logo-768x768.png 768w, https:\/\/www.hsu-hh.de\/dataeng\/wp-content\/uploads\/sites\/879\/2025\/02\/GitHub_logo-100x100.png 100w, https:\/\/www.hsu-hh.de\/dataeng\/wp-content\/uploads\/sites\/879\/2025\/02\/GitHub_logo-1100x1100.png 1100w, https:\/\/www.hsu-hh.de\/dataeng\/wp-content\/uploads\/sites\/879\/2025\/02\/GitHub_logo.png 1200w\" sizes=\"auto, (max-width: 1024px) 100vw, 1024px\" \/><\/a><\/figure>\n<\/div>\n\n\n<h2 class=\"wp-block-heading\">Profil<\/h2>\n\n\n\n<p>Simon Burbach ist seit 2025 als wissenschaftlicher Mitarbeiter an der Professur f\u00fcr Data Engineering t\u00e4tig. Seine bisherige Forschung st\u00fctzte sich auf die Entwicklung von Virtual Reality (VR) Anwendungen und Machine Learning Projekte im medizinischen Kontext. So entwickelte er beispielsweise VR-Simulationen f\u00fcr die Auswertung von EKG-Signalen und der Therapie von Problemen, die mit Amputationen assoziiert werden. Seine Arbeit an der <abbr title=\"Helmut Schmidt Universit\u00e4t\">HSU<\/abbr> f\u00fchrt Ihn nun in die Bereiche der ontologischen Datenmodellierung und Datenanalyse sowie der Forschung an digitalen Zwillingen im Rahmen des Projekts <a href=\"https:\/\/www.hsu-hh.de\/dataeng\/forschung\/aktuelle-projekte\/smartship\/\">SmartShip<\/a>.<\/p>\n\n\n\n<h2 class=\"wp-block-heading\">Ausgew\u00e4hlte Publikationen<\/h2>\n\n\n\n<div class=\"wp-block-hsu-publicationblock\"><div class=\"img-area download-image\"><img decoding=\"async\" src=\"\/wp-content\/themes\/hsu\/img\/dummy\/downloads_dummy.png\" alt=\"Publikation Symbol-Icon\" \/><\/div><div class=\"content-area\"><a href=\"https:\/\/doi.org\/10.1007\/978-3-032-09530-5_16\" rel='nofollow'>MontoFlow\u2013A Maritime Ontology Framework for Modeling Ship Sensory Systems<\/a><br \/>Pavle Ivanovic, Simon Burbach, Maria Maleshkova<br \/>International Semantic Web Conference, 276-294<\/div><\/div>\n\n\n\n<div class=\"wp-block-hsu-publicationblock\"><div class=\"img-area download-image\"><img decoding=\"async\" src=\"\/wp-content\/themes\/hsu\/img\/dummy\/downloads_dummy.png\" alt=\"Publikation Symbol-Icon\" \/><\/div><div class=\"content-area\"><a href=\"https:\/\/ceur-ws.org\/Vol-4093\/paper2.pdf\" rel='nofollow'>AISHIP: An Ontology for Extended Vessel Representation and Multimodal Data Integration<\/a><br \/>Simon Burbach, Lennart Mackert, Maria Maleshkova<br \/>ISWC 2025 Companion Volume, November 2\u20136, 2025, Nara, Japan<\/div><\/div>\n\n\n\n<div class=\"wp-block-hsu-publicationblock\"><div class=\"img-area download-image\"><img decoding=\"async\" src=\"\/wp-content\/themes\/hsu\/img\/dummy\/downloads_dummy.png\" alt=\"Publikation Symbol-Icon\" \/><\/div><div class=\"content-area\"><a href=\"https:\/\/doi.org\/10.1007\/978-3-031-62502-2_15\" rel='nofollow'>State-of-the-Art Analysis of Cuffless Methods for Blood Pressure Measurement<br \/><\/a>Simon Burbach, Rainer Brueck, Alexander Keil<br \/>Advances in Digital Health and Medical Bioengineering. EHB 2023. IFMBE Proceedings, vol 109. (pp. 127\u2013134).<\/div><\/div>\n","protected":false},"excerpt":{"rendered":"<p>Profil Simon Burbach ist seit 2025 als wissenschaftlicher Mitarbeiter an der Professur f\u00fcr Data Engineering t\u00e4tig. Seine bisherige Forschung st\u00fctzte sich auf die Entwicklung von Virtual Reality (VR) Anwendungen und [&hellip;]<\/p>\n","protected":false},"author":4068,"featured_media":0,"parent":106,"menu_order":0,"comment_status":"closed","ping_status":"closed","template":"","meta":{"footnotes":""},"categories":[4],"tags":[],"class_list":["post-552","page","type-page","status-publish","hentry","category-forschung"],"_links":{"self":[{"href":"https:\/\/www.hsu-hh.de\/dataeng\/wp-json\/wp\/v2\/pages\/552","targetHints":{"allow":["GET"]}}],"collection":[{"href":"https:\/\/www.hsu-hh.de\/dataeng\/wp-json\/wp\/v2\/pages"}],"about":[{"href":"https:\/\/www.hsu-hh.de\/dataeng\/wp-json\/wp\/v2\/types\/page"}],"author":[{"embeddable":true,"href":"https:\/\/www.hsu-hh.de\/dataeng\/wp-json\/wp\/v2\/users\/4068"}],"replies":[{"embeddable":true,"href":"https:\/\/www.hsu-hh.de\/dataeng\/wp-json\/wp\/v2\/comments?post=552"}],"version-history":[{"count":34,"href":"https:\/\/www.hsu-hh.de\/dataeng\/wp-json\/wp\/v2\/pages\/552\/revisions"}],"predecessor-version":[{"id":1274,"href":"https:\/\/www.hsu-hh.de\/dataeng\/wp-json\/wp\/v2\/pages\/552\/revisions\/1274"}],"up":[{"embeddable":true,"href":"https:\/\/www.hsu-hh.de\/dataeng\/wp-json\/wp\/v2\/pages\/106"}],"wp:attachment":[{"href":"https:\/\/www.hsu-hh.de\/dataeng\/wp-json\/wp\/v2\/media?parent=552"}],"wp:term":[{"taxonomy":"category","embeddable":true,"href":"https:\/\/www.hsu-hh.de\/dataeng\/wp-json\/wp\/v2\/categories?post=552"},{"taxonomy":"post_tag","embeddable":true,"href":"https:\/\/www.hsu-hh.de\/dataeng\/wp-json\/wp\/v2\/tags?post=552"}],"curies":[{"name":"wp","href":"https:\/\/api.w.org\/{rel}","templated":true}]}}