{"id":419,"date":"2024-08-27T17:40:07","date_gmt":"2024-08-27T15:40:07","guid":{"rendered":"https:\/\/www.hsu-hh.de\/dataeng\/?page_id=419"},"modified":"2025-02-07T10:04:58","modified_gmt":"2025-02-07T09:04:58","slug":"methoden-zur-imputation-fehlender-daten","status":"publish","type":"page","link":"https:\/\/www.hsu-hh.de\/dataeng\/forschung\/aktuelle-projekte\/methoden-zur-imputation-fehlender-daten\/","title":{"rendered":"Methoden zur Imputation fehlender Daten"},"content":{"rendered":"\n<p>Dieses Projekt konzentriert sich auf die Wirksamkeit verschiedener Imputationsmethoden zur Reduzierung fehlender Werte in zeitlichen Sensordaten. Oft f\u00fchren Fehlfunktionen von Sensoren zu Datenl\u00fccken in Zeitreihen aus verschiedenen Bereichen. In diesem Projekt untersuchen wir verschiedene Imputationstechniken. Wir analysieren die \u00c4nderungsrate einzelner Merkmale in Bezug auf die Zeit und kommen zu dem Schluss, dass jedes Merkmal separat imputiert werden sollte. Beispielsweise war die \u00c4nderungsrate des Blutzuckerspiegels anders als die der Beschleunigungssignaldaten und der Herzfrequenzdaten. Wir analysieren Datens\u00e4tze aus mehreren Bereichen, um die Muster der fehlenden Daten zu verstehen. Im n\u00e4chsten Schritt werden wir einige vorgeschlagene Imputationstechniken implementieren, unter Ber\u00fccksichtigung des Verhaltens der Merkmale, um deren Wirksamkeit im Vergleich zu fr\u00fcheren Arbeiten in diesem Bereich zu vergleichen.<\/p>\n","protected":false},"excerpt":{"rendered":"<p>Dieses Projekt konzentriert sich auf die Wirksamkeit verschiedener Imputationsmethoden zur Reduzierung fehlender Werte in zeitlichen Sensordaten. Oft f\u00fchren Fehlfunktionen von Sensoren zu Datenl\u00fccken in Zeitreihen aus verschiedenen Bereichen. In diesem [&hellip;]<\/p>\n","protected":false},"author":3889,"featured_media":0,"parent":204,"menu_order":0,"comment_status":"closed","ping_status":"closed","template":"","meta":{"footnotes":""},"categories":[4],"tags":[],"class_list":["post-419","page","type-page","status-publish","hentry","category-forschung"],"_links":{"self":[{"href":"https:\/\/www.hsu-hh.de\/dataeng\/wp-json\/wp\/v2\/pages\/419","targetHints":{"allow":["GET"]}}],"collection":[{"href":"https:\/\/www.hsu-hh.de\/dataeng\/wp-json\/wp\/v2\/pages"}],"about":[{"href":"https:\/\/www.hsu-hh.de\/dataeng\/wp-json\/wp\/v2\/types\/page"}],"author":[{"embeddable":true,"href":"https:\/\/www.hsu-hh.de\/dataeng\/wp-json\/wp\/v2\/users\/3889"}],"replies":[{"embeddable":true,"href":"https:\/\/www.hsu-hh.de\/dataeng\/wp-json\/wp\/v2\/comments?post=419"}],"version-history":[{"count":1,"href":"https:\/\/www.hsu-hh.de\/dataeng\/wp-json\/wp\/v2\/pages\/419\/revisions"}],"predecessor-version":[{"id":420,"href":"https:\/\/www.hsu-hh.de\/dataeng\/wp-json\/wp\/v2\/pages\/419\/revisions\/420"}],"up":[{"embeddable":true,"href":"https:\/\/www.hsu-hh.de\/dataeng\/wp-json\/wp\/v2\/pages\/204"}],"wp:attachment":[{"href":"https:\/\/www.hsu-hh.de\/dataeng\/wp-json\/wp\/v2\/media?parent=419"}],"wp:term":[{"taxonomy":"category","embeddable":true,"href":"https:\/\/www.hsu-hh.de\/dataeng\/wp-json\/wp\/v2\/categories?post=419"},{"taxonomy":"post_tag","embeddable":true,"href":"https:\/\/www.hsu-hh.de\/dataeng\/wp-json\/wp\/v2\/tags?post=419"}],"curies":[{"name":"wp","href":"https:\/\/api.w.org\/{rel}","templated":true}]}}