{"id":414,"date":"2024-08-27T17:36:09","date_gmt":"2024-08-27T15:36:09","guid":{"rendered":"https:\/\/www.hsu-hh.de\/dataeng\/?page_id=414"},"modified":"2025-02-07T10:05:06","modified_gmt":"2025-02-07T09:05:06","slug":"stress-und-emotionserkennung","status":"publish","type":"page","link":"https:\/\/www.hsu-hh.de\/dataeng\/forschung\/aktuelle-projekte\/stress-und-emotionserkennung\/","title":{"rendered":"Stress- und Emotionserkennung"},"content":{"rendered":"\n<p>Dieses Projekt zielt darauf ab Stress- und Emotionserkennungs Systeme anhand von physiologischen Daten zu entwickeln. Hierbei gilt es insbesondere die Folgen von Langzeit Stress zu vermeiden und fr\u00fchzeitig zur erkennen in welchen Situationen Menschen Stress ausgesetzt sind. Unsere Professur plant dazu, kontrollierte Experimente im Labor durchzuf\u00fchren und datengetriebene Systeme zu entwickeln um verschiedene Arten von Stress mit hoher Pr\u00e4zision klassifizieren zu k\u00f6nnen. Die Erkenntnisse aus den Laborstudien sollen im n\u00e4chsten Schritt auf das echte Leben von Menschen angewandt werden.<\/p>\n","protected":false},"excerpt":{"rendered":"<p>Dieses Projekt zielt darauf ab Stress- und Emotionserkennungs Systeme anhand von physiologischen Daten zu entwickeln. Hierbei gilt es insbesondere die Folgen von Langzeit Stress zu vermeiden und fr\u00fchzeitig zur erkennen [&hellip;]<\/p>\n","protected":false},"author":3889,"featured_media":0,"parent":204,"menu_order":0,"comment_status":"closed","ping_status":"closed","template":"","meta":{"footnotes":""},"categories":[4],"tags":[],"class_list":["post-414","page","type-page","status-publish","hentry","category-forschung"],"_links":{"self":[{"href":"https:\/\/www.hsu-hh.de\/dataeng\/wp-json\/wp\/v2\/pages\/414","targetHints":{"allow":["GET"]}}],"collection":[{"href":"https:\/\/www.hsu-hh.de\/dataeng\/wp-json\/wp\/v2\/pages"}],"about":[{"href":"https:\/\/www.hsu-hh.de\/dataeng\/wp-json\/wp\/v2\/types\/page"}],"author":[{"embeddable":true,"href":"https:\/\/www.hsu-hh.de\/dataeng\/wp-json\/wp\/v2\/users\/3889"}],"replies":[{"embeddable":true,"href":"https:\/\/www.hsu-hh.de\/dataeng\/wp-json\/wp\/v2\/comments?post=414"}],"version-history":[{"count":1,"href":"https:\/\/www.hsu-hh.de\/dataeng\/wp-json\/wp\/v2\/pages\/414\/revisions"}],"predecessor-version":[{"id":415,"href":"https:\/\/www.hsu-hh.de\/dataeng\/wp-json\/wp\/v2\/pages\/414\/revisions\/415"}],"up":[{"embeddable":true,"href":"https:\/\/www.hsu-hh.de\/dataeng\/wp-json\/wp\/v2\/pages\/204"}],"wp:attachment":[{"href":"https:\/\/www.hsu-hh.de\/dataeng\/wp-json\/wp\/v2\/media?parent=414"}],"wp:term":[{"taxonomy":"category","embeddable":true,"href":"https:\/\/www.hsu-hh.de\/dataeng\/wp-json\/wp\/v2\/categories?post=414"},{"taxonomy":"post_tag","embeddable":true,"href":"https:\/\/www.hsu-hh.de\/dataeng\/wp-json\/wp\/v2\/tags?post=414"}],"curies":[{"name":"wp","href":"https:\/\/api.w.org\/{rel}","templated":true}]}}