{"id":408,"date":"2024-08-27T17:29:56","date_gmt":"2024-08-27T15:29:56","guid":{"rendered":"https:\/\/www.hsu-hh.de\/dataeng\/?page_id=408"},"modified":"2025-02-07T10:01:47","modified_gmt":"2025-02-07T09:01:47","slug":"datenmanagement-im-bereich-affective-computing","status":"publish","type":"page","link":"https:\/\/www.hsu-hh.de\/dataeng\/forschung\/aktuelle-projekte\/datenmanagement-im-bereich-affective-computing\/","title":{"rendered":"Datenmanagement im Bereich Affective Computing"},"content":{"rendered":"\n<p>Dieses Projekt zielt darauf ab, die Verwertbarkeit, Wiederverwendung und Verifizierung von Daten und Prognose Modellen aus Affektstudien zu steigern. Um dies zu erm\u00f6glichen, sollen Daten und Experiment Aufbauten m\u00f6glichst einheitlich und Standardgem\u00e4\u00df erhoben\u00a0<abbr title=\"beziehungsweise\">bzw.<\/abbr>\u00a0durchgef\u00fchrt werden.<\/p>\n","protected":false},"excerpt":{"rendered":"<p>Dieses Projekt zielt darauf ab, die Verwertbarkeit, Wiederverwendung und Verifizierung von Daten und Prognose Modellen aus Affektstudien zu steigern. Um dies zu erm\u00f6glichen, sollen Daten und Experiment Aufbauten m\u00f6glichst einheitlich [&hellip;]<\/p>\n","protected":false},"author":3889,"featured_media":0,"parent":204,"menu_order":0,"comment_status":"closed","ping_status":"closed","template":"","meta":{"footnotes":""},"categories":[4],"tags":[],"class_list":["post-408","page","type-page","status-publish","hentry","category-forschung"],"_links":{"self":[{"href":"https:\/\/www.hsu-hh.de\/dataeng\/wp-json\/wp\/v2\/pages\/408","targetHints":{"allow":["GET"]}}],"collection":[{"href":"https:\/\/www.hsu-hh.de\/dataeng\/wp-json\/wp\/v2\/pages"}],"about":[{"href":"https:\/\/www.hsu-hh.de\/dataeng\/wp-json\/wp\/v2\/types\/page"}],"author":[{"embeddable":true,"href":"https:\/\/www.hsu-hh.de\/dataeng\/wp-json\/wp\/v2\/users\/3889"}],"replies":[{"embeddable":true,"href":"https:\/\/www.hsu-hh.de\/dataeng\/wp-json\/wp\/v2\/comments?post=408"}],"version-history":[{"count":1,"href":"https:\/\/www.hsu-hh.de\/dataeng\/wp-json\/wp\/v2\/pages\/408\/revisions"}],"predecessor-version":[{"id":409,"href":"https:\/\/www.hsu-hh.de\/dataeng\/wp-json\/wp\/v2\/pages\/408\/revisions\/409"}],"up":[{"embeddable":true,"href":"https:\/\/www.hsu-hh.de\/dataeng\/wp-json\/wp\/v2\/pages\/204"}],"wp:attachment":[{"href":"https:\/\/www.hsu-hh.de\/dataeng\/wp-json\/wp\/v2\/media?parent=408"}],"wp:term":[{"taxonomy":"category","embeddable":true,"href":"https:\/\/www.hsu-hh.de\/dataeng\/wp-json\/wp\/v2\/categories?post=408"},{"taxonomy":"post_tag","embeddable":true,"href":"https:\/\/www.hsu-hh.de\/dataeng\/wp-json\/wp\/v2\/tags?post=408"}],"curies":[{"name":"wp","href":"https:\/\/api.w.org\/{rel}","templated":true}]}}