{"id":387,"date":"2024-08-27T16:37:51","date_gmt":"2024-08-27T14:37:51","guid":{"rendered":"https:\/\/www.hsu-hh.de\/dataeng\/?page_id=387"},"modified":"2025-02-10T11:38:54","modified_gmt":"2025-02-10T10:38:54","slug":"angesterkennung-bei-spinnenphobie","status":"publish","type":"page","link":"https:\/\/www.hsu-hh.de\/dataeng\/forschung\/aktuelle-projekte\/angesterkennung-bei-spinnenphobie\/","title":{"rendered":"Angesterkennung bei Spinnenphobie"},"content":{"rendered":"\n<p>Dieses Projekt, geleitet von <a href=\"https:\/\/www.hsu-hh.de\/dataeng\/mitarbeiter\/florian-grensing\/\">Florian Grensing<\/a>, welches in Kooperation mit dem Lehrstuhl der Klinischen Psychologie der Universit\u00e4t Siegen entstanden ist, befasst sich damit, das Ma\u00df der Angst von Phobikern mithilfe von physiologischen Daten zu quantifizieren. Dies soll unter anderem die objektivere Bewertung von Therapien unterst\u00fctzen. Hierzu wurden Phobiker in vier \u201eVerhaltensvermeidungstests\u201c (englisch \u201eBehavioural Avoidance Tests\u201c, kurz BAT) mit einer realen und einer in virtuellen Realit\u00e4t simulierten Spinne konfrontiert. In diesen Tests sollen sich die Phobiker der Spinne soweit ann\u00e4hern wie sie k\u00f6nnen und wollen. Die subjektive Angstwahrnehmung wird schlie\u00dflich mit der physiologischen Reaktion des K\u00f6rpers verglichen.<\/p>\n\n\n\n<p><strong>Verhaltensvermeidungstests &nbsp;\/ Behavioural Avoidance Tests:<\/strong><\/p>\n\n\n\n<p>In unserer Studie wurden vier BATs durchgef\u00fchrt:<\/p>\n\n\n\n<p><strong>VIVO1<\/strong>:&nbsp; In diesem BAT wurde die Spinne in der Plexiglasbox auf eine Plattform gestellt. Die Probanden haben nun die Spinne mithilfe eines Kurbelsystems zu sich hingezogen.<\/p>\n\n\n\n<p><strong>VR1<\/strong>: \u00c4hnlich zu VIVO1 haben Probanden hier eine Spinne zu sich hingezogen. In diesem BAT handelt es sich allerdings um eine virtuelle Spinne, welche \u00fcber einen Tisch gezogen wird.<\/p>\n\n\n\n<p><strong>VIVO2<\/strong>: Im diesem BAT wurde eine echte Vogelspinne in einer Plexiglasbox auf der Fensterbank eines Raumes platziert. Anschlie\u00dfend haben die Probanden den Raum betreten, und sind auf die Spinne zugelaufen.<\/p>\n\n\n\n<p><strong>VR2<\/strong>: Analog zu VIVO2, allerdings in VR.<\/p>\n\n\n\n<p>In allen BATs sollen die Probanden sich der Spinne soweit ann\u00e4hern wie sie k\u00f6nnen und wollen, dies ist in der Regel aber nicht die gesamte Strecke. Die finale Distanz zur Spinne dient als Ma\u00df des Vermeidungsverhaltens.<\/p>\n\n\n\n<figure class=\"wp-block-image size-large is-resized\"><img loading=\"lazy\" decoding=\"async\" width=\"768\" height=\"1024\" src=\"https:\/\/www.hsu-hh.de\/dataeng\/wp-content\/uploads\/sites\/879\/2024\/11\/Kurbel-768x1024.jpeg\" data-credit=\"HSU-HH\/ET\" alt=\"\" class=\"wp-image-537\" style=\"width:410px;height:auto\" srcset=\"https:\/\/www.hsu-hh.de\/dataeng\/wp-content\/uploads\/sites\/879\/2024\/11\/Kurbel-768x1024.jpeg 768w, https:\/\/www.hsu-hh.de\/dataeng\/wp-content\/uploads\/sites\/879\/2024\/11\/Kurbel-225x300.jpeg 225w, https:\/\/www.hsu-hh.de\/dataeng\/wp-content\/uploads\/sites\/879\/2024\/11\/Kurbel-1152x1536.jpeg 1152w, https:\/\/www.hsu-hh.de\/dataeng\/wp-content\/uploads\/sites\/879\/2024\/11\/Kurbel-1100x1467.jpeg 1100w, https:\/\/www.hsu-hh.de\/dataeng\/wp-content\/uploads\/sites\/879\/2024\/11\/Kurbel.jpeg 1536w\" sizes=\"auto, (max-width: 768px) 100vw, 768px\" \/><figcaption class=\"wp-element-caption\">VIVO1:  Kurbelsystem mit welchem die Spinne zum Benutzer gezogen wird.<\/figcaption><\/figure>\n\n\n\n<p><\/p>\n\n\n\n<p><strong>Studienaufbau<\/strong>:<\/p>\n\n\n\n<p>Die Probanden f\u00fcllten zu Beginn der Studie eine Einverst\u00e4ndniserkl\u00e4rung aus. Anschlie\u00dfend wurde ihnen eine Empatica E4 Sensorarmband angelegt, um die physiologischen Daten zu erheben. Anschlie\u00dfend haben sie sich mithilfe eines Tutorials mit der Steuerung der VR-Anwendung vertraut gemacht. Danach wurden die vier BATs in einer pseudo-randomisierten Reihenfolge ausgef\u00fchrt.<\/p>\n\n\n\n<p>Nach dem Tutorial und nach jedem BAT haben die Probanden mehrere Frageb\u00f6gen ausgef\u00fcllt, um ihren psychologischen Stand zu bewerten. W\u00e4hrend der BATs haben die Probanden mehrfach auf einer Skala von 0 (keine Angst) bis 100 (extreme Angst) angegeben wie viel Angst sie aktuell haben.<\/p>\n\n\n\n<p><strong>Zielsetzungen<\/strong>:<\/p>\n\n\n\n<p>In dem Projekt gibt es zwei grunds\u00e4tzliche Ziele. Das erste Ziel ist es festzustellen, ob eine Umsetzung des BAT in VR eine valide Alternative zu klassischen BATs bietet. Hierzu werden die finalen Distanzen und die Ergebnisse der Frageb\u00f6gen verwendet.<\/p>\n\n\n\n<p>Das zweite Ziel ist es, die physiologischen Werte der Probanden mit den subjektiven Angstwerten zu vergleichen, um eine objektivere Angsterfassung zu erm\u00f6glichen.<\/p>\n","protected":false},"excerpt":{"rendered":"<p>Dieses Projekt, geleitet von Florian Grensing, welches in Kooperation mit dem Lehrstuhl der Klinischen Psychologie der Universit\u00e4t Siegen entstanden ist, befasst sich damit, das Ma\u00df der Angst von Phobikern mithilfe [&hellip;]<\/p>\n","protected":false},"author":3889,"featured_media":0,"parent":204,"menu_order":0,"comment_status":"closed","ping_status":"closed","template":"","meta":{"footnotes":""},"categories":[4],"tags":[],"class_list":["post-387","page","type-page","status-publish","hentry","category-forschung"],"_links":{"self":[{"href":"https:\/\/www.hsu-hh.de\/dataeng\/wp-json\/wp\/v2\/pages\/387","targetHints":{"allow":["GET"]}}],"collection":[{"href":"https:\/\/www.hsu-hh.de\/dataeng\/wp-json\/wp\/v2\/pages"}],"about":[{"href":"https:\/\/www.hsu-hh.de\/dataeng\/wp-json\/wp\/v2\/types\/page"}],"author":[{"embeddable":true,"href":"https:\/\/www.hsu-hh.de\/dataeng\/wp-json\/wp\/v2\/users\/3889"}],"replies":[{"embeddable":true,"href":"https:\/\/www.hsu-hh.de\/dataeng\/wp-json\/wp\/v2\/comments?post=387"}],"version-history":[{"count":8,"href":"https:\/\/www.hsu-hh.de\/dataeng\/wp-json\/wp\/v2\/pages\/387\/revisions"}],"predecessor-version":[{"id":915,"href":"https:\/\/www.hsu-hh.de\/dataeng\/wp-json\/wp\/v2\/pages\/387\/revisions\/915"}],"up":[{"embeddable":true,"href":"https:\/\/www.hsu-hh.de\/dataeng\/wp-json\/wp\/v2\/pages\/204"}],"wp:attachment":[{"href":"https:\/\/www.hsu-hh.de\/dataeng\/wp-json\/wp\/v2\/media?parent=387"}],"wp:term":[{"taxonomy":"category","embeddable":true,"href":"https:\/\/www.hsu-hh.de\/dataeng\/wp-json\/wp\/v2\/categories?post=387"},{"taxonomy":"post_tag","embeddable":true,"href":"https:\/\/www.hsu-hh.de\/dataeng\/wp-json\/wp\/v2\/tags?post=387"}],"curies":[{"name":"wp","href":"https:\/\/api.w.org\/{rel}","templated":true}]}}