{"id":367,"date":"2024-08-27T15:15:37","date_gmt":"2024-08-27T13:15:37","guid":{"rendered":"https:\/\/www.hsu-hh.de\/dataeng\/?page_id=367"},"modified":"2025-02-11T14:02:45","modified_gmt":"2025-02-11T13:02:45","slug":"large-scale-data-management","status":"publish","type":"page","link":"https:\/\/www.hsu-hh.de\/dataeng\/lehre\/large-scale-data-management\/","title":{"rendered":"Large-Scale Data Management"},"content":{"rendered":"\n<h2 class=\"wp-block-heading\">Modulverantwortliche<\/h2>\n\n\n\n<p><a href=\"https:\/\/www.hsu-hh.de\/dataeng\/mitarbeiter\/maria-maleshkova\" data-type=\"page\" data-id=\"327\"><abbr title=\"Professor\">Prof.<\/abbr> <abbr title=\"Doktor\">Dr.<\/abbr> Maria Maleshkova<\/a><\/p>\n\n\n\n<h2 class=\"wp-block-heading\">Qualifikationsziel<\/h2>\n\n\n\n<p>Large-Scale Data Management befasst sich mit der sicheren Handhabung gro\u00dfer Datenmengen. Die unscharfe Begrifflichkeit &#8222;gro\u00df&#8220; wird dabei nach heutigen Ma\u00dfst\u00e4ben der Begrifflichkeit &#8222;Big Data&#8220; in Volumina der Gr\u00f6\u00dfenordnung um 2 hoch 64 Bytes verortet. Corpora dieser Dimension werden f\u00fcr die Bereiche der Suchmaschinen und der globalen Digitalisierungsbestrebungen vorhergesagt. Daetnmengen dieser Dimension sind sicher zu konservieren, zu transportieren, zu analysieren und zu verarbeiten. Im Modul zu erwerben sind die Kompetenzen zur Handhabung gro\u00dfer Datenmengen.<\/p>\n\n\n\n<h2 class=\"wp-block-heading\">Inhalte<\/h2>\n\n\n\n<p>Die fachspezifische Berufsqualifikation und Schl\u00fcsselkompetenzen sollen im Besonderen in folgenden Bereichen vermittelt werden:<\/p>\n\n\n\n<ul class=\"wp-block-list\">\n<li>Grundlagen der Dom\u00e4ne gro\u00dfer Datenmengen<\/li>\n\n\n\n<li>Methoden der Aquise und Pflege gro\u00dfer Datenmengen<\/li>\n\n\n\n<li>Sichere Speicherung, Verf\u00fcgbarkeit, Fehlerkennung, Fehlerkorrektur<\/li>\n\n\n\n<li>Sichere \u00dcbertragung<\/li>\n\n\n\n<li>Komplexit\u00e4tsma\u00dfe unter der Betrachtung &#8222;gro\u00dfer&#8220; Zahlen<\/li>\n\n\n\n<li>Effiziente Analyse gro\u00dfer Datenmengen (Big Data Analysis)<\/li>\n\n\n\n<li>Methoden der KI in der Big Data Analysis<\/li>\n\n\n\n<li>Parallelismus in den Methoden bei der Handhabung gro\u00dfer Datenmengen<\/li>\n\n\n\n<li>Steuerung und Optimierung logistischer Prozesse unter Verwendung extrem gro\u00dfer Datenmengen<\/li>\n\n\n\n<li>Milit\u00e4rische Nutzung der Big Data Analysis<\/li>\n<\/ul>\n\n\n\n<h2 class=\"wp-block-heading\">Modulbestandteile<\/h2>\n\n\n\n<p>Der Umfang des Kurses betr\u00e4gt 2 TWS Vorlesung, 1 TWS \u00dcbung f\u00fcr <strong>6 LP<\/strong>.<\/p>\n","protected":false},"excerpt":{"rendered":"<p>Modulverantwortliche Prof. Dr. Maria Maleshkova Qualifikationsziel Large-Scale Data Management befasst sich mit der sicheren Handhabung gro\u00dfer Datenmengen. Die unscharfe Begrifflichkeit &#8222;gro\u00df&#8220; wird dabei nach heutigen Ma\u00dfst\u00e4ben der Begrifflichkeit &#8222;Big Data&#8220; [&hellip;]<\/p>\n","protected":false},"author":3889,"featured_media":0,"parent":116,"menu_order":0,"comment_status":"closed","ping_status":"closed","template":"","meta":{"footnotes":""},"categories":[4],"tags":[],"class_list":["post-367","page","type-page","status-publish","hentry","category-forschung"],"_links":{"self":[{"href":"https:\/\/www.hsu-hh.de\/dataeng\/wp-json\/wp\/v2\/pages\/367","targetHints":{"allow":["GET"]}}],"collection":[{"href":"https:\/\/www.hsu-hh.de\/dataeng\/wp-json\/wp\/v2\/pages"}],"about":[{"href":"https:\/\/www.hsu-hh.de\/dataeng\/wp-json\/wp\/v2\/types\/page"}],"author":[{"embeddable":true,"href":"https:\/\/www.hsu-hh.de\/dataeng\/wp-json\/wp\/v2\/users\/3889"}],"replies":[{"embeddable":true,"href":"https:\/\/www.hsu-hh.de\/dataeng\/wp-json\/wp\/v2\/comments?post=367"}],"version-history":[{"count":6,"href":"https:\/\/www.hsu-hh.de\/dataeng\/wp-json\/wp\/v2\/pages\/367\/revisions"}],"predecessor-version":[{"id":989,"href":"https:\/\/www.hsu-hh.de\/dataeng\/wp-json\/wp\/v2\/pages\/367\/revisions\/989"}],"up":[{"embeddable":true,"href":"https:\/\/www.hsu-hh.de\/dataeng\/wp-json\/wp\/v2\/pages\/116"}],"wp:attachment":[{"href":"https:\/\/www.hsu-hh.de\/dataeng\/wp-json\/wp\/v2\/media?parent=367"}],"wp:term":[{"taxonomy":"category","embeddable":true,"href":"https:\/\/www.hsu-hh.de\/dataeng\/wp-json\/wp\/v2\/categories?post=367"},{"taxonomy":"post_tag","embeddable":true,"href":"https:\/\/www.hsu-hh.de\/dataeng\/wp-json\/wp\/v2\/tags?post=367"}],"curies":[{"name":"wp","href":"https:\/\/api.w.org\/{rel}","templated":true}]}}