{"id":363,"date":"2024-08-27T15:04:27","date_gmt":"2024-08-27T13:04:27","guid":{"rendered":"https:\/\/www.hsu-hh.de\/dataeng\/?page_id=363"},"modified":"2025-02-11T14:14:51","modified_gmt":"2025-02-11T13:14:51","slug":"semantic-web-und-linked-data-technologie","status":"publish","type":"page","link":"https:\/\/www.hsu-hh.de\/dataeng\/lehre\/semantic-web-und-linked-data-technologie\/","title":{"rendered":"Semantic Web und Linked Data Technologie"},"content":{"rendered":"\n<h2 class=\"wp-block-heading\">Modulverantwortliche<\/h2>\n\n\n\n<p><a href=\"https:\/\/www.hsu-hh.de\/dataeng\/mitarbeiter\/maria-maleshkova\/\" data-type=\"page\" data-id=\"327\"><abbr title=\"Professor\">Prof.<\/abbr> <abbr title=\"Doktor\">Dr.<\/abbr> Maria Maleshkova<\/a>, <a href=\"https:\/\/www.hsu-hh.de\/dataeng\/mitarbeiter\/paul-schreiber\/\"><abbr title=\"Master of Science\">M.Sc.<\/abbr> Paul Schreiber<\/a><\/p>\n\n\n\n<h2 class=\"wp-block-heading\">Qualifikationsziel<\/h2>\n\n\n\n<p>Beim Semantic Web handelt es sich um eine Erweiterung des klassischen Webs. W\u00e4hrend dieses zun\u00e4chst weitgehend aus einem weltweit genutzten Corpus aus Text- und Bildinformation bestand, so wird ein semantisches Netz umfangreich um sogenannte Meta-Information erg\u00e4nzt. Die Studierenden erwerben die Kompetenz, semantische Netze im Hinblick auf Anwendungen insbesondere in der Logistik zu entwerfen.<\/p>\n\n\n\n<h2 class=\"wp-block-heading\">Inhalte<\/h2>\n\n\n\n<p>Die fachspezifische Berufsqualifikation und Schl\u00fcsselkompetenzen sollen im Besonderen in folgenden Bereichen vermittelt werden:<\/p>\n\n\n\n<ul class=\"wp-block-list\">\n<li>Grundlagen des &#8222;klassischen&#8220; Webs<\/li>\n\n\n\n<li>Grundlagen eines Semantic Webs (SW)\n<ul class=\"wp-block-list\">\n<li>Metainformation<\/li>\n\n\n\n<li>Wissen und Gehalt<\/li>\n\n\n\n<li>Semantic Grid<\/li>\n<\/ul>\n<\/li>\n\n\n\n<li>Standards\n<ul class=\"wp-block-list\">\n<li>Hypertext<\/li>\n\n\n\n<li>Sprachen, <abbr title=\"Hypertext Markup Language\">HTML<\/abbr>, PHP, Java<\/li>\n\n\n\n<li>Datenmodelle<\/li>\n<\/ul>\n<\/li>\n\n\n\n<li>Nutzen und Risiken eines SW\n<ul class=\"wp-block-list\">\n<li>Big Data und die Big Data Analysis (siehe <a href=\"https:\/\/www.hsu-hh.de\/dataeng\/lehre\/large-scale-data-management\/\" data-type=\"page\" data-id=\"367\">Large-Scale Data Management<\/a> Modul)<\/li>\n\n\n\n<li>Netzdienste unter Verwendung von Suchmaschinen\n<ul class=\"wp-block-list\">\n<li>Suchmaschinen<\/li>\n\n\n\n<li>Wikis<\/li>\n<\/ul>\n<\/li>\n<\/ul>\n<\/li>\n\n\n\n<li>Technologie zur Darstellung und zur Analyse eines SW<\/li>\n\n\n\n<li>Milit\u00e4rische Nutzung\n<ul class=\"wp-block-list\">\n<li>Bedeutung eines internen Semantic Webs<\/li>\n\n\n\n<li>Aufkl\u00e4rung durch Nutzung von SWs<\/li>\n\n\n\n<li>Eigenrisiken in SWs<\/li>\n<\/ul>\n<\/li>\n<\/ul>\n\n\n\n<h2 class=\"wp-block-heading\">Modulbestandteile<\/h2>\n\n\n\n<p>Der Umfang des Kurses betr\u00e4gt 2 TWS Vorlesung, 1 TWS \u00dcbung f\u00fcr <strong>4 LP<\/strong>.<\/p>\n","protected":false},"excerpt":{"rendered":"<p>Modulverantwortliche Prof. Dr. Maria Maleshkova, M.Sc. Paul Schreiber Qualifikationsziel Beim Semantic Web handelt es sich um eine Erweiterung des klassischen Webs. W\u00e4hrend dieses zun\u00e4chst weitgehend aus einem weltweit genutzten Corpus [&hellip;]<\/p>\n","protected":false},"author":3889,"featured_media":0,"parent":116,"menu_order":0,"comment_status":"closed","ping_status":"closed","template":"","meta":{"footnotes":""},"categories":[4],"tags":[],"class_list":["post-363","page","type-page","status-publish","hentry","category-forschung"],"_links":{"self":[{"href":"https:\/\/www.hsu-hh.de\/dataeng\/wp-json\/wp\/v2\/pages\/363","targetHints":{"allow":["GET"]}}],"collection":[{"href":"https:\/\/www.hsu-hh.de\/dataeng\/wp-json\/wp\/v2\/pages"}],"about":[{"href":"https:\/\/www.hsu-hh.de\/dataeng\/wp-json\/wp\/v2\/types\/page"}],"author":[{"embeddable":true,"href":"https:\/\/www.hsu-hh.de\/dataeng\/wp-json\/wp\/v2\/users\/3889"}],"replies":[{"embeddable":true,"href":"https:\/\/www.hsu-hh.de\/dataeng\/wp-json\/wp\/v2\/comments?post=363"}],"version-history":[{"count":6,"href":"https:\/\/www.hsu-hh.de\/dataeng\/wp-json\/wp\/v2\/pages\/363\/revisions"}],"predecessor-version":[{"id":1005,"href":"https:\/\/www.hsu-hh.de\/dataeng\/wp-json\/wp\/v2\/pages\/363\/revisions\/1005"}],"up":[{"embeddable":true,"href":"https:\/\/www.hsu-hh.de\/dataeng\/wp-json\/wp\/v2\/pages\/116"}],"wp:attachment":[{"href":"https:\/\/www.hsu-hh.de\/dataeng\/wp-json\/wp\/v2\/media?parent=363"}],"wp:term":[{"taxonomy":"category","embeddable":true,"href":"https:\/\/www.hsu-hh.de\/dataeng\/wp-json\/wp\/v2\/categories?post=363"},{"taxonomy":"post_tag","embeddable":true,"href":"https:\/\/www.hsu-hh.de\/dataeng\/wp-json\/wp\/v2\/tags?post=363"}],"curies":[{"name":"wp","href":"https:\/\/api.w.org\/{rel}","templated":true}]}}