{"id":361,"date":"2024-08-27T15:01:01","date_gmt":"2024-08-27T13:01:01","guid":{"rendered":"https:\/\/www.hsu-hh.de\/dataeng\/?page_id=361"},"modified":"2025-02-11T09:02:31","modified_gmt":"2025-02-11T08:02:31","slug":"cyber-security","status":"publish","type":"page","link":"https:\/\/www.hsu-hh.de\/dataeng\/lehre\/cyber-security\/","title":{"rendered":"Cyber Security"},"content":{"rendered":"\n<h2 class=\"wp-block-heading\">Modulverantwortliche Personen<\/h2>\n\n\n\n<p><a href=\"https:\/\/www.hsu-hh.de\/dataeng\/mitarbeiter\/maria-maleshkova\/\" data-type=\"page\" data-id=\"327\"><abbr title=\"Professor\">Prof.<\/abbr> <abbr title=\"Doktor\">Dr.<\/abbr> Maria Maleshkova<\/a>, <a href=\"https:\/\/www.hsu-hh.de\/dataeng\/mitarbeiter\/florian-grensing\/\"><abbr title=\"Master of Science\">M.Sc.<\/abbr> Florian Grensing<\/a><\/p>\n\n\n\n<h2 class=\"wp-block-heading\">Qualifikationsziel<\/h2>\n\n\n\n<p>Das Modul vermittelt Grundlagenkompetenz im Bereich der Sicherheit informationstechnischer Systeme. Nach erfolgreichem Besuch des Moduls sind Absolventen bef\u00e4higt,<\/p>\n\n\n\n<ul class=\"wp-block-list\">\n<li>sicherheitsrelevante Aspekte von Betriebsystemen und Rechnernetzen einzusch\u00e4tzen und zu bewerten<\/li>\n\n\n\n<li>kryptographische Methoden zu bewerten und einzusetzen<\/li>\n\n\n\n<li>lokale und verteilte Systeme bez\u00fcglich potenizieller Risikoelemente in der Struktur, der Organisation und im Ablauf zu bewerten<\/li>\n\n\n\n<li>lokale und verteilte Systeme bez\u00fcglich potenizieller Risikoelemente in der Struktur, der Organisation und im Ablauf zu h\u00e4rten<\/li>\n<\/ul>\n\n\n\n<h2 class=\"wp-block-heading\">Inhalte<\/h2>\n\n\n\n<p>Die fachspezifische Berufsqualifikation und Schl\u00fcsselkompetenzen sollen im Besonderen in folgenden Bereichen vermittelt werden:<\/p>\n\n\n\n<ul class=\"wp-block-list\">\n<li>Kryptographie\n<ul class=\"wp-block-list\">\n<li>Strukturelle Grundlagen<\/li>\n\n\n\n<li>Mathematische Grundlagen<\/li>\n\n\n\n<li>Verschl\u00fcsselungsverfahren<\/li>\n\n\n\n<li>Signaturverfahren<\/li>\n<\/ul>\n<\/li>\n\n\n\n<li>Grundlagen der Angriffstechniken auf informationstechnische Systeme<\/li>\n\n\n\n<li>Grundlagen der automatisierten Angriffserkennung (<abbr title=\"zum Beispiel\">z.B.<\/abbr> Intrusion Detection)<\/li>\n\n\n\n<li>Grundlagen des Schutzes informationstechnischer Systeme durch\n<ul class=\"wp-block-list\">\n<li>Hardware<\/li>\n\n\n\n<li>Software<\/li>\n\n\n\n<li>Organisatorische Ma\u00dfnahmen<\/li>\n\n\n\n<li>Bauliche Ma\u00dfnahmen<\/li>\n<\/ul>\n<\/li>\n\n\n\n<li>Aspekte der milit\u00e4rischen <abbr title=\"Informationstechnologie\">IT<\/abbr>-Sicherheit<\/li>\n\n\n\n<li>Sicherheitsbezogene Bewertung und H\u00e4rtung lokaler und verteilter Systeme an Fallbeispielen<\/li>\n\n\n\n<li><abbr title=\"Informationstechnologie\">IT<\/abbr>-Sicherheit Eingebetteter<\/li>\n<\/ul>\n\n\n\n<h2 class=\"wp-block-heading\">Modulbestandteile<\/h2>\n\n\n\n<p>Der Umfang dieses Kurses betr\u00e4gt 2 TWS Vorlesung, 2 TWS \u00dcbung f\u00fcr 4 LP.<\/p>\n\n\n\n<h2 class=\"wp-block-heading\">Empfohlene Literatur<\/h2>\n\n\n\n<p>Gupta: Computer and Cyber Security: Principles, Algortihm, Applications, and Perspectives<\/p>\n","protected":false},"excerpt":{"rendered":"<p>Modulverantwortliche Personen Prof. Dr. Maria Maleshkova, M.Sc. Florian Grensing Qualifikationsziel Das Modul vermittelt Grundlagenkompetenz im Bereich der Sicherheit informationstechnischer Systeme. Nach erfolgreichem Besuch des Moduls sind Absolventen bef\u00e4higt, Inhalte Die [&hellip;]<\/p>\n","protected":false},"author":3889,"featured_media":0,"parent":116,"menu_order":0,"comment_status":"closed","ping_status":"closed","template":"","meta":{"footnotes":""},"categories":[4],"tags":[],"class_list":["post-361","page","type-page","status-publish","hentry","category-forschung"],"_links":{"self":[{"href":"https:\/\/www.hsu-hh.de\/dataeng\/wp-json\/wp\/v2\/pages\/361","targetHints":{"allow":["GET"]}}],"collection":[{"href":"https:\/\/www.hsu-hh.de\/dataeng\/wp-json\/wp\/v2\/pages"}],"about":[{"href":"https:\/\/www.hsu-hh.de\/dataeng\/wp-json\/wp\/v2\/types\/page"}],"author":[{"embeddable":true,"href":"https:\/\/www.hsu-hh.de\/dataeng\/wp-json\/wp\/v2\/users\/3889"}],"replies":[{"embeddable":true,"href":"https:\/\/www.hsu-hh.de\/dataeng\/wp-json\/wp\/v2\/comments?post=361"}],"version-history":[{"count":9,"href":"https:\/\/www.hsu-hh.de\/dataeng\/wp-json\/wp\/v2\/pages\/361\/revisions"}],"predecessor-version":[{"id":944,"href":"https:\/\/www.hsu-hh.de\/dataeng\/wp-json\/wp\/v2\/pages\/361\/revisions\/944"}],"up":[{"embeddable":true,"href":"https:\/\/www.hsu-hh.de\/dataeng\/wp-json\/wp\/v2\/pages\/116"}],"wp:attachment":[{"href":"https:\/\/www.hsu-hh.de\/dataeng\/wp-json\/wp\/v2\/media?parent=361"}],"wp:term":[{"taxonomy":"category","embeddable":true,"href":"https:\/\/www.hsu-hh.de\/dataeng\/wp-json\/wp\/v2\/categories?post=361"},{"taxonomy":"post_tag","embeddable":true,"href":"https:\/\/www.hsu-hh.de\/dataeng\/wp-json\/wp\/v2\/tags?post=361"}],"curies":[{"name":"wp","href":"https:\/\/api.w.org\/{rel}","templated":true}]}}