{"id":354,"date":"2024-08-27T14:54:27","date_gmt":"2024-08-27T12:54:27","guid":{"rendered":"https:\/\/www.hsu-hh.de\/dataeng\/?page_id=354"},"modified":"2025-02-11T13:42:40","modified_gmt":"2025-02-11T12:42:40","slug":"kommunikation-in-verteilten-systemen","status":"publish","type":"page","link":"https:\/\/www.hsu-hh.de\/dataeng\/lehre\/kommunikation-in-verteilten-systemen\/","title":{"rendered":"Kommunikation in verteilten Systemen"},"content":{"rendered":"\n<h2 class=\"wp-block-heading\">Modulverantwortliche<\/h2>\n\n\n\n<p><a href=\"https:\/\/www.hsu-hh.de\/dataeng\/mitarbeiter\/maria-maleshkova\" data-type=\"page\" data-id=\"327\"><abbr title=\"Professor\">Prof.<\/abbr> <abbr title=\"Doktor\">Dr.<\/abbr> Maria Maleshkova<\/a>, <a href=\"https:\/\/www.hsu-hh.de\/dataeng\/mitarbeiter\/florian-grensing\/\"><abbr title=\"Master of Science\">M.Sc.<\/abbr> Florian Grensing<\/a><\/p>\n\n\n\n<h2 class=\"wp-block-heading\">Qualifikationsziel<\/h2>\n\n\n\n<ul class=\"wp-block-list\">\n<li>Die Studierenden kenn die grundlegenden M\u00f6glichkeiten und Methoden der Kommunikation in verteilten Systemen.<\/li>\n\n\n\n<li>Anhand einer Einf\u00fchrung in Java und der beispielhaften Entwicklung eines Web-Shops werden die Studierenden in die Lage versetzt, die Komplexit\u00e4t einer gro\u00dfen verteilten Logistik-Applikation einzusch\u00e4tzen und zu beurteilen.<\/li>\n<\/ul>\n\n\n\n<h2 class=\"wp-block-heading\">Inhalte<\/h2>\n\n\n\n<ol class=\"wp-block-list\">\n<li>Verteilte Systeme und Anwendungen\n<ul class=\"wp-block-list\">\n<li>Modelle verteilter Systeme (asynchron, synchron, atom)<\/li>\n\n\n\n<li>Client-Server Architekturen, Drei-Schichten-Architektur<\/li>\n\n\n\n<li>Client- und Server-Technologien, Peer-to-Peer<\/li>\n<\/ul>\n<\/li>\n\n\n\n<li>Nachrichtenbasierte Kommunikation\n<ul class=\"wp-block-list\">\n<li>Kommunkationsprotokolle im <abbr title=\"International Standards Organization\">ISO<\/abbr> OSI-Modell (TCP\/IP, UDP, SMTP, &#8230;)<\/li>\n\n\n\n<li>Client Technologien (<abbr title=\"Hypertext Markup Language\">HTML<\/abbr>, JavaScript)<\/li>\n\n\n\n<li>Remote Procedure Calls (RPCs)<\/li>\n<\/ul>\n<\/li>\n\n\n\n<li>Middleware\n<ul class=\"wp-block-list\">\n<li>Middleware und deren Aufgaben<\/li>\n\n\n\n<li>Anwendungsbeispiele<\/li>\n<\/ul>\n<\/li>\n\n\n\n<li>Web-Service, Web-APIs (RMI, SOAP, WSDL, XML, &#8230;)\n<ul class=\"wp-block-list\">\n<li>Protokolle (SOAP, WSDL, &#8230;)<\/li>\n\n\n\n<li>Services (BPEL, JMS, &#8230;)<\/li>\n<\/ul>\n<\/li>\n\n\n\n<li>Labor\u00fcbung: Schrittweise Entwicklung einer Web-Shop Anwendung\n<ul class=\"wp-block-list\">\n<li>Einf\u00fchrung in Java und Java-Webtechnologien<\/li>\n\n\n\n<li>JavaServer Pages (JSPs), Servlets, Java Servlet API, JavaBeans, Servlet-Engine<\/li>\n<\/ul>\n<\/li>\n<\/ol>\n\n\n\n<h2 class=\"wp-block-heading\">Modulbestandteile<\/h2>\n\n\n\n<p>Der Umfang dieses Kurses betr\u00e4gt 2 TWS Vorlesung, 1 TWS \u00dcbung f\u00fcr <strong>4 LP<\/strong>.<\/p>\n\n\n\n<h2 class=\"wp-block-heading\">Empfohlene Literatur<\/h2>\n\n\n\n<p>Schill, Springer: Verteilte Systeme: Grundlagen und Basistechnologien<\/p>\n","protected":false},"excerpt":{"rendered":"<p>Modulverantwortliche Prof. Dr. Maria Maleshkova, M.Sc. Florian Grensing Qualifikationsziel Inhalte Modulbestandteile Der Umfang dieses Kurses betr\u00e4gt 2 TWS Vorlesung, 1 TWS \u00dcbung f\u00fcr 4 LP. Empfohlene Literatur Schill, Springer: Verteilte [&hellip;]<\/p>\n","protected":false},"author":3889,"featured_media":0,"parent":116,"menu_order":0,"comment_status":"closed","ping_status":"closed","template":"","meta":{"footnotes":""},"categories":[4],"tags":[],"class_list":["post-354","page","type-page","status-publish","hentry","category-forschung"],"_links":{"self":[{"href":"https:\/\/www.hsu-hh.de\/dataeng\/wp-json\/wp\/v2\/pages\/354","targetHints":{"allow":["GET"]}}],"collection":[{"href":"https:\/\/www.hsu-hh.de\/dataeng\/wp-json\/wp\/v2\/pages"}],"about":[{"href":"https:\/\/www.hsu-hh.de\/dataeng\/wp-json\/wp\/v2\/types\/page"}],"author":[{"embeddable":true,"href":"https:\/\/www.hsu-hh.de\/dataeng\/wp-json\/wp\/v2\/users\/3889"}],"replies":[{"embeddable":true,"href":"https:\/\/www.hsu-hh.de\/dataeng\/wp-json\/wp\/v2\/comments?post=354"}],"version-history":[{"count":7,"href":"https:\/\/www.hsu-hh.de\/dataeng\/wp-json\/wp\/v2\/pages\/354\/revisions"}],"predecessor-version":[{"id":979,"href":"https:\/\/www.hsu-hh.de\/dataeng\/wp-json\/wp\/v2\/pages\/354\/revisions\/979"}],"up":[{"embeddable":true,"href":"https:\/\/www.hsu-hh.de\/dataeng\/wp-json\/wp\/v2\/pages\/116"}],"wp:attachment":[{"href":"https:\/\/www.hsu-hh.de\/dataeng\/wp-json\/wp\/v2\/media?parent=354"}],"wp:term":[{"taxonomy":"category","embeddable":true,"href":"https:\/\/www.hsu-hh.de\/dataeng\/wp-json\/wp\/v2\/categories?post=354"},{"taxonomy":"post_tag","embeddable":true,"href":"https:\/\/www.hsu-hh.de\/dataeng\/wp-json\/wp\/v2\/tags?post=354"}],"curies":[{"name":"wp","href":"https:\/\/api.w.org\/{rel}","templated":true}]}}