{"id":1281,"date":"2026-03-23T10:15:56","date_gmt":"2026-03-23T09:15:56","guid":{"rendered":"https:\/\/www.hsu-hh.de\/dataeng\/?page_id=1281"},"modified":"2026-03-24T10:19:42","modified_gmt":"2026-03-24T09:19:42","slug":"themen-fuer-abschlussarbeiten","status":"publish","type":"page","link":"https:\/\/www.hsu-hh.de\/dataeng\/forschung\/themen-fuer-abschlussarbeiten\/","title":{"rendered":"Themen f\u00fcr Abschlussarbeiten"},"content":{"rendered":"\n<p>Unsere Professur bietet Studierenden eine Reihe spannender Abschlussarbeiten, die einen wesentlichen Beitrag zu laufenden Forschungsprojekten leisten. Melden Sie sich bitte bei Interesse an den gelisteten Betreuer. Wir freuen uns auf die Zusammenarbeit!<\/p>\n\n\n\n<p><strong>BA-S<\/strong>: Bachelorseminararbeit<br><strong>BA<\/strong>: Bachelorarbeit<br><strong>MA-S:<\/strong> Masterseminararbeit<br><strong>MA<\/strong>: Masterarbeit<\/p>\n\n\n\n<div style=\"height:60px\" aria-hidden=\"true\" class=\"wp-block-spacer\"><\/div>\n\n\n\n<p class=\"has-medium-font-size\" id=\"block-3071b325-30f7-4e90-a582-1a685d165c27\"><mark style=\"background-color:#ffffff\" class=\"has-inline-color has-red-color\">Themenfeld: Internet of Things (IoT)<\/mark><\/p>\n\n\n\n<p id=\"block-653ae4ae-7c11-4fad-8edc-7422cfb8fa51\"><strong><em>&#8222;<strong>Semantische Technologien zur Unterst\u00fctzung komplexer MQTT-basierter IoT-Umgebungen<\/strong>&#8222;<\/em><\/strong><\/p>\n\n\n\n<p id=\"block-cba07208-8cd0-41ce-86b7-5f3c5ed8f4eb\"><strong>Beschreibung:<\/strong><\/p>\n\n\n\n<p id=\"block-89701460-9d05-49af-b127-266e770f8822\">Das Message Queuing Telemetry Transport (MQTT) ist ein weit verbreitetes Nachrichtenprotokoll in industriellen Umgebungen sowie im Internet der Dinge (IoT). Es arbeitet nach dem Publish\/Subscribe-Modell: Clients fungieren als Publisher und\/oder Subscriber, und ein zentraler Broker dient als Nachrichtenverteiler zwischen ihnen. Publisher (Clients) ver\u00f6ffentlichen Nachrichten \u00fcber Topics, und Subscriber (Clients) abonnieren Topic-Filter, die Wildcards enthalten k\u00f6nnen, um verwandte Topic-Streams dynamisch zu erfassen.<br>MQTT-Topics und Nachrichtenstrukturen sind in der Praxis h\u00e4ufig stark anwendungsspezifisch und folgen oftmals herstellerspezifischen Namenskonventionen. Topics werden typischerweise als hierarchische Pfade organisiert (z. B. <em>productionline1\/machineA\/dht22\/temperature\/rfid98765<\/em>), w\u00e4hrend Nachrichteninhalte als JSON-Strukturen \u00fcbermittelt werden k\u00f6nnen. Metadaten zu Sensoren, Ger\u00e4ten oder Messkontexten k\u00f6nnen sowohl in den Topics als auch in den Nachrichten enthalten sein.<br>Die semantische Verkn\u00fcpfung von MQTT-Topics und Nachrichteninhalten mit formalen Beschreibungen des zugrunde liegenden Sensornetzwerks er\u00f6ffnet neue M\u00f6glichkeiten f\u00fcr die Analyse von Datenstr\u00f6men sowie f\u00fcr die automatisierte, semantikbasierte Konfiguration von IoT-Systemen.<br>Ziel dieser Abschlussarbeit ist es, zu untersuchen, inwiefern semantische Technologien zur Modellierung, Integration und Analyse komplexer MQTT-basierter IoT-Umgebungen beitragen k\u00f6nnen. Dabei sollen bestehende Ans\u00e4tze praktisch angewendet, erweitert und hinsichtlich ihres Nutzens bewertet werden.<br>Als Grundlage dienen insbesondere folgende Ontologie und Framework:<br><a href=\"https:\/\/github.com\/doernern\/MQTT4SSNOntology\" rel='nofollow'>https:\/\/github.com\/doernern\/MQTT4SSNOntology<\/a><br><a href=\"https:\/\/github.com\/doernern\/MQTT2RDF\" rel='nofollow'>https:\/\/github.com\/doernern\/MQTT2RDF<\/a><\/p>\n\n\n\n<p id=\"block-e480adf6-48e1-4a78-bb6f-6d954091fcb5\"><strong>Mindestanforderungen:<\/strong><\/p>\n\n\n\n<p id=\"block-c9ad0645-d174-42cb-b057-d1d108ba6f49\">Grundlegende Programmierkenntnisse, Grundkenntnisse Ontologien, hohe Motivation, gute Kommunikationsf\u00e4higkeit<\/p>\n\n\n\n<p id=\"block-3efc59bf-acdb-4f7c-bf8c-3a66859d189c\"><strong>Geeignet f\u00fcr:<\/strong><\/p>\n\n\n\n<p id=\"block-e7af68a6-f044-4284-8943-5287270252c2\">MA-S, MA<\/p>\n\n\n\n<p id=\"block-92bbfc8f-6c15-48e8-bc3d-7322fdf60fc1\"><strong>Betreut durch:<\/strong><\/p>\n\n\n\n<p id=\"block-da522458-f5a4-4f37-bdef-db333c0c6d63\"><a href=\"https:\/\/www.hsu-hh.de\/dataeng\/mitarbeiter\/niklas-doerner\/\">Niklas D\u00f6rner<\/a>, doernern@hsu-hh.de<\/p>\n\n\n\n<hr class=\"wp-block-separator has-alpha-channel-opacity\" \/>\n\n\n\n<p class=\"has-medium-font-size\"><mark style=\"background-color:#ffffff\" class=\"has-inline-color has-red-color\">Themenfeld: Gesundheitswesen<\/mark><\/p>\n\n\n\n<p><strong><em>&#8222;<strong>Analyse statistischer Patientenprofil-Metriken zur Personalisierung von Machine-Learning-Modellen<\/strong>&#8222;<\/em><\/strong><\/p>\n\n\n\n<p><strong>Beschreibung:<\/strong><\/p>\n\n\n\n<p>Entwicklung einer statistischen Patientenprofil-Matrix, die individuelle Merkmale (z. B. Mittelwert, Standardabweichung, Varianz und weitere Verteilungsmerkmale) aus Sensor- oder Sequenzdaten jedes Patienten erfasst. Ziel ist es, neue Sequenzen Patienten zuzuordnen, ohne explizit auf Patientenkennungen (PtID) zur\u00fcckzugreifen.<br>Auf Basis dieser Matrix wird ein Machine-Learning-Klassifikationsmodell trainiert, das diese statistischen Profile als implizite Identifikatoren nutzt. Es soll untersucht werden, ob die Einbeziehung patientenspezifischer statistischer Merkmale die Modellleistung im Vergleich zu Basismodellen verbessert, die individuelle Unterschiede nicht ber\u00fccksichtigen.<br>Zugrunde liegende Forschungsfragen sind: Wie stark unterscheiden sich diese Merkmale zwischen einzelnen Individuen? Welche statistischen Merkmale in einem Datensatz helfen dem Modell, zu erkennen, zu welchen Patienten Daten geh\u00f6ren, oder zumindest, dass sie zu einem anderen Patienten geh\u00f6ren?<\/p>\n\n\n\n<p><strong>Mindestanforderungen:<\/strong><\/p>\n\n\n\n<p>Programmierkenntnisse (Grundlagen Python), Statistikkenntnisse auf Schulniveau, hohe Motivation, gute Kommunikationsf\u00e4higkeit<\/p>\n\n\n\n<p><strong>Geeignet f\u00fcr:<\/strong><\/p>\n\n\n\n<p>MA-S, MA<\/p>\n\n\n\n<p><strong>Betreut durch:<\/strong><\/p>\n\n\n\n<p><a href=\"https:\/\/www.hsu-hh.de\/dataeng\/mitarbeiter\/beyza-cinar\/\">Beyza Cinar<\/a>, cinarb@hsu-hh.de<br><a href=\"https:\/\/www.hsu-hh.de\/dataeng\/mitarbeiter\/vaibhav-gupta\/\">Vaibhav Gupta<\/a>, guptav@hsu-hh.de<\/p>\n\n\n\n<hr class=\"wp-block-separator has-alpha-channel-opacity\" \/>\n\n\n\n<p class=\"has-medium-font-size\"><mark style=\"background-color:#ffffff\" class=\"has-inline-color has-red-color\">Themenfeld: Datenimputation<\/mark><\/p>\n\n\n\n<p><strong><em>&#8222;Analyse von Evaluationsmetriken f\u00fcr den Rekonstruktionsverlust bei Imputationstechniken&#8220;<\/em><\/strong><\/p>\n\n\n\n<p><strong>Beschreibung:<\/strong><\/p>\n\n\n\n<p>Dieses Projekt konzentriert sich auf die Bewertung von Imputationstechniken zur Behandlung fehlender Werte in Gesundheitsdatens\u00e4tzen. Die Leistung dieser Techniken, insbesondere im Hinblick auf den Rekonstruktionsverlust, wird \u00fcblicherweise mithilfe verschiedener Evaluationsmetriken wie RMSE, MAPE und \u00e4hnlicher Ma\u00dfe beurteilt.<br>Ziel der Arbeit ist es, eine umfassende State-of-the-Art-Analyse von Evaluationsmetriken in diesem Bereich durchzuf\u00fchren, einschlie\u00dflich Metriken zur Vorhersagegenauigkeit, statistischer \u00c4hnlichkeitsma\u00dfen sowie Metriken zur Erhaltung von Mustern. Im Rahmen des Projekts werden mehrere Imputationstechniken auf ausgew\u00e4hlte Gesundheitsdatens\u00e4tze angewendet und anschlie\u00dfend systematisch mithilfe verschiedener Metriken bewertet. Die Studie vergleicht, wie effektiv diese Metriken die Qualit\u00e4t der Imputation erfassen, und hebt ihre St\u00e4rken und Schw\u00e4chen in realen Anwendungsszenarien im Gesundheitsbereich hervor.<\/p>\n\n\n\n<p><strong>Mindestanforderungen:<\/strong><\/p>\n\n\n\n<p>Programmierkenntnisse (Grundlagen), hohe Motivation, gute Kommunikationsf\u00e4higkeit<\/p>\n\n\n\n<p><strong>Geeignet f\u00fcr:<\/strong><\/p>\n\n\n\n<p>MA-S, MA<\/p>\n\n\n\n<p><strong>Betreut durch:<\/strong><\/p>\n\n\n\n<p><a href=\"https:\/\/www.hsu-hh.de\/dataeng\/mitarbeiter\/vaibhav-gupta\/\">Vaibhav Gupta<\/a>, guptav@hsu-hh.de<\/p>\n\n\n\n<hr class=\"wp-block-separator has-alpha-channel-opacity\" \/>\n\n\n\n<p class=\"has-medium-font-size\"><mark style=\"background-color:#ffffff\" class=\"has-inline-color has-red-color\">Themenfeld: Stresserkennung<\/mark><\/p>\n\n\n\n<p><strong><em>&#8222;Kontextuelle Annotation von Aktivit\u00e4ten mithilfe von GPS- und Beschleunigungsdaten&#8220;<\/em><\/strong><\/p>\n\n\n\n<p><strong>Beschreibung:<\/strong><\/p>\n\n\n\n<p>Gesundheitsanwendungen, die tragbare Ger\u00e4te wie Smartwatches nutzen, um den Gesundheitszustand von Personen zu bestimmen, werden zunehmend popul\u00e4r \u2013 sowohl als kommerzielle Produkte als auch als Gegenstand wissenschaftlicher Forschung. Die Forschung im Bereich der affektiven Informatik konzentriert sich h\u00e4ufig auf Laborstudien, um bestimmte kognitive oder emotionale Zust\u00e4nde zu rekonstruieren. Daten aus realit\u00e4tsn\u00e4heren Szenarien sind hingegen oft begrenzt, da detaillierte Annotationen und Labels fehlen.<br>Solche fehlenden Labels k\u00f6nnen kontextuelle Informationen umfassen, etwa den Aufenthaltsort oder die aktuell ausge\u00fcbte Aktivit\u00e4t einer Person \u2013 beides kann entscheidend sein, um die kognitive Belastung zu verstehen (z. B. Arbeitsweg, Arbeitsplatz, Universit\u00e4t, Sportst\u00e4tte <abbr title=\"und so weiter\">usw.<\/abbr>). Die Rekonstruktion solcher Labels aus vorhandenen Daten, etwa GPS- oder Beschleunigungsdaten, k\u00f6nnte dabei helfen, affektive oder kognitive Zust\u00e4nde von Personen zu modellieren.<br>Ziel dieses Projekts ist es, einen \u00dcberblick \u00fcber aktuelle Methoden zur Erkennung menschlicher Aktivit\u00e4ten (Human Activity Recognition) zu geben und ein Modell zu implementieren, das kontextuelle Labels effizient rekonstruiert.<\/p>\n\n\n\n<p><strong>Mindestanforderungen:<\/strong><\/p>\n\n\n\n<p>Programmierkenntnisse (Grundlagen bis Mittelstufe), hohe Motivation, gute Kommunikationsf\u00e4higkeit<\/p>\n\n\n\n<p><strong>Geeignet f\u00fcr:<\/strong><\/p>\n\n\n\n<p>BA, MA<\/p>\n\n\n\n<p><strong>Betreut durch:<\/strong><\/p>\n\n\n\n<p><a href=\"https:\/\/www.hsu-hh.de\/dataeng\/mitarbeiter\/paul-schreiber\">Paul Schreiber<\/a>, schreibp@hsu-hh.de<\/p>\n\n\n\n<div style=\"height:60px\" aria-hidden=\"true\" class=\"wp-block-spacer\"><\/div>\n\n\n\n<p><strong><em>&#8222;State Learning aus multivariaten biomedizinischen Zeitreihendaten&#8220;<\/em><\/strong><\/p>\n\n\n\n<p><strong>Beschreibung:<\/strong><\/p>\n\n\n\n<p>Diese Abschlussarbeit untersucht, wie sich aussagekr\u00e4ftige latente \u201ePatientenzust\u00e4nde\u201c aus multivariaten biomedizinischen Zeitreihen (z. B. Wearable-Daten) mithilfe von kontrastivem selbst\u00fcberwachtem Lernen ableiten lassen. Ziel ist es, zeitliche Segmente in kompakte Repr\u00e4sentationen zu kodieren, die zugrunde liegende physiologische Dynamiken erfassen und zugleich robust gegen\u00fcber Rauschen, fehlenden Daten und interindividueller Variabilit\u00e4t sind.<br>Neben dem selbst\u00fcberwachten Pretraining werden die gelernten Repr\u00e4sentationen anhand nachgelagerter \u00fcberwachter Klassifikationsaufgaben (z. B. Krankheitserkennung, Ereignisvorhersage) evaluiert. Dadurch kann \u00fcberpr\u00fcft werden, ob die gelernten Zust\u00e4nde die Leistung im Vergleich zu rein \u00fcberwachtem Lernen verbessern. Im Rahmen des Projekts werden verschiedene kontrastive Lernstrategien verglichen und analysiert, wie gut die resultierenden Zustandsrepr\u00e4sentationen \u00fcber verschiedene Personen und Aufgaben hinweg generalisieren. Das Ergebnis umfasst sowohl einen methodischen Beitrag als auch eine empirische Evaluation auf realen biomedizinischen Datens\u00e4tzen.<\/p>\n\n\n\n<p><strong>Mindestanforderungen:<\/strong><\/p>\n\n\n\n<p>Programmierkenntnisse (Grundlagen bis Mittelstufe), hohe Motivation, gute Kommunikationsf\u00e4higkeit<\/p>\n\n\n\n<p><strong>Geeignet f\u00fcr:<\/strong><\/p>\n\n\n\n<p>BA, MA<\/p>\n\n\n\n<p><strong>Betreut durch:<\/strong><\/p>\n\n\n\n<p><a href=\"https:\/\/www.hsu-hh.de\/dataeng\/mitarbeiter\/paul-schreiber\">Paul Schreiber<\/a>, schreibp@hsu-hh.de<\/p>\n\n\n\n<p><\/p>\n","protected":false},"excerpt":{"rendered":"<p>Unsere Professur bietet Studierenden eine Reihe spannender Abschlussarbeiten, die einen wesentlichen Beitrag zu laufenden Forschungsprojekten leisten. Melden Sie sich bitte bei Interesse an den gelisteten Betreuer. Wir freuen uns auf [&hellip;]<\/p>\n","protected":false},"author":4068,"featured_media":0,"parent":112,"menu_order":0,"comment_status":"closed","ping_status":"closed","template":"","meta":{"footnotes":""},"categories":[4],"tags":[],"class_list":["post-1281","page","type-page","status-publish","hentry","category-forschung"],"_links":{"self":[{"href":"https:\/\/www.hsu-hh.de\/dataeng\/wp-json\/wp\/v2\/pages\/1281","targetHints":{"allow":["GET"]}}],"collection":[{"href":"https:\/\/www.hsu-hh.de\/dataeng\/wp-json\/wp\/v2\/pages"}],"about":[{"href":"https:\/\/www.hsu-hh.de\/dataeng\/wp-json\/wp\/v2\/types\/page"}],"author":[{"embeddable":true,"href":"https:\/\/www.hsu-hh.de\/dataeng\/wp-json\/wp\/v2\/users\/4068"}],"replies":[{"embeddable":true,"href":"https:\/\/www.hsu-hh.de\/dataeng\/wp-json\/wp\/v2\/comments?post=1281"}],"version-history":[{"count":33,"href":"https:\/\/www.hsu-hh.de\/dataeng\/wp-json\/wp\/v2\/pages\/1281\/revisions"}],"predecessor-version":[{"id":1332,"href":"https:\/\/www.hsu-hh.de\/dataeng\/wp-json\/wp\/v2\/pages\/1281\/revisions\/1332"}],"up":[{"embeddable":true,"href":"https:\/\/www.hsu-hh.de\/dataeng\/wp-json\/wp\/v2\/pages\/112"}],"wp:attachment":[{"href":"https:\/\/www.hsu-hh.de\/dataeng\/wp-json\/wp\/v2\/media?parent=1281"}],"wp:term":[{"taxonomy":"category","embeddable":true,"href":"https:\/\/www.hsu-hh.de\/dataeng\/wp-json\/wp\/v2\/categories?post=1281"},{"taxonomy":"post_tag","embeddable":true,"href":"https:\/\/www.hsu-hh.de\/dataeng\/wp-json\/wp\/v2\/tags?post=1281"}],"curies":[{"name":"wp","href":"https:\/\/api.w.org\/{rel}","templated":true}]}}