{"id":112,"date":"2018-01-17T14:06:36","date_gmt":"2018-01-17T13:06:36","guid":{"rendered":"https:\/\/www.hsu-hh.de\/dataeng\/?page_id=112"},"modified":"2026-03-23T11:01:34","modified_gmt":"2026-03-23T10:01:34","slug":"forschung","status":"publish","type":"page","link":"https:\/\/www.hsu-hh.de\/dataeng\/forschung\/","title":{"rendered":"Forschung"},"content":{"rendered":"<p>Willkommen am Lehrstuhl f\u00fcr Data Engineering!<\/p>\n<p>Unser engagiertes Team aus Experten der Datenwissenschaft, Informatik, Mathematik und maschinellen Lernens arbeitet an der Gestaltung intelligenter Systeme, die aus Daten lernen, Muster erkennen und Prognosen treffen k\u00f6nnen.<\/p>\n<p>Mit einem Schwerpunkt auf fortgeschrittenen Algorithmen und der Anwendung von KI-Techniken erkunden wir die Grenzen des M\u00f6glichen, um L\u00f6sungen f\u00fcr komplexe Probleme zu finden. Unser Ziel ist es, nicht nur datengetriebene Erkenntnisse zu gewinnen, sondern auch innovative Anwendungen zu entwickeln, die die Zukunft der Technologie und der Gesellschaft pr\u00e4gen.<\/p>\n\n\n<div class=\"wp-block-columns is-layout-flex wp-container-core-columns-is-layout-9d6595d7 wp-block-columns-is-layout-flex\">\n<div class=\"wp-block-column is-layout-flow wp-block-column-is-layout-flow\">\n<h2 class=\"wp-block-heading has-text-align-center\"><a href=\"https:\/\/www.hsu-hh.de\/dataeng\/forschung\/aktuelle-projekte\/\" data-type=\"page\" data-id=\"397\">Aktuelle Projekte<\/a><\/h2>\n\n\n\n<figure class=\"wp-block-image size-full is-style-rounded\"><a href=\"https:\/\/www.hsu-hh.de\/dataeng\/forschung\/aktuelle-projekte\/\"><img loading=\"lazy\" decoding=\"async\" width=\"1024\" height=\"1024\" src=\"https:\/\/www.hsu-hh.de\/dataeng\/wp-content\/uploads\/sites\/879\/2024\/08\/publications.webp\" data-credit=\"HSU-HH\/ET\" alt=\"\" class=\"wp-image-345\" srcset=\"https:\/\/www.hsu-hh.de\/dataeng\/wp-content\/uploads\/sites\/879\/2024\/08\/publications.webp 1024w, https:\/\/www.hsu-hh.de\/dataeng\/wp-content\/uploads\/sites\/879\/2024\/08\/publications-300x300.webp 300w, https:\/\/www.hsu-hh.de\/dataeng\/wp-content\/uploads\/sites\/879\/2024\/08\/publications-150x150.webp 150w, https:\/\/www.hsu-hh.de\/dataeng\/wp-content\/uploads\/sites\/879\/2024\/08\/publications-768x768.webp 768w, https:\/\/www.hsu-hh.de\/dataeng\/wp-content\/uploads\/sites\/879\/2024\/08\/publications-100x100.webp 100w\" sizes=\"auto, (max-width: 1024px) 100vw, 1024px\" \/><\/a><\/figure>\n<\/div>\n\n\n\n<div class=\"wp-block-column is-layout-flow wp-block-column-is-layout-flow\">\n<h2 class=\"wp-block-heading has-text-align-center\"><a href=\"https:\/\/www.hsu-hh.de\/dataeng\/forschung\/themen-fuer-abschlussarbeiten\/\" data-type=\"page\" data-id=\"397\">Themen f\u00fcr Abschlussarbeiten<\/a><\/h2>\n\n\n\n<figure class=\"wp-block-image size-full is-style-rounded\"><a href=\"https:\/\/www.hsu-hh.de\/dataeng\/forschung\/themen-fuer-abschlussarbeiten\/\"><img loading=\"lazy\" decoding=\"async\" width=\"1024\" height=\"1024\" src=\"https:\/\/www.hsu-hh.de\/dataeng\/wp-content\/uploads\/sites\/879\/2026\/03\/Thesis_image-1.png\" data-credit=\"HSU-HH\/ET\" alt=\"\" class=\"wp-image-1321\" srcset=\"https:\/\/www.hsu-hh.de\/dataeng\/wp-content\/uploads\/sites\/879\/2026\/03\/Thesis_image-1.png 1024w, https:\/\/www.hsu-hh.de\/dataeng\/wp-content\/uploads\/sites\/879\/2026\/03\/Thesis_image-1-300x300.png 300w, https:\/\/www.hsu-hh.de\/dataeng\/wp-content\/uploads\/sites\/879\/2026\/03\/Thesis_image-1-150x150.png 150w, https:\/\/www.hsu-hh.de\/dataeng\/wp-content\/uploads\/sites\/879\/2026\/03\/Thesis_image-1-768x768.png 768w, https:\/\/www.hsu-hh.de\/dataeng\/wp-content\/uploads\/sites\/879\/2026\/03\/Thesis_image-1-100x100.png 100w\" sizes=\"auto, (max-width: 1024px) 100vw, 1024px\" \/><\/a><\/figure>\n<\/div>\n\n\n\n<div class=\"wp-block-column is-layout-flow wp-block-column-is-layout-flow\">\n<h2 class=\"wp-block-heading has-text-align-center\"><a href=\"https:\/\/www.hsu-hh.de\/dataeng\/forschung\/publikationen\/\">Publikationen<\/a><\/h2>\n\n\n\n<figure class=\"wp-block-image size-full is-style-rounded\"><a href=\"https:\/\/www.hsu-hh.de\/dataeng\/forschung\/publikationen\/\"><img loading=\"lazy\" decoding=\"async\" width=\"1024\" height=\"1024\" src=\"https:\/\/www.hsu-hh.de\/dataeng\/wp-content\/uploads\/sites\/879\/2024\/08\/research.webp\" data-credit=\"HSU-HH\/ET\" alt=\"\" class=\"wp-image-346\" srcset=\"https:\/\/www.hsu-hh.de\/dataeng\/wp-content\/uploads\/sites\/879\/2024\/08\/research.webp 1024w, https:\/\/www.hsu-hh.de\/dataeng\/wp-content\/uploads\/sites\/879\/2024\/08\/research-300x300.webp 300w, https:\/\/www.hsu-hh.de\/dataeng\/wp-content\/uploads\/sites\/879\/2024\/08\/research-150x150.webp 150w, https:\/\/www.hsu-hh.de\/dataeng\/wp-content\/uploads\/sites\/879\/2024\/08\/research-768x768.webp 768w, https:\/\/www.hsu-hh.de\/dataeng\/wp-content\/uploads\/sites\/879\/2024\/08\/research-100x100.webp 100w\" sizes=\"auto, (max-width: 1024px) 100vw, 1024px\" \/><\/a><\/figure>\n<\/div>\n<\/div>\n\n\n\n<div class=\"wp-block-columns is-layout-flex wp-container-core-columns-is-layout-9d6595d7 wp-block-columns-is-layout-flex\">\n<div class=\"wp-block-column is-layout-flow wp-block-column-is-layout-flow\"><\/div>\n\n\n\n<div class=\"wp-block-column is-layout-flow wp-block-column-is-layout-flow\"><\/div>\n<\/div>\n\n\n\n<p><\/p>\n","protected":false},"excerpt":{"rendered":"<p>Willkommen am Lehrstuhl f\u00fcr Data Engineering! Unser engagiertes Team aus Experten der Datenwissenschaft, Informatik, Mathematik und maschinellen Lernens arbeitet an der Gestaltung intelligenter Systeme, die aus Daten lernen, Muster erkennen [&hellip;]<\/p>\n","protected":false},"author":26,"featured_media":0,"parent":0,"menu_order":0,"comment_status":"closed","ping_status":"closed","template":"","meta":{"footnotes":""},"categories":[4],"tags":[],"class_list":["post-112","page","type-page","status-publish","hentry","category-forschung"],"_links":{"self":[{"href":"https:\/\/www.hsu-hh.de\/dataeng\/wp-json\/wp\/v2\/pages\/112","targetHints":{"allow":["GET"]}}],"collection":[{"href":"https:\/\/www.hsu-hh.de\/dataeng\/wp-json\/wp\/v2\/pages"}],"about":[{"href":"https:\/\/www.hsu-hh.de\/dataeng\/wp-json\/wp\/v2\/types\/page"}],"author":[{"embeddable":true,"href":"https:\/\/www.hsu-hh.de\/dataeng\/wp-json\/wp\/v2\/users\/26"}],"replies":[{"embeddable":true,"href":"https:\/\/www.hsu-hh.de\/dataeng\/wp-json\/wp\/v2\/comments?post=112"}],"version-history":[{"count":17,"href":"https:\/\/www.hsu-hh.de\/dataeng\/wp-json\/wp\/v2\/pages\/112\/revisions"}],"predecessor-version":[{"id":1323,"href":"https:\/\/www.hsu-hh.de\/dataeng\/wp-json\/wp\/v2\/pages\/112\/revisions\/1323"}],"wp:attachment":[{"href":"https:\/\/www.hsu-hh.de\/dataeng\/wp-json\/wp\/v2\/media?parent=112"}],"wp:term":[{"taxonomy":"category","embeddable":true,"href":"https:\/\/www.hsu-hh.de\/dataeng\/wp-json\/wp\/v2\/categories?post=112"},{"taxonomy":"post_tag","embeddable":true,"href":"https:\/\/www.hsu-hh.de\/dataeng\/wp-json\/wp\/v2\/tags?post=112"}],"curies":[{"name":"wp","href":"https:\/\/api.w.org\/{rel}","templated":true}]}}