{"id":924,"date":"2023-01-10T09:54:55","date_gmt":"2023-01-10T08:54:55","guid":{"rendered":"https:\/\/www.hsu-hh.de\/compstat\/?page_id=924"},"modified":"2025-12-30T14:43:14","modified_gmt":"2025-12-30T13:43:14","slug":"hakam-kondakji","status":"publish","type":"page","link":"https:\/\/www.hsu-hh.de\/compstat\/hakam-kondakji","title":{"rendered":"Dr. Hakam Kondakji"},"content":{"rendered":"\n<p>Wissenschaftlicher Mitarbeiter<\/p>\n\n\n\n<div class=\"wp-block-columns is-layout-flex wp-container-core-columns-is-layout-9d6595d7 wp-block-columns-is-layout-flex\">\n<div class=\"wp-block-column is-layout-flow wp-block-column-is-layout-flow\">\n<p>Helmut-Schmidt-Universit\u00e4t<br>Fakult\u00e4t f\u00fcr Wirtschafts- und Sozialwissenschaften<br>Holstenhofweg 85<br>22043 Hamburg<\/p>\n<\/div>\n\n\n\n<div class=\"wp-block-column is-layout-flow wp-block-column-is-layout-flow\">\n<p><strong>Raum:\u00a0<\/strong>H1, 1370<br><strong>Telefon:<\/strong> +4940 6541-3408<br><strong>E-Mail:<\/strong> <a href=\"mailto:kondakji@hsu-hh.de\" rel='nofollow'>kondakji@hsu-hh.de<\/a><\/p>\n<\/div>\n\n\n\n<div class=\"wp-block-column is-layout-flow wp-block-column-is-layout-flow\">\n<figure class=\"wp-block-image size-large is-resized\"><img loading=\"lazy\" decoding=\"async\" width=\"793\" height=\"1024\" src=\"https:\/\/www.hsu-hh.de\/compstat\/wp-content\/uploads\/sites\/760\/2023\/01\/Hakam-793x1024.jpeg\" data-credit=\"Kondakji\" alt=\"\" class=\"wp-image-931\" style=\"width:167px;height:auto\" srcset=\"https:\/\/www.hsu-hh.de\/compstat\/wp-content\/uploads\/sites\/760\/2023\/01\/Hakam-793x1024.jpeg 793w, https:\/\/www.hsu-hh.de\/compstat\/wp-content\/uploads\/sites\/760\/2023\/01\/Hakam-232x300.jpeg 232w, https:\/\/www.hsu-hh.de\/compstat\/wp-content\/uploads\/sites\/760\/2023\/01\/Hakam-768x992.jpeg 768w, https:\/\/www.hsu-hh.de\/compstat\/wp-content\/uploads\/sites\/760\/2023\/01\/Hakam.jpeg 804w\" sizes=\"auto, (max-width: 793px) 100vw, 793px\" \/><\/figure>\n<\/div>\n<\/div>\n\n\n\n<hr class=\"wp-block-separator has-alpha-channel-opacity is-style-wide\" \/>\n\n\n<h3>Ausbildung und Beruflicher Werdegang<\/h3>\n<ul>\n<li>03\/2022 &#8211; 02\/2025: Wissenschaftlicher Mitarbeiter, Helmut-Schmidt-Universit\u00e4t Hamburg<\/li>\n<li>2021 &#8211; 02\/2022: Wissenschaftlicher Mitarbeiter, Universit\u00e4t Stuttgart<\/li>\n<li>2019 &#8211; 2020: Wissenschaftlicher Mitarbeiter, Institut f\u00fcr Informatik, Brandenburgische Technische Universit\u00e4t Cottbus<\/li>\n<li>2013 \u2013 09\/2018: Promotionsstudium, Mathematik, Brandenburgische Technische Universit\u00e4t Cottbus<\/li>\n<li>10\/2010 \u2013 09\/2012: Master of Science, Angewandte Mathematik, Brandenburgische Technische Universit\u00e4t Cottbus<\/li>\n<\/ul>\n<h3>Lehrveranstaltungen<\/h3>\n<ul>\n<li><abbr title=\"Fr\u00fchjahrstrimester\">FT<\/abbr> 2022: Finanz und Versicherungsmathematik<\/li>\n<li><abbr title=\"Herbsttrimester\">HT<\/abbr> 2022: \u00a0Quantitative Methoden I<\/li>\n<\/ul>","protected":false},"excerpt":{"rendered":"<p>Wissenschaftlicher Mitarbeiter Helmut-Schmidt-Universit\u00e4tFakult\u00e4t f\u00fcr Wirtschafts- und SozialwissenschaftenHolstenhofweg 8522043 Hamburg Raum:\u00a0H1, 1370Telefon: +4940 6541-3408E-Mail: kondakji@hsu-hh.de Ausbildung und Beruflicher Werdegang 03\/2022 &#8211; 02\/2025: Wissenschaftlicher Mitarbeiter, Helmut-Schmidt-Universit\u00e4t Hamburg 2021 &#8211; 02\/2022: Wissenschaftlicher Mitarbeiter, [&hellip;]<\/p>\n","protected":false},"author":36,"featured_media":0,"parent":0,"menu_order":0,"comment_status":"closed","ping_status":"closed","template":"","meta":{"footnotes":""},"categories":[57],"tags":[],"class_list":["post-924","page","type-page","status-publish","hentry","category-team"],"_links":{"self":[{"href":"https:\/\/www.hsu-hh.de\/compstat\/wp-json\/wp\/v2\/pages\/924","targetHints":{"allow":["GET"]}}],"collection":[{"href":"https:\/\/www.hsu-hh.de\/compstat\/wp-json\/wp\/v2\/pages"}],"about":[{"href":"https:\/\/www.hsu-hh.de\/compstat\/wp-json\/wp\/v2\/types\/page"}],"author":[{"embeddable":true,"href":"https:\/\/www.hsu-hh.de\/compstat\/wp-json\/wp\/v2\/users\/36"}],"replies":[{"embeddable":true,"href":"https:\/\/www.hsu-hh.de\/compstat\/wp-json\/wp\/v2\/comments?post=924"}],"version-history":[{"count":9,"href":"https:\/\/www.hsu-hh.de\/compstat\/wp-json\/wp\/v2\/pages\/924\/revisions"}],"predecessor-version":[{"id":1242,"href":"https:\/\/www.hsu-hh.de\/compstat\/wp-json\/wp\/v2\/pages\/924\/revisions\/1242"}],"wp:attachment":[{"href":"https:\/\/www.hsu-hh.de\/compstat\/wp-json\/wp\/v2\/media?parent=924"}],"wp:term":[{"taxonomy":"category","embeddable":true,"href":"https:\/\/www.hsu-hh.de\/compstat\/wp-json\/wp\/v2\/categories?post=924"},{"taxonomy":"post_tag","embeddable":true,"href":"https:\/\/www.hsu-hh.de\/compstat\/wp-json\/wp\/v2\/tags?post=924"}],"curies":[{"name":"wp","href":"https:\/\/api.w.org\/{rel}","templated":true}]}}