{"id":685,"date":"2021-05-06T11:11:25","date_gmt":"2021-05-06T09:11:25","guid":{"rendered":"https:\/\/www.hsu-hh.de\/compstat\/?page_id=685"},"modified":"2025-10-24T12:54:31","modified_gmt":"2025-10-24T10:54:31","slug":"carina-beering","status":"publish","type":"page","link":"https:\/\/www.hsu-hh.de\/compstat\/carina-beering","title":{"rendered":"Dr. Carina Beering"},"content":{"rendered":"\n<p>Wissenschaftliche Mitarbeiterin<\/p>\n\n\n\n<div class=\"wp-block-columns is-layout-flex wp-container-core-columns-is-layout-9d6595d7 wp-block-columns-is-layout-flex\">\n<div class=\"wp-block-column is-layout-flow wp-block-column-is-layout-flow\">\n<p>Helmut-Schmidt-Universit\u00e4t<br>Fakult\u00e4t f\u00fcr Wirtschafts- und Sozialwissenschaften<br>Holstenhofweg 85<br>22043 Hamburg<\/p>\n<\/div>\n\n\n\n<div class=\"wp-block-column is-layout-flow wp-block-column-is-layout-flow\">\n<p><strong>Raum:\u00a0<\/strong>H1, 1370<br><strong>Telefon:<\/strong> +4940 6541-2885<br><strong>E-Mail:<\/strong> <a href=\"mailto:beeringc@hsu-hh.de\" rel='nofollow'>beeringc@hsu-hh.de<\/a><\/p>\n<\/div>\n\n\n\n<div class=\"wp-block-column is-layout-flow wp-block-column-is-layout-flow\">\n<figure class=\"wp-block-image size-full is-resized\"><img loading=\"lazy\" decoding=\"async\" width=\"500\" height=\"691\" src=\"https:\/\/www.hsu-hh.de\/compstat\/wp-content\/uploads\/sites\/760\/2024\/12\/csm_carina_beering_543c685645.jpg\" data-credit=\"Carina Beering\" alt=\"\" class=\"wp-image-1084\" style=\"width:150px;height:auto\" srcset=\"https:\/\/www.hsu-hh.de\/compstat\/wp-content\/uploads\/sites\/760\/2024\/12\/csm_carina_beering_543c685645.jpg 500w, https:\/\/www.hsu-hh.de\/compstat\/wp-content\/uploads\/sites\/760\/2024\/12\/csm_carina_beering_543c685645-217x300.jpg 217w\" sizes=\"auto, (max-width: 500px) 100vw, 500px\" \/><\/figure>\n<\/div>\n<\/div>\n\n\n\n<hr class=\"wp-block-separator has-alpha-channel-opacity\" \/>\n\n\n\n<h3 class=\"wp-block-heading\">Ausbildung<\/h3>\n\n\n\n<ul class=\"wp-block-list\">\n<li>11\/2014 &#8211; 12\/2020: Promotionsstudium, Mathematik, Technische Universit\u00e4t Braunschweig<\/li>\n\n\n\n<li>10\/2012 &#8211; 11\/2014: Master of Science, Finanz- und Wirtschaftsmathematik, Technische Universit\u00e4t Braunschweig<\/li>\n\n\n\n<li>09\/2013 &#8211; 01\/2014: M2 Probabilit\u00e9s et Finance, Universit\u00e9 Pierre et Marie Curie und \u00c9cole polytechnique, Paris<\/li>\n\n\n\n<li>10\/2009 &#8211; 10\/2012: Bachelor of Science, Finanz- und Wirtschaftsmathematik, Technische Universit\u00e4t Braunschweig<\/li>\n\n\n\n<li>06\/2009: Abitur Ratsgymnasium Stadthagen<\/li>\n<\/ul>\n\n\n\n<h3 class=\"wp-block-heading\">Beruflicher Werdegang<\/h3>\n\n\n\n<ul class=\"wp-block-list\">\n<li>11\/2014 &#8211; 03\/2021: Wissenschaftliche Mitarbeiterin, Technische Universit\u00e4t Braunschweig<\/li>\n<\/ul>\n\n\n\n<h3 class=\"wp-block-heading\">Publikationen<\/h3>\n\n\n\n\n<ul class=\"wp-block-list\"><li>Beering, C. (2025). A time-span-focussed test for independence of time-varying linear processes. Journal of Nonparametric Statistics, 1\u201320. https:\/\/doi.org\/10.1080\/10485252.2025.2577134.<\/li>\n\n\n\n<li>Beering, C. (2025). The Potential of Distance Correlation for Structural Health Monitoring. In: Cunha, \u00c1., Caetano, E. (eds) Experimental Vibration Analysis for Civil Engineering Structures. EVACES 2025. Lecture Notes in Civil Engineering, vol 676. Springer, Cham. https:\/\/doi.org\/10.1007\/978-3-031-96114-4_51.<\/li>\n\n\n\n<li>Beering, C. (2025). Examining Environmental Changes on Concrete Bridges with the Help\nof Local Distance Correlation. Proceedings of the 15th International Workshop on Structural Health Monitoring\nStanford University, Stanford, CA.<\/li>\n\n\n\n<li>Beering, C. (2025). On the Choice of Parameters for the Local Block Bootstrap in the Locally Stationary Setting. Joint Statistical Meeting (JSM), Nashville. https:\/\/doi.org\/10.5281\/zenodo.17081131.<\/li>\n\n\n\n<li> Nichani, K., Uhlig, S., San Martin, V., Jaelani, Y., Frost, K., Beering, C., Hettwer, K., Knoth, S., Kessler, S. (2025) Time-domain analysis of signal morphology and features as suitable surrogates for structural monitoring. Structural Concrete. https:\/\/doi.org\/10.1002\/suco.70315.<\/li>\n\n\n\n<li> Beering, C. (2025) Examining environmental influences on natural frequencies with the help of local distance correlation. IOMAC 2025, Rennes (<a href=\"https:\/\/iomac2025.sciencesconf.org\/590723\/document\" rel='nofollow'>view online<\/a>).<\/li>\n\n\n\n<li> Nichani, K., San Martin, V., Jaelani, Y., Frost, K., Beering, C., Hettwer, K., Knoth, S., Kessler, S., Uhlig, S. (2025) On suitability of measures of amplitude for quality assurance of vibration sensing systems in structural health monitoring. Structural Concrete. https:\/\/doi.org\/10.1002\/suco.70070.<\/li>\n\n\n\n<li>Kanzler, D., Rentala, V. Jaelani, Y., Knoth, S., Kessler, S., Beering, C. (2024). Unmasking Structural Health: A Bold Exploration into the Uncharted Realms of Reliability Assessment in SHM. fib Symposium, Christchurch.<\/li>\n\n\n\n<li>Kessler, S., Kanzler, D., Knoth, S., Rentala, V., Jaelani, Y., Mendler, A., Beering, C., Marsili, F. (2024). Assessment of Reinforced Concrete Structures: Exploring the Reliability of NDT\/SHM. fib Symposium, Christchurch.<\/li>\n\n\n\n<li>Beering, C. (2024). Bridge Monitoring and Independence Testing for Locally Stationary Processes. Joint Statistical Meeting (JSM), Portland. https:\/\/doi.org\/10.5281\/zenodo.13356531.<\/li>\n\n\n\n<li>Beering, C. (2024). Bridge Monitoring with the Help of Local Distance Correlation. e-Journal of Nondestructive Testing, DOI: 10.58286\/29599.<\/li>\n\n\n\n<li>Rentala, V. K., Kanzler, D., Kessler, S., Jaelani, Y., Knoth, S., Beering, C. (2024). POD methodologies for SHM application in civil engineering. e-Journal of Nondestructive Testing, DOI: 10.58286\/29824.<\/li>\n\n\n\n<li>Beering, C., Leucht, A. (2023). A bootstrap functional central limit theorem for time-varying linear processes. Journal of Nonparametric Statistics, DOI: 10.1080\/10485252.2023.2284896.<\/li>\n\n\n\n<li>Beering, C. (2021). A Functional Central Limit Theorem and its Bootstrap Analogue for Locally Stationary Processes with Application to Independence Testing. Dissertation. Technische Universit\u00e4t Braunschweig (<a href=\"https:\/\/publikationsserver.tu-braunschweig.de\/receive\/dbbs_mods_00069359\" rel='nofollow'>view online<\/a>).<\/li>\n\n\n\n<li>Jentsch, C., Leucht, A., Meyer, M., Beering, C. (2020). Empirical characteristic function-based estimation and distance correlation for locally stationary processes. Journal of Time Series Analysis 41, 110-133.<\/li>\n<\/ul>\n\n\n\n<h3 class=\"wp-block-heading\">Lehrveranstaltungen<\/h3>\n\n\n\n<ul class=\"wp-block-list\">\n<li><abbr title=\"Fr\u00fchjahrstrimester\">FT<\/abbr> 2025: Vorlesung und \u00dcbung zur Warteschlangentheorie<\/li>\n\n\n\n<li><abbr title=\"Wintertrimester\">WT<\/abbr> 2025: \u00dcbung zu Quantitative Methoden II<\/li>\n\n\n\n<li><abbr title=\"Fr\u00fchjahrstrimester\">FT<\/abbr> 2024: Vorlesung zur Zeitreihenanalyse<\/li>\n\n\n\n<li><abbr title=\"Herbsttrimester\">HT<\/abbr> 2023: \u00dcbung zu Quantitative Methoden IV<\/li>\n\n\n\n<li><abbr title=\"Wintertrimester\">WT<\/abbr> 2023: Vorlesung und \u00dcbung zu Stochastischen Prozessen<\/li>\n\n\n\n<li><abbr title=\"Herbsttrimester\">HT<\/abbr> 2022: Vorlesung und \u00dcbung zu Fortgeschrittener Statistik<\/li>\n\n\n\n<li><abbr title=\"Wintertrimester\">WT<\/abbr> 2022: \u00dcbung zu Quantitative Methoden II<\/li>\n\n\n\n<li><abbr title=\"Herbsttrimester\">HT<\/abbr> 2021: \u00dcbung zu Quantitative Methoden IV<\/li>\n<\/ul>\n\n\n\n\n<h3 class=\"wp-block-heading\">Betreute Abschlussarbeiten<\/h3>\n\n\n\n<ul class=\"wp-block-list\">\n<li>Cram\u00e9r-Lundberg-Modell und R\u00fcckversicherung (Masterarbeit)<\/li>\n\n\n\n<li>Zusammengesetztes Poisson-Modell und Pr\u00e4mienkalkulation (Masterarbeit)<\/li>\n\n\n\n<p><!-- \/wp:post-content --><\/p>","protected":false},"excerpt":{"rendered":"<p>Wissenschaftliche Mitarbeiterin Helmut-Schmidt-Universit\u00e4tFakult\u00e4t f\u00fcr Wirtschafts- und SozialwissenschaftenHolstenhofweg 8522043 Hamburg Raum:\u00a0H1, 1370Telefon: +4940 6541-2885E-Mail: beeringc@hsu-hh.de Ausbildung Beruflicher Werdegang Publikationen Lehrveranstaltungen Betreute Abschlussarbeiten<\/p>\n","protected":false},"author":36,"featured_media":0,"parent":0,"menu_order":0,"comment_status":"closed","ping_status":"closed","template":"","meta":{"footnotes":""},"categories":[57],"tags":[],"class_list":["post-685","page","type-page","status-publish","hentry","category-team"],"_links":{"self":[{"href":"https:\/\/www.hsu-hh.de\/compstat\/wp-json\/wp\/v2\/pages\/685","targetHints":{"allow":["GET"]}}],"collection":[{"href":"https:\/\/www.hsu-hh.de\/compstat\/wp-json\/wp\/v2\/pages"}],"about":[{"href":"https:\/\/www.hsu-hh.de\/compstat\/wp-json\/wp\/v2\/types\/page"}],"author":[{"embeddable":true,"href":"https:\/\/www.hsu-hh.de\/compstat\/wp-json\/wp\/v2\/users\/36"}],"replies":[{"embeddable":true,"href":"https:\/\/www.hsu-hh.de\/compstat\/wp-json\/wp\/v2\/comments?post=685"}],"version-history":[{"count":36,"href":"https:\/\/www.hsu-hh.de\/compstat\/wp-json\/wp\/v2\/pages\/685\/revisions"}],"predecessor-version":[{"id":1223,"href":"https:\/\/www.hsu-hh.de\/compstat\/wp-json\/wp\/v2\/pages\/685\/revisions\/1223"}],"wp:attachment":[{"href":"https:\/\/www.hsu-hh.de\/compstat\/wp-json\/wp\/v2\/media?parent=685"}],"wp:term":[{"taxonomy":"category","embeddable":true,"href":"https:\/\/www.hsu-hh.de\/compstat\/wp-json\/wp\/v2\/categories?post=685"},{"taxonomy":"post_tag","embeddable":true,"href":"https:\/\/www.hsu-hh.de\/compstat\/wp-json\/wp\/v2\/tags?post=685"}],"curies":[{"name":"wp","href":"https:\/\/api.w.org\/{rel}","templated":true}]}}