{"id":678,"date":"2021-05-06T11:11:44","date_gmt":"2021-05-06T09:11:44","guid":{"rendered":"https:\/\/www.hsu-hh.de\/compstat\/?page_id=678"},"modified":"2025-10-24T12:55:36","modified_gmt":"2025-10-24T10:55:36","slug":"carina-beering-2","status":"publish","type":"page","link":"https:\/\/www.hsu-hh.de\/compstat\/en\/carina-beering-2","title":{"rendered":"Dr. Carina Beering"},"content":{"rendered":"\n<p>Research Associate<\/p>\n\n\n\n<div class=\"wp-block-columns is-layout-flex wp-container-core-columns-is-layout-9d6595d7 wp-block-columns-is-layout-flex\">\n<div class=\"wp-block-column is-layout-flow wp-block-column-is-layout-flow\">\n<p>Helmut-Schmidt-University<br>University of the Federal Armed Forces Hamburg<br>Holstenhofweg 85<br>22043 Hamburg<\/p>\n<\/div>\n\n\n\n<div class=\"wp-block-column is-layout-flow wp-block-column-is-layout-flow\">\n<p><strong>Room<\/strong>: H1, 1370<br><strong>Phone<\/strong>: +49 40 6541-2885<br><strong>E-Mail<\/strong>:\u00a0<a href=\"mailto:beeringc@hsu-hh.de\" rel='nofollow'>beeringc@hsu-hh.de<\/a><\/p>\n<\/div>\n\n\n\n<div class=\"wp-block-column is-layout-flow wp-block-column-is-layout-flow\">\n<figure class=\"wp-block-image size-full is-resized\"><img loading=\"lazy\" decoding=\"async\" width=\"500\" height=\"691\" src=\"https:\/\/www.hsu-hh.de\/compstat\/wp-content\/uploads\/sites\/760\/2021\/11\/csm_carina_beering_543c685645.jpg\" data-credit=\"Stephan Beering\" alt=\"Bild\" class=\"wp-image-699\" style=\"width:174px;height:auto\" srcset=\"https:\/\/www.hsu-hh.de\/compstat\/wp-content\/uploads\/sites\/760\/2021\/11\/csm_carina_beering_543c685645.jpg 500w, https:\/\/www.hsu-hh.de\/compstat\/wp-content\/uploads\/sites\/760\/2021\/11\/csm_carina_beering_543c685645-217x300.jpg 217w\" sizes=\"auto, (max-width: 500px) 100vw, 500px\" \/><\/figure>\n<\/div>\n<\/div>\n\n\n\n<hr class=\"wp-block-separator has-alpha-channel-opacity is-style-wide\" \/>\n\n\n\n<h3 class=\"wp-block-heading\">Education<\/h3>\n\n\n\n<ul class=\"wp-block-list\">\n<li>11\/2014 &#8211; 12\/2020: Doctoral studies, Mathematics, Technische Universit\u00e4t Braunschweig<\/li>\n\n\n\n<li>10\/2012 &#8211; 11\/2014: Master of Science, Mathematics in Finance and Industry, Technische Universit\u00e4t Braunschweig<\/li>\n\n\n\n<li>09\/2013 &#8211; 01\/2014: M2 Probabilit\u00e9s et Finance, Universit\u00e9 Pierre et Marie Curie and \u00c9cole polytechnique, Paris<\/li>\n\n\n\n<li>10\/2009 &#8211; 10\/2012: Bachelor of Science, Mathematics in Finance and Industry, Technische Universit\u00e4t Braunschweig<\/li>\n\n\n\n<li>06\/2009: Abitur Ratsgymnasium Stadthagen<\/li>\n<\/ul>\n\n\n\n<h3 class=\"wp-block-heading\">Career<\/h3>\n\n\n\n<ul class=\"wp-block-list\">\n<li>11\/2014 &#8211; 03\/2021: Research assistant, Technische Universit\u00e4t Braunschweig<\/li>\n<\/ul>\n\n\n\n<h3 class=\"wp-block-heading\">Publications<\/h3>\n\n\n\n\n<ul class=\"wp-block-list\"><li>Beering, C. (2025). A time-span-focussed test for independence of time-varying linear processes. Journal of Nonparametric Statistics, 1\u201320. https:\/\/doi.org\/10.1080\/10485252.2025.2577134.<\/li>\n\n\n\n<li>Beering, C. (2025). The Potential of Distance Correlation for Structural Health Monitoring. In: Cunha, \u00c1., Caetano, E. (eds) Experimental Vibration Analysis for Civil Engineering Structures. EVACES 2025. Lecture Notes in Civil Engineering, vol 676. Springer, Cham. https:\/\/doi.org\/10.1007\/978-3-031-96114-4_51.<\/li>\n\n\n\n<li>Beering, C. (2025). Examining Environmental Changes on Concrete Bridges with the Help\nof Local Distance Correlation. Proceedings of the 15th International Workshop on Structural Health Monitoring\nStanford University, Stanford, CA.<\/li>\n\n\n\n<li>Beering, C. (2025). On the Choice of Parameters for the Local Block Bootstrap in the Locally Stationary Setting. Joint Statistical Meeting (JSM), Nashville. https:\/\/doi.org\/10.5281\/zenodo.17081131.<\/li>\n\n\n\n<li> Nichani, K., Uhlig, S., San Martin, V., Jaelani, Y., Frost, K., Beering, C., Hettwer, K., Knoth, S., Kessler, S. (2025) Time-domain analysis of signal morphology and features as suitable surrogates for structural monitoring. Structural Concrete. https:\/\/doi.org\/10.1002\/suco.70315.<\/li>\n\n\n\n<li> Beering, C. (2025) Examining environmental influences on natural frequencies with the help of local distance correlation. IOMAC 2025, Rennes (<a href=\"https:\/\/iomac2025.sciencesconf.org\/590723\/document\" rel='nofollow'>view online<\/a>).<\/li>\n\n\n\n<li> Nichani, K., San Martin, V., Jaelani, Y., Frost, K., Beering, C., Hettwer, K., Knoth, S., Kessler, S., Uhlig, S. (2025) On suitability of measures of amplitude for quality assurance of vibration sensing systems in structural health monitoring. Structural Concrete. https:\/\/doi.org\/10.1002\/suco.70070.<\/li>\n\n\n\n<li>Kanzler, D., Rentala, V. Jaelani, Y., Knoth, S., Kessler, S., Beering, C. (2024). Unmasking Structural Health: A Bold Exploration into the Uncharted Realms of Reliability Assessment in SHM. fib Symposium, Christchurch.<\/li>\n\n\n\n<li>Kessler, S., Kanzler, D., Knoth, S., Rentala, V., Jaelani, Y., Mendler, A., Beering, C., Marsili, F. (2024). Assessment of Reinforced Concrete Structures: Exploring the Reliability of NDT\/SHM. fib Symposium, Christchurch.<\/li>\n\n\n\n<li>Beering, C. (2024). Bridge Monitoring and Independence Testing for Locally Stationary Processes. Joint Statistical Meeting (JSM), Portland. https:\/\/doi.org\/10.5281\/zenodo.13356531.<\/li>\n\n\n\n<li>Beering, C. (2024). Bridge Monitoring with the Help of Local Distance Correlation. e-Journal of Nondestructive Testing, DOI: 10.58286\/29599.<\/li>\n\n\n\n<li>Rentala, V. K., Kanzler, D., Kessler, S., Jaelani, Y., Knoth, S., Beering, C. (2024). POD methodologies for SHM application in civil engineering. e-Journal of Nondestructive Testing, DOI: 10.58286\/29824.<\/li>\n\n\n\n<li>Beering, C., Leucht, A. (2023). A bootstrap functional central limit theorem for time-varying linear processes. Journal of Nonparametric Statistics, DOI: 10.1080\/10485252.2023.2284896.<\/li>\n\n\n\n<li>Beering, C. (2021). A Functional Central Limit Theorem and its Bootstrap Analogue for Locally Stationary Processes with Application to Independence Testing. Dissertation. Technische Universit\u00e4t Braunschweig (<a href=\"https:\/\/publikationsserver.tu-braunschweig.de\/receive\/dbbs_mods_00069359\" rel='nofollow'>view online<\/a>).<\/li>\n\n\n\n<li>Jentsch, C., Leucht, A., Meyer, M., Beering, C. (2020). Empirical characteristic function-based estimation and distance correlation for locally stationary processes. Journal of Time Series Analysis 41, 110-133.<\/li>\n<\/ul>\n\n\n\n<h3 class=\"wp-block-heading\">Teaching<\/h3>\n\n\n\n<ul class=\"wp-block-list\">\n<li>Spring 2025: Queueing Theory<\/li>\n\n\n\n<li>Winter 2025: Quantitative Methods II<\/li>\n\n\n\n<li>Spring 2024: Time Series Analysis<\/li>\n\n\n\n<li>Fall 2023: Quantitative Methods IV<\/li>\n\n\n\n<li>Winter 2023: Stochastic Processes<\/li>\n\n\n\n<li>Fall 2022: Advanced Statistics<\/li>\n\n\n\n<li>Winter 2022: Quantitative Methods II<\/li>\n\n\n\n<li>Fall 2021: Quantitative Methods IV<\/li>\n<\/ul>\n\n\n\n<h3 class=\"wp-block-heading\">Supervised theses<\/h3>\n\n\n\n<ul class=\"wp-block-list\">\n<li>Cram\u00e9r Lundberg Model and Reinsurance (Master)<\/li>\n\n\n\n<li>Compound Poisson Model and Premium Calculation (Master)<\/li>\n\n","protected":false},"excerpt":{"rendered":"<p>Research Associate Helmut-Schmidt-UniversityUniversity of the Federal Armed Forces HamburgHolstenhofweg 8522043 Hamburg Room: H1, 1370Phone: +49 40 6541-2885E-Mail:\u00a0beeringc@hsu-hh.de Education Career Publications Teaching Supervised theses<\/p>\n","protected":false},"author":36,"featured_media":699,"parent":0,"menu_order":0,"comment_status":"closed","ping_status":"closed","template":"","meta":{"footnotes":""},"categories":[60],"tags":[],"class_list":["post-678","page","type-page","status-publish","has-post-thumbnail","hentry","category-team-en"],"_links":{"self":[{"href":"https:\/\/www.hsu-hh.de\/compstat\/wp-json\/wp\/v2\/pages\/678","targetHints":{"allow":["GET"]}}],"collection":[{"href":"https:\/\/www.hsu-hh.de\/compstat\/wp-json\/wp\/v2\/pages"}],"about":[{"href":"https:\/\/www.hsu-hh.de\/compstat\/wp-json\/wp\/v2\/types\/page"}],"author":[{"embeddable":true,"href":"https:\/\/www.hsu-hh.de\/compstat\/wp-json\/wp\/v2\/users\/36"}],"replies":[{"embeddable":true,"href":"https:\/\/www.hsu-hh.de\/compstat\/wp-json\/wp\/v2\/comments?post=678"}],"version-history":[{"count":34,"href":"https:\/\/www.hsu-hh.de\/compstat\/wp-json\/wp\/v2\/pages\/678\/revisions"}],"predecessor-version":[{"id":1224,"href":"https:\/\/www.hsu-hh.de\/compstat\/wp-json\/wp\/v2\/pages\/678\/revisions\/1224"}],"wp:featuredmedia":[{"embeddable":true,"href":"https:\/\/www.hsu-hh.de\/compstat\/wp-json\/wp\/v2\/media\/699"}],"wp:attachment":[{"href":"https:\/\/www.hsu-hh.de\/compstat\/wp-json\/wp\/v2\/media?parent=678"}],"wp:term":[{"taxonomy":"category","embeddable":true,"href":"https:\/\/www.hsu-hh.de\/compstat\/wp-json\/wp\/v2\/categories?post=678"},{"taxonomy":"post_tag","embeddable":true,"href":"https:\/\/www.hsu-hh.de\/compstat\/wp-json\/wp\/v2\/tags?post=678"}],"curies":[{"name":"wp","href":"https:\/\/api.w.org\/{rel}","templated":true}]}}