{"id":616,"date":"2020-10-30T09:08:40","date_gmt":"2020-10-30T08:08:40","guid":{"rendered":"https:\/\/www.hsu-hh.de\/compstat\/?page_id=616"},"modified":"2024-12-16T12:56:49","modified_gmt":"2024-12-16T11:56:49","slug":"jennifer-huebner","status":"publish","type":"page","link":"https:\/\/www.hsu-hh.de\/compstat\/jennifer-huebner","title":{"rendered":"Jennifer H\u00fcbner"},"content":{"rendered":"\n<p>Sekretariat<\/p>\n\n\n\n<div class=\"wp-block-columns is-layout-flex wp-container-core-columns-is-layout-9d6595d7 wp-block-columns-is-layout-flex\">\n<div class=\"wp-block-column is-layout-flow wp-block-column-is-layout-flow\">\n<p>Helmut-Schmidt-Universit\u00e4t<br>Fakult\u00e4t f\u00fcr Wirtschafts- und Sozialwissenschaften<br>Holstenhofweg 85<br>22043 Hamburg<\/p>\n<\/div>\n\n\n\n<div class=\"wp-block-column is-layout-flow wp-block-column-is-layout-flow\">\n<p><strong>Raum<\/strong>: H1, 2128<br><strong>Telefon:<\/strong>\u00a0+4940 6541-2375<br><strong>Fax:<\/strong> +4940 6541-3638<br><strong>E-mail:<\/strong>\u00a0<a href=\"mailto:huebner@hsu-hh.de\" rel='nofollow'>huebner@hsu.hamburg<\/a><\/p>\n<\/div>\n\n\n\n<div class=\"wp-block-column is-layout-flow wp-block-column-is-layout-flow\"><\/div>\n<\/div>\n\n\n\n<p><strong>B\u00fcrozeiten:<\/strong><br>Montag-Donnerstag 9-14 Uhr<\/p>\n","protected":false},"excerpt":{"rendered":"<p>Sekretariat Helmut-Schmidt-Universit\u00e4tFakult\u00e4t f\u00fcr Wirtschafts- und SozialwissenschaftenHolstenhofweg 8522043 Hamburg Raum: H1, 2128Telefon:\u00a0+4940 6541-2375Fax: +4940 6541-3638E-mail:\u00a0huebner@hsu.hamburg B\u00fcrozeiten:Montag-Donnerstag 9-14 Uhr<\/p>\n","protected":false},"author":36,"featured_media":0,"parent":0,"menu_order":0,"comment_status":"closed","ping_status":"closed","template":"","meta":{"footnotes":""},"categories":[57],"tags":[],"class_list":["post-616","page","type-page","status-publish","hentry","category-team"],"_links":{"self":[{"href":"https:\/\/www.hsu-hh.de\/compstat\/wp-json\/wp\/v2\/pages\/616","targetHints":{"allow":["GET"]}}],"collection":[{"href":"https:\/\/www.hsu-hh.de\/compstat\/wp-json\/wp\/v2\/pages"}],"about":[{"href":"https:\/\/www.hsu-hh.de\/compstat\/wp-json\/wp\/v2\/types\/page"}],"author":[{"embeddable":true,"href":"https:\/\/www.hsu-hh.de\/compstat\/wp-json\/wp\/v2\/users\/36"}],"replies":[{"embeddable":true,"href":"https:\/\/www.hsu-hh.de\/compstat\/wp-json\/wp\/v2\/comments?post=616"}],"version-history":[{"count":7,"href":"https:\/\/www.hsu-hh.de\/compstat\/wp-json\/wp\/v2\/pages\/616\/revisions"}],"predecessor-version":[{"id":1123,"href":"https:\/\/www.hsu-hh.de\/compstat\/wp-json\/wp\/v2\/pages\/616\/revisions\/1123"}],"wp:attachment":[{"href":"https:\/\/www.hsu-hh.de\/compstat\/wp-json\/wp\/v2\/media?parent=616"}],"wp:term":[{"taxonomy":"category","embeddable":true,"href":"https:\/\/www.hsu-hh.de\/compstat\/wp-json\/wp\/v2\/categories?post=616"},{"taxonomy":"post_tag","embeddable":true,"href":"https:\/\/www.hsu-hh.de\/compstat\/wp-json\/wp\/v2\/tags?post=616"}],"curies":[{"name":"wp","href":"https:\/\/api.w.org\/{rel}","templated":true}]}}