{"id":595,"date":"2020-09-25T10:55:00","date_gmt":"2020-09-25T08:55:00","guid":{"rendered":"https:\/\/www.hsu-hh.de\/compstat\/?page_id=595"},"modified":"2020-09-25T11:05:59","modified_gmt":"2020-09-25T09:05:59","slug":"akademisches-jahr-2019-20","status":"publish","type":"page","link":"https:\/\/www.hsu-hh.de\/compstat\/akademisches-jahr-2019-20","title":{"rendered":"Akademisches Jahr 2019\/20"},"content":{"rendered":"<h3>Herbsttrimester 2019<\/h3>\n<ul>\n<li>Spiel- und Entscheidungstheorie (WS-23-M-12),<br \/>\nVorlesung\/\u00dcbung am Montag 09:45 &#8212; 11:15 und 11:30 &#8212; 13:00 im SR 101;<br \/>\nmehr Informationen in <a href=\"https:\/\/ilias.hsu-hh.de\/goto_unibw_crs_193912.html\" rel='nofollow'>ILIAS<\/a><\/li>\n<p>(Passwort wird in erster V bekannt gegeben)\n<\/ul>\n<h3>Wintertrimester 2020<\/h3>\n<ul>\n<li>Statistische Qualit\u00e4tssicherung (WS-24-M-21),<br \/>\nVorlesung am Mittwoch 14:00 &#8212; 15:30 im <abbr title=\"Personal Computer\">PC<\/abbr>-Pool Wiso (Raum 2161),<br \/>\n\u00dcbung am Donnerstag 08:00 &#8212; 09:30 im <abbr title=\"Personal Computer\">PC<\/abbr>-Pool Wiso (Raum 2161);<br \/>\nmehr Informationen in <a href=\"https:\/\/ilias.hsu-hh.de\/goto_unibw_crs_243673.html\" rel='nofollow'>ILIAS<\/a><br \/>\n<strong>Update:<\/strong> Auch f\u00fcr SQS habe ich die eigentlich letzte Vorlesung (#11) als mp4-Datei (also Folien mit Ton) in ILIAS im Verzeichnis <em>Vorlesungen_mit_Tonspur<\/em> abgelegt. Im Unterschied zur Stochastik- habe ich die SQS-Vorlesung in drei Dateien aufgeteilt. Schauen Sie sich bitte diese drei mp4-Dateien an. <em>Feedback<\/em> bitte per e-mail an mich. Der Einfluss auf die m\u00fcndliche Pr\u00fcfung  ist \u00e4u\u00dferst gering &#8212; meistens geht es um 1 bis 2 Minuten (bei einer Gesamtdauer von ca. 30 Minuten). Das Erkl\u00e4ren eines einfachen Stichprobenplans <abbr title=\"beziehungsweise\">bzw.<\/abbr> der OC-Funktion war aber stets bei den Pr\u00fcflingen willkommen.\n<\/li>\n<li>Stochastik I (WS-15-M-05),<br \/>\nVorlesung am Montag 11:30 &#8212; 13:00 in SR 305,<br \/>\n\u00dcbung am Dienstag 15:45 &#8212; 17:15 im <abbr title=\"Personal Computer\">PC<\/abbr>-Pool Wiso (Raum 2161);<br \/>\nmehr Informationen in <a href=\"https:\/\/ilias.hsu-hh.de\/goto_unibw_crs_243687.html\" rel='nofollow'>ILIAS<\/a><\/li>\n<p><strong>Update:<\/strong> Die eigentlich letzte Vorlesung (#11) habe ich jetzt als mp4-Datei (also Folien mit Ton) in ILIAS im Verzeichnis <em>Vorlesungen_mit_Tonspur<\/em> abgelegt. Schauen Sie sich bitte die ca. 45 Minuten an. <em>Feedback<\/em> bitte per e-mail an mich. Der Einfluss auf die Klausur ist \u00e4u\u00dferst gering &#8212; es k\u00f6nnte sein, dass Sie <em>ein<\/em> Streuungsma\u00df ermitteln m\u00fcssten.<\/li>\n<\/ul>\n<h3>Fr\u00fchjahrstrimester 2020<\/h3>\n<ul>\n<li>Stochastik II (WS-15-M-05),<br \/>\nVorlesung ausschlie\u00dflich <strong>virtuell<\/strong>, mehr Informationen in <a href=\"https:\/\/ilias.hsu-hh.de\/goto_unibw_crs_243687.html\" rel='nofollow'>ILIAS<\/a>. Auf ILIAS liegen die Vorlesungen in jeweils mehrere Happen zerlegt (einzelne mp4-Dateien) herum. Zu jeder vertonten Vorlesung gibt es ein virtuelles Meeting in Echtzeit (mit MS Teams) im Zeitfenster der urspr\u00fcnglichen Vorlesung (nicht mehr als 30 Minuten), d. h. ab 12:00.\n<\/li>\n<li>Warteschlangentheorie (WS-23-M-17),<br \/>\nVorlesung ausschlie\u00dflich <strong>virtuell<\/strong>, mehr Details unter <a href=\"https:\/\/ilias.hsu-hh.de\/goto_unibw_crs_263338.html\" rel='nofollow'>ILIAS<\/a> und per E-Mail. Auch hier gibt es zu jeder vertonten Vorlesung ein virtuelles Meeting in Echtzeit (mit MS Teams) im Zeitfenster der urspr\u00fcnglichen Vorlesung (nicht mehr als 30 Minuten). Die \u00dcbung findet ebenso <strong>virtuell<\/strong> per MS Teams in Zeitfenster der \u00dcbung statt. Musterl\u00f6sungen finden Sie im ILIAS.\n<\/li>\n<\/ul>\n<p><img loading=\"lazy\" decoding=\"async\" class=\"alignnone size-full wp-image-232\" src=\"https:\/\/www.hsu-hh.de\/compstat\/wp-content\/uploads\/sites\/760\/2018\/01\/weiss-1.png\" alt=\"weiss\" width=\"500\" height=\"1500\" srcset=\"https:\/\/www.hsu-hh.de\/compstat\/wp-content\/uploads\/sites\/760\/2018\/01\/weiss-1.png 500w, https:\/\/www.hsu-hh.de\/compstat\/wp-content\/uploads\/sites\/760\/2018\/01\/weiss-1-100x300.png 100w, https:\/\/www.hsu-hh.de\/compstat\/wp-content\/uploads\/sites\/760\/2018\/01\/weiss-1-341x1024.png 341w\" sizes=\"auto, (max-width: 500px) 100vw, 500px\" \/><\/p>\n","protected":false},"excerpt":{"rendered":"<p>Herbsttrimester 2019 Spiel- und Entscheidungstheorie (WS-23-M-12), Vorlesung\/\u00dcbung am Montag 09:45 &#8212; 11:15 und 11:30 &#8212; 13:00 im SR 101; mehr Informationen in ILIAS (Passwort wird in erster V bekannt gegeben) [&hellip;]<\/p>\n","protected":false},"author":102,"featured_media":0,"parent":0,"menu_order":0,"comment_status":"closed","ping_status":"closed","template":"","meta":{"footnotes":""},"categories":[4],"tags":[],"class_list":["post-595","page","type-page","status-publish","hentry","category-forschung"],"_links":{"self":[{"href":"https:\/\/www.hsu-hh.de\/compstat\/wp-json\/wp\/v2\/pages\/595","targetHints":{"allow":["GET"]}}],"collection":[{"href":"https:\/\/www.hsu-hh.de\/compstat\/wp-json\/wp\/v2\/pages"}],"about":[{"href":"https:\/\/www.hsu-hh.de\/compstat\/wp-json\/wp\/v2\/types\/page"}],"author":[{"embeddable":true,"href":"https:\/\/www.hsu-hh.de\/compstat\/wp-json\/wp\/v2\/users\/102"}],"replies":[{"embeddable":true,"href":"https:\/\/www.hsu-hh.de\/compstat\/wp-json\/wp\/v2\/comments?post=595"}],"version-history":[{"count":6,"href":"https:\/\/www.hsu-hh.de\/compstat\/wp-json\/wp\/v2\/pages\/595\/revisions"}],"predecessor-version":[{"id":607,"href":"https:\/\/www.hsu-hh.de\/compstat\/wp-json\/wp\/v2\/pages\/595\/revisions\/607"}],"wp:attachment":[{"href":"https:\/\/www.hsu-hh.de\/compstat\/wp-json\/wp\/v2\/media?parent=595"}],"wp:term":[{"taxonomy":"category","embeddable":true,"href":"https:\/\/www.hsu-hh.de\/compstat\/wp-json\/wp\/v2\/categories?post=595"},{"taxonomy":"post_tag","embeddable":true,"href":"https:\/\/www.hsu-hh.de\/compstat\/wp-json\/wp\/v2\/tags?post=595"}],"curies":[{"name":"wp","href":"https:\/\/api.w.org\/{rel}","templated":true}]}}