{"id":223,"date":"2018-01-04T14:34:02","date_gmt":"2018-01-04T13:34:02","guid":{"rendered":"https:\/\/www.hsu-hh.de\/compstat\/?page_id=223"},"modified":"2025-12-30T14:41:02","modified_gmt":"2025-12-30T13:41:02","slug":"team","status":"publish","type":"page","link":"https:\/\/www.hsu-hh.de\/compstat\/team","title":{"rendered":"Team"},"content":{"rendered":"\n<h2 class=\"wp-block-heading\">Professur f\u00fcr rechnergest\u00fctzte Statistik<\/h2>\n\n\n\n<p>Helmut-Schmidt-Universit\u00e4t Hamburg<br>Holstenhofweg 85<br>22043 Hamburg<\/p>\n","protected":false},"excerpt":{"rendered":"<p>Professur f\u00fcr rechnergest\u00fctzte Statistik Helmut-Schmidt-Universit\u00e4t HamburgHolstenhofweg 8522043 Hamburg<\/p>\n","protected":false},"author":36,"featured_media":0,"parent":0,"menu_order":0,"comment_status":"closed","ping_status":"closed","template":"","meta":{"footnotes":""},"categories":[4],"tags":[],"class_list":["post-223","page","type-page","status-publish","hentry","category-forschung"],"_links":{"self":[{"href":"https:\/\/www.hsu-hh.de\/compstat\/wp-json\/wp\/v2\/pages\/223","targetHints":{"allow":["GET"]}}],"collection":[{"href":"https:\/\/www.hsu-hh.de\/compstat\/wp-json\/wp\/v2\/pages"}],"about":[{"href":"https:\/\/www.hsu-hh.de\/compstat\/wp-json\/wp\/v2\/types\/page"}],"author":[{"embeddable":true,"href":"https:\/\/www.hsu-hh.de\/compstat\/wp-json\/wp\/v2\/users\/36"}],"replies":[{"embeddable":true,"href":"https:\/\/www.hsu-hh.de\/compstat\/wp-json\/wp\/v2\/comments?post=223"}],"version-history":[{"count":29,"href":"https:\/\/www.hsu-hh.de\/compstat\/wp-json\/wp\/v2\/pages\/223\/revisions"}],"predecessor-version":[{"id":1238,"href":"https:\/\/www.hsu-hh.de\/compstat\/wp-json\/wp\/v2\/pages\/223\/revisions\/1238"}],"wp:attachment":[{"href":"https:\/\/www.hsu-hh.de\/compstat\/wp-json\/wp\/v2\/media?parent=223"}],"wp:term":[{"taxonomy":"category","embeddable":true,"href":"https:\/\/www.hsu-hh.de\/compstat\/wp-json\/wp\/v2\/categories?post=223"},{"taxonomy":"post_tag","embeddable":true,"href":"https:\/\/www.hsu-hh.de\/compstat\/wp-json\/wp\/v2\/tags?post=223"}],"curies":[{"name":"wp","href":"https:\/\/api.w.org\/{rel}","templated":true}]}}