{"id":148,"date":"2017-10-13T13:10:35","date_gmt":"2017-10-13T11:10:35","guid":{"rendered":"https:\/\/www.hsu-hh.de\/compstat\/?page_id=148"},"modified":"2024-12-12T11:49:29","modified_gmt":"2024-12-12T10:49:29","slug":"sven-knoth","status":"publish","type":"page","link":"https:\/\/www.hsu-hh.de\/compstat\/sven-knoth","title":{"rendered":"Prof. Dr. Sven Knoth"},"content":{"rendered":"\n<p>Professurinhaber<\/p>\n\n\n\n<div class=\"wp-block-columns is-layout-flex wp-container-core-columns-is-layout-9d6595d7 wp-block-columns-is-layout-flex\">\n<div class=\"wp-block-column is-layout-flow wp-block-column-is-layout-flow\">\n<p>Helmut-Schmidt-Universit\u00e4t<br>Fakult\u00e4t f\u00fcr Wirtschafts- und Sozialwissenschaften<br>Holstenhofweg 85<br>22043 Hamburg<\/p>\n<\/div>\n\n\n\n<div class=\"wp-block-column is-layout-flow wp-block-column-is-layout-flow\">\n<p><strong>Raum:\u00a0<\/strong>H1, 1368<br><strong>Telefon:<\/strong> +4940 6541-3400<br><strong>E-Mail:<\/strong> <a href=\"mailto:knoth@hsu-hh.de\" rel='nofollow'>knoth@hsu-hh.de<\/a><\/p>\n<\/div>\n\n\n\n<div class=\"wp-block-column is-layout-flow wp-block-column-is-layout-flow\">\n<figure class=\"wp-block-image size-large is-resized is-style-default\"><img loading=\"lazy\" decoding=\"async\" width=\"809\" height=\"1024\" src=\"https:\/\/www.hsu-hh.de\/compstat\/wp-content\/uploads\/sites\/760\/2017\/10\/SK02-809x1024.png\" data-credit=\"Sven Knoth\" alt=\"\" class=\"wp-image-177\" style=\"width:164px;height:auto\" srcset=\"https:\/\/www.hsu-hh.de\/compstat\/wp-content\/uploads\/sites\/760\/2017\/10\/SK02-809x1024.png 809w, https:\/\/www.hsu-hh.de\/compstat\/wp-content\/uploads\/sites\/760\/2017\/10\/SK02-237x300.png 237w, https:\/\/www.hsu-hh.de\/compstat\/wp-content\/uploads\/sites\/760\/2017\/10\/SK02-768x972.png 768w, https:\/\/www.hsu-hh.de\/compstat\/wp-content\/uploads\/sites\/760\/2017\/10\/SK02.png 1138w\" sizes=\"auto, (max-width: 809px) 100vw, 809px\" \/><\/figure>\n<\/div>\n<\/div>\n\n\n\n<hr class=\"wp-block-separator has-alpha-channel-opacity is-style-wide\" \/>\n\n\n\n<h3 class=\"wp-block-heading\">Ausbildung<\/h3>\n\n\n\n<ul class=\"wp-block-list\">\n<li>Studium der Mathematik an den TUs Chemnitz und Nowosibirsk von 1984 bis 1990<\/li>\n\n\n\n<li>Promotion zum <abbr title=\"Doktor\">Dr.<\/abbr> <abbr title=\"rerum\">rer.<\/abbr> nat., &#8222;Quasistation\u00e4re CUSUM-Verfahren bei Erlangverteilung&#8220;, <abbr title=\"Technische Universit\u00e4t\">TU<\/abbr> Chemnitz, 1995<\/li>\n\n\n\n<li>Habilitation im Fach Statistik und \u00d6konometrie, &#8222;Statistische Prozesskontrolle&#8220;, Europa-Universit\u00e4t Viadrina Frankfurt (Oder), 2003<\/li>\n<\/ul>\n\n\n\n<h3 class=\"wp-block-heading\">Beruflicher Werdegang<\/h3>\n\n\n\n<ul class=\"wp-block-list\">\n<li>Wissenschaftlicher Mitarbeiter an der Professur Statistik, Fakult\u00e4t Mathematik, <abbr title=\"Technische Universit\u00e4t\">TU<\/abbr> Chemnitz, 1990, 1991-1994<\/li>\n\n\n\n<li>Wissenschaftlicher Mitarbeiter am Institut f\u00fcr Statistik in der Medizin, Medizinische Fakult\u00e4t, Heinrich-Heine-Universit\u00e4t D\u00fcsseldorf, 1991, 1995-1996<\/li>\n\n\n\n<li>Wissenschaftlicher Mitarbeiter <abbr title=\"beziehungsweise\">bzw.<\/abbr> wissenschaftlicher Assistent an der Professur Statistik, Wirtschaftswissenschaftliche Fakult\u00e4t, Europa-Universit\u00e4t Viadrina Frankfurt (Oder), 1996-2004<\/li>\n\n\n\n<li>Senior SPC Engineer am Advanced Mask Technology Center (AMTC) Dresden (Photomasken f\u00fcr die Halbleiterei), 2004-2009<\/li>\n\n\n\n<li>Professor, seit April 2009 an der <abbr title=\"Helmut Schmidt Universit\u00e4t\">HSU<\/abbr><\/li>\n<\/ul>\n\n\n\n<h3 class=\"wp-block-heading\">Publikationen seit 2016<\/h3>\n\n\n\n<ul class=\"wp-block-list\">\n<li><strong>Knoth, Saleh, Mahmoud, Woodall &amp; Tercero-G\u00f3mez (2021)<\/strong><br>A Critique of a Variety of \u201cMemory-Based\u201dProcess Monitoring Methods.<br><em>Journal of Quality Technology, accepted<\/em> &#8212; <a href=\"https:\/\/arxiv.org\/abs\/2110.10680\" rel='nofollow'>arXiv<\/a>.<\/li>\n\n\n\n<li><strong>Knoth, Woodall &amp; Tercero-G\u00f3mez (2021)<\/strong><br>The case against generally weighted moving average (GWMA) control charts.<br><em>Quality Engineering<\/em> &#8212; <a href=\"https:\/\/doi.org\/10.1080\/08982112.2021.2002359\" rel='nofollow'>online<\/a> or <a href=\"https:\/\/arxiv.org\/abs\/2107.00224\" rel='nofollow'>arXiv<\/a>.<\/li>\n\n\n\n<li><strong>Knoth (2021)<\/strong><br>Steady-State Average Run Length(s) \u2014 Methodology, Formulas and Numerics.<br><em>Sequential Analysis 40(3), 405&#8211;426<\/em> or <a href=\"https:\/\/www.doi.org\/10.1080\/07474946.2021.1940501\" rel='nofollow'>online<\/a>.<\/li>\n\n\n\n<li><strong>Knoth, Tercero-G\u00f3mez, Khakifirooz &amp; Woodall (2021)<\/strong><br>The Impracticality of Homogeneously Weighted Moving Average and Progressive Mean Control Chart Approaches.<br><em>Quality and Reliability Engineering International 37(8), 3779&#8211;3794<\/em> or <a href=\"https:\/\/www.doi.org\/10.1002\/qre.2950\" rel='nofollow'>online<\/a>.<\/li>\n\n\n\n<li><strong>Knoth (2021)<\/strong><br>On the Calculation of the ARL for Beta EWMA Control Charts.<br>In <em>Knoth &amp; Schmid (eds.): Frontiers in Statistical Quality Control 13, 25-44<\/em> or <a href=\"https:\/\/www.doi.org\/10.1007\/978-3-030-67856-2_3\" rel='nofollow'>online<\/a>.<\/li>\n\n\n\n<li><strong>Morais, Knoth, Cruz &amp; Wei\u00df (2021)<\/strong><br>ARL-Unbiased CUSUM Schemes to Monitor Binomial Counts.<br>In <em>Knoth &amp; Schmid (eds.): Frontiers in Statistical Quality Control 13, 77-98<\/em> or <a href=\"https:\/\/www.doi.org\/10.1007\/978-3-030-67856-2_6\" rel='nofollow'>online<\/a>.<\/li>\n\n\n\n<li><strong>Knoth (2021)<\/strong><br>Controlling the exponentially weighted moving average S\u00b2 control chart false alarm behavior when the in-control variance level must be estimated.<br><em>Applied Stochastic Models in Business and Industry 37(4), 725&#8211;743<\/em> or <a href=\"https:\/\/arxiv.org\/abs\/2101.04011\" rel='nofollow'>arXiv<\/a>.<\/li>\n\n\n\n<li><strong>Ottenstreuer, Wei\u00df &amp; Knoth (2021)<\/strong><br>Control charts for monitoring a Poisson hidden Markov process.<br><em>Quality and Reliability Engineering International 37(2), 484&#8211;501<\/em> or <a href=\"https:\/\/www.doi.org\/10.1002\/qre.2745\" rel='nofollow'>online<\/a>.<\/li>\n\n\n\n<li><strong>Testik, Kara &amp; Knoth (2020)<\/strong><br>An algorithmic approach to outlier detection and parameter estimation in phase I for designing phase II EWMA control chart.<br><em>Computers &amp; Industrial Engineering 144(106440), 1&#8211;14<\/em> or <a href=\"https:\/\/www.doi.org\/10.1016\/j.cie.2020.106440\" rel='nofollow'>online<\/a>.<\/li>\n\n\n\n<li><strong>Morais &amp; Knoth (2020)<\/strong><br>Improving the ARL profile and the accuracy of its calculation for Poisson EWMA charts.<br><em>Quality and Reliability Engineering International 36(3), 876&#8211;889<\/em> or <a href=\"https:\/\/www.doi.org\/10.1002\/qre.2606\" rel='nofollow'>online<\/a>.<\/li>\n\n\n\n<li><strong>Gan, Yuen &amp; Knoth (2020)<\/strong><br>Quicker detection risk-adjusted cumulative sum charting procedures.<br><em>Statistics in Medicine 39(7), 875&#8211;889<\/em> or <a href=\"https:\/\/www.doi.org\/10.1002\/sim.8448\" rel='nofollow'>online<\/a>.<\/li>\n\n\n\n<li><strong>Berlemann, Freese &amp; Knoth (2020)<\/strong><br>Dating the Start of the U.S. House Price Bubble &#8212; An Application of Statistical Process Control.<br><em>Empirical Economics 58(5), 2287&#8211;2307<\/em> or <a href=\"https:\/\/www.doi.org\/10.1007\/s00181-019-01648-x\" rel='nofollow'>online<\/a>.<\/li>\n\n\n\n<li><strong>Knoth, Wittenberg &amp; Gan (2019)<\/strong><br>Risk-adjusted CUSUM charts under model error.<br><em>Statistics in Medicine 38(12), 2206&#8211;2218<\/em> or <a href=\"https:\/\/www.doi.org\/10.1002\/sim.8104\" rel='nofollow'>online<\/a>.<\/li>\n\n\n\n<li><strong>Paulino, Morais &amp; Knoth (2019)<\/strong><br>On ARL-unbiased c-charts for INAR(1) Poisson counts.<br><em>Statistical Papers 60(4), 1021&#8211;1038<\/em> or <a href=\"https:\/\/www.doi.org\/10.1007\/s00362-016-0861-9\" rel='nofollow'>online<\/a>.<\/li>\n\n\n\n<li><strong>Ottenstreuer, Wei\u00df &amp; Knoth (2019)<\/strong><br>A combined Shewhart-{CUSUM} chart with switching limit.<br><em>Quality Engineering 31(2), 255&#8211;268<\/em> or <a href=\"https:\/\/www.doi.org\/10.1080\/08982112.2018.1479037\" rel='nofollow'>online<\/a>.<\/li>\n\n\n\n<li><strong>Morais, Knoth &amp; Wei\u00df (2018)<\/strong><br>An ARL-unbiased Thinning-based EWMA Chart to Monitor Counts.<br><em>Sequential Analysis 37(4), 487&#8211;510<\/em> or <a href=\"https:\/\/www.doi.org\/10.1080\/07474946.2018.1554889\" rel='nofollow'>online<\/a>.<\/li>\n\n\n\n<li><strong>Knoth (2018)<\/strong><br>The Steady-State Behavior of Multivariate Exponentially Weighted Moving Average Control Charts.<br><em>Sequential Analysis 37(4), 511&#8211;529<\/em> or <a href=\"https:\/\/arxiv.org\/abs\/1808.05069\" rel='nofollow'>arXiv<\/a>.<\/li>\n\n\n\n<li><strong>Tran &amp; Knoth (2018)<\/strong><br>Steady-state ARL analysis of ARL-unbiased EWMA-<abbr title=\"Rechenzentrum\">RZ<\/abbr> control chart monitoring the ratio of two normal variables.<br><em>Quality and Reliability Engineering International 34(3), 377&#8211;390<\/em> or <a href=\"https:\/\/www.doi.org\/10.1002\/qre.2259\" rel='nofollow'>online<\/a>.<\/li>\n\n\n\n<li><strong>Wittenberg, Gan &amp; Knoth (2018)<\/strong><br>A simple signaling rule for variable life-adjusted display derived from an equivalent risk-adjusted CUSUM chart. <em>Statistics in Medicine 37(16), 2455&#8211;2473<\/em> or <a href=\"https:\/\/www.doi.org\/10.1002\/sim.7647\" rel='nofollow'>online<\/a>.<\/li>\n\n\n\n<li><strong>Morais &amp; Knoth (2018)<\/strong><br>On ARL-unbiased charts to monitor the traffic intensity of a single server queue.<br>In <em>Knoth &amp; Schmid (eds.): Frontiers in Statistical Quality Control 12, 87&#8211;112<\/em> or <a href=\"https:\/\/www.doi.org\/10.1007\/978-3-319-75295-2_5\" rel='nofollow'>online<\/a>.<\/li>\n\n\n\n<li><strong>Knoth (2018)<\/strong><br>New results for two-sided CUSUM-Shewhart control charts.<br>In <em>Knoth &amp; Schmid (eds.): Frontiers in Statistical Quality Control 12, 45&#8211;63<\/em> or <a href=\"https:\/\/www.doi.org\/10.1007\/978-3-319-75295-2_3\" rel='nofollow'>online<\/a>.<\/li>\n\n\n\n<li><strong>Knoth (2017)<\/strong><br>ARL Numerics for MEWMA Charts.<br><em>Journal of Quality Technology 49(1), 78&#8211;89<\/em> or <a href=\"https:\/\/www.doi.org\/10.1080\/00224065.2017.11918186\" rel='nofollow'>online<\/a>.<\/li>\n\n\n\n<li><strong>Dasdemir, Wei\u00df, Testik &amp; Knoth (2016)<\/strong><br>Evaluation of Phase I analysis scenarios on Phase II performance of control charts for autocorrelated observations.<br><em>Quality Engineering 28(3), 293&#8211;304<\/em> or <a href=\"https:\/\/www.doi.org\/10.1080\/08982112.2015.1104540\" rel='nofollow'>online<\/a>.<\/li>\n\n\n\n<li><strong>Fichte, Knoth, Potthast, Schaarschmidt, Sabath &amp; Stiemer (2016)<\/strong><br>Application of generalized linear models to evaluate nuclear EMP tests.<br><em>IEEE International Symposium on Electromagnetic Compatibility (EMC)<\/em> &#8212; <a href=\"https:\/\/doi.org\/10.1109\/ISEMC.2016.7571742\" rel='nofollow'>online<\/a>.<\/li>\n\n\n\n<li><strong>Paulino, Morais &amp; Knoth (2016)<\/strong><br>An ARL-unbiased c-chart.<br><em>Quality and Reliability Engineering International 32(8), 2847&#8211;2858<\/em> or <a href=\"https:\/\/www.doi.org\/10.1002\/qre.1969\" rel='nofollow'>online<\/a>.<\/li>\n\n\n\n<li><strong>Knoth (2016)<\/strong><br>The case against the use of synthetic control charts.<br><em>Journal of Quality Technology 48(2), 178&#8211;195<\/em> or <a href=\"https:\/\/www.doi.org\/10.1080\/00224065.2016.11918158\" rel='nofollow'>online<\/a>.<\/li>\n<\/ul>\n","protected":false},"excerpt":{"rendered":"<p>Professurinhaber Helmut-Schmidt-Universit\u00e4tFakult\u00e4t f\u00fcr Wirtschafts- und SozialwissenschaftenHolstenhofweg 8522043 Hamburg Raum:\u00a0H1, 1368Telefon: +4940 6541-3400E-Mail: knoth@hsu-hh.de Ausbildung Beruflicher Werdegang Publikationen seit 2016<\/p>\n","protected":false},"author":36,"featured_media":0,"parent":0,"menu_order":0,"comment_status":"closed","ping_status":"closed","template":"","meta":{"footnotes":""},"categories":[4],"tags":[],"class_list":["post-148","page","type-page","status-publish","hentry","category-forschung"],"_links":{"self":[{"href":"https:\/\/www.hsu-hh.de\/compstat\/wp-json\/wp\/v2\/pages\/148","targetHints":{"allow":["GET"]}}],"collection":[{"href":"https:\/\/www.hsu-hh.de\/compstat\/wp-json\/wp\/v2\/pages"}],"about":[{"href":"https:\/\/www.hsu-hh.de\/compstat\/wp-json\/wp\/v2\/types\/page"}],"author":[{"embeddable":true,"href":"https:\/\/www.hsu-hh.de\/compstat\/wp-json\/wp\/v2\/users\/36"}],"replies":[{"embeddable":true,"href":"https:\/\/www.hsu-hh.de\/compstat\/wp-json\/wp\/v2\/comments?post=148"}],"version-history":[{"count":65,"href":"https:\/\/www.hsu-hh.de\/compstat\/wp-json\/wp\/v2\/pages\/148\/revisions"}],"predecessor-version":[{"id":1072,"href":"https:\/\/www.hsu-hh.de\/compstat\/wp-json\/wp\/v2\/pages\/148\/revisions\/1072"}],"wp:attachment":[{"href":"https:\/\/www.hsu-hh.de\/compstat\/wp-json\/wp\/v2\/media?parent=148"}],"wp:term":[{"taxonomy":"category","embeddable":true,"href":"https:\/\/www.hsu-hh.de\/compstat\/wp-json\/wp\/v2\/categories?post=148"},{"taxonomy":"post_tag","embeddable":true,"href":"https:\/\/www.hsu-hh.de\/compstat\/wp-json\/wp\/v2\/tags?post=148"}],"curies":[{"name":"wp","href":"https:\/\/api.w.org\/{rel}","templated":true}]}}