{"id":119,"date":"2017-10-10T12:55:31","date_gmt":"2017-10-10T10:55:31","guid":{"rendered":"https:\/\/www.hsu-hh.de\/compstat\/?page_id=119"},"modified":"2025-01-16T08:36:37","modified_gmt":"2025-01-16T07:36:37","slug":"detlef-steuer","status":"publish","type":"page","link":"https:\/\/www.hsu-hh.de\/compstat\/detlef-steuer","title":{"rendered":"Dr. Detlef Steuer"},"content":{"rendered":"\n<p>Wissenschaftlicher Mitarbeiter<\/p>\n\n\n\n<div class=\"wp-block-columns is-layout-flex wp-container-core-columns-is-layout-9d6595d7 wp-block-columns-is-layout-flex\">\n<div class=\"wp-block-column is-layout-flow wp-block-column-is-layout-flow\">\n<p>Helmut-Schmidt-Universit\u00e4t<br>Fakult\u00e4t f\u00fcr Wirtschafts- und Sozialwissenschaften<br>Holstenhofweg 85<br>22043 Hamburg<\/p>\n<\/div>\n\n\n\n<div class=\"wp-block-column is-layout-flow wp-block-column-is-layout-flow\">\n<p><strong>Raum:\u00a0<\/strong>H1, 1397<br><strong>Telefon:<\/strong> +4940 6541-2819<br><strong>Fax<\/strong>: +49 40-6541-2834<br><strong>E-Mail:<\/strong> <a href=\"mailto:steuer@hsu-hh.de\" rel='nofollow'>steuer@hsu-hh.de<\/a><br><strong>Homepage:<\/strong> <a href=\"https:\/\/fawn.hsu-hh.de\/~steuer\/\" rel='nofollow'>https:\/\/fawn.hsu-hh.de\/~steuer\/<\/a><\/p>\n<\/div>\n\n\n\n<div class=\"wp-block-column is-layout-flow wp-block-column-is-layout-flow\"><\/div>\n<\/div>\n","protected":false},"excerpt":{"rendered":"<p>Wissenschaftlicher Mitarbeiter Helmut-Schmidt-Universit\u00e4tFakult\u00e4t f\u00fcr Wirtschafts- und SozialwissenschaftenHolstenhofweg 8522043 Hamburg Raum:\u00a0H1, 1397Telefon: +4940 6541-2819Fax: +49 40-6541-2834E-Mail: steuer@hsu-hh.deHomepage: https:\/\/fawn.hsu-hh.de\/~steuer\/<\/p>\n","protected":false},"author":36,"featured_media":0,"parent":0,"menu_order":0,"comment_status":"closed","ping_status":"closed","template":"","meta":{"footnotes":""},"categories":[57],"tags":[],"class_list":["post-119","page","type-page","status-publish","hentry","category-team"],"_links":{"self":[{"href":"https:\/\/www.hsu-hh.de\/compstat\/wp-json\/wp\/v2\/pages\/119","targetHints":{"allow":["GET"]}}],"collection":[{"href":"https:\/\/www.hsu-hh.de\/compstat\/wp-json\/wp\/v2\/pages"}],"about":[{"href":"https:\/\/www.hsu-hh.de\/compstat\/wp-json\/wp\/v2\/types\/page"}],"author":[{"embeddable":true,"href":"https:\/\/www.hsu-hh.de\/compstat\/wp-json\/wp\/v2\/users\/36"}],"replies":[{"embeddable":true,"href":"https:\/\/www.hsu-hh.de\/compstat\/wp-json\/wp\/v2\/comments?post=119"}],"version-history":[{"count":23,"href":"https:\/\/www.hsu-hh.de\/compstat\/wp-json\/wp\/v2\/pages\/119\/revisions"}],"predecessor-version":[{"id":1134,"href":"https:\/\/www.hsu-hh.de\/compstat\/wp-json\/wp\/v2\/pages\/119\/revisions\/1134"}],"wp:attachment":[{"href":"https:\/\/www.hsu-hh.de\/compstat\/wp-json\/wp\/v2\/media?parent=119"}],"wp:term":[{"taxonomy":"category","embeddable":true,"href":"https:\/\/www.hsu-hh.de\/compstat\/wp-json\/wp\/v2\/categories?post=119"},{"taxonomy":"post_tag","embeddable":true,"href":"https:\/\/www.hsu-hh.de\/compstat\/wp-json\/wp\/v2\/tags?post=119"}],"curies":[{"name":"wp","href":"https:\/\/api.w.org\/{rel}","templated":true}]}}