{"id":73,"date":"2017-07-03T15:52:08","date_gmt":"2017-07-03T13:52:08","guid":{"rendered":"https:\/\/www.hsu-hh.de\/vorlage\/?page_id=73"},"modified":"2017-12-11T11:29:36","modified_gmt":"2017-12-11T10:29:36","slug":"startseite","status":"publish","type":"page","link":"https:\/\/www.hsu-hh.de\/complog\/","title":{"rendered":"Computational Logistics"},"content":{"rendered":"<p>Das Kompetenzzentrum Computational Logistics b\u00fcndelt forschungs-, lehr- und transferorientiert Kompetenzen aus den verschiedenen Fakult\u00e4ten der Helmut-Schmidt-Universit\u00e4t; die Initiative ist offen f\u00fcr interessierte Beteiligte auch \u00fcber die HSU hinaus. Der Fokus liegt auf Problemen und Methoden f\u00fcr eine modellbasierte, quantitativ orientierte Entscheidungsunterst\u00fctzung. Zentrale Themengebiete sind Optimierungsverfahren, Simulation, Softwareentwicklung sowie dezentrale Koordinationsmechanismen in den vielf\u00e4ltigen Anwendungsbereichen der Logistik (<abbr title=\"zum Beispiel\">z.B.<\/abbr> Projekt-, Ablauf- und Tourenplanung). <\/p>\n<p>Durch die Kooperation im Rahmen der diversen Forschergruppe werden sowohl ingenieurwissenschaftlich-technische als auch aus wirtschaftswissenschaftlich-\u00f6konomische Aspekte fruchtbar miteinander verbunden. Beispielhaft kann dies an den bislang entstandenen gemeinsamen Publikationen verdeutlichtet werden:<\/p>\n<ul>\n<li>Andreas Fink, Armin F\u00fcgenschuh and Martin Josef Geiger (<abbr title=\"Herausgeber\">Hrsg.<\/abbr>, 2018): Operations Research Proceedings 2016.<br \/>\nSpringer, Cham, <abbr title=\"International Standard Book Number\">ISBN<\/abbr> 978-3-319-55702-1.<\/li>\n<li>Fabian Gnegel, Michael Dudzinski, Armin F\u00fcgenschuh, Markus Stiemer: Mixed Integer PDE Constrained Optimization for the Control of a Wildfire Hazard. Angewandte Mathematik und Optimierung SchriftenreiheApplied Mathematics and Optimization SeriesAMOS #60, 2017.<\/li>\n<li>Andreas Fink and Martin Josef Geiger (<abbr title=\"Herausgeber\">Hrsg.<\/abbr>, 2013): Proceedings of the 14th EU\/ME Workshop.<br \/>\n14th Workshop of the EURO Working Group &#8222;EU\/ME: the metaheuristics community&#8220;, February 28\u2013March 1, 2013, Hamburg, Germany, <abbr title=\"International Standard Book Number\">ISBN<\/abbr> 978-3-86818-049-7.<\/li>\n<\/ul>\n<p>Kontakt: <a href=\"mailto:complog@hsu-hh.de\" rel='nofollow'>complog@hsu-hh.de<\/a><\/p>\n","protected":false},"excerpt":{"rendered":"<p>Das Kompetenzzentrum Computational Logistics b\u00fcndelt forschungs-, lehr- und transferorientiert Kompetenzen aus den verschiedenen Fakult\u00e4ten der Helmut-Schmidt-Universit\u00e4t; die Initiative ist offen f\u00fcr interessierte Beteiligte auch \u00fcber die HSU hinaus. Der Fokus [&hellip;]<\/p>\n","protected":false},"author":1,"featured_media":0,"parent":0,"menu_order":0,"comment_status":"closed","ping_status":"closed","template":"","meta":{"footnotes":""},"categories":[35],"tags":[],"class_list":["post-73","page","type-page","status-publish","hentry","category-startseite"],"_links":{"self":[{"href":"https:\/\/www.hsu-hh.de\/complog\/wp-json\/wp\/v2\/pages\/73","targetHints":{"allow":["GET"]}}],"collection":[{"href":"https:\/\/www.hsu-hh.de\/complog\/wp-json\/wp\/v2\/pages"}],"about":[{"href":"https:\/\/www.hsu-hh.de\/complog\/wp-json\/wp\/v2\/types\/page"}],"author":[{"embeddable":true,"href":"https:\/\/www.hsu-hh.de\/complog\/wp-json\/wp\/v2\/users\/1"}],"replies":[{"embeddable":true,"href":"https:\/\/www.hsu-hh.de\/complog\/wp-json\/wp\/v2\/comments?post=73"}],"version-history":[{"count":4,"href":"https:\/\/www.hsu-hh.de\/complog\/wp-json\/wp\/v2\/pages\/73\/revisions"}],"predecessor-version":[{"id":103,"href":"https:\/\/www.hsu-hh.de\/complog\/wp-json\/wp\/v2\/pages\/73\/revisions\/103"}],"wp:attachment":[{"href":"https:\/\/www.hsu-hh.de\/complog\/wp-json\/wp\/v2\/media?parent=73"}],"wp:term":[{"taxonomy":"category","embeddable":true,"href":"https:\/\/www.hsu-hh.de\/complog\/wp-json\/wp\/v2\/categories?post=73"},{"taxonomy":"post_tag","embeddable":true,"href":"https:\/\/www.hsu-hh.de\/complog\/wp-json\/wp\/v2\/tags?post=73"}],"curies":[{"name":"wp","href":"https:\/\/api.w.org\/{rel}","templated":true}]}}