{"id":73,"date":"2017-07-03T15:52:08","date_gmt":"2017-07-03T13:52:08","guid":{"rendered":"https:\/\/www.hsu-hh.de\/vorlage\/?page_id=73"},"modified":"2024-04-23T10:00:46","modified_gmt":"2024-04-23T08:00:46","slug":"startseite","status":"publish","type":"page","link":"https:\/\/www.hsu-hh.de\/cmd\/","title":{"rendered":"Professur f\u00fcr Computational Material Design"},"content":{"rendered":"<div class=\"background-grey\">Die Professur erforscht high-performance Materialien f\u00fcr Batterien, Elektrolyseure, und photovoltaische Anwendungen. Ein integraler Forschungsansatz umfa\u00dft theoretische und experimentelle Methoden, um m\u00f6glichst zeitsparend und rational neue Materialien zu designen.<\/div>\n<div><\/div>\n<div>Wir haben zahlreiche aktuelle Forschungsaktivit\u00e4ten im Bereich &#8222;High-Throughput Materials Discovery, wo wir auf gro\u00dfe Erfahrung im automatisierten Einsatz von Dichte-Funktional-Theorie (DFT) aufbauen. Au\u00dferdem setzen wir linear-skalierende Methodik (ONETEP) ein, um nano-skalige Effekte zu untersuchen und entwickeln in Collaboration aktiv ab initio Methoden zur Untersuchung geladener Oberfl\u00e4chen und elektrochemischer Prozesse.<\/div>\n<div><\/div>\n<div>Der Lehrstuhl baut momentan mehrere Labore auf. Es entsteht ein Reinraum mit einem Ultra-Hoch-Vacuum Cluster Tool zur Herstellung und Charakterisierung kombinatorischer D\u00fcnnschichtsysteme. Chemische Gradienten werden durch physikalische Gasphasenabscheidung (physical vapour deposition &#8211; PVD) von bis zu sechs Elementen gleichzeitig hergestellt und mittels integriertem XRD und XPS\/ARPES kristallographisch und in Bezug auf chemische <abbr title=\"beziehungsweise\">bzw.<\/abbr> elektronische Eigenschaften charakterisiert. Dies erlaubt die Synthese und Charaterisierung auch sehr empfindlicher Materialien ohne das diese das UHV verlassen m\u00fcssen. Weiterhin besteht die M\u00f6glichkeit Proben in Schutzathmosph\u00e4re ein- und auszuschleusen.<\/div>\n<div><\/div>\n<div>Weiterhin betreibt der Lehrstuhl ein Micro-CT, welches zur Untersuchung komplexer Komposite eingesetzt wird, ein na\u00dfchemisches Labor mit einer Vielzahl elektrochemischer Messtationen inclusive eines elektrochemischen Massenspektrometers zur Produktanalyse elektrokatalytischer Prozesse.<\/div>\n<div><\/div>\n<div>Der CMD Lehrstuhl ist Teil des &#8222;Advanced Materials Clusters&#8220; an der <abbr title=\"Helmut Schmidt Universit\u00e4t\">HSU<\/abbr>\/UniBw H (Materials Processing Technologies, Mechanics, Numerical Mathematics, Thermodynamics and Molecular Simulations), und arbeitet eng mit dem Lehrstuhl f\u00fcr High-Performance Computing zusammen, um allgemeine, grundlegende wissenschaftliche Fragestellungen und spezifische Anwendungsherausforderungen zu erforschen. Dabei arbeiten wir eng mit Partnern in der Metropol-Region Hamburg, deutschlandweit und international zusammen.<\/div>\n<p><strong>aktuelle Ausschreibungen:<\/strong><\/p>\n<p>Wissenschaftliche Mitarbeiter: &#8211; auf Anfrage<\/p>\n<p>Studentische Hilfskr\u00e4fte: &#8211; auf Anfrage<\/p>\n<p><strong>Studentische- \/ Bachelor- \/ Masterarbeiten:<\/strong><\/p>\n<p>Aktuelle Arbeiten im Bereich Computersimulationen zu Themen wie:<\/p>\n<ul>\n<li>High-Throughput Density-Functional-Theory<\/li>\n<li>Lithium, Natrium- und Magnesium Batterien<\/li>\n<li>Photovoltaik<\/li>\n<li>Physikalische Gasphasenabscheidung<\/li>\n<li>Micro-CT<\/li>\n<li>Elektrokatalyse und magnetische Eigenschaften<\/li>\n<li>Funktionale Oberfl\u00e4chen<\/li>\n<li>&#8230;..<\/li>\n<\/ul>\n<p>sind jederzeit m\u00f6glich.<\/p>\n<p>Bei Interesse \/ Bedarf gerne direkt anfragen.<\/p>\n<p><strong>Leitung: <\/strong><\/p>\n<p><strong>Professor Denis Kramer (d.kramer[at]hsu-hh.de) +49 40 6541 3602<br \/>\n<\/strong><\/p>\n<p>Sekretariat:<\/p>\n<p>Beate Scheepker<br \/>\nTelefon: +49 40 6541 2691<br \/>\neMail: scheepker@hsu-hh.de<\/p>\n","protected":false},"excerpt":{"rendered":"<p>Die Professur erforscht high-performance Materialien f\u00fcr Batterien, Elektrolyseure, und photovoltaische Anwendungen. Ein integraler Forschungsansatz umfa\u00dft theoretische und experimentelle Methoden, um m\u00f6glichst zeitsparend und rational neue Materialien zu designen. Wir haben [&hellip;]<\/p>\n","protected":false},"author":26,"featured_media":230,"parent":0,"menu_order":0,"comment_status":"closed","ping_status":"closed","template":"","meta":{"footnotes":""},"categories":[35],"tags":[],"class_list":["post-73","page","type-page","status-publish","has-post-thumbnail","hentry","category-startseite"],"_links":{"self":[{"href":"https:\/\/www.hsu-hh.de\/cmd\/wp-json\/wp\/v2\/pages\/73","targetHints":{"allow":["GET"]}}],"collection":[{"href":"https:\/\/www.hsu-hh.de\/cmd\/wp-json\/wp\/v2\/pages"}],"about":[{"href":"https:\/\/www.hsu-hh.de\/cmd\/wp-json\/wp\/v2\/types\/page"}],"author":[{"embeddable":true,"href":"https:\/\/www.hsu-hh.de\/cmd\/wp-json\/wp\/v2\/users\/26"}],"replies":[{"embeddable":true,"href":"https:\/\/www.hsu-hh.de\/cmd\/wp-json\/wp\/v2\/comments?post=73"}],"version-history":[{"count":25,"href":"https:\/\/www.hsu-hh.de\/cmd\/wp-json\/wp\/v2\/pages\/73\/revisions"}],"predecessor-version":[{"id":350,"href":"https:\/\/www.hsu-hh.de\/cmd\/wp-json\/wp\/v2\/pages\/73\/revisions\/350"}],"wp:featuredmedia":[{"embeddable":true,"href":"https:\/\/www.hsu-hh.de\/cmd\/wp-json\/wp\/v2\/media\/230"}],"wp:attachment":[{"href":"https:\/\/www.hsu-hh.de\/cmd\/wp-json\/wp\/v2\/media?parent=73"}],"wp:term":[{"taxonomy":"category","embeddable":true,"href":"https:\/\/www.hsu-hh.de\/cmd\/wp-json\/wp\/v2\/categories?post=73"},{"taxonomy":"post_tag","embeddable":true,"href":"https:\/\/www.hsu-hh.de\/cmd\/wp-json\/wp\/v2\/tags?post=73"}],"curies":[{"name":"wp","href":"https:\/\/api.w.org\/{rel}","templated":true}]}}