{"id":73,"date":"2017-07-03T15:52:08","date_gmt":"2017-07-03T13:52:08","guid":{"rendered":"https:\/\/www.hsu-hh.de\/vorlage\/?page_id=73"},"modified":"2026-01-08T08:02:38","modified_gmt":"2026-01-08T07:02:38","slug":"startseite","status":"publish","type":"page","link":"https:\/\/www.hsu-hh.de\/campusinfo\/","title":{"rendered":"Pr\u00fcfungsamt\/Studiensekretariat"},"content":{"rendered":"<p>Das Personal vom Pr\u00fcfungsamt\/Studiensekretariat ist Ansprechpartner f\u00fcr die verwaltungsm\u00e4\u00dfige Abwicklung der Studien- und Pr\u00fcfungsangelegenheiten.<\/p>\n<p>In den Aufgabenbereich Studiensekretariat geh\u00f6ren dabei grundlegende Vorg\u00e4nge wie Immatrikulation, R\u00fcckmeldung\/Beurlaubung vom Studium und Exmatrikulation sowie das F\u00fchren von Hochschulstatistiken und die Bearbeitung von Gasth\u00f6rerangelegenheiten.<\/p>\n<p>Im Aufgabenbereich Pr\u00fcfungsamt werden die Pr\u00fcfungsaussch\u00fcsse der Fakult\u00e4ten in ihrer Zust\u00e4ndigkeit f\u00fcr die Organisation der Pr\u00fcfungen ihrer Studieng\u00e4nge unterst\u00fctzt. Es werden die Pr\u00fcfungsakten aller Studierenden gef\u00fchrt, wobei abgelegte Pr\u00fcfungsleistungen ebenso dokumentiert werden wie ein Vers\u00e4umnis oder R\u00fccktritt von einer Pr\u00fcfung. Dar\u00fcber hinaus werden Aufgaben im Zusammenhang mit der in den Studien- und Pr\u00fcfungsordnungen vorgesehenen Zulassung zu Modulpr\u00fcfungen und Fortschrittskontrolle wahrgenommen. Im Rahmen dieser Pr\u00fcfungsverwaltung wird ein elektronisches Campus Management System (CMS) eingesetzt.<\/p>\n<p>Schlie\u00dflich werden Ausk\u00fcnfte erteilt zu dem formellen Ablauf des Studiums, wie er sich aus der jeweiligen Studien- und Pr\u00fcfungsordnung ergibt. Materielle Studienberatung findet an der jeweiligen Fakult\u00e4t statt.<\/p>\n<p>Hochschulangeh\u00f6rige finden weitere Informationen in <a href=\"https:\/\/intranet.hsu-hh.de\/pruefungsamt\" rel='nofollow'>ILIAS<\/a>.<\/p>\n<p>Sollten Sie Probleme bei der Nutzung des Campus Management Systems oder Fragen zur Rechtevergabe in Pr\u00fcfungsangelegenheiten haben, k\u00f6nnen Sie sich gern an das <a href=\"https:\/\/www.hsu-hh.de\/verwaltung\/zustaendigkeiten-dezernat-iii\">Dez. III 3<\/a> wenden.<\/p>\n<h2>Kontakt<\/h2>\n\n\n<details class=\"wp-block-details has-medium-font-size is-layout-flow wp-block-details-is-layout-flow\" style=\"font-style:normal;font-weight:600\"><summary>Sprechzeiten\/Erreichbarkeit<\/summary>\n<div style=\"height:44px\" aria-hidden=\"true\" class=\"wp-block-spacer\"><\/div>\n\n\n\n<p>Das Team vom Pr\u00fcfungsamt\/Studiensekretariat steht Ihnen zu folgenden Zeiten pers\u00f6nlich oder telefonisch mit Rat und Tat zur Seite:<\/p>\n<p><strong>Sprechzeiten<\/strong>:<br \/>dienstags : 9.30 &#8211; 12.00 Uhr und 13.00 &#8211; 14.30 Uhr<br \/>mittwochs: 9.30 &#8211; 12.00 Uhr<br \/>freitags: 9.30 &#8211; 12.00 Uhr<\/p>\n<p><strong>So erreichen Sie uns:<\/strong><\/p>\n<p><strong>Postanschrift<\/strong><br \/>Helmut-Schmidt-Universit\u00e4t\/Universit\u00e4t der Bundeswehr Hamburg<br \/>Pr\u00fcfungsamt\/Studiensekretariat<br \/>Postfach 700822<br \/>22008 Hamburg<\/p>\n<p><strong>Besucheranschrift<\/strong><br \/>Geb\u00e4ude H 11 (Erdgeschoss rechts)<br \/>Holstenhofweg 85<br \/>22043 Hamburg<\/p>\n<p>oder \u00fcber<br \/><strong>E-Mail:<\/strong>\u00a0 pruefungsamt@hsu-hh.de<br \/><strong>Fax:<\/strong> (040) 6541 2072<br \/><strong>Telefon:<\/strong> (040) 6541 + App. (s.u.)<\/p>\n<p>Zur Einreichung von Schriftst\u00fccken (z. B. Antr\u00e4gen, Pr\u00fcfungsarbeiten) nutzen Sie bitte auch den fristwahrenden Briefkasten am zentralen Eingang zum Geb\u00e4ude H 11.<\/p>\n<p>F\u00fcr die \u00dcbersendung von E-Mails mit qualifizierter elektronischer Signatur steht Ihnen <strong>ausschlie\u00dflich<\/strong> die E-Mail-Adressse pruefungsamt@hsu-hh.de zur Verf\u00fcgung.<\/p>\n\n\n\n<div style=\"height:44px\" aria-hidden=\"true\" class=\"wp-block-spacer\"><\/div>\n<\/details>\n\n\n\n<details class=\"wp-block-details has-medium-font-size is-layout-flow wp-block-details-is-layout-flow\" style=\"font-style:normal;font-weight:600\"><summary>Ansprechpersonen<\/summary>\n<div style=\"height:44px\" aria-hidden=\"true\" class=\"wp-block-spacer\"><\/div>\n\n\n\n<p><strong>Dezernatsleitung, Grundsatzfragen<\/strong><br \/>Telefon: (040) 6541 2704<\/p>\n<p><strong>Studiengangs\u00fcbergreifende Sachbearbeitung in Sonderf\u00e4llen sowie Pr\u00fcfungsverwaltung der Gaststudierenden<\/strong><br \/>Telefon: (040) 6541 2616<\/p>\n<p><strong>Studiengangs\u00fcbergreifende Sachbearbeitung in Sonderf\u00e4llen einschlie\u00dflich Hochschulzugangsberechtigung<\/strong><br \/>Telefon: (040) 6541 3045<\/p>\n<p><strong>Hochschulstatistik<\/strong><br \/>Telefon: (040) 6541 2694<\/p>\n<p><strong>Hochschulzugangsberechtigung, Gasth\u00f6rerschaft (Studiensekretariat)<\/strong><br \/>Telefon: (040) 6541 2502<br \/>Telefon: (040) 6541 2983<br \/>Telefon: (040) 6541 2508<\/p>\n<p><strong>Studiengang BuErz<\/strong><br \/>Telefon: (040) 6541 2214<\/p>\n<p><strong>Studiengang <abbr title=\"Betriebswirtschaftslehre\">BWL<\/abbr><\/strong><br \/>Telefon: (040) 6541 2183<\/p>\n<p><strong>Studiengang Geschw<\/strong><br \/>Telefon: (040) 6541 2695<\/p>\n<p><strong>Studiengang\u00a0 Psy<\/strong><br \/>Telefon: (040) 6541 2508<\/p>\n<p><strong>Studieng\u00e4nge Pol und DiGA<\/strong><br \/>Telefon: (040) 6541 3184<\/p>\n<p><strong>Studiengang R\u00f6V<\/strong><br \/>Telefon: (040) 6541 2502<\/p>\n<p><strong>Studieng\u00e4nge MB, EngSci und BIW<\/strong><br \/>Telefon: (040) 6541 3715<\/p>\n<p><strong>Studieng\u00e4nge <abbr title=\"Volkswirtschaftslehre\">VWL<\/abbr>, <abbr title=\"Wirtschaftsingenieurwesen\">WI<\/abbr> und Logistik<\/strong><br \/>Telefon: (040) 6541 2694<\/p>\n<p><strong>Studiengang <abbr title=\"Elektrotechnik\">ET<\/abbr><\/strong><br \/>Telefon: (040) 6541 2983<\/p>\n<p><strong>weiterbildende Masterstudieng\u00e4nge<\/strong><br \/>Telefon: (040) 6541 3873<\/p>\n<p><strong>Dez. III 3 Systembetreuung f\u00fcr die EDV-gest\u00fctzte Pr\u00fcfungsverwaltung<\/strong><br \/>Telefon: (040) 6541 &#8211; 2585 oder &#8211; 3089 oder &#8211; 2992<br \/>E-Mail: <abbr title=\"Informationstechnologie\">IT<\/abbr>-PV@hsu-hh.de<\/p>\n\n\n\n<div style=\"height:44px\" aria-hidden=\"true\" class=\"wp-block-spacer\"><\/div>\n<\/details>\n","protected":false},"excerpt":{"rendered":"<p>Das Personal vom Pr\u00fcfungsamt\/Studiensekretariat ist Ansprechpartner f\u00fcr die verwaltungsm\u00e4\u00dfige Abwicklung der Studien- und Pr\u00fcfungsangelegenheiten. In den Aufgabenbereich Studiensekretariat geh\u00f6ren dabei grundlegende Vorg\u00e4nge wie Immatrikulation, R\u00fcckmeldung\/Beurlaubung vom Studium und Exmatrikulation sowie [&hellip;]<\/p>\n","protected":false},"author":1,"featured_media":0,"parent":0,"menu_order":0,"comment_status":"closed","ping_status":"closed","template":"","meta":{"footnotes":""},"categories":[6,35],"tags":[],"class_list":["post-73","page","type-page","status-publish","hentry","category-lehre","category-startseite"],"_links":{"self":[{"href":"https:\/\/www.hsu-hh.de\/campusinfo\/wp-json\/wp\/v2\/pages\/73","targetHints":{"allow":["GET"]}}],"collection":[{"href":"https:\/\/www.hsu-hh.de\/campusinfo\/wp-json\/wp\/v2\/pages"}],"about":[{"href":"https:\/\/www.hsu-hh.de\/campusinfo\/wp-json\/wp\/v2\/types\/page"}],"author":[{"embeddable":true,"href":"https:\/\/www.hsu-hh.de\/campusinfo\/wp-json\/wp\/v2\/users\/1"}],"replies":[{"embeddable":true,"href":"https:\/\/www.hsu-hh.de\/campusinfo\/wp-json\/wp\/v2\/comments?post=73"}],"version-history":[{"count":31,"href":"https:\/\/www.hsu-hh.de\/campusinfo\/wp-json\/wp\/v2\/pages\/73\/revisions"}],"predecessor-version":[{"id":4197,"href":"https:\/\/www.hsu-hh.de\/campusinfo\/wp-json\/wp\/v2\/pages\/73\/revisions\/4197"}],"wp:attachment":[{"href":"https:\/\/www.hsu-hh.de\/campusinfo\/wp-json\/wp\/v2\/media?parent=73"}],"wp:term":[{"taxonomy":"category","embeddable":true,"href":"https:\/\/www.hsu-hh.de\/campusinfo\/wp-json\/wp\/v2\/categories?post=73"},{"taxonomy":"post_tag","embeddable":true,"href":"https:\/\/www.hsu-hh.de\/campusinfo\/wp-json\/wp\/v2\/tags?post=73"}],"curies":[{"name":"wp","href":"https:\/\/api.w.org\/{rel}","templated":true}]}}