{"id":957,"date":"2022-05-03T00:23:33","date_gmt":"2022-05-02T22:23:33","guid":{"rendered":"https:\/\/www.hsu-hh.de\/bapaed\/?page_id=957"},"modified":"2022-05-05T11:00:09","modified_gmt":"2022-05-05T09:00:09","slug":"gv-metadaten","status":"publish","type":"page","link":"https:\/\/www.hsu-hh.de\/bwp-w\/gv-metadaten\/","title":{"rendered":"L\u00f6schen von Meta-Daten"},"content":{"rendered":"\n<h1 class=\"wp-block-heading\">Anleitung zum L\u00f6schen von Meta-Daten unter Windows 10<\/h1>\n\n\n\n<h2 class=\"wp-block-heading\">Hintergrund<\/h2>\n\n\n\n<p>Eine Datei kann unbeabsichtigt Informationen enthalten, die einen R\u00fcckschluss auf die eigene Person erm\u00f6glichen. Dabei handelt es sich z.&nbsp;B. um den Benutzer- oder gar Klarnamen. Diese Informationen \u00fcber die Datei selbst werden ggf. automatisch durch das genutzte Betriebssystem oder Programm mitgespeichert (sogenannte Meta-Daten). Wir wollen hiermit dar\u00fcber aufkl\u00e4ren, wie diese Informationen vor der \u00dcbermittlung an uns gel\u00f6scht werden k\u00f6nnen.<\/p>\n\n\n\n<h2 class=\"wp-block-heading\">Durchf\u00fchrung<\/h2>\n\n\n\n<ol class=\"wp-block-list\" type=\"1\"><li>Stellen Sie zun\u00e4chst die Datei vollst\u00e4ndig fertig, speichern Sie diese auf Ihrer Festplatte (z.\u00a0B. Ihrem Desktop) ab und schlie\u00dfen Sie das Programm.<\/li><li>Klicken Sie mit der alternativen Maustaste (meistens die rechte Maustaste) auf die Datei, sodass sich das Kontextmen\u00fc \u00f6ffnet, und klicken Sie dann auf den Eintrag \u201eEigenschaften\u201c.<\/li><li>Im Fenster, das sich nun neu ge\u00f6ffnet hat, klicken Sie im Reiter oben auf den Eintrag \u201eDetails\u201c. Hier sehen Sie die Meta-Daten zu der Datei.<\/li><li>Um diese zu l\u00f6schen, klicken Sie in dem Fenster auf den Text unten \u201eEigenschaften und pers\u00f6nliche Informationen entfernen\u201c.<\/li><li>Klicken Sie im nun neu ge\u00f6ffneten Fenster auf den zweiten Radio-Button \u201eFolgende Eigenschaften aus dieser Datei entfernen:\u201c, dann auf den Knopf \u201eAlle ausw\u00e4hlen\u201c und abschlie\u00dfend auf den Knopf \u201eOK\u201c.<\/li><li>Das letzte Fenster schlie\u00dft sich und Sie sehen, die aktualisierte (nun reduzierte) Liste der Meta-Daten. Das letzte Fester k\u00f6nnen Sie mit einem Klick unten auf \u201eOK\u201c schlie\u00dfen.<\/li><\/ol>\n","protected":false},"excerpt":{"rendered":"<p>Anleitung zum L\u00f6schen von Meta-Daten unter Windows 10 Hintergrund Eine Datei kann unbeabsichtigt Informationen enthalten, die einen R\u00fcckschluss auf die eigene Person erm\u00f6glichen. Dabei handelt es sich z.&nbsp;B. um den [&hellip;]<\/p>\n","protected":false},"author":2893,"featured_media":0,"parent":0,"menu_order":0,"comment_status":"closed","ping_status":"closed","template":"","meta":{"_EventAllDay":false,"_EventTimezone":"","_EventStartDate":"","_EventEndDate":"","_EventStartDateUTC":"","_EventEndDateUTC":"","_EventShowMap":false,"_EventShowMapLink":false,"_EventURL":"","_EventCost":"","_EventCostDescription":"","_EventCurrencySymbol":"","_EventCurrencyCode":"","_EventCurrencyPosition":"","_EventDateTimeSeparator":"","_EventTimeRangeSeparator":"","_EventOrganizerID":[],"_EventVenueID":[],"_OrganizerEmail":"","_OrganizerPhone":"","_OrganizerWebsite":"","_VenueAddress":"","_VenueCity":"","_VenueCountry":"","_VenueProvince":"","_VenueState":"","_VenueZip":"","_VenuePhone":"","_VenueURL":"","_VenueStateProvince":"","_VenueLat":"","_VenueLng":"","_VenueShowMap":false,"_VenueShowMapLink":false,"footnotes":""},"categories":[4],"tags":[],"class_list":["post-957","page","type-page","status-publish","hentry","category-forschung"],"_links":{"self":[{"href":"https:\/\/www.hsu-hh.de\/bwp-w\/wp-json\/wp\/v2\/pages\/957","targetHints":{"allow":["GET"]}}],"collection":[{"href":"https:\/\/www.hsu-hh.de\/bwp-w\/wp-json\/wp\/v2\/pages"}],"about":[{"href":"https:\/\/www.hsu-hh.de\/bwp-w\/wp-json\/wp\/v2\/types\/page"}],"author":[{"embeddable":true,"href":"https:\/\/www.hsu-hh.de\/bwp-w\/wp-json\/wp\/v2\/users\/2893"}],"replies":[{"embeddable":true,"href":"https:\/\/www.hsu-hh.de\/bwp-w\/wp-json\/wp\/v2\/comments?post=957"}],"version-history":[{"count":2,"href":"https:\/\/www.hsu-hh.de\/bwp-w\/wp-json\/wp\/v2\/pages\/957\/revisions"}],"predecessor-version":[{"id":962,"href":"https:\/\/www.hsu-hh.de\/bwp-w\/wp-json\/wp\/v2\/pages\/957\/revisions\/962"}],"wp:attachment":[{"href":"https:\/\/www.hsu-hh.de\/bwp-w\/wp-json\/wp\/v2\/media?parent=957"}],"wp:term":[{"taxonomy":"category","embeddable":true,"href":"https:\/\/www.hsu-hh.de\/bwp-w\/wp-json\/wp\/v2\/categories?post=957"},{"taxonomy":"post_tag","embeddable":true,"href":"https:\/\/www.hsu-hh.de\/bwp-w\/wp-json\/wp\/v2\/tags?post=957"}],"curies":[{"name":"wp","href":"https:\/\/api.w.org\/{rel}","templated":true}]}}