{"id":893,"date":"2021-10-26T16:36:01","date_gmt":"2021-10-26T14:36:01","guid":{"rendered":"https:\/\/www.hsu-hh.de\/bapaed\/?page_id=893"},"modified":"2025-11-20T15:29:37","modified_gmt":"2025-11-20T14:29:37","slug":"kschwien","status":"publish","type":"page","link":"https:\/\/www.hsu-hh.de\/bwp-w\/mitarbeitende\/kschwien\/","title":{"rendered":"Karen Schwien, M.Sc."},"content":{"rendered":"<script type=\"application\/ld+json\">[{\"@context\": \"https:\/\/www.schema.org\",\"@type\": \"Person\",\"name\": \"Karen Schwien\",\"worksFor\": [{\t\"@type\": \"Organization\",\t\"name\": \"Helmut-Schmidt-Universit\u00e4t\",\t\"url\": \"https:\/\/www.hsu-hh.de\"\t, \"department\": {\"@type\": \"Organization\",\t\t\t\t\t\"name\": \"Professur f\u00fcr Berufs- und Wirtschaftsp\u00e4dagogik, SP Wirtschaftsp\u00e4dagogik\",\t\t\t\t\t\"location\": {\t\t\t\t\t\t\"@type\": \"PostalAddress\",\t\t\t\t\t\t\"addressLocality\": \"\",        \t\t\t\t\"postalCode\": \"22043\",        \t\t\t\t\"streetAddress\": \"Holstenhofweg 85 , Geb\u00e4ude H01\"\t\t\t\t\t}},\t\"location\": {\t\t\"@type\": \"PostalAddress\",    \t\"addressLocality\": \"\",    \t\"postalCode\": \"22008\",    \t\"postOfficeBoxNumber\": \"700822\"\t}   }],\"image\": \"https:\/\/www.hsu-hh.de\/bapaed\/wp-content\/uploads\/sites\/833\/2023\/12\/grafik-150x150.png\",\"telephone\": \"+49 (0)40 6541-3817\",\"faxNumber\": \"\",\"email\": \"kschwien@hsu-hh.de\"}]<\/script><div class=\"clearfix\"><\/div><div class=\"ansprechparter-container \" style=\"margin-top:1em; \"><div class=\"row ansprechpartner-item ansprechparter-header\" ><div class=\"col-xs-8 col-lg-12\" style=\"margin-bottom: 30px;\"><h3 class=\"ansprechparter-headline\">Karen Schwien<\/h3><\/div><\/div><div class=\"col-md-4 col-lg-3 col-xs-4 ansprechpartner-item floatright img-circle center-block\" style=\"margin-bottom: 30px;\"><div class=\"img-responsive-wrapper\"><img decoding=\"async\" src=\"https:\/\/www.hsu-hh.de\/bapaed\/wp-content\/uploads\/sites\/833\/2023\/12\/grafik-150x150.png\" alt=\"\" class=\"img-circle img-responsive center-block\" \/><\/div><\/div><div class=\"col-md-12 col-lg-3 col-xs-12 ansprechpartner-item kontakt floatright\" style=\"margin-bottom: 30px; \"><div class=\"row\"><div class=\"col-xs-12 col-sm-6 col-lg-12\"><div class=\"row\"><div class=\"col-xs-4 col-lg-4 row-text bold\" >Raum:<\/div><div class=\" row-text\">2216<\/div><\/div><\/div><div class=\"col-xs-12 col-sm-6 col-lg-12\"><div class=\"row\"><div class=\"col-xs-4 col-lg-4 row-text bold\">Telefon:<\/div><div class=\" row-text\">+49 (0)40 6541-3817<\/div><\/div><\/div><div class=\"col-xs-12 col-sm-6 col-lg-12\"><div class=\"row\"><div class=\"col-xs-4 col-lg-4 row-text bold\">E-Mail:<\/div><div class=\"row-text\" style=\"overflow:hidden; word-break: break-word\"><a href=\"mailto:kschwien@hsu-hh.de\" rel=\"nofollow\">kschwien@hsu-hh.de<\/a><\/div><\/div><\/div><\/div><\/div><div class=\"col-md-6 col-lg-3 col-xs-12 ansprechpartner-item anschrift floatright\" ><div class=\"row-headline\">Besucheranschrift<\/div><div class=\"dataBesucheranschrift\" style=\"\"><div class=\"row-text\">Helmut-Schmidt-Universit\u00e4t<\/div><div class=\"row-text\">Geb\u00e4ude H01<\/div><div class=\"row-text\">Holstenhofweg 85<\/div><div class=\"row-text\">22043 Hamburg<\/div><\/div><\/div><div class=\"col-md-6 col-lg-3 col-xs-12 ansprechpartner-item anschrift floatright\"><div class=\"row-headline\">Postanschrift<\/div><div class=\"dataPostanschrift\" style=\"\"><div class=\"row-text\">Helmut-Schmidt-Universit\u00e4t<\/div><div class=\"row-text\">Fakult\u00e4t f\u00fcr Geistes- und Sozialwissenschaften<\/div><div class=\"row-text\">Professur f\u00fcr Berufs- und Wirtschaftsp\u00e4dagogik, SP Wirtschaftsp\u00e4dagogik<\/div><div class=\"row-text\">Postfach 70 08 22<\/div><div class=\"row-text\">22008 Hamburg<\/div><\/div><\/div><\/div><div class=\"clearfix\"><\/div>\n\n\n<p><\/p>\n\n\n<h3>Projekte an der Professur<\/h3>\n<p>Crowdwork und Crowdworker: Kompetenz-\/Subjektivierungseffekte, individuelle Beruflichkeit und lernf\u00f6rderliche Plattformgestaltung \u2013 Transfer der Befunde auf die digitalisierte Wissensarbeit (CKoBeLeP II) =&gt; <a href=\"_wp_link_placeholder\" data-wplink-edit=\"true\" rel='nofollow'>zur Projektseite<\/a><\/p>\n<p>Crowdwork und Crowdworker vor, w\u00e4hrend und nach der beruflichen Ausbildung \u2013 Kompetenz-\/Subjektivierungseffekte, individuelle Beruflichkeit und lernf\u00f6rderliche Plattformgestaltung (CKoBeLeP) =&gt; <a href=\"https:\/\/www.hsu-hh.de\/bwp-b\/forschung\/crowdwork\/\" data-type=\"URL\" data-id=\"https:\/\/www.hsu-hh.de\/bbp\/forschung\/crowdwork\/\">zur Projektseite<\/a><\/p>\n<h3>Curriculum Vitae<\/h3>\n\n\n<p>Seit 2025 Wissenschaftliche Mitarbeiterin an der Professur f\u00fcr Berufs- und Arbeitsp\u00e4dagogik und im Projekt CKoBeLeP II zu Lernen und Wissen im Kontext von KI und digitalisierter Wissensarbeit an der <abbr title=\"Helmut Schmidt Universit\u00e4t\">HSU<\/abbr><\/p>\n\n\n\n<p>Bis 2024 Wissenschaftliche Mitarbeiterin an der Professur f\u00fcr Berufs- und Arbeitsp\u00e4dagogik und im Projekt CKoBeLeP zu Lernen und Wissen in digitalisierter Plattformarbeit an der <abbr title=\"Helmut Schmidt Universit\u00e4t\">HSU<\/abbr><\/p>\n\n\n\n<p>Bis 2021 Beraterin f\u00fcr Change Management <\/p>\n\n\n\n<p>Bis 2019 Studium der Wirtschaftspsychologie an der Universit\u00e4t Bremen und der Universit\u00e4t Helsinki (Abschluss: <abbr title=\"Master of Science\">M.Sc.<\/abbr>)<\/p>\n\n\n\n<p>Bis 2016 Studium der Betriebswirtschaftslehre an der Universit\u00e4t M\u00fcnster und der Marmara Universit\u00e4t Istanbul (Abschluss: B.Sc.)<\/p>\n\n\n<h3><strong> Ver\u00f6ffentlichungen<\/strong><\/h3>\n\n\n<p>Schl\u00f6mer, T., Kiepe, K., Neu, T., R\u00fcdebusch, G., Schwien, K. (2024). Wissen und Handeln in der Berufsbildung f\u00fcr nachhaltige Entwicklung (BBNE). In: Kminek, H., Holz, V., Singer-Brodowski, M., Ertl, H., Idel, TS., Wulf, C. (eds) Bildung f\u00fcr nachhaltige Entwicklung. <em>Edition ZfE<\/em>, vol 17. Springer VS, Wiesbaden. https:\/\/doi.org\/10.1007\/978-3-658-46596-4_2 <span><a href=\"\" rel='nofollow'><img decoding=\"async\" title=\"Titel anhand dieser DOI in Citavi-Projekt \u00fcbernehmen\" class=\"citavipicker\" style=\"border: 0px none!important;width: 16px!important;height: 16px!important;margin-left:1px !important;margin-right:1px !important\" src=\"image\/svg+xml;base64,PD94bWwgdmVyc2lvbj0iMS4wIiBlbmNvZGluZz0idXRmLTgiPz48IURPQ1RZUEUgc3ZnIFBVQkxJQyAiLS8vVzNDLy9EVEQgU1ZHIDEuMS8vRU4iICJodHRwOi8vd3d3LnczLm9yZy9HcmFwaGljcy9TVkcvMS4xL0RURC9zdmcxMS5kdGQiPjxzdmcgdmVyc2lvbj0iMS4xIiBpZD0iRWJlbmVfMSIgeG1sbnM9Imh0dHA6Ly93d3cudzMub3JnLzIwMDAvc3ZnIiB4bWxuczp4bGluaz0iaHR0cDovL3d3dy53My5vcmcvMTk5OS94bGluayIgeD0iMHB4IiB5PSIwcHgiIHdpZHRoPSIxNnB4IiBoZWlnaHQ9IjE2cHgiIHZpZXdCb3g9IjAgMCAxNiAxNiIgZW5hYmxlLWJhY2tncm91bmQ9Im5ldyAwIDAgMTYgMTYiIHhtbDpzcGFjZT0icHJlc2VydmUiPjxnPjxnPjxwYXRoIGZpbGw9IiNGRkZGRkYiIGQ9Ik04LjAwMSwxNS41QzMuODY0LDE1LjUsMC41LDEyLjEzNiwwLjUsOGMwLTQuMTM1LDMuMzY1LTcuNSw3LjUwMS03LjVTMTUuNSwzLjg2NCwxNS41LDhTMTIuMTM3LDE1LjUsOC4wMDEsMTUuNXoiLz48cGF0aCBmaWxsPSIjRDUyQjFFIiBkPSJNOC4wMDEsMUMxMS44NiwxLDE1LDQuMTQxLDE1LDhzLTMuMTM5LDctNi45OTksN0M0LjE0LDE1LDEsMTEuODU5LDEsOFM0LjE0LDEsOC4wMDEsMSBNOC4wMDEsMEMzLjU4MiwwLDAsMy41ODIsMCw4czMuNTgyLDgsOC4wMDEsOEMxMi40MTgsMTYsMTYsMTIuNDE4LDE2LDhTMTIuNDE4LDAsOC4wMDEsMEw4LjAwMSwweiIvPjwvZz48cGF0aCBmaWxsPSIjRDUyQjFFIiBkPSJNNi43NDUsMTIuNTg5Yy0wLjIyNywwLjEyMi0wLjQ5NywwLjI0Ny0wLjY4NCwwLjI0N2MtMC4zMTgsMC0wLjUwMS0wLjE2NC0wLjUwMS0wLjQ1MmMwLTAuMjA3LDAuMTQtMC4zNzUsMC41OTUtMC42MjJjMS41NDktMC45MDQsMi41OTQtMi4yNzIsMi41OTQtMy43MjFjMC0wLjgyNS0wLjIyNy0xLjExOS0wLjY4MS0xLjExOWMtMC4xMzUsMC0wLjMyLDAuMjE5LTAuNjM2LDAuMjE5SDcuMTU3QzYuMTAyLDcuMTQzLDUuMzMzLDYuMjY0LDUuMzMzLDUuMjNjMC0xLjE1MiwwLjk1OC0yLjAwNiwyLjI4LTIuMDA2YzEuNzc3LDAsMy4wNTMsMS4zNzMsMy4wNTMsMy40M0MxMC42NjYsOS4yMTUsOS4yMDMsMTEuMjcsNi43NDUsMTIuNTg5Ii8+PC9nPjwvc3ZnPg\"><\/a><\/span><\/p>\n\n\n\n<p>Schwien, K., Neu, T. &amp; Schl\u00f6mer, T. (2024). Lernen und Wissen in der Plattform\u00f6konomie zwischen \u00f6konomischer Rationalit\u00e4t und pers\u00f6nlicher Autonomie. In G. Tafner, N. Ackermann, U. Hagedorn, C. Wagner-Herrbach (<abbr title=\"Herausgeber\">Hrsg.<\/abbr>),&nbsp;<em>Humane \u00d6konomie \u2013 selbstverst\u00e4ndlicher Auftrag sozio\u00f6konomischer Bildung und Wissenschaft oder sozialromantische Utopie?&nbsp;<\/em>(S. 198\u2013216). Barbara Budrich.<\/p>\n\n\n\n<p>Becker, A., Ecker, L., K\u00fclpmann, I., Schwien, K., &amp; Stobbe, P. (2023). Cooperative solidarity among crowdworkers? Social learning practices on a crowdtesting social media platform. <em>Convergence<\/em>, <em>30<\/em>(1), 428-449. <a href=\"https:\/\/doi.org\/10.1177\/13548565231183298\" rel='nofollow'>https:\/\/doi.org\/10.1177\/13548565231183298 <\/a><a href=\"\" rel='nofollow'><img decoding=\"async\" title=\"Titel anhand dieser DOI in Citavi-Projekt \u00fcbernehmen\" class=\"citavipicker\" style=\"border: 0px none!important;width: 16px!important;height: 16px!important;margin-left:1px !important;margin-right:1px !important\" src=\"image\/svg+xml;base64,PD94bWwgdmVyc2lvbj0iMS4wIiBlbmNvZGluZz0idXRmLTgiPz48IURPQ1RZUEUgc3ZnIFBVQkxJQyAiLS8vVzNDLy9EVEQgU1ZHIDEuMS8vRU4iICJodHRwOi8vd3d3LnczLm9yZy9HcmFwaGljcy9TVkcvMS4xL0RURC9zdmcxMS5kdGQiPjxzdmcgdmVyc2lvbj0iMS4xIiBpZD0iRWJlbmVfMSIgeG1sbnM9Imh0dHA6Ly93d3cudzMub3JnLzIwMDAvc3ZnIiB4bWxuczp4bGluaz0iaHR0cDovL3d3dy53My5vcmcvMTk5OS94bGluayIgeD0iMHB4IiB5PSIwcHgiIHdpZHRoPSIxNnB4IiBoZWlnaHQ9IjE2cHgiIHZpZXdCb3g9IjAgMCAxNiAxNiIgZW5hYmxlLWJhY2tncm91bmQ9Im5ldyAwIDAgMTYgMTYiIHhtbDpzcGFjZT0icHJlc2VydmUiPjxnPjxnPjxwYXRoIGZpbGw9IiNGRkZGRkYiIGQ9Ik04LjAwMSwxNS41QzMuODY0LDE1LjUsMC41LDEyLjEzNiwwLjUsOGMwLTQuMTM1LDMuMzY1LTcuNSw3LjUwMS03LjVTMTUuNSwzLjg2NCwxNS41LDhTMTIuMTM3LDE1LjUsOC4wMDEsMTUuNXoiLz48cGF0aCBmaWxsPSIjRDUyQjFFIiBkPSJNOC4wMDEsMUMxMS44NiwxLDE1LDQuMTQxLDE1LDhzLTMuMTM5LDctNi45OTksN0M0LjE0LDE1LDEsMTEuODU5LDEsOFM0LjE0LDEsOC4wMDEsMSBNOC4wMDEsMEMzLjU4MiwwLDAsMy41ODIsMCw4czMuNTgyLDgsOC4wMDEsOEMxMi40MTgsMTYsMTYsMTIuNDE4LDE2LDhTMTIuNDE4LDAsOC4wMDEsMEw4LjAwMSwweiIvPjwvZz48cGF0aCBmaWxsPSIjRDUyQjFFIiBkPSJNNi43NDUsMTIuNTg5Yy0wLjIyNywwLjEyMi0wLjQ5NywwLjI0Ny0wLjY4NCwwLjI0N2MtMC4zMTgsMC0wLjUwMS0wLjE2NC0wLjUwMS0wLjQ1MmMwLTAuMjA3LDAuMTQtMC4zNzUsMC41OTUtMC42MjJjMS41NDktMC45MDQsMi41OTQtMi4yNzIsMi41OTQtMy43MjFjMC0wLjgyNS0wLjIyNy0xLjExOS0wLjY4MS0xLjExOWMtMC4xMzUsMC0wLjMyLDAuMjE5LTAuNjM2LDAuMjE5SDcuMTU3QzYuMTAyLDcuMTQzLDUuMzMzLDYuMjY0LDUuMzMzLDUuMjNjMC0xLjE1MiwwLjk1OC0yLjAwNiwyLjI4LTIuMDA2YzEuNzc3LDAsMy4wNTMsMS4zNzMsMy4wNTMsMy40M0MxMC42NjYsOS4yMTUsOS4yMDMsMTEuMjcsNi43NDUsMTIuNTg5Ii8+PC9nPjwvc3ZnPg\"><\/a> <\/p>\n\n\n\n<p><strong>Konferenzbeitr\u00e4ge<\/strong><\/p>\n\n\n\n<p>Schwien, K. (2025). Knowing and Learning in Digital Work Practices on Crowdwork Platforms: The role of human knowing in a tech-related world. WORK2025 in Turku, Finnland.<\/p>\n\n\n\n<p>Schwien, K., Schl\u00f6mer, T., Liehr, J. &amp; Hauff, S. (2025). Between self-exploitation and self-organisation: The future of digital learning in organisations. EARLI 2025 in Graz, \u00d6sterreich.<\/p>\n\n\n\n<p>Liehr, J., Hauff, S., Schl\u00f6mer, T. &amp; Schwien, K. (2025). The future role of HRM and leadership in the context of digital transformation \u2013 A Delphi study. Annual Meeting of the Academy of Management (AOM2025) in Kopenhagen, D\u00e4nemark.<\/p>\n\n\n\n<p>Schwien, K. (2024). An ethnographic study of digital workplace learning in crowdwork practices. ECER (European Conference on Educational Research) 2024 in Nicosia, Zypern.<\/p>\n\n\n\n<p>Schwien, K. (2024). K\u00f6nnerschaft und implizites Wissen in digitalisierter Arbeit: Erste Ergebnisse am Beispiel Crowdwork. Sektionstagung BWP (Berufs- und Wirtschaftsp\u00e4dagogik) in Dresden.<\/p>\n\n\n\n<p>Schwien, K., Neu, T. &amp; Schl\u00f6mer, T. (2023). Perceived uncertainty in platform and crowdworker practices. INDL (International Network on Digital Labour) 6 in Berlin.<\/p>\n\n\n\n<p>Neu, T., Schwien, K. &amp; Schl\u00f6mer, T. (2023). Kompetenzen und berufliches Handeln in der Plattform\u00f6konomie \u2013 Zug\u00e4nge \u00fcber die Modellierung von impliziten Wissensfacetten und Grundvorstellungen. Sektionstagung BWP (Berufs- und Wirtschaftsp\u00e4dagogik) in Flensburg.<\/p>\n\n\n\n<p>Schwien, K. &amp; Schl\u00f6mer, T. (2023). Uncertainty as a Driver for Workplace Learning in Crowdwork Practices. EARLI (European Association for Research on Learning and Instruction) 2023 in Thessaloniki.<\/p>\n\n\n\n<p>Schwien, K. (2023). Knowing and Learning in Crowdwork Practices: Informal Education for Digital Work?. JURE (Young Researchers of EARLI) in Thessaloniki.<\/p>\n\n\n\n<p>Schwien, K., Schl\u00f6mer, T. &amp; Neu, T. (2022). Lernen und Wissen in der Plattform\u00f6konomie. AGBFN-Tagung zum Thema &#8222;Humane \u00d6konomie \u2013 selbstverst\u00e4ndlicher Auftrag sozio\u00f6konomischer Bildung und Wissenschaft oder sozialromantische Utopie?&#8220; in Berlin.<br><br><br><br><br><\/p>\n","protected":false},"excerpt":{"rendered":"<p>Projekte an der Professur Crowdwork und Crowdworker: Kompetenz-\/Subjektivierungseffekte, individuelle Beruflichkeit und lernf\u00f6rderliche Plattformgestaltung \u2013 Transfer der Befunde auf die digitalisierte Wissensarbeit (CKoBeLeP II) =&gt; zur Projektseite Crowdwork und Crowdworker vor, [&hellip;]<\/p>\n","protected":false},"author":3080,"featured_media":0,"parent":260,"menu_order":0,"comment_status":"closed","ping_status":"closed","template":"","meta":{"_EventAllDay":false,"_EventTimezone":"","_EventStartDate":"","_EventEndDate":"","_EventStartDateUTC":"","_EventEndDateUTC":"","_EventShowMap":false,"_EventShowMapLink":false,"_EventURL":"","_EventCost":"","_EventCostDescription":"","_EventCurrencySymbol":"","_EventCurrencyCode":"","_EventCurrencyPosition":"","_EventDateTimeSeparator":"","_EventTimeRangeSeparator":"","_EventOrganizerID":[],"_EventVenueID":[],"_OrganizerEmail":"","_OrganizerPhone":"","_OrganizerWebsite":"","_VenueAddress":"","_VenueCity":"","_VenueCountry":"","_VenueProvince":"","_VenueState":"","_VenueZip":"","_VenuePhone":"","_VenueURL":"","_VenueStateProvince":"","_VenueLat":"","_VenueLng":"","_VenueShowMap":false,"_VenueShowMapLink":false,"footnotes":""},"categories":[42],"tags":[],"class_list":["post-893","page","type-page","status-publish","hentry","category-team"],"_links":{"self":[{"href":"https:\/\/www.hsu-hh.de\/bwp-w\/wp-json\/wp\/v2\/pages\/893","targetHints":{"allow":["GET"]}}],"collection":[{"href":"https:\/\/www.hsu-hh.de\/bwp-w\/wp-json\/wp\/v2\/pages"}],"about":[{"href":"https:\/\/www.hsu-hh.de\/bwp-w\/wp-json\/wp\/v2\/types\/page"}],"author":[{"embeddable":true,"href":"https:\/\/www.hsu-hh.de\/bwp-w\/wp-json\/wp\/v2\/users\/3080"}],"replies":[{"embeddable":true,"href":"https:\/\/www.hsu-hh.de\/bwp-w\/wp-json\/wp\/v2\/comments?post=893"}],"version-history":[{"count":40,"href":"https:\/\/www.hsu-hh.de\/bwp-w\/wp-json\/wp\/v2\/pages\/893\/revisions"}],"predecessor-version":[{"id":1496,"href":"https:\/\/www.hsu-hh.de\/bwp-w\/wp-json\/wp\/v2\/pages\/893\/revisions\/1496"}],"up":[{"embeddable":true,"href":"https:\/\/www.hsu-hh.de\/bwp-w\/wp-json\/wp\/v2\/pages\/260"}],"wp:attachment":[{"href":"https:\/\/www.hsu-hh.de\/bwp-w\/wp-json\/wp\/v2\/media?parent=893"}],"wp:term":[{"taxonomy":"category","embeddable":true,"href":"https:\/\/www.hsu-hh.de\/bwp-w\/wp-json\/wp\/v2\/categories?post=893"},{"taxonomy":"post_tag","embeddable":true,"href":"https:\/\/www.hsu-hh.de\/bwp-w\/wp-json\/wp\/v2\/tags?post=893"}],"curies":[{"name":"wp","href":"https:\/\/api.w.org\/{rel}","templated":true}]}}