{"id":706,"date":"2021-02-19T12:16:22","date_gmt":"2021-02-19T11:16:22","guid":{"rendered":"https:\/\/www.hsu-hh.de\/bapaed\/?page_id=706"},"modified":"2022-03-30T16:13:35","modified_gmt":"2022-03-30T14:13:35","slug":"dsgvo-gekonawi","status":"publish","type":"page","link":"https:\/\/www.hsu-hh.de\/bwp-w\/dsgvo-gekonawi\/","title":{"rendered":"Projekt- und Datenschutzinformationen zu GEKONAWI*transfer"},"content":{"rendered":"\n<div class=\"wp-block-image\"><figure class=\"alignright size-large is-resized\"><img loading=\"lazy\" decoding=\"async\" src=\"https:\/\/www.hsu-hh.de\/bapaed\/wp-content\/uploads\/sites\/833\/2021\/08\/Gekonawi-transfer-logo_Final_auf-weiss-1024x297.png\" data-credit=\"Projektgruppe\" alt=\"Logo GEKONAWI*transfer\" class=\"wp-image-820\" width=\"450\" height=\"131\" srcset=\"https:\/\/www.hsu-hh.de\/bwp-w\/wp-content\/uploads\/sites\/833\/2021\/08\/Gekonawi-transfer-logo_Final_auf-weiss-1024x297.png 1024w, https:\/\/www.hsu-hh.de\/bwp-w\/wp-content\/uploads\/sites\/833\/2021\/08\/Gekonawi-transfer-logo_Final_auf-weiss-300x87.png 300w, https:\/\/www.hsu-hh.de\/bwp-w\/wp-content\/uploads\/sites\/833\/2021\/08\/Gekonawi-transfer-logo_Final_auf-weiss-768x223.png 768w, https:\/\/www.hsu-hh.de\/bwp-w\/wp-content\/uploads\/sites\/833\/2021\/08\/Gekonawi-transfer-logo_Final_auf-weiss-1536x445.png 1536w, https:\/\/www.hsu-hh.de\/bwp-w\/wp-content\/uploads\/sites\/833\/2021\/08\/Gekonawi-transfer-logo_Final_auf-weiss-2048x594.png 2048w, https:\/\/www.hsu-hh.de\/bwp-w\/wp-content\/uploads\/sites\/833\/2021\/08\/Gekonawi-transfer-logo_Final_auf-weiss-1100x319.png 1100w\" sizes=\"auto, (max-width: 450px) 100vw, 450px\" \/><\/figure><\/div>\n\n\n\n<h2 class=\"wp-block-heading\">Allgemeine Angaben und Informationen zur Studie<\/h2>\n\n\n\n<h3 class=\"wp-block-heading\">Hintergrund der Studie:<\/h3>\n\n\n\n<p>Dieses Forschungs\u00advorhaben ist eingebettet in das aktuell laufende Projekt <em>Transfer der Module zur Gesch\u00e4fts\u00admodell- und Kompetenz\u00adentwicklung f\u00fcr nachhaltiges Wirtschaften<\/em> (GEKONAWI*transfer), das von der WBS Training AG und der Neue Effizienz gemeinn\u00fctzige GmbH (als Workshop\u00addurchf\u00fchrende) sowie der Helmut-Schmidt-Universit\u00e4t (als wissenschaftliche Begleitung) durchgef\u00fchrt wird. Ziel des gesamten Projekts ist es, das Ausbildungs\u00adpersonal in Unternehmen zu bef\u00e4higen, zukunfts\u00adf\u00e4hige Gesch\u00e4fts\u00admodelle zum nach\u00adhaltigen Wirtschaften gemeinsam mit den Auszubildenden und weiteren Mitarbeitenden zu entwickeln und umzusetzen. Das Projekt l\u00e4uft vom 1.\u00a0November\u00a02020 bis zum 31.\u00a0Oktober\u00a02022 und wird vom Bundes\u00adinstitut f\u00fcr Berufs\u00adbildung (BIBB) aus Mitteln des Bundes\u00administeriums f\u00fcr Bildung und Forschung (BMBF) gef\u00f6rdert.<\/p>\n\n\n\n<h3 class=\"wp-block-heading\">Zielsetzung \/ Forschungsinteresse:<\/h3>\n\n\n\n<p>Die in dieser Studie durchgef\u00fchrten Online-Befragungen und Vorbereitungs\u00adaufgaben sollen die Vorstellungen und die aktuelle (Bedarfs-)Situation der Workshop\u00adteilnehmenden erfassen bzw. konkretisieren. Dar\u00fcber hinaus soll ermittelt werden, inwieweit die Erwartungen durch die Teilnahme subjektiv und inhaltlich erf\u00fcllt werden.<\/p>\n\n\n\n<h3 class=\"wp-block-heading\">Auswahl der Teilnehmenden:<\/h3>\n\n\n\n<p>Alle Teilnehmenden der durch dieses Projekt gef\u00f6rderten Work\u00adshops sind potenziell teilnahme\u00adberechtigt (Grund\u00adgesamtheit). Durch die dadurch schon begrenzet Personen\u00adanzahl und um eine hohe wissenschaftliche Aussage\u00adkraft zu erreichen, ist es wichtig, dass m\u00f6glichst alle berechtigten Personen auch teilnehmen. Somit werden auch alle Workshop\u00adteilnehmenden gebeten an der Studie teilzunehmen (Vollerhebung).<\/p>\n\n\n\n<h3 class=\"wp-block-heading\">Ablauf des Vorhabens:<\/h3>\n\n\n\n<p>Die Studie unterteilt sich in mehrere Befragungs\u00adabschnitte, die vor und w\u00e4hrend der einzelnen Workshop\u00admodule liegen. Dadurch erstreckt sich der Teilnahme\u00adzeitraum auch \u00fcber mehrere Wochen. Zu jedem Befragungs\u00adabschnitt wird separat per E-Mail eingeladen und per personalisiertem Link auf eine Erhebungs\u00adplattform im Internet verwiesen. Allen Personen werden dieselben Fragen gestellt.<\/p>\n\n\n\n<p>Zum einen wird nach den Erwartungen an den Workshop bzw. die einzelnen Module gefragt und ob diese erf\u00fcllt wurden. Au\u00dferdem wird regelm\u00e4\u00dfig um Feedback gebeten, inwieweit die einzelnen Workshop\u00adelemente verbessert werden k\u00f6nnen. Zum anderen werden Transfer\u00adaufgaben gestellt, die direkten Bezug auf die Workshop\u00adinhalte haben. \u00dcber diese soll evaluiert werden, inwieweit die Workshop\u00adziele erreicht werden.<\/p>\n\n\n\n<p>Haupts\u00e4chlich wird das Feedback \u00fcber einen Internet-Fragebogen zum Selbst\u00adausf\u00fcllen eingeholt. Diesen k\u00f6nnen Sie mit Ihrem Web-Browser am PC oder mit Ihrem Smart\u00adphone aufrufen. Hierbei geben Sie Ihre Meinung in ein Antwort\u00adschema ein (standardisiertes Erhebungs\u00adinstrument). Weiterhin wird es Transfer\u00adaufgaben geben, bei denen z.&nbsp;B. Texte erstellt oder Schau\u00adbilder ausgef\u00fcllt werden sollen. Diese k\u00f6nnen Sie \u00fcber den Ihnen zugeschickten Link als Datei bzw. als Text hochladen. Wir bieten Ihnen dar\u00fcber hinaus an, dass Sie Antworten, die erwartungs\u00adgem\u00e4\u00df l\u00e4nger ausfallen, nicht per Text\u00adeingabe \u00fcbermitteln, sondern per Sprach\u00adnachricht in WhatsApp an eine daf\u00fcr eingerichtete Telefon\u00adnummer schicken.<\/p>\n\n\n\n<p>W\u00e4hrend der Workshop\u00addurchf\u00fchrung werden teilweise auch Mitglieder des Forschungs\u00adteams anwesend sein und den Workshop\u00adverlauf nach wissenschaftlichen Gesichts\u00adpunkte beobachten. Zur wissenschaftlichen Praxis geh\u00f6rt es, dass dabei auch Mitschriften der Beobachtungen angefertigt werden. Die Anwesenheit erfolgt immer sichtbar und angek\u00fcndigt.<\/p>\n\n\n\n<p>Um ein vollst\u00e4ndiges Bild vom Workshop zu erlangen, bitten wir auch noch um ein allgemeines Feedback des Workshops\u00adteams. Hierbei werden aber keine Informationen zu einzelnen Teilnehmenden abgefragt, sondern nur eine allgemeine Einsch\u00e4tzung erbeten.<\/p>\n\n\n\n<p>Die wissenschaftliche Auswertung der gesammelten Daten \u2013 in Form von qualitativ-induktiven sowie quantitativ-statistischen Analysen \u2013 erfolgt ausschlie\u00dflich durch das Forschungs\u00adteam der Universit\u00e4t. Den Teilnehmenden an der Studie wird angeboten, nach dem Workshop ein individuelles Feedback zu ihren Transfer\u00adaufgaben zu bekommen.<\/p>\n\n\n\n<h3 class=\"wp-block-heading\">Studienleitung:<\/h3>\n\n\n\n<p>Der Ansprech\u00adpartner bei der Durchf\u00fchrung sowie betraut mir der Daten\u00aderhebung und -verarbeitung dieser Studie ist Herr Gerrit R\u00fcdebusch (Helmut-Schmidt-Universit\u00e4t, Holstenhofweg 85, 22043 Hamburg, <a href=\"tel:+494065412981\" data-type=\"tel\" data-id=\"tel:+494065412981\" rel='nofollow'>+49&nbsp;40&nbsp;6541-2981<\/a>, <a href=\"mailto:ruedebusch@hsu-hh.de\" rel='nofollow'>ruedebusch@hsu-hh.de<\/a>).<\/p>\n\n\n\n<p>An diese Stelle k\u00f6nnen alle Fragen und Anmerkungen zu dieser Studie gerichtet werden.<\/p>\n\n\n\n<h2 class=\"wp-block-heading\">Datenschutzrechtliche Informationen<\/h2>\n\n\n\n<p>Gespeichert werden die von Ihnen in den Befragungen und Anmerkungen gemachten Angaben (inkl. Informationen, die automatisch von Ihrem Browser \u00fcbermittelt werden, wie z.&nbsp;B. Ihre IP-Adresse) und m\u00f6gliche Beobachtungen sowie davon separat Ihre Kontakt\u00addaten und Einwilligung. Sollten Sie die optionale M\u00f6glichkeit nutzen, Antworten per Sprach\u00adnachricht in WhatsApp zu schicken, so wird auch Ihre Mobil\u00adnummer als Absender \u00fcbermittelt.<a href=\"#_ftn1\" rel='nofollow'>[1]<\/a> Die Informationen werden mit einem eindeutigen Code versehen, \u00fcber den die einzelnen Bestand\u00adteile der Studie in der Auswertung zusammengef\u00fcgt werden k\u00f6nnen. Die Speicherung erfolgt ausschlie\u00dflich zu den o.&nbsp;g. wissenschaftlichen Zwecken.<\/p>\n\n\n\n<p>Diese Daten werden bei der Erhebung auf einem gesicherten Server\/Empfangsger\u00e4t und f\u00fcr die Auswertung auf einem verschl\u00fcsselten Laufwerk gespeichert. Sie sind nur den Mitarbeitenden der beteiligten, o.&nbsp;a. Professur zug\u00e4nglich. Eine Weitergabe der personen\u00adbezogenen Daten findet nicht statt. Lediglich aggregierte Statistiken und anonymisierte Text\u00adpassagen (in Form von proto\u00adtypischen Aussagen) werden weiterverwendet, z.&nbsp;B. in wissenschaftlichen Ver\u00f6ffentlichungen.<\/p>\n\n\n\n<p>Die personen\u00adbezogenen Daten in den Roh\u00addaten und m\u00f6glichen Beobachtungen werden nach Erf\u00fcllung Ihres o.&nbsp;g. Zwecks \u2013 die Einladung zu den Befragungen und die Durch\u00adf\u00fchrung des individuellen Feedbacks \u2013 von den Roh\u00addaten getrennt und gel\u00f6scht. Bei Nutzung der Sprachnachrichtenfunktion wird die \u00fcbermittelte Mobil\u00adnummer nach dem Abruf der Audiodatei aus unserem Datenbestand gel\u00f6scht. Die Einverst\u00e4ndnis\u00aderkl\u00e4rungen werden dar\u00fcber hinaus bis zum Ende des Projekts (voraussichtlich 31.10.2022) aufbewahrt.<\/p>\n\n\n\n<p>Wir m\u00f6chten Sie im Folgenden \u00fcber Ihre Rechte bzgl. des Datenschutzes informieren:<\/p>\n\n\n\n<ul class=\"wp-block-list\"><li><strong>Freiwilligkeit der Einwilligung:<\/strong> Die Bereitstellung Ihrer Daten erfolgt freiwillig. Es besteht keine gesetzliche oder vertragliche Pflicht, Ihre Daten herauszugeben.<\/li><li><strong>Widerrufsm\u00f6glichkeit:<\/strong> Sie haben das Recht, die erteilte Einwilligung jederzeit mit Wirkung f\u00fcr die Zukunft zu widerrufen. Die Rechtm\u00e4\u00dfigkeit der Verarbeitung bis zum Widerruf bleibt davon unber\u00fchrt. Bei Verweigerung oder Widerruf einer Einwilligung entstehen niemandem Nachteile.<\/li><li><strong>Weiterer Verarbeitungsgang:<\/strong> Die Rechts\u00adgrundlage f\u00fcr den o.&nbsp;g. Verarbeitungs\u00adzweck ist die Ein\u00adwilligung gem\u00e4\u00df Artikel&nbsp;6 Abs.&nbsp;1a, Artikel&nbsp;7 DSGVO. Die Daten werden nur f\u00fcr den vorab genannten Zweck verwendet. Es besteht keine automatisierte Entscheidungs\u00adfindung.<\/li><li><strong>Betroffenenrechte:<\/strong> Neben dem o.g. jederzeitigen Widerrufs\u00adrecht stehen Ihnen die folgenden Rechte gegen\u00fcber dem Verantwortlichen zu:<ul><li>Recht auf Auskunft \u00fcber die zu Ihrer Person gespeicherten Daten und ausgew\u00e4hlte Angaben zur Verarbeitung (gem\u00e4\u00df Artikel&nbsp;15 DSGVO)<\/li><\/ul><ul><li>Recht auf Berichtigung unrichtiger Daten (gem\u00e4\u00df Artikel&nbsp;16 DSGVO)<\/li><\/ul><ul><li>Recht auf L\u00f6schung Ihrer Daten (gem\u00e4\u00df Artikel&nbsp;17 DSGVO)<\/li><\/ul><ul><li>Recht auf Einschr\u00e4nkung der Verarbeitung Ihrer Daten (gem\u00e4\u00df Artikel&nbsp;18 DSGVO)<\/li><\/ul><ul><li>Recht auf Daten\u00ad\u00fcbertragbarkeit (gem\u00e4\u00df Artikel&nbsp;20 DSGVO)<\/li><\/ul><ul><li>Recht auf Geltendmachung von Einw\u00e4nden gegen die Verarbeitung Ihrer Daten (Recht auf Widerspruch, gem\u00e4\u00df Artikel&nbsp;21 DSGVO)<\/li><\/ul><ul><li>Recht auf Beschwerde bei der zust\u00e4ndigen Aufsichts\u00adbeh\u00f6rde (gem\u00e4\u00df Artikel&nbsp;77 DSGVO), der\/dem Bundes\u00adbeauftragten f\u00fcr den Daten\u00adschutz und die Informations\u00adfreiheit (Graurheindorfer Stra\u00dfe 153, 53117 Bonn)<\/li><\/ul><\/li><\/ul>\n\n\n\n<p>Die Rechte auf Auskunft, Berichtigung, Einschr\u00e4nkung der Verarbeitung und das Widerspruchs\u00adrecht stehen unter einem gesetzlichen Vorbehalt: diese Rechte sind beschr\u00e4nkt, wenn durch ihre Gew\u00e4hrung die Ver\u00adwirklichung des Forschungs\u00adzwecks unm\u00f6glich gemacht oder ernsthaft beeintr\u00e4chtigt w\u00e4re und diese Beschr\u00e4nkung der Rechte f\u00fcr die Erf\u00fcllung des Forschungs\u00adzwecks notwendig ist.<\/p>\n\n\n\n<p>Die Gew\u00e4hrung eines geforderten Rechts unterliegt immer einer Einzel\u00adfall\u00ad\u00fcberpr\u00fcfung. Der Anspruch ist gegen\u00fcber dem Verantwortlichen f\u00fcr die Daten\u00aderhebung und Verarbeitung im Rahmen dieser Studie geltend zu machen.<\/p>\n\n\n\n<p><strong>Datenschutzrechtlich Verantwortlicher<\/strong> ist der Pr\u00e4sident der Helmut-Schmidt-Universit\u00e4t \/ Universit\u00e4t der Bundeswehr Hamburg (Holstenhofweg 85, 22043 Hamburg).<\/p>\n\n\n\n<p><strong>Datenschutzbeauftragter<\/strong> f\u00fcr den Gesch\u00e4fts\u00adbereich BMVg ist die\/der Beauftragte f\u00fcr den Daten\u00adschutz der Bundes\u00adwehr (Bundes\u00administerium der Verteidigung, Fontainengraben 150, 53123 Bonn).<\/p>\n\n\n\n<hr class=\"wp-block-separator\" \/>\n\n\n\n<p><a href=\"#_ftnref1\" rel='nofollow'>[1]<\/a> Wir m\u00f6chten Sie darauf hinweisen, dass WhatsApp zum Facebook-Konzern geh\u00f6rt und Sie bei der Nutzung auch deren Datenschutz\u00adbestimmungen unterliegen. Der Hamburgische Beauftragte f\u00fcr Datenschutz und Informationsfreiheit (HmbBfDI) betrachtet eine m\u00f6gliche Datenweitergabe von personenbezogenen Daten von WhatsApp an den Mutterkonzern als kritisch.<\/p>\n","protected":false},"excerpt":{"rendered":"<p>Allgemeine Angaben und Informationen zur Studie Hintergrund der Studie: Dieses Forschungs\u00advorhaben ist eingebettet in das aktuell laufende Projekt Transfer der Module zur Gesch\u00e4fts\u00admodell- und Kompetenz\u00adentwicklung f\u00fcr nachhaltiges Wirtschaften (GEKONAWI*transfer), das [&hellip;]<\/p>\n","protected":false},"author":2893,"featured_media":0,"parent":0,"menu_order":0,"comment_status":"closed","ping_status":"closed","template":"","meta":{"_EventAllDay":false,"_EventTimezone":"","_EventStartDate":"","_EventEndDate":"","_EventStartDateUTC":"","_EventEndDateUTC":"","_EventShowMap":false,"_EventShowMapLink":false,"_EventURL":"","_EventCost":"","_EventCostDescription":"","_EventCurrencySymbol":"","_EventCurrencyCode":"","_EventCurrencyPosition":"","_EventDateTimeSeparator":"","_EventTimeRangeSeparator":"","_EventOrganizerID":[],"_EventVenueID":[],"_OrganizerEmail":"","_OrganizerPhone":"","_OrganizerWebsite":"","_VenueAddress":"","_VenueCity":"","_VenueCountry":"","_VenueProvince":"","_VenueState":"","_VenueZip":"","_VenuePhone":"","_VenueURL":"","_VenueStateProvince":"","_VenueLat":"","_VenueLng":"","_VenueShowMap":false,"_VenueShowMapLink":false,"footnotes":""},"categories":[4],"tags":[],"class_list":["post-706","page","type-page","status-publish","hentry","category-forschung"],"_links":{"self":[{"href":"https:\/\/www.hsu-hh.de\/bwp-w\/wp-json\/wp\/v2\/pages\/706","targetHints":{"allow":["GET"]}}],"collection":[{"href":"https:\/\/www.hsu-hh.de\/bwp-w\/wp-json\/wp\/v2\/pages"}],"about":[{"href":"https:\/\/www.hsu-hh.de\/bwp-w\/wp-json\/wp\/v2\/types\/page"}],"author":[{"embeddable":true,"href":"https:\/\/www.hsu-hh.de\/bwp-w\/wp-json\/wp\/v2\/users\/2893"}],"replies":[{"embeddable":true,"href":"https:\/\/www.hsu-hh.de\/bwp-w\/wp-json\/wp\/v2\/comments?post=706"}],"version-history":[{"count":14,"href":"https:\/\/www.hsu-hh.de\/bwp-w\/wp-json\/wp\/v2\/pages\/706\/revisions"}],"predecessor-version":[{"id":943,"href":"https:\/\/www.hsu-hh.de\/bwp-w\/wp-json\/wp\/v2\/pages\/706\/revisions\/943"}],"wp:attachment":[{"href":"https:\/\/www.hsu-hh.de\/bwp-w\/wp-json\/wp\/v2\/media?parent=706"}],"wp:term":[{"taxonomy":"category","embeddable":true,"href":"https:\/\/www.hsu-hh.de\/bwp-w\/wp-json\/wp\/v2\/categories?post=706"},{"taxonomy":"post_tag","embeddable":true,"href":"https:\/\/www.hsu-hh.de\/bwp-w\/wp-json\/wp\/v2\/tags?post=706"}],"curies":[{"name":"wp","href":"https:\/\/api.w.org\/{rel}","templated":true}]}}