{"id":632,"date":"2023-09-27T10:36:15","date_gmt":"2023-09-27T08:36:15","guid":{"rendered":"https:\/\/www.hsu-hh.de\/bapaed\/?page_id=632"},"modified":"2025-05-06T11:53:25","modified_gmt":"2025-05-06T09:53:25","slug":"tim-neu","status":"publish","type":"page","link":"https:\/\/www.hsu-hh.de\/bwp-w\/mitarbeitende\/tim-neu\/","title":{"rendered":"Tim Neu, M. Ed."},"content":{"rendered":"<script type=\"application\/ld+json\">[{\"@context\": \"https:\/\/www.schema.org\",\"@type\": \"Person\",\"name\": \"   \",\"worksFor\": [{\t\"@type\": \"Organization\",\t\"name\": \"Helmut-Schmidt-Universit\u00e4t\",\t\"url\": \"https:\/\/www.hsu-hh.de\"\t, \"department\": {\"@type\": \"Organization\",\t\t\t\t\t\"name\": \"Professur f\u00fcr Berufs- und Wirtschaftsp\u00e4dagogik, SP Wirtschaftsp\u00e4dagogik\",\t\t\t\t\t\"location\": {\t\t\t\t\t\t\"@type\": \"PostalAddress\",\t\t\t\t\t\t\"addressLocality\": \"\",        \t\t\t\t\"postalCode\": \"22043\",        \t\t\t\t\"streetAddress\": \"Holstenhofweg 85 , Geb\u00e4ude H1\"\t\t\t\t\t}},\t\"location\": {\t\t\"@type\": \"PostalAddress\",    \t\"addressLocality\": \"\",    \t\"postalCode\": \"22008\",    \t\"postOfficeBoxNumber\": \"700822\"\t}   }],\"image\": \"https:\/\/www.hsu-hh.de\/bapaed\/wp-content\/uploads\/sites\/833\/2023\/09\/Foto_Tim-Neu_Portraet-150x150.jpg\",\"telephone\": \"+49( 0)40 6541-3457\",\"faxNumber\": \"\",\"email\": \"neu@hsu-hh.de\"}]<\/script><div class=\"clearfix\"><\/div><div class=\"ansprechparter-container \" style=\"margin-top:1em; \"><div class=\"row ansprechpartner-item ansprechparter-header\" ><div class=\"col-xs-8 col-lg-12\" style=\"margin-bottom: 30px;\"><h3 class=\"ansprechparter-headline\">   <\/h3><\/div><\/div><div class=\"col-md-4 col-lg-3 col-xs-4 ansprechpartner-item floatright img-circle center-block\" style=\"margin-bottom: 30px;\"><div class=\"img-responsive-wrapper\"><img decoding=\"async\" src=\"https:\/\/www.hsu-hh.de\/bapaed\/wp-content\/uploads\/sites\/833\/2023\/09\/Foto_Tim-Neu_Portraet-150x150.jpg\" alt=\"\" class=\"img-circle img-responsive center-block\" \/><\/div><\/div><div class=\"col-md-12 col-lg-3 col-xs-12 ansprechpartner-item kontakt floatright\" style=\"margin-bottom: 30px; \"><div class=\"row\"><div class=\"col-xs-12 col-sm-6 col-lg-12\"><div class=\"row\"><div class=\"col-xs-4 col-lg-4 row-text bold\" >Raum:<\/div><div class=\" row-text\">2216<\/div><\/div><\/div><div class=\"col-xs-12 col-sm-6 col-lg-12\"><div class=\"row\"><div class=\"col-xs-4 col-lg-4 row-text bold\">Telefon:<\/div><div class=\" row-text\">+49( 0)40 6541-3457<\/div><\/div><\/div><div class=\"col-xs-12 col-sm-6 col-lg-12\"><div class=\"row\"><div class=\"col-xs-4 col-lg-4 row-text bold\">E-Mail:<\/div><div class=\"row-text\" style=\"overflow:hidden; word-break: break-word\"><a href=\"mailto:neu@hsu-hh.de\" rel=\"nofollow\">neu@hsu-hh.de<\/a><\/div><\/div><\/div><\/div><\/div><div class=\"col-md-6 col-lg-3 col-xs-12 ansprechpartner-item anschrift floatright\" ><div class=\"row-headline\">Besucheranschrift<\/div><div class=\"dataBesucheranschrift\" style=\"\"><div class=\"row-text\">Helmut-Schmidt-Universit\u00e4t<\/div><div class=\"row-text\">Geb\u00e4ude H1<\/div><div class=\"row-text\">Holstenhofweg 85<\/div><div class=\"row-text\">22043 Hamburg<\/div><\/div><\/div><div class=\"col-md-6 col-lg-3 col-xs-12 ansprechpartner-item anschrift floatright\"><div class=\"row-headline\">Postanschrift<\/div><div class=\"dataPostanschrift\" style=\"\"><div class=\"row-text\">Helmut-Schmidt-Universit\u00e4t<\/div><div class=\"row-text\">Fakult\u00e4t f\u00fcr Geistes- und Sozialwissenschaften<\/div><div class=\"row-text\">Professur f\u00fcr Berufs- und Wirtschaftsp\u00e4dagogik, SP Wirtschaftsp\u00e4dagogik<\/div><div class=\"row-text\">Postfach 70 08 22<\/div><div class=\"row-text\">22008 Hamburg<\/div><\/div><\/div><\/div><div class=\"clearfix\"><\/div>\n\n\n<p class=\"has-medium-font-size\"><\/p>\n\n\n\n<div class=\"wp-block-columns is-layout-flex wp-container-core-columns-is-layout-9d6595d7 wp-block-columns-is-layout-flex\">\n<div class=\"wp-block-column is-layout-flow wp-block-column-is-layout-flow\" style=\"flex-basis:100%\">\n<p>\u00a0<\/p>\n<h3>Publikationen<\/h3>\n<p>Neu, T. &amp; Schl\u00f6mer, T. (2025). Das Konzept der Grundvorstellungen in der Wirtschaftsdidaktik. In D. Loerwald &amp; N. Goldschmidt (<abbr title=\"Herausgeber\">Hrsg.<\/abbr>). Digitalisierung in der \u00d6konomischen Bildung: Jahresband der Deutschen Gesellschaft f\u00fcr \u00d6konomische Bildung 2023 (S.\u00a0185\u2013195). Wiesbaden: Springer Fachmedien.<\/p>\n<p>Schl\u00f6mer, T.; Kiepe, K.; Neu, T.; R\u00fcdebusch, G. &amp; Schwien, K. (2024). Wissen und Handeln in der Berufsbildung f\u00fcr nachhaltige Entwicklung (BBNE). In H. Kminek, V. Holz, M. Singer-Brodowski, H. Ertl, T.-S. Idel &amp; C. Wulf (<abbr title=\"Herausgeber\">Hrsg.<\/abbr>). Bildung f\u00fcr nachhaltige Entwicklung: Einblicke in aktuelle Forschungsprojekte (S.\u00a037\u201356). Wiesbaden: Springer Fachmedien.<\/p>\n<p>Schwien, K.; Neu, T. &amp; Schl\u00f6mer, T. (2024). Lernen und Wissen in der Plattform\u00f6konomie zwischen \u00f6konomischer Rationalit\u00e4t und pers\u00f6nlicher Autonomie. In G. Tafner, N. Ackermann, U. Hagedorn &amp; C. Wagner (<abbr title=\"Herausgeber\">Hrsg.<\/abbr>). Humane \u00d6konomie &#8211; selbstverst\u00e4ndlicher Auftrag sozio\u00f6konomischer Bildung und Wissenschaft oder sozialromantische Utopie? (S.\u00a0198\u2013214). Bonn: Bundesinstitut f\u00fcr Berufsbildung.<\/p>\n<p>Schl\u00f6mer, T.; Kiepe, K. &amp; Thrun, T. (2022). Die Konstruktion von Gesch\u00e4ftsmodellen f\u00fcr nachhaltiges Wirtschaften: (k)eine exklusive Aufgabe des Managements?! In R. Kraus, T. Kreitenweis &amp; B. Jeraj, B. (<abbr title=\"Herausgeber\">Hrsg.<\/abbr>). <em>Intrapreneurship. Unternehmergeist, Systeme und Gestaltungsm\u00f6glichkeiten<\/em> (S. 209\u2013223). Berlin Heidelberg: Springer. https:\/\/doi.org\/10.1007\/978-3-662-64102-6 <a><img decoding=\"async\" class=\"citavipicker10.1007\/978-3-662-64102-6\" style=\"border: 0px none;width: 16px;height: 16px !important;margin-left: 1px !important;margin-right: 1px !important;vertical-align: bottom !important\" title=\"Titel anhand dieser DOI in Citavi-Projekt \u00fcbernehmen\" src=\"image\/png;base64,iVBORw0KGgoAAAANSUhEUgAAABAAAAAQCAYAAAAf8\/9hAAAAGXRFWHRTb2Z0d2FyZQBBZG9iZSBJbWFnZVJlYWR5ccllPAAAAUlJREFUeNpiZEADV7XlEoBUPBA7oEkdAOKF2lcfLUAWZETSqACk1gOxgUBACAOvkzsDMy8fWO7v508Mn\/ftZPiwYQ2IewGIA4EGPUC2VQGI398N9vj\/\/frV\/7gASA6kBqQWaiHcgPMgiT+fPsIVv1009\/+DhLD\/zzsa\/v96+hguDlIDNeQ83M9AjGIzSDNIDIZvWOigGA5SC5VLYAIFGMjPHBpacBeB\/IwMQPyPEP+DAUgtSA9IL8gAB1CAIQNeJzd4AMLAj5tX0dSA9TiADMBQDLJB\/fhlBq0rDxmEYpPAYqxSsihqYHqYGAgAZl5+iAHSMljlmbD5GRl82LgabBvIW+jhAjPgACiRYAPPaooZfj99wiDV2ovhTaieA1ijEZZgQNH3fsNqrAkKFo1YE9KnvTv\/P60uQklAOBMSpUmZ4szESGl2BggwAJR\/ZVgK6XqqAAAAAElFTkSuQmCC\" \/><\/a> <a><img decoding=\"async\" class=\"citavipicker\" style=\"border: 0px none!important;width: 16px!important;height: 16px!important;margin-left: 1px !important;margin-right: 1px !important\" title=\"Titel anhand dieser DOI in Citavi-Projekt \u00fcbernehmen\" src=\"image\/svg+xml;base64,PD94bWwgdmVyc2lvbj0iMS4wIiBlbmNvZGluZz0idXRmLTgiPz48IURPQ1RZUEUgc3ZnIFBVQkxJQyAiLS8vVzNDLy9EVEQgU1ZHIDEuMS8vRU4iICJodHRwOi8vd3d3LnczLm9yZy9HcmFwaGljcy9TVkcvMS4xL0RURC9zdmcxMS5kdGQiPjxzdmcgdmVyc2lvbj0iMS4xIiBpZD0iRWJlbmVfMSIgeG1sbnM9Imh0dHA6Ly93d3cudzMub3JnLzIwMDAvc3ZnIiB4bWxuczp4bGluaz0iaHR0cDovL3d3dy53My5vcmcvMTk5OS94bGluayIgeD0iMHB4IiB5PSIwcHgiIHdpZHRoPSIxNnB4IiBoZWlnaHQ9IjE2cHgiIHZpZXdCb3g9IjAgMCAxNiAxNiIgZW5hYmxlLWJhY2tncm91bmQ9Im5ldyAwIDAgMTYgMTYiIHhtbDpzcGFjZT0icHJlc2VydmUiPjxnPjxnPjxwYXRoIGZpbGw9IiNGRkZGRkYiIGQ9Ik04LjAwMSwxNS41QzMuODY0LDE1LjUsMC41LDEyLjEzNiwwLjUsOGMwLTQuMTM1LDMuMzY1LTcuNSw3LjUwMS03LjVTMTUuNSwzLjg2NCwxNS41LDhTMTIuMTM3LDE1LjUsOC4wMDEsMTUuNXoiLz48cGF0aCBmaWxsPSIjRDUyQjFFIiBkPSJNOC4wMDEsMUMxMS44NiwxLDE1LDQuMTQxLDE1LDhzLTMuMTM5LDctNi45OTksN0M0LjE0LDE1LDEsMTEuODU5LDEsOFM0LjE0LDEsOC4wMDEsMSBNOC4wMDEsMEMzLjU4MiwwLDAsMy41ODIsMCw4czMuNTgyLDgsOC4wMDEsOEMxMi40MTgsMTYsMTYsMTIuNDE4LDE2LDhTMTIuNDE4LDAsOC4wMDEsMEw4LjAwMSwweiIvPjwvZz48cGF0aCBmaWxsPSIjRDUyQjFFIiBkPSJNNi43NDUsMTIuNTg5Yy0wLjIyNywwLjEyMi0wLjQ5NywwLjI0Ny0wLjY4NCwwLjI0N2MtMC4zMTgsMC0wLjUwMS0wLjE2NC0wLjUwMS0wLjQ1MmMwLTAuMjA3LDAuMTQtMC4zNzUsMC41OTUtMC42MjJjMS41NDktMC45MDQsMi41OTQtMi4yNzIsMi41OTQtMy43MjFjMC0wLjgyNS0wLjIyNy0xLjExOS0wLjY4MS0xLjExOWMtMC4xMzUsMC0wLjMyLDAuMjE5LTAuNjM2LDAuMjE5SDcuMTU3QzYuMTAyLDcuMTQzLDUuMzMzLDYuMjY0LDUuMzMzLDUuMjNjMC0xLjE1MiwwLjk1OC0yLjAwNiwyLjI4LTIuMDA2YzEuNzc3LDAsMy4wNTMsMS4zNzMsMy4wNTMsMy40M0MxMC42NjYsOS4yMTUsOS4yMDMsMTEuMjcsNi43NDUsMTIuNTg5Ii8+PC9nPjwvc3ZnPg\" \/><\/a> <a><img decoding=\"async\" class=\"citavipicker\" style=\"border: 0px none!important;width: 16px!important;height: 16px!important;margin-left: 1px !important;margin-right: 1px !important\" title=\"Titel anhand dieser DOI in Citavi-Projekt \u00fcbernehmen\" src=\"image\/svg+xml;base64,PD94bWwgdmVyc2lvbj0iMS4wIiBlbmNvZGluZz0idXRmLTgiPz48IURPQ1RZUEUgc3ZnIFBVQkxJQyAiLS8vVzNDLy9EVEQgU1ZHIDEuMS8vRU4iICJodHRwOi8vd3d3LnczLm9yZy9HcmFwaGljcy9TVkcvMS4xL0RURC9zdmcxMS5kdGQiPjxzdmcgdmVyc2lvbj0iMS4xIiBpZD0iRWJlbmVfMSIgeG1sbnM9Imh0dHA6Ly93d3cudzMub3JnLzIwMDAvc3ZnIiB4bWxuczp4bGluaz0iaHR0cDovL3d3dy53My5vcmcvMTk5OS94bGluayIgeD0iMHB4IiB5PSIwcHgiIHdpZHRoPSIxNnB4IiBoZWlnaHQ9IjE2cHgiIHZpZXdCb3g9IjAgMCAxNiAxNiIgZW5hYmxlLWJhY2tncm91bmQ9Im5ldyAwIDAgMTYgMTYiIHhtbDpzcGFjZT0icHJlc2VydmUiPjxnPjxnPjxwYXRoIGZpbGw9IiNGRkZGRkYiIGQ9Ik04LjAwMSwxNS41QzMuODY0LDE1LjUsMC41LDEyLjEzNiwwLjUsOGMwLTQuMTM1LDMuMzY1LTcuNSw3LjUwMS03LjVTMTUuNSwzLjg2NCwxNS41LDhTMTIuMTM3LDE1LjUsOC4wMDEsMTUuNXoiLz48cGF0aCBmaWxsPSIjRDUyQjFFIiBkPSJNOC4wMDEsMUMxMS44NiwxLDE1LDQuMTQxLDE1LDhzLTMuMTM5LDctNi45OTksN0M0LjE0LDE1LDEsMTEuODU5LDEsOFM0LjE0LDEsOC4wMDEsMSBNOC4wMDEsMEMzLjU4MiwwLDAsMy41ODIsMCw4czMuNTgyLDgsOC4wMDEsOEMxMi40MTgsMTYsMTYsMTIuNDE4LDE2LDhTMTIuNDE4LDAsOC4wMDEsMEw4LjAwMSwweiIvPjwvZz48cGF0aCBmaWxsPSIjRDUyQjFFIiBkPSJNNi43NDUsMTIuNTg5Yy0wLjIyNywwLjEyMi0wLjQ5NywwLjI0Ny0wLjY4NCwwLjI0N2MtMC4zMTgsMC0wLjUwMS0wLjE2NC0wLjUwMS0wLjQ1MmMwLTAuMjA3LDAuMTQtMC4zNzUsMC41OTUtMC42MjJjMS41NDktMC45MDQsMi41OTQtMi4yNzIsMi41OTQtMy43MjFjMC0wLjgyNS0wLjIyNy0xLjExOS0wLjY4MS0xLjExOWMtMC4xMzUsMC0wLjMyLDAuMjE5LTAuNjM2LDAuMjE5SDcuMTU3QzYuMTAyLDcuMTQzLDUuMzMzLDYuMjY0LDUuMzMzLDUuMjNjMC0xLjE1MiwwLjk1OC0yLjAwNiwyLjI4LTIuMDA2YzEuNzc3LDAsMy4wNTMsMS4zNzMsMy4wNTMsMy40M0MxMC42NjYsOS4yMTUsOS4yMDMsMTEuMjcsNi43NDUsMTIuNTg5Ii8+PC9nPjwvc3ZnPg\" \/><\/a> <a><img decoding=\"async\" class=\"citavipicker10.1007\/978-3-662-64102-6\" style=\"border: 0px none;width: 16px;height: 16px !important;margin-left: 1px !important;margin-right: 1px !important;vertical-align: bottom !important\" title=\"Titel anhand dieser DOI in Citavi-Projekt \u00fcbernehmen\" src=\"image\/png;base64,iVBORw0KGgoAAAANSUhEUgAAABAAAAAQCAYAAAAf8\/9hAAAAGXRFWHRTb2Z0d2FyZQBBZG9iZSBJbWFnZVJlYWR5ccllPAAAAUlJREFUeNpiZEADV7XlEoBUPBA7oEkdAOKF2lcfLUAWZETSqACk1gOxgUBACAOvkzsDMy8fWO7v508Mn\/ftZPiwYQ2IewGIA4EGPUC2VQGI398N9vj\/\/frV\/7gASA6kBqQWaiHcgPMgiT+fPsIVv1009\/+DhLD\/zzsa\/v96+hguDlIDNeQ83M9AjGIzSDNIDIZvWOigGA5SC5VLYAIFGMjPHBpacBeB\/IwMQPyPEP+DAUgtSA9IL8gAB1CAIQNeJzd4AMLAj5tX0dSA9TiADMBQDLJB\/fhlBq0rDxmEYpPAYqxSsihqYHqYGAgAZl5+iAHSMljlmbD5GRl82LgabBvIW+jhAjPgACiRYAPPaooZfj99wiDV2ovhTaieA1ijEZZgQNH3fsNqrAkKFo1YE9KnvTv\/P60uQklAOBMSpUmZ4szESGl2BggwAJR\/ZVgK6XqqAAAAAElFTkSuQmCC\" \/><\/a><\/p>\n<p>Eckelt, M. &amp; Thrun, T. (2021). Crowdwork und Plattform\u00f6konomie: Kannt dort auch Berufsbildung stattfinden? In: berufsbildung. Z<em>eitschrift f\u00fcr Theorie-Praxis-Dialog 75<\/em>(191), S. 33-36.<\/p>\n<p>Thrun, T; Casper, M. &amp; Schormair, M. (2021). Lebensentw\u00fcrfe im Spannungsfeld von \u00d6konomisierung, Selbstverwirklichung und unternehmerischer Nachhaltigkeit. In J. Urban &amp; L. Br\u00e4uerle (<abbr title=\"Herausgeber\">Hrsg.<\/abbr>),<em> Wirtschaft neu denken &#8211; Erfahrungen aus der pluralen sozio*\u00f6konomischen Hochschullehre<\/em>. Wiesbaden: Springer VS<\/p>\n<p>Thrun, T.; Casper, M. &amp; Bauer, N. (2018). \u00d6konomisches Handeln oder Kaufm\u00e4nnisches<br \/>Handeln? Eine Inhaltsanalyse studentischer Essays \u00fcber Kriterien des \u201aWirtschaftens\u2019.<br \/>b<em>wp@ Berufs- und Wirtschaftsp\u00e4dagogik \u2013 online<\/em>, 35, 1\u201323. URL: http:\/\/www.bwpat.de\/ausgabe35\/thrun_etal_bwpat35.pdf.<\/p>\n<p>\u00a0<\/p>\n<h3>Sprechzeiten<\/h3>\n<p>Nach Terminvereinbarung per Mail.<\/p>\n<\/div>\n<\/div>\n","protected":false},"excerpt":{"rendered":"<p>\u00a0 Publikationen Neu, T. &amp; Schl\u00f6mer, T. (2025). Das Konzept der Grundvorstellungen in der Wirtschaftsdidaktik. In D. Loerwald &amp; N. Goldschmidt (Hrsg.). Digitalisierung in der \u00d6konomischen Bildung: Jahresband der Deutschen [&hellip;]<\/p>\n","protected":false},"author":3064,"featured_media":0,"parent":260,"menu_order":4,"comment_status":"closed","ping_status":"closed","template":"","meta":{"_EventAllDay":false,"_EventTimezone":"","_EventStartDate":"","_EventEndDate":"","_EventStartDateUTC":"","_EventEndDateUTC":"","_EventShowMap":false,"_EventShowMapLink":false,"_EventURL":"","_EventCost":"","_EventCostDescription":"","_EventCurrencySymbol":"","_EventCurrencyCode":"","_EventCurrencyPosition":"","_EventDateTimeSeparator":"","_EventTimeRangeSeparator":"","_EventOrganizerID":[],"_EventVenueID":[],"_OrganizerEmail":"","_OrganizerPhone":"","_OrganizerWebsite":"","_VenueAddress":"","_VenueCity":"","_VenueCountry":"","_VenueProvince":"","_VenueState":"","_VenueZip":"","_VenuePhone":"","_VenueURL":"","_VenueStateProvince":"","_VenueLat":"","_VenueLng":"","_VenueShowMap":false,"_VenueShowMapLink":false,"footnotes":""},"categories":[42],"tags":[],"class_list":["post-632","page","type-page","status-publish","hentry","category-team"],"_links":{"self":[{"href":"https:\/\/www.hsu-hh.de\/bwp-w\/wp-json\/wp\/v2\/pages\/632","targetHints":{"allow":["GET"]}}],"collection":[{"href":"https:\/\/www.hsu-hh.de\/bwp-w\/wp-json\/wp\/v2\/pages"}],"about":[{"href":"https:\/\/www.hsu-hh.de\/bwp-w\/wp-json\/wp\/v2\/types\/page"}],"author":[{"embeddable":true,"href":"https:\/\/www.hsu-hh.de\/bwp-w\/wp-json\/wp\/v2\/users\/3064"}],"replies":[{"embeddable":true,"href":"https:\/\/www.hsu-hh.de\/bwp-w\/wp-json\/wp\/v2\/comments?post=632"}],"version-history":[{"count":22,"href":"https:\/\/www.hsu-hh.de\/bwp-w\/wp-json\/wp\/v2\/pages\/632\/revisions"}],"predecessor-version":[{"id":1447,"href":"https:\/\/www.hsu-hh.de\/bwp-w\/wp-json\/wp\/v2\/pages\/632\/revisions\/1447"}],"up":[{"embeddable":true,"href":"https:\/\/www.hsu-hh.de\/bwp-w\/wp-json\/wp\/v2\/pages\/260"}],"wp:attachment":[{"href":"https:\/\/www.hsu-hh.de\/bwp-w\/wp-json\/wp\/v2\/media?parent=632"}],"wp:term":[{"taxonomy":"category","embeddable":true,"href":"https:\/\/www.hsu-hh.de\/bwp-w\/wp-json\/wp\/v2\/categories?post=632"},{"taxonomy":"post_tag","embeddable":true,"href":"https:\/\/www.hsu-hh.de\/bwp-w\/wp-json\/wp\/v2\/tags?post=632"}],"curies":[{"name":"wp","href":"https:\/\/api.w.org\/{rel}","templated":true}]}}