{"id":340,"date":"2019-12-16T15:44:21","date_gmt":"2019-12-16T14:44:21","guid":{"rendered":"https:\/\/www.hsu-hh.de\/bapaed\/?page_id=340"},"modified":"2020-01-21T10:01:34","modified_gmt":"2020-01-21T09:01:34","slug":"innone","status":"publish","type":"page","link":"https:\/\/www.hsu-hh.de\/bwp-w\/innone\/","title":{"rendered":"InnoNE"},"content":{"rendered":"<h3>Innovationsprojekte und Innovationskompetenz f\u00fcr eine Nachhaltige Entwicklung<\/h3>\n<p>Das Verbundprojekt &#8222;Innovationsprojekte und Innovationskompetenz f\u00fcr eine Nachhaltige Entwicklung&#8220; (InnoNE) wurde von der Professur f\u00fcr Berufs- und Arbeitsp\u00e4dagogik der Helmut-Schmidt-Universit\u00e4t\/Universit\u00e4t der Bundeswehr Hamburg in Kooperation mit dem Fachgebiet Berufs- und Wirtschaftsp\u00e4dagogik der Carl von Ossietzky Universit\u00e4t Oldenburg (Leitung) durchgef\u00fchrt. Es war Bestandteil des Modellversuchsf\u00f6rderschwerpunkts \u201eBerufsbildung f\u00fcr nachhaltige Entwicklung 2015 &#8211; 2019\u201c des Bundesinstituts f\u00fcr Berufsbildung (BIBB) und wurde aus Mitteln des Bundesministeriums f\u00fcr Bildung und Forschung (<abbr title=\"Bundesministerium f\u00fcr Bildung und Forschung\">BMBF<\/abbr>) gef\u00f6rdert.<\/p>\n<p><img loading=\"lazy\" decoding=\"async\" class=\"alignnone size-medium wp-image-444\" src=\"https:\/\/www.hsu-hh.de\/bapaed\/wp-content\/uploads\/sites\/833\/2019\/12\/Logo_InnoNE_Schlussfassung-V.3.00-300x112.jpg\" alt=\"Logo InnoNE\" width=\"300\" height=\"112\" data-credit=\"Karin Rebmann\" srcset=\"https:\/\/www.hsu-hh.de\/bwp-w\/wp-content\/uploads\/sites\/833\/2019\/12\/Logo_InnoNE_Schlussfassung-V.3.00-300x112.jpg 300w, https:\/\/www.hsu-hh.de\/bwp-w\/wp-content\/uploads\/sites\/833\/2019\/12\/Logo_InnoNE_Schlussfassung-V.3.00-1024x384.jpg 1024w, https:\/\/www.hsu-hh.de\/bwp-w\/wp-content\/uploads\/sites\/833\/2019\/12\/Logo_InnoNE_Schlussfassung-V.3.00-768x288.jpg 768w, https:\/\/www.hsu-hh.de\/bwp-w\/wp-content\/uploads\/sites\/833\/2019\/12\/Logo_InnoNE_Schlussfassung-V.3.00-1536x576.jpg 1536w, https:\/\/www.hsu-hh.de\/bwp-w\/wp-content\/uploads\/sites\/833\/2019\/12\/Logo_InnoNE_Schlussfassung-V.3.00-2048x768.jpg 2048w\" sizes=\"auto, (max-width: 300px) 100vw, 300px\" \/><\/p>\n<p>Ziele des Vorhabens waren die Entwicklung, Erprobung, Evaluierung und Etablierung eines Instrumentariums f\u00fcr kleine und mittlere Unternehmen (KMU) aus dem station\u00e4ren Einzelhandel, das die Planung und Durchf\u00fchrung nachhaltigkeitsorientierter Innovationsprojekte bedarfsgerecht anleitet und die Innovationskompetenz von F\u00fchrungskr\u00e4ften und dem Berufsbildungspersonal effektiv bef\u00f6rdert (genannt INE-Toolbox). Gemeinsam mit zw\u00f6lf ausbildenden Einzelhandelsunternehmen aus der Region Weser-Ems und dem Elbe-Weser-Raum wurde dieses Instrumentarium gem\u00e4\u00df dem Design-Based Research-Ansatz iterativ entwickelt und erprobt. Hierf\u00fcr wurden in den teilnehmenden KMU Innovationsteams mit F\u00fchrungskr\u00e4ften und dem Berufsbildungspersonal gebildet, mit denen zeitversetzt Innovationsprojekte in (mindestens) einem der f\u00fcnf nachhaltigkeitsorientierten Handlungsfeldern des Einzelhandels (Energie und Ressourcen, Logistik und Transport, Sortimentsgestaltung und Kundenberatung, Personal und Ausbildung sowie gesellschaftliches Engagement) geplant und durchgef\u00fchrt wurden. Es wurden jeweils vier Unternehmen zu einer Kohorte zusammengefasst, so dass drei Erprobungsschleifen realisiert und \u00fcber quantitative (Multiple-Choice-Tests, Frageb\u00f6gen) und qualitative (Interviews, Blitzlichter, Gruppendiskussionen) Methoden evaluiert werden konnten.<\/p>\n<p>Das Instrumentarium <abbr title=\"beziehungsweise\">bzw.<\/abbr> die INE-Toolbox leitete dabei den Innovationsprozess an, indem es dem Management der Innovation eine Struktur gab: Von der Problemdefinition \u00fcber die Ideengenerierung und Ideenbewertung bis hin zur Ideenrealisierung wurden die Innovationsteams durch individuelle Arbeits- und Lernaufgaben sowie durch kooperative Methoden unterst\u00fctzt. \u00dcber das Berufsbildungspersonal partizipierten zudem Auszubildende aktiv am Innovationsprozess.<\/p>\n<p>Durch das Instrumentarium wurden gleichzeitig Fach- und Personalkompetenzen der Innovationsteams im Sinne einer nachhaltigkeitsorientierten Innovationskompetenz bef\u00f6rdert. Hierf\u00fcr wurde das Fachwissen im Themenfeld Nachhaltigkeit zielgerichtet \u00fcber Arbeits- und Lernaufgaben bef\u00f6rdert. Die Personalkompetenz l\u00e4sst sich modellieren \u00fcber die individuellen nachhaltigkeitsorientierten epistemischen \u00dcberzeugungen. Diese subjektiven Vorstellungen wurden im Vorhaben erhoben und \u00fcber Kooperationen sowie die epistemischen Botschaften in den Arbeits- und Lernaufgaben in Richtung differenzierter \u00dcberzeugungen entwickelt.<\/p>\n<p>&nbsp;<\/p>\n<p><strong>F\u00f6rderung des Modellversuchs:<\/strong><\/p>\n<p>&nbsp;<\/p>\n<p><em><img loading=\"lazy\" decoding=\"async\" class=\"alignnone wp-image-443\" src=\"https:\/\/www.hsu-hh.de\/bapaed\/wp-content\/uploads\/sites\/833\/2019\/12\/Logo-BIBB-300x115.jpg\" alt=\"Logo BIBB\" width=\"200\" height=\"77\" data-credit=\"BIBB\" srcset=\"https:\/\/www.hsu-hh.de\/bwp-w\/wp-content\/uploads\/sites\/833\/2019\/12\/Logo-BIBB-300x115.jpg 300w, https:\/\/www.hsu-hh.de\/bwp-w\/wp-content\/uploads\/sites\/833\/2019\/12\/Logo-BIBB-1024x394.jpg 1024w, https:\/\/www.hsu-hh.de\/bwp-w\/wp-content\/uploads\/sites\/833\/2019\/12\/Logo-BIBB-768x295.jpg 768w, https:\/\/www.hsu-hh.de\/bwp-w\/wp-content\/uploads\/sites\/833\/2019\/12\/Logo-BIBB-1536x591.jpg 1536w, https:\/\/www.hsu-hh.de\/bwp-w\/wp-content\/uploads\/sites\/833\/2019\/12\/Logo-BIBB-2048x788.jpg 2048w\" sizes=\"auto, (max-width: 200px) 100vw, 200px\" \/><\/em><\/p>\n<p>&nbsp;<\/p>\n<p><img loading=\"lazy\" decoding=\"async\" class=\"alignnone wp-image-440\" src=\"https:\/\/www.hsu-hh.de\/bapaed\/wp-content\/uploads\/sites\/833\/2019\/12\/BMBF_gef\u00f6rdert-vom_deutsch-300x213.jpg\" alt=\"Logo BMBF\" width=\"250\" height=\"177\" data-credit=\"BMBF\" srcset=\"https:\/\/www.hsu-hh.de\/bwp-w\/wp-content\/uploads\/sites\/833\/2019\/12\/BMBF_gef\u00f6rdert-vom_deutsch-300x213.jpg 300w, https:\/\/www.hsu-hh.de\/bwp-w\/wp-content\/uploads\/sites\/833\/2019\/12\/BMBF_gef\u00f6rdert-vom_deutsch-768x545.jpg 768w, https:\/\/www.hsu-hh.de\/bwp-w\/wp-content\/uploads\/sites\/833\/2019\/12\/BMBF_gef\u00f6rdert-vom_deutsch.jpg 881w\" sizes=\"auto, (max-width: 250px) 100vw, 250px\" \/><\/p>\n<h3>Ansprechpartner\/-innen an der Professur:<\/h3>\n<ul>\n<li><a href=\"https:\/\/www.hsu-hh.de\/bapaed\/susanne-heubischl-m-a\/\">Susanne Heubischl, M. A.<\/a><br \/>\n<a href=\"https:\/\/www.hsu-hh.de\/bapaed\/mitarbeiter\/\">Prof. <abbr title=\"Doktor\">Dr.<\/abbr> Tobias Schl\u00f6mer<\/a><\/li>\n<\/ul>\n<p>&nbsp;<\/p>\n<h3>Fachgebiet Berufs- und Wirtschaftsp\u00e4dagogik der Carl von Ossietzky Universit\u00e4t Oldenburg:<\/h3>\n<ul>\n<li>Prof. <abbr title=\"Doktor\">Dr.<\/abbr> Karin Rebmann<\/li>\n<li><abbr title=\"Privatdozent\">PD<\/abbr> <abbr title=\"Doktor\">Dr.<\/abbr> <abbr title=\"habilitatus\">habil.<\/abbr> Florian Berding<\/li>\n<li><abbr title=\"Doktor\">Dr.<\/abbr> Andreas Slopinski<\/li>\n<li>Regina Gebhardt, B. A., M. Ed.<\/li>\n<\/ul>\n<p>&nbsp;<\/p>\n<p><strong>Projekthomepage:<\/strong><\/p>\n<p>Ausf\u00fchrliche Informationen zum Modellversuch InnoNE finden Sie auf den Seiten unseres Verbundpartners unter:<\/p>\n<p><a href=\"http:\/\/www.uni-oldenburg.de\/innone\" rel='nofollow'>www.uni-oldenburg.de\/innone<\/a><\/p>\n","protected":false},"excerpt":{"rendered":"<p>Innovationsprojekte und Innovationskompetenz f\u00fcr eine Nachhaltige Entwicklung Das Verbundprojekt &#8222;Innovationsprojekte und Innovationskompetenz f\u00fcr eine Nachhaltige Entwicklung&#8220; (InnoNE) wurde von der Professur f\u00fcr Berufs- und Arbeitsp\u00e4dagogik der Helmut-Schmidt-Universit\u00e4t\/Universit\u00e4t der Bundeswehr Hamburg [&hellip;]<\/p>\n","protected":false},"author":1383,"featured_media":0,"parent":0,"menu_order":0,"comment_status":"closed","ping_status":"closed","template":"","meta":{"_EventAllDay":false,"_EventTimezone":"","_EventStartDate":"","_EventEndDate":"","_EventStartDateUTC":"","_EventEndDateUTC":"","_EventShowMap":false,"_EventShowMapLink":false,"_EventURL":"","_EventCost":"","_EventCostDescription":"","_EventCurrencySymbol":"","_EventCurrencyCode":"","_EventCurrencyPosition":"","_EventDateTimeSeparator":"","_EventTimeRangeSeparator":"","_EventOrganizerID":[],"_EventVenueID":[],"_OrganizerEmail":"","_OrganizerPhone":"","_OrganizerWebsite":"","_VenueAddress":"","_VenueCity":"","_VenueCountry":"","_VenueProvince":"","_VenueState":"","_VenueZip":"","_VenuePhone":"","_VenueURL":"","_VenueStateProvince":"","_VenueLat":"","_VenueLng":"","_VenueShowMap":false,"_VenueShowMapLink":false,"footnotes":""},"categories":[],"tags":[],"class_list":["post-340","page","type-page","status-publish","hentry"],"_links":{"self":[{"href":"https:\/\/www.hsu-hh.de\/bwp-w\/wp-json\/wp\/v2\/pages\/340","targetHints":{"allow":["GET"]}}],"collection":[{"href":"https:\/\/www.hsu-hh.de\/bwp-w\/wp-json\/wp\/v2\/pages"}],"about":[{"href":"https:\/\/www.hsu-hh.de\/bwp-w\/wp-json\/wp\/v2\/types\/page"}],"author":[{"embeddable":true,"href":"https:\/\/www.hsu-hh.de\/bwp-w\/wp-json\/wp\/v2\/users\/1383"}],"replies":[{"embeddable":true,"href":"https:\/\/www.hsu-hh.de\/bwp-w\/wp-json\/wp\/v2\/comments?post=340"}],"version-history":[{"count":13,"href":"https:\/\/www.hsu-hh.de\/bwp-w\/wp-json\/wp\/v2\/pages\/340\/revisions"}],"predecessor-version":[{"id":535,"href":"https:\/\/www.hsu-hh.de\/bwp-w\/wp-json\/wp\/v2\/pages\/340\/revisions\/535"}],"wp:attachment":[{"href":"https:\/\/www.hsu-hh.de\/bwp-w\/wp-json\/wp\/v2\/media?parent=340"}],"wp:term":[{"taxonomy":"category","embeddable":true,"href":"https:\/\/www.hsu-hh.de\/bwp-w\/wp-json\/wp\/v2\/categories?post=340"},{"taxonomy":"post_tag","embeddable":true,"href":"https:\/\/www.hsu-hh.de\/bwp-w\/wp-json\/wp\/v2\/tags?post=340"}],"curies":[{"name":"wp","href":"https:\/\/api.w.org\/{rel}","templated":true}]}}