{"id":333,"date":"2019-12-16T15:24:01","date_gmt":"2019-12-16T14:24:01","guid":{"rendered":"https:\/\/www.hsu-hh.de\/bapaed\/?page_id=333"},"modified":"2019-12-19T14:57:00","modified_gmt":"2019-12-19T13:57:00","slug":"fortbildungsangebot-fuer-betriebe","status":"publish","type":"page","link":"https:\/\/www.hsu-hh.de\/bwp-w\/fortbildungsangebot-fuer-betriebe\/","title":{"rendered":"Fortbildungsangebot f\u00fcr Betriebe"},"content":{"rendered":"<h3>Kostenlose Fortbildungen f\u00fcr Ausbildungsbetriebe im Handel<\/h3>\n<p>Im Rahmen des Projektes GEKONAWI wurde ein aus vier Modulen bestehendes kostenloses Fortbildungsangebot f\u00fcr Ausbildungsbetriebe im Handel angeboten. Das Seminar- und Workshopangebot wurde in unterschiedlichen Formaten und in Kooperation mit renommierten Partnern angeboten.<\/p>\n<p><strong>Nachhaltiges Wirtschaften und Ausbilden im Handel, um Existenz und Zukunft zu sichern!<\/strong><\/p>\n<p><img loading=\"lazy\" decoding=\"async\" class=\"alignleft wp-image-446\" src=\"https:\/\/www.hsu-hh.de\/bapaed\/wp-content\/uploads\/sites\/833\/2019\/12\/Bild_Fortbildungsangebot_fuer_Betriebe_Tag_Cloud-400x200.jpg\" alt=\"Zukunftssicherung durch nachhaltiges Wirtschaften und Ausbilden\" width=\"750\" height=\"380\" data-credit=\"Tobias Schl\u00f6mer\" srcset=\"https:\/\/www.hsu-hh.de\/bwp-w\/wp-content\/uploads\/sites\/833\/2019\/12\/Bild_Fortbildungsangebot_fuer_Betriebe_Tag_Cloud-300x152.jpg 300w, https:\/\/www.hsu-hh.de\/bwp-w\/wp-content\/uploads\/sites\/833\/2019\/12\/Bild_Fortbildungsangebot_fuer_Betriebe_Tag_Cloud-1024x519.jpg 1024w, https:\/\/www.hsu-hh.de\/bwp-w\/wp-content\/uploads\/sites\/833\/2019\/12\/Bild_Fortbildungsangebot_fuer_Betriebe_Tag_Cloud-768x390.jpg 768w, https:\/\/www.hsu-hh.de\/bwp-w\/wp-content\/uploads\/sites\/833\/2019\/12\/Bild_Fortbildungsangebot_fuer_Betriebe_Tag_Cloud.jpg 1181w\" sizes=\"auto, (max-width: 750px) 100vw, 750px\" \/><\/p>\n<p>&nbsp;<\/p>\n<p>&nbsp;<\/p>\n<p>&nbsp;<\/p>\n<p>&nbsp;<\/p>\n<p>&nbsp;<\/p>\n<p>&nbsp;<\/p>\n<p>&nbsp;<\/p>\n<p>&nbsp;<\/p>\n<p>&nbsp;<\/p>\n<p>&nbsp;<\/p>\n<p>&nbsp;<\/p>\n<p>Wie ver\u00e4ndern sich Konsum- und Lebensstile, Gesellschaft, Kultur und M\u00e4rkte in den n\u00e4chsten Jahren? Und wie k\u00f6nnen sich station\u00e4rer Handel, Onlinehandel, Direkthandel oder Gro\u00df- und Au\u00dfenhandel auf eine Zukunft vorbereiten, die einerseits hohe Unsicherheiten birgt, andererseits aber auch Chancen bereith\u00e4lt? Und welche Konsequenzen ergeben sich daraus f\u00fcr Beruf und Arbeit im Handel?<\/p>\n<p>Besondere Brisanz erhalten diese Fragen durch Herausforderungen und Entwicklungen wie Wirtschafts- und Finanzkrisen, Klimawandel, Digitalisierung, Fachkr\u00e4ftemangel, Umweltprobleme, Gesundheitstrends, Energiewende und Ressourcenknappheiten, M\u00fcllproblematiken, soziale Schieflagen, fehlende ethische Verantwortung <abbr title=\"und so weiter\">usw.<\/abbr> Fest steht: Erfolg und Existenz h\u00e4ngen im Handel unmittelbar mit diesen Fragen und Herausforderungen zusammen!<\/p>\n<p>Unternehmen und Besch\u00e4ftigte sollten systematisch und professionell Strategien zur Existenz- und Zukunftssicherung entwickeln und diese umsetzen! Der Schl\u00fcssel dazu liegt in der Gesch\u00e4ftsmodell- und Kompetenzentwicklung f\u00fcr nachhaltiges Wirtschaften. Damit sollen alle Mitarbeiter\/-innen \u2013 von der Gesch\u00e4ftsf\u00fchrung bis zum Azubi im Tagesgesch\u00e4ft \u2013 das unternehmerische Denken und Handeln erlernen. Im Rahmen von vier Fortbildungsmodulen wurden deshalb nicht nur Gesch\u00e4ftsf\u00fchrer\/-innen, Betriebsinhaber\/-innen und F\u00fchrungskr\u00e4fte, sondern insbesondere auch Ausbilder\/-innen und ausbildende Fachkr\u00e4fte f\u00fcr diese Aufgabe vorbereitet.<\/p>\n<p>&nbsp;<\/p>\n<p>Die Workshops und Seminare f\u00f6rderten Fachwissen und praktisches Knowhow, um zukunftsf\u00e4hige Gesch\u00e4ftsmodelle und die daf\u00fcr notwendigen Kompetenzen im Betrieb zu entwickeln.<\/p>\n<h3>Lehrinhalte:<\/h3>\n<p><strong>Modul 1:<\/strong> Nachhaltige Gesch\u00e4ftsmodelle der Zukunft<\/p>\n<p>Ausgehend von den betriebsspezifischen Ausgangssituationen und Zielsetzungen werden Unternehmensstrategien sowie Ans\u00e4tze f\u00fcr Gesch\u00e4ftsmodellinnovationen diskutiert und entworfen. Dabei werden aktuelle und k\u00fcnftige Entwicklungen der Unternehmensumwelt und Prognosen zum Konsumwandel analysiert. Mit Hilfe eines praxisbew\u00e4hrten Instruments werden zukunftsf\u00e4hige und nachhaltige Gesch\u00e4ftsmodelle entwickelt. Gesch\u00e4ftsmodelle bringen auf den Punkt, welches Nutzenversprechen Unternehmen ihren Kunden geben, wie die Wertsch\u00f6pfungskette angelegt ist, welche finanziellen Mehrwerte geschaffen werden, welche Ressourcen vorhanden sind <abbr title=\"beziehungsweise\">bzw.<\/abbr> ben\u00f6tigt werden und welche Auspr\u00e4gung von Unternehmensf\u00fchrung notwendig ist.<\/p>\n<p><img loading=\"lazy\" decoding=\"async\" class=\"alignnone wp-image-457\" src=\"https:\/\/www.hsu-hh.de\/bapaed\/wp-content\/uploads\/sites\/833\/2019\/12\/Bild_M1-M4-300x242.jpg\" alt=\"M1-M4\" width=\"500\" height=\"403\" data-credit=\"Tobias Schl\u00f6mer\" srcset=\"https:\/\/www.hsu-hh.de\/bwp-w\/wp-content\/uploads\/sites\/833\/2019\/12\/Bild_M1-M4-300x242.jpg 300w, https:\/\/www.hsu-hh.de\/bwp-w\/wp-content\/uploads\/sites\/833\/2019\/12\/Bild_M1-M4-1024x826.jpg 1024w, https:\/\/www.hsu-hh.de\/bwp-w\/wp-content\/uploads\/sites\/833\/2019\/12\/Bild_M1-M4-768x619.jpg 768w, https:\/\/www.hsu-hh.de\/bwp-w\/wp-content\/uploads\/sites\/833\/2019\/12\/Bild_M1-M4.jpg 1152w\" sizes=\"auto, (max-width: 500px) 100vw, 500px\" \/><\/p>\n<p><strong>Modul 2:<\/strong> Nachhaltiges Wirtschaften im Tagesgesch\u00e4ft<\/p>\n<p>Begonnen wird mit der Analyse von solchen Arbeitssystemen und Schl\u00fcsselprozessen, die eine herausgehobene Bedeutung f\u00fcr die Unternehmenszukunft haben. Anhand dieser Prozesse wird analysiert, welche Anforderungen an Mitarbeiter\/-innen gestellt werden und wie diese aktiv mitwirken k\u00f6nnen, um Gesch\u00e4ftsmodelle tats\u00e4chlich umzusetzen. Es werden Konzepte zur Bef\u00f6rderung von unternehmerischem Denken und Handeln in der Betriebsorganisation vorgestellt und betriebsspezifisch ausgestaltet. Zum Abschluss wird im Spiegel der entwickelten Gesch\u00e4ftsmodelle illustriert, wie sich Digitalisierung und nachhaltige Entwicklung auf den Handel auswirken k\u00f6nnten.<\/p>\n<p><strong>Modul 3:<\/strong> Betriebliche Ausbildung der Zukunft<\/p>\n<p>Zur Einf\u00fchrung werden Tools zur professionellen Ausbildungsplanung vorgestellt und erprobt. Die Ausbildungsplanung soll einerseits an nachhaltigen Gesch\u00e4ftsmodellen und Gesch\u00e4ftsprozessen der Betriebe ausgerichtet sein und andererseits die individuelle Kompetenz- und Biografieentwicklung von Auszubildenden unterst\u00fctzen. Auf dieser Basis werden komplexe Lernsituationen entwickelt, die Mitarbeiter\/-innen und Auszubildende zur Mitgestaltung der Unternehmenszukunft (Intrapreneurship) sensibilisieren und bef\u00e4higen. Mit den Teilnehmer(inne)n werden Methoden zur F\u00f6rderung des Selbstlernens, offene Lern- und Arbeitsaufgaben sowie Konzepte moderner Arbeits- und Lernumgebungen erprobt.<\/p>\n<p><strong>Modul 4:<\/strong> Biografien und Kompetenzprofile der Zukunft<\/p>\n<p>Um den Outcome dieser Ausbildung \u2013 die umfassende berufliche Handlungskompetenz \u2013 systematisch zu f\u00f6rdern, werden fundierte Konzepte der Kompetenzbilanzierung und -beratung behandelt. Daher werden praxiserprobte und wissenschaftlich begr\u00fcndete Verfahren der Selbst- und Fremdeinsch\u00e4tzung beruflicher Handlungskompetenzen vorgestellt und erprobt. Dabei wird Bezug auf typische Handlungssituationen von Auszubildenden im Routine- und Tagesgesch\u00e4ft sowie auf Kompetenzentwicklungsbedarfe im Hinblick auf nachhaltiges Wirtschaften genommen. Das Ausbildungsgespr\u00e4ch wird hier als wichtigstes Instrument der nachhaltigkeitsorientierten Personalentwicklung verortet.<\/p>\n<h3>Methoden:<\/h3>\n<ul>\n<li>Vortrag und Trainingsinputs<\/li>\n<li>Erfahrungsaustausch und Diskussion<\/li>\n<li>Aktives Erarbeiten und Erproben von Ans\u00e4tzen und Instrumenten<\/li>\n<\/ul>\n<p>&nbsp;<\/p>\n<p><strong>Zielgruppe:<\/strong> Das Angebot richtete sich an Gesch\u00e4ftsf\u00fchrer\/-innen, Betriebsinhaber\/-innen und F\u00fchrungskr\u00e4fte sowie insbesondere Ausbilder\/-innen und ausbildende Fachkr\u00e4fte.<\/p>\n<p><strong>Das Dozententeam:<\/strong> Das Dozent(inn)enteam bestand aus Fachexpertinnen und -experten, die \u00fcber langj\u00e4hrige Erfahrungen und Expertise in den Bereichen der Betriebswirtschaftslehre und kaufm\u00e4nnischen Ausbildung verf\u00fcgten.<\/p>\n<p><strong>Durchf\u00fchrung und Termine:<\/strong> Das Seminar- und Workshopangebot wurde in unterschiedlichen Formaten und in Kooperation mit renommierten Partnern angeboten:<\/p>\n<ul>\n<li>Regionale Fortbildung mit vier Pr\u00e4senzmodulen (Umfang pro Modul zwischen \u00bd Tag und 2 Tagen): in Kooperation mit regionalen Kammern und Verb\u00e4nden.<\/li>\n<li>Bundesweite Online-Fortbildung mit vier Pr\u00e4senzmodulen (Umfang ca. 60 Stunden): in Kooperation mit der WBS Akademie, ab Februar 2018.<\/li>\n<li>Firmenspezifische Inhouse-Fortbildung mit vier Pr\u00e4senzmodulen (Umfang pro Modul \u00bd bis 1 Tag). Voraussetzung war eine Mindestkursgr\u00f6\u00dfe von 10 Teilnehmer(inne)n.<\/li>\n<\/ul>\n<p>&nbsp;<\/p>\n<p><strong>F\u00f6rderung:<\/strong> Das Seminar- und Workshopangebot wurde im Rahmen des Projektes GEKONAWI angeboten und war f\u00fcr alle Teilnehmer\/-innen w\u00e4hrend der Projektlaufzeit kostenfrei. Das Projekt wurde vom Bundesinstitut f\u00fcr Berufsbildung (BIBB) aus Mitteln des Bundesministeriums f\u00fcr Bildung und Forschung (<abbr title=\"Bundesministerium f\u00fcr Bildung und Forschung\">BMBF<\/abbr>) gef\u00f6rdert.<\/p>\n<p>&nbsp;<\/p>\n<p><img loading=\"lazy\" decoding=\"async\" class=\"alignleft wp-image-443\" src=\"https:\/\/www.hsu-hh.de\/bapaed\/wp-content\/uploads\/sites\/833\/2019\/12\/Logo-BIBB-300x115.jpg\" alt=\"Logo BIBB\" width=\"200\" height=\"77\" data-credit=\"BIBB\" srcset=\"https:\/\/www.hsu-hh.de\/bwp-w\/wp-content\/uploads\/sites\/833\/2019\/12\/Logo-BIBB-300x115.jpg 300w, https:\/\/www.hsu-hh.de\/bwp-w\/wp-content\/uploads\/sites\/833\/2019\/12\/Logo-BIBB-1024x394.jpg 1024w, https:\/\/www.hsu-hh.de\/bwp-w\/wp-content\/uploads\/sites\/833\/2019\/12\/Logo-BIBB-768x295.jpg 768w, https:\/\/www.hsu-hh.de\/bwp-w\/wp-content\/uploads\/sites\/833\/2019\/12\/Logo-BIBB-1536x591.jpg 1536w, https:\/\/www.hsu-hh.de\/bwp-w\/wp-content\/uploads\/sites\/833\/2019\/12\/Logo-BIBB-2048x788.jpg 2048w\" sizes=\"auto, (max-width: 200px) 100vw, 200px\" \/><\/p>\n<p>&nbsp;<\/p>\n<p>&nbsp;<\/p>\n<p>&nbsp;<\/p>\n<p><img loading=\"lazy\" decoding=\"async\" class=\"alignnone wp-image-440\" src=\"https:\/\/www.hsu-hh.de\/bapaed\/wp-content\/uploads\/sites\/833\/2019\/12\/BMBF_gef\u00f6rdert-vom_deutsch-300x213.jpg\" alt=\"Logo BMBF\" width=\"250\" height=\"177\" data-credit=\"BMBF\" srcset=\"https:\/\/www.hsu-hh.de\/bwp-w\/wp-content\/uploads\/sites\/833\/2019\/12\/BMBF_gef\u00f6rdert-vom_deutsch-300x213.jpg 300w, https:\/\/www.hsu-hh.de\/bwp-w\/wp-content\/uploads\/sites\/833\/2019\/12\/BMBF_gef\u00f6rdert-vom_deutsch-768x545.jpg 768w, https:\/\/www.hsu-hh.de\/bwp-w\/wp-content\/uploads\/sites\/833\/2019\/12\/BMBF_gef\u00f6rdert-vom_deutsch.jpg 881w\" sizes=\"auto, (max-width: 250px) 100vw, 250px\" \/><\/p>\n","protected":false},"excerpt":{"rendered":"<p>Kostenlose Fortbildungen f\u00fcr Ausbildungsbetriebe im Handel Im Rahmen des Projektes GEKONAWI wurde ein aus vier Modulen bestehendes kostenloses Fortbildungsangebot f\u00fcr Ausbildungsbetriebe im Handel angeboten. Das Seminar- und Workshopangebot wurde in [&hellip;]<\/p>\n","protected":false},"author":1383,"featured_media":0,"parent":0,"menu_order":0,"comment_status":"closed","ping_status":"closed","template":"","meta":{"_EventAllDay":false,"_EventTimezone":"","_EventStartDate":"","_EventEndDate":"","_EventStartDateUTC":"","_EventEndDateUTC":"","_EventShowMap":false,"_EventShowMapLink":false,"_EventURL":"","_EventCost":"","_EventCostDescription":"","_EventCurrencySymbol":"","_EventCurrencyCode":"","_EventCurrencyPosition":"","_EventDateTimeSeparator":"","_EventTimeRangeSeparator":"","_EventOrganizerID":[],"_EventVenueID":[],"_OrganizerEmail":"","_OrganizerPhone":"","_OrganizerWebsite":"","_VenueAddress":"","_VenueCity":"","_VenueCountry":"","_VenueProvince":"","_VenueState":"","_VenueZip":"","_VenuePhone":"","_VenueURL":"","_VenueStateProvince":"","_VenueLat":"","_VenueLng":"","_VenueShowMap":false,"_VenueShowMapLink":false,"footnotes":""},"categories":[],"tags":[],"class_list":["post-333","page","type-page","status-publish","hentry"],"_links":{"self":[{"href":"https:\/\/www.hsu-hh.de\/bwp-w\/wp-json\/wp\/v2\/pages\/333","targetHints":{"allow":["GET"]}}],"collection":[{"href":"https:\/\/www.hsu-hh.de\/bwp-w\/wp-json\/wp\/v2\/pages"}],"about":[{"href":"https:\/\/www.hsu-hh.de\/bwp-w\/wp-json\/wp\/v2\/types\/page"}],"author":[{"embeddable":true,"href":"https:\/\/www.hsu-hh.de\/bwp-w\/wp-json\/wp\/v2\/users\/1383"}],"replies":[{"embeddable":true,"href":"https:\/\/www.hsu-hh.de\/bwp-w\/wp-json\/wp\/v2\/comments?post=333"}],"version-history":[{"count":24,"href":"https:\/\/www.hsu-hh.de\/bwp-w\/wp-json\/wp\/v2\/pages\/333\/revisions"}],"predecessor-version":[{"id":470,"href":"https:\/\/www.hsu-hh.de\/bwp-w\/wp-json\/wp\/v2\/pages\/333\/revisions\/470"}],"wp:attachment":[{"href":"https:\/\/www.hsu-hh.de\/bwp-w\/wp-json\/wp\/v2\/media?parent=333"}],"wp:term":[{"taxonomy":"category","embeddable":true,"href":"https:\/\/www.hsu-hh.de\/bwp-w\/wp-json\/wp\/v2\/categories?post=333"},{"taxonomy":"post_tag","embeddable":true,"href":"https:\/\/www.hsu-hh.de\/bwp-w\/wp-json\/wp\/v2\/tags?post=333"}],"curies":[{"name":"wp","href":"https:\/\/api.w.org\/{rel}","templated":true}]}}