{"id":307,"date":"2019-12-16T14:29:59","date_gmt":"2019-12-16T13:29:59","guid":{"rendered":"https:\/\/www.hsu-hh.de\/bapaed\/?page_id=307"},"modified":"2020-01-21T09:55:01","modified_gmt":"2020-01-21T08:55:01","slug":"gekonawi","status":"publish","type":"page","link":"https:\/\/www.hsu-hh.de\/bwp-w\/gekonawi\/","title":{"rendered":"GEKONAWI"},"content":{"rendered":"<h3>Gesch\u00e4ftsmodell- und Kompetenzentwicklung f\u00fcr nachhaltiges Wirtschaften im Handel<\/h3>\n<p>Das Verbundprojekt &#8222;Gesch\u00e4ftsmodell- und Kompetenzentwicklung f\u00fcr nachhaltiges Wirtschaften im Handel&#8220; (GEKONAWI) wurde unter der Leitung der Professur f\u00fcr Berufs- und Arbeitsp\u00e4dagogik der Helmut-Schmidt-Universit\u00e4t\/Universit\u00e4t der Bundeswehr Hamburg in Kooperation mit dem Fachgebiet Berufs- und Wirtschaftsp\u00e4dagogik der Carl von Ossietzky Universit\u00e4t Oldenburg durchgef\u00fchrt. Es ist Bestandteil des Modellversuchsf\u00f6rderschwerpunkts \u201eBerufsbildung f\u00fcr nachhaltige Entwicklung 2015 &#8211; 2019\u201c des Bundesinstituts f\u00fcr Berufsbildung (BIBB) und wurde aus Mitteln des Bundesministeriums f\u00fcr Bildung und Forschung (<abbr title=\"Bundesministerium f\u00fcr Bildung und Forschung\">BMBF<\/abbr>) gef\u00f6rdert.<\/p>\n<p>&nbsp;<\/p>\n<p><img loading=\"lazy\" decoding=\"async\" class=\"alignnone size-medium wp-image-441\" src=\"https:\/\/www.hsu-hh.de\/bapaed\/wp-content\/uploads\/sites\/833\/2019\/12\/GeKoNaWi_final_neu-300x159.jpg\" alt=\"Logo GEKONAWI\" width=\"300\" height=\"159\" data-credit=\"Tobias Schl\u00f6mer\" srcset=\"https:\/\/www.hsu-hh.de\/bwp-w\/wp-content\/uploads\/sites\/833\/2019\/12\/GeKoNaWi_final_neu-300x159.jpg 300w, https:\/\/www.hsu-hh.de\/bwp-w\/wp-content\/uploads\/sites\/833\/2019\/12\/GeKoNaWi_final_neu-1024x542.jpg 1024w, https:\/\/www.hsu-hh.de\/bwp-w\/wp-content\/uploads\/sites\/833\/2019\/12\/GeKoNaWi_final_neu-768x406.jpg 768w, https:\/\/www.hsu-hh.de\/bwp-w\/wp-content\/uploads\/sites\/833\/2019\/12\/GeKoNaWi_final_neu-1536x812.jpg 1536w, https:\/\/www.hsu-hh.de\/bwp-w\/wp-content\/uploads\/sites\/833\/2019\/12\/GeKoNaWi_final_neu.jpg 1641w\" sizes=\"auto, (max-width: 300px) 100vw, 300px\" \/><\/p>\n<p>&nbsp;<\/p>\n<p><strong>Projektlaufzeit:<\/strong> 01.04.2016 bis 30.06.2019<\/p>\n<p><strong>F\u00f6rderung des Modellversuchs:<\/strong><\/p>\n<ul>\n<li>Bundesinstituts f\u00fcr Berufsbildung (BIBB)<\/li>\n<li>Bundesministeriums f\u00fcr Bildung und Forschung (<abbr title=\"Bundesministerium f\u00fcr Bildung und Forschung\">BMBF<\/abbr>)<\/li>\n<\/ul>\n<p>&nbsp;<\/p>\n<p><img loading=\"lazy\" decoding=\"async\" class=\"alignnone wp-image-443\" src=\"https:\/\/www.hsu-hh.de\/bapaed\/wp-content\/uploads\/sites\/833\/2019\/12\/Logo-BIBB-300x115.jpg\" alt=\"Logo BIBB\" width=\"200\" height=\"77\" data-credit=\"BIBB\" srcset=\"https:\/\/www.hsu-hh.de\/bwp-w\/wp-content\/uploads\/sites\/833\/2019\/12\/Logo-BIBB-300x115.jpg 300w, https:\/\/www.hsu-hh.de\/bwp-w\/wp-content\/uploads\/sites\/833\/2019\/12\/Logo-BIBB-1024x394.jpg 1024w, https:\/\/www.hsu-hh.de\/bwp-w\/wp-content\/uploads\/sites\/833\/2019\/12\/Logo-BIBB-768x295.jpg 768w, https:\/\/www.hsu-hh.de\/bwp-w\/wp-content\/uploads\/sites\/833\/2019\/12\/Logo-BIBB-1536x591.jpg 1536w, https:\/\/www.hsu-hh.de\/bwp-w\/wp-content\/uploads\/sites\/833\/2019\/12\/Logo-BIBB-2048x788.jpg 2048w\" sizes=\"auto, (max-width: 200px) 100vw, 200px\" \/><\/p>\n<p>&nbsp;<\/p>\n<p><img loading=\"lazy\" decoding=\"async\" class=\"alignnone wp-image-440\" src=\"https:\/\/www.hsu-hh.de\/bapaed\/wp-content\/uploads\/sites\/833\/2019\/12\/BMBF_gef\u00f6rdert-vom_deutsch-300x213.jpg\" alt=\"Logo BMBF\" width=\"250\" height=\"177\" data-credit=\"BMBF\" srcset=\"https:\/\/www.hsu-hh.de\/bwp-w\/wp-content\/uploads\/sites\/833\/2019\/12\/BMBF_gef\u00f6rdert-vom_deutsch-300x213.jpg 300w, https:\/\/www.hsu-hh.de\/bwp-w\/wp-content\/uploads\/sites\/833\/2019\/12\/BMBF_gef\u00f6rdert-vom_deutsch-768x545.jpg 768w, https:\/\/www.hsu-hh.de\/bwp-w\/wp-content\/uploads\/sites\/833\/2019\/12\/BMBF_gef\u00f6rdert-vom_deutsch.jpg 881w\" sizes=\"auto, (max-width: 250px) 100vw, 250px\" \/><\/p>\n<p><strong>Ansprechpartner an der Professur:<\/strong><\/p>\n<ul>\n<li><a href=\"https:\/\/www.hsu-hh.de\/bapaed\/mitarbeiter\/\">Prof. <abbr title=\"Doktor\">Dr.<\/abbr> Tobias Schl\u00f6mer<\/a><\/li>\n<\/ul>\n<p>&nbsp;<\/p>\n<h3>Ziele und Inhalte<\/h3>\n<h3>Modellversuchsstr\u00e4nge<\/h3>\n<p>Im Modellversuch wurden folgende miteinander verschr\u00e4nkte Forschungs- und Praxisziele zur Gesch\u00e4ftsmodell- und Kompetenzentwicklung f\u00fcr nachhaltiges Wirtschaften im Einzel-, Gro\u00df- und Au\u00dfenhandel verfolgt. Im Praxisstrang des Vorhabens erfolgten die Entwicklung, Erprobung und Implementierung einer aus vier Modulen bestehenden Fortbildung f\u00fcr betriebliche Ausbilder\/-innen zur Berufsausbildung f\u00fcr nachhaltiges Wirtschaften. Nach jedem Modul entwickelten die Ausbilder\/-innen schrittweise betriebsspezifische Ausbildungsprogramme zum nachhaltigen Wirtschaften f\u00fcr ihre Auszubildenden, die sie im Laufe von vier Praxisphasen erprobten, innerhalb der Modulsequenzen gemeinsam mit anderen Ausbilder(inne)n bewerteten und schlie\u00dflich in ihren Betrieben verstetigten. Der Forschungsstrang zielte auf die empirische Fundierung, Evaluierung und Qualit\u00e4tssicherung (QS) sowie den Transfer der Modulfortbildung und Ausbildungsprogramme (insbesondere durch Zertifizierungsstrategien) ab.<\/p>\n<h3>Vierdimensionales Modell<\/h3>\n<p>Die Ausgestaltung der Fortbildung erfolgte erstens theoriegeleitet entlang eines vierdimensionalen Modells, das aus mehrj\u00e4hrigen Studien, Entwicklungsprojekten und einem Modellversuch entwickelt wurde (<abbr title=\"vergleiche\">vgl.<\/abbr> Rebmann et al. 2014). Das Modell zielte darauf ab, die Entwicklung der Gesch\u00e4ftsmodelle von nachhaltig wirtschaftenden Betrieben mit der Kompetenzentwicklung der Mitarbeiter\/-innen in einem Systemzusammenhang zu beschreiben und zu prognostizieren. Es verband eine auf Gesch\u00e4ftsmodellentwicklung abzielende Perspektive, die unternehmerische Ausrichtung, Nachhaltigkeitsleistungen, Arbeitssysteme und Gesch\u00e4fts- und Arbeitsprozesse fokussiert, mit einer auf Kompetenzentwicklung abstellenden Perspektive, welche die Didaktik und Curriculumentwicklung sowie die Kompetenzen f\u00fcr nachhaltiges Wirtschaften und Ausbilden darstellt. Die Perspektiven werden durch vier Dimensionen (Performanz, Handlung, Lernen, Kompetenz) verbunden. Anhand der Dimensionen wurden die dem Modellversuchsvorhaben zugrunde liegenden Problemstellungen und die Leitfragen zur Entwicklung eines Ausbildungsprogramms mit ihren Ergebnissen sowie Handlungs- und Lernprozessen definiert. Zur adressaten- und dom\u00e4nenspezifischen Ausdifferenzierung der Modelldimensionen wurde zweitens eine empirische Studie durchgef\u00fchrt. Mittels vier Wissenschaft-Praxis-Workshops sowie einer onlinebasierten schriftlichen Abnehmerbefragung wurden die Auspr\u00e4gungen von Gesch\u00e4ftsmodellen nachhaltigen Wirtschaftens, betrieblichen Arbeitssystemen, Anforderungen an Lehr-Lernprozesse in der Ausbildung im Handel sowie Kompetenzbedarfe der Ausbilder\/-innen, Auszubildenden und Fachkr\u00e4fte ermittelt.<\/p>\n<h3>Fortbildung f\u00fcr Ausbildungspersonal und Auszubildende im Handel<\/h3>\n<p>Entsprechend der Modelldimensionen wurden im ersten F\u00f6rderjahr vier Pr\u00e4senzmodule mit Umf\u00e4ngen von 20 (1. und 4. Modul) und 40 (2. und 3. Modul) Pr\u00e4senzstunden entwickelt. Die Fortbildung wurde in drei Durchl\u00e4ufen mit jeweils 20-25 Ausbilder(inne)n und ihren Auszubildenden von Beginn des zweiten F\u00f6rderjahrs bis zum ersten Quartal im dritten F\u00f6rderjahr erprobt und evaluiert. Zur methodischen Verschr\u00e4nkung der vier Module wurde \u00fcber eine technische Lernumgebung (ILIAS) ein Advanced Organizer (AO) eingesetzt, der den Teilnehmer(inne)n als wichtige Lehr- und Lernstrategie diente. Aus den Erprobungsergebnissen wurde ein barrierefreies und bundesweit verf\u00fcgbares Fortbildungsangebot mit umfassenden Handreichungen und Prozessanleitungen entwickelt. Durch die Erstellung von Zertifizierungskonzepten und Handlungsempfehlungen wurden die Voraussetzungen geschaffen (1.) f\u00fcr eine Zertifizierung der Modulfortbildung, (2.) f\u00fcr eine Nutzung der Modulfortbildungsinhalte im Rahmen bereits etablierter Fortbildungen sowie (3.) f\u00fcr eine Weiterentwicklung der betrieblichen Ausbildungsprogramme zu einem Qualifizierungsangebot f\u00fcr Auszubildende im Handel. Diese Implementierungs- und Transfervoraussetzungen wurden im dritten F\u00f6rderjahr geschaffen.<\/p>\n<h3>Literatur:<\/h3>\n<p>Rebmann, K.; Schl\u00f6mer, T.; Feldkamp, D.; Jahncke, H. &amp; L\u00fcllau, C. (2014). Das Oldenburger Modell der Berufsbildung f\u00fcr eine nachhaltige Entwicklung (BBNE). In W. Kuhlmeier, A. Mohoric &amp; T. Vollmer (<abbr title=\"Herausgeber\">Hrsg.<\/abbr>), Berufsbildung f\u00fcr nachhaltige Entwicklung (69-94). Bielefeld.<\/p>\n<p>Schl\u00f6mer, T. (2009). Berufliches Handeln und Kompetenzen f\u00fcr nachhaltiges Wirtschaften. Mering.<\/p>\n<h3>Projektpublikationen<\/h3>\n<p>Auf dieser Seite finden Sie Publikationen, die im Rahmen des Modellversuchs GEKONAWI entstanden sind.<\/p>\n<h3>2019<\/h3>\n<p>Wicke, C.; Kiepe, K.; Reichel, J.; Becker, C.; Jahnke, H.; Rebmann, K.; Schl\u00f6mer, T. (2019). Gesch\u00e4ftsmodell- und Kompetenzentwicklung f\u00fcr nachhaltiges Wirtschaften. Selbstlernmaterial f\u00fcr Ausbildungspersonal und Auszubildende. Bonn: Verlag Barbara Budrich.<\/p>\n<h3>2018<\/h3>\n<p><em>in Bearbeitung&#8230;<\/em><\/p>\n<h3>2017<\/h3>\n<p>Schl\u00f6mer, T.; Becker, C.; Jahncke, H.; Kiepe, K.; Wicke, C. &amp; Rebmann, K. (2017). Gesch\u00e4ftsmodell- und Kompetenzentwicklung f\u00fcr nachhaltiges Wirtschaften: Ein partizipativer Modellansatz des betrieblichen Ausbildens. bwp@ Berufs- und Wirtschaftsp\u00e4dagogik \u2013 online, 32, 1-20. URL: <a href=\"http:\/\/www.bwpat.de\/ausgabe32\/schloemer_etal_bwpat32.pdf\" rel='nofollow'>http:\/\/www.bwpat.de\/ausgabe32\/schloemer_etal_bwpat32.pdf<\/a> [Zugriff: 29.06.2017].<\/p>\n<h3>Projektteam<\/h3>\n<p>Das Verbundprojekt &#8222;Gesch\u00e4ftsmodell- und Kompetenzentwicklung f\u00fcr nachhaltiges Wirtschaften im Handel&#8220; (GEKONAWI) wurde unter der Leitung der Professur f\u00fcr Berufs- und Arbeitsp\u00e4dagogik der Helmut-Schmidt-Universit\u00e4t\/Universit\u00e4t der Bundeswehr Hamburg in Kooperation mit dem Fachgebiet Berufs- und Wirtschaftsp\u00e4dagogik der Carl von Ossietzky Universit\u00e4t Oldenburg durchgef\u00fchrt.<\/p>\n<p>Professur f\u00fcr Berufs- und Arbeitsp\u00e4dagogik der Helmut-Schmidt-Universit\u00e4t\/Universit\u00e4t der Bundeswehr Hamburg:<\/p>\n<ul>\n<li><a href=\"https:\/\/www.hsu-hh.de\/bapaed\/mitarbeiter\/\">Prof. <abbr title=\"Doktor\">Dr.<\/abbr> Tobias Schl\u00f6mer<\/a><\/li>\n<li><a href=\"https:\/\/www.hsu-hh.de\/bapaed\/karina-kiepe-b-a-m-ed\/\">Karina Kiepe, B. A., M. Ed.<\/a><\/li>\n<li>Carolin Wicke, B. Sc., M. Ed.<\/li>\n<li><abbr title=\"Doktor\">Dr.<\/abbr> Juliane Reichel<\/li>\n<\/ul>\n<p>&nbsp;<\/p>\n<p>Fachgebiet Berufs- und Wirtschaftsp\u00e4dagogik der Carl von Ossietzky Universit\u00e4t Oldenburg:<\/p>\n<ul>\n<li><a href=\"https:\/\/uol.de\/bwp\/wir-ueber-uns\/team\/prof-dr-karin-rebmann\" rel='nofollow'>Prof. <abbr title=\"Doktor\">Dr.<\/abbr> Karin Rebmann<\/a><\/li>\n<li><abbr title=\"Diplom\">Dipl.<\/abbr>-Hdl. Clarissa Becker<\/li>\n<li><a href=\"https:\/\/uol.de\/bwp\/wir-ueber-uns\/team\/heike-jahncke\" rel='nofollow'>Heike Jahncke, B. A., M. Sc.<\/a><\/li>\n<li><a href=\"https:\/\/uol.de\/bwp\/wir-ueber-uns\/team\/andreas-slopinski\" rel='nofollow'><abbr title=\"Doktor\">Dr.<\/abbr> Andreas Slopinski<\/a><\/li>\n<\/ul>\n","protected":false},"excerpt":{"rendered":"<p>Gesch\u00e4ftsmodell- und Kompetenzentwicklung f\u00fcr nachhaltiges Wirtschaften im Handel Das Verbundprojekt &#8222;Gesch\u00e4ftsmodell- und Kompetenzentwicklung f\u00fcr nachhaltiges Wirtschaften im Handel&#8220; (GEKONAWI) wurde unter der Leitung der Professur f\u00fcr Berufs- und Arbeitsp\u00e4dagogik der [&hellip;]<\/p>\n","protected":false},"author":1383,"featured_media":0,"parent":0,"menu_order":0,"comment_status":"closed","ping_status":"closed","template":"","meta":{"_EventAllDay":false,"_EventTimezone":"","_EventStartDate":"","_EventEndDate":"","_EventStartDateUTC":"","_EventEndDateUTC":"","_EventShowMap":false,"_EventShowMapLink":false,"_EventURL":"","_EventCost":"","_EventCostDescription":"","_EventCurrencySymbol":"","_EventCurrencyCode":"","_EventCurrencyPosition":"","_EventDateTimeSeparator":"","_EventTimeRangeSeparator":"","_EventOrganizerID":[],"_EventVenueID":[],"_OrganizerEmail":"","_OrganizerPhone":"","_OrganizerWebsite":"","_VenueAddress":"","_VenueCity":"","_VenueCountry":"","_VenueProvince":"","_VenueState":"","_VenueZip":"","_VenuePhone":"","_VenueURL":"","_VenueStateProvince":"","_VenueLat":"","_VenueLng":"","_VenueShowMap":false,"_VenueShowMapLink":false,"footnotes":""},"categories":[],"tags":[],"class_list":["post-307","page","type-page","status-publish","hentry"],"_links":{"self":[{"href":"https:\/\/www.hsu-hh.de\/bwp-w\/wp-json\/wp\/v2\/pages\/307","targetHints":{"allow":["GET"]}}],"collection":[{"href":"https:\/\/www.hsu-hh.de\/bwp-w\/wp-json\/wp\/v2\/pages"}],"about":[{"href":"https:\/\/www.hsu-hh.de\/bwp-w\/wp-json\/wp\/v2\/types\/page"}],"author":[{"embeddable":true,"href":"https:\/\/www.hsu-hh.de\/bwp-w\/wp-json\/wp\/v2\/users\/1383"}],"replies":[{"embeddable":true,"href":"https:\/\/www.hsu-hh.de\/bwp-w\/wp-json\/wp\/v2\/comments?post=307"}],"version-history":[{"count":24,"href":"https:\/\/www.hsu-hh.de\/bwp-w\/wp-json\/wp\/v2\/pages\/307\/revisions"}],"predecessor-version":[{"id":532,"href":"https:\/\/www.hsu-hh.de\/bwp-w\/wp-json\/wp\/v2\/pages\/307\/revisions\/532"}],"wp:attachment":[{"href":"https:\/\/www.hsu-hh.de\/bwp-w\/wp-json\/wp\/v2\/media?parent=307"}],"wp:term":[{"taxonomy":"category","embeddable":true,"href":"https:\/\/www.hsu-hh.de\/bwp-w\/wp-json\/wp\/v2\/categories?post=307"},{"taxonomy":"post_tag","embeddable":true,"href":"https:\/\/www.hsu-hh.de\/bwp-w\/wp-json\/wp\/v2\/tags?post=307"}],"curies":[{"name":"wp","href":"https:\/\/api.w.org\/{rel}","templated":true}]}}