{"id":1394,"date":"2025-03-20T11:53:15","date_gmt":"2025-03-20T10:53:15","guid":{"rendered":"https:\/\/www.hsu-hh.de\/bwp-w\/?page_id=1394"},"modified":"2025-08-19T13:48:57","modified_gmt":"2025-08-19T11:48:57","slug":"innohubazubi-innovationhubs-fuer-kaufmaennische-auszubildende","status":"publish","type":"page","link":"https:\/\/www.hsu-hh.de\/bwp-w\/innohubazubi-innovationhubs-fuer-kaufmaennische-auszubildende\/","title":{"rendered":""},"content":{"rendered":"\n<figure class=\"wp-block-image size-full is-resized\"><img loading=\"lazy\" decoding=\"async\" width=\"402\" height=\"222\" src=\"https:\/\/www.hsu-hh.de\/bwp-w\/wp-content\/uploads\/sites\/833\/2025\/05\/InnoVET_Logo_InnoHubAzubi_mUZ_RGB.jpg\" data-credit=\"BMBF\" alt=\"\" class=\"wp-image-1453\" style=\"width:312px;height:auto\" srcset=\"https:\/\/www.hsu-hh.de\/bwp-w\/wp-content\/uploads\/sites\/833\/2025\/05\/InnoVET_Logo_InnoHubAzubi_mUZ_RGB.jpg 402w, https:\/\/www.hsu-hh.de\/bwp-w\/wp-content\/uploads\/sites\/833\/2025\/05\/InnoVET_Logo_InnoHubAzubi_mUZ_RGB-300x166.jpg 300w\" sizes=\"auto, (max-width: 402px) 100vw, 402px\" \/><\/figure>\n\n\n\n<h2 class=\"wp-block-heading has-large-font-size\">InnoHubAzubi \u2013 InnovationHubs f\u00fcr kaufm\u00e4nnische Auszubildende<\/h2>\n\n\n\n<h2 class=\"wp-block-heading\"><strong>Organisation und F\u00f6rderhintergrund<\/strong><\/h2>\n\n\n\n<p>Bei dem Projekt \u201eInnovationHubs f\u00fcr kaufm\u00e4nnische Auszubildende (InnoHubAzubi)\u201c handelt es sich um ein Verbundprojekt der Helmut-Schmidt-Universit\u00e4t\/Universit\u00e4t der Bundeswehr Hamburg, der Universit\u00e4t Paderborn und der HYVE Innovate <abbr title=\"Gesellschaft mit beschr\u00e4nkter Haftung\">GmbH<\/abbr>. Das Projekt InnoHubAzubi ist Teil des Innovationswettbewerbs InnoVET PLUS des Bundesministeriums f\u00fcr Bildung, Familie, Senioren, Frauen und Jugend (BMBFSFJ), der durch das Bundesinstitut f\u00fcr Berufsbildung (BIBB) betreut wird.<\/p>\n\n\n\n<h2 class=\"wp-block-heading\"><strong>Projekthintergrun<\/strong>d<\/h2>\n\n\n\n<p>Das Projekt setzt dort an, wo die duale Ausbildung bisher an ihre Grenzen st\u00f6\u00dft: In der F\u00f6rderung einer aktiven Mitgestaltung unternehmerischer Innovationen durch Auszubildende. InnoHubAzubi bildet hierbei eine zentrale Plattform, um Lern- und Arbeitsprozesse \u00fcber den Betriebsalltag hinaus zu \u00f6ffnen und eine Innovationskultur zu schaffen, in der Auszubildende als aktive Impulsgeber:innen wahrgenommen werden. Im Innovationsprozess werden die Auszubildenden durch erfahrene Innovation-Coaches begleitet.<\/p>\n\n\n\n<h2 class=\"wp-block-heading\"><strong>Zielsetzung<\/strong><\/h2>\n\n\n\n<p>Das Vorhaben zielt darauf ab, Auszubildende in ihrer Mitgestaltung unternehmerischer Innovationen zu f\u00f6rdern. Hierf\u00fcr werden gezielt Kompetenzen zum Innovieren, zum Umgang mit KI und zur Mitgestaltung von Transformationen gest\u00e4rkt. Parallel dazu werden Lehrende und Ausbilder:innen in der beruflichen Bildung unterst\u00fctzt, Innovationskompetenz zu vermitteln. Damit dieses Vorhaben auch nach Ablauf des Projekts Bestand hat, werden digitale Arbeitssettings geschaffen sowie Lernmaterialien und Umsetzungshilfen entwickelt und als Open-Access-Ver\u00f6ffentlichungen zur Verf\u00fcgung gestellt, sodass sie stets genutzt und aktualisiert werden k\u00f6nnen.<br>Als weiteres Ziel sollen Unternehmen L\u00f6sungskonzepte und innovative Ideen f\u00fcr reale Problemstellungen an die Hand bekommen.<\/p>\n\n\n\n<h2 class=\"wp-block-heading\"><strong>Innovation Hubs<\/strong><\/h2>\n\n\n\n<p>Innovation Hubs sind als Organisationen zur F\u00f6rderung von kreativen, dynamischen und agilen Denk- und Arbeitsprozessen zu verstehen, welche die Gestaltung von Innovations- und Transformationsprozessen voranbringen. Sie finden zumeist in digitalen Settings wie Innovationswettbewerben oder Experimentiertr\u00e4umen statt und erm\u00f6glichen die Zusammenarbeit verschiedener Akteur:innen aus unterschiedlichen Bereichen. Diese entgrenzte Form der Arbeit und Kollaboration bietet \u00f6konomische und lernbezogene Potenziale.<\/p>\n\n\n\n<h2 class=\"wp-block-heading\"><strong>Das Projekt in K\u00fcrze<\/strong><\/h2>\n\n\n\n<figure class=\"wp-block-image size-large\"><img loading=\"lazy\" decoding=\"async\" width=\"1024\" height=\"213\" src=\"https:\/\/www.hsu-hh.de\/bwp-w\/wp-content\/uploads\/sites\/833\/2025\/04\/Ablauf_Innovationsprozess-1024x213.jpg\" data-credit=\"HYVE\" alt=\"\" class=\"wp-image-1443\" srcset=\"https:\/\/www.hsu-hh.de\/bwp-w\/wp-content\/uploads\/sites\/833\/2025\/04\/Ablauf_Innovationsprozess-1024x213.jpg 1024w, https:\/\/www.hsu-hh.de\/bwp-w\/wp-content\/uploads\/sites\/833\/2025\/04\/Ablauf_Innovationsprozess-300x62.jpg 300w, https:\/\/www.hsu-hh.de\/bwp-w\/wp-content\/uploads\/sites\/833\/2025\/04\/Ablauf_Innovationsprozess-768x160.jpg 768w, https:\/\/www.hsu-hh.de\/bwp-w\/wp-content\/uploads\/sites\/833\/2025\/04\/Ablauf_Innovationsprozess-1536x320.jpg 1536w, https:\/\/www.hsu-hh.de\/bwp-w\/wp-content\/uploads\/sites\/833\/2025\/04\/Ablauf_Innovationsprozess-1100x229.jpg 1100w, https:\/\/www.hsu-hh.de\/bwp-w\/wp-content\/uploads\/sites\/833\/2025\/04\/Ablauf_Innovationsprozess.jpg 1758w\" sizes=\"auto, (max-width: 1024px) 100vw, 1024px\" \/><\/figure>\n\n\n\n<p>InnoHubAzubi bindet Auszubildende in den unternehmerischen Innovationsprozess ein. Ausgangspunkt sind reale Problemstellungen der teilnehmenden Unternehmen aus ihrer Arbeitspraxis. Das Projekt erschlie\u00dft das Potenzial von Innovationsplattformen (Innovation Hubs) f\u00fcr die Kompetenzentwicklung von kaufm\u00e4nnischen Auszubildenden. Hierf\u00fcr erm\u00f6glicht es eine Zusammenarbeit von Auszubildenden, Lehrenden <abbr title=\"beziehungsweise\">bzw.<\/abbr> Ausbilder:innen und Innovation Coaches von HYVE, welche gemeinsam einen f\u00fcnfschrittigen Innovationsprozess durchlaufen. Der gesamte Prozess wird dabei durch den Einsatz von KI unterst\u00fctzt. Dar\u00fcber hinaus wird im Sinne einer Open Innovation die HYVE-Crowd in den Innovationsprozess eingebunden, indem sie zur Ideenentwicklung und -einreichung angeregt wird. Die besten Projekte werden innerhalb eines Innovationswettbewerbs pr\u00e4miert.<\/p>\n\n\n\n<h2 class=\"wp-block-heading\">Ablauf des Innovationsprozesses<\/h2>\n\n\n\n<figure class=\"wp-block-image size-large is-resized\"><img loading=\"lazy\" decoding=\"async\" width=\"1024\" height=\"574\" src=\"https:\/\/www.hsu-hh.de\/bwp-w\/wp-content\/uploads\/sites\/833\/2025\/04\/Akteur_innen_InnoHubAzubi-1024x574.jpg\" data-credit=\"HYVE\" alt=\"\" class=\"wp-image-1442\" style=\"width:686px;height:auto\" srcset=\"https:\/\/www.hsu-hh.de\/bwp-w\/wp-content\/uploads\/sites\/833\/2025\/04\/Akteur_innen_InnoHubAzubi-1024x574.jpg 1024w, https:\/\/www.hsu-hh.de\/bwp-w\/wp-content\/uploads\/sites\/833\/2025\/04\/Akteur_innen_InnoHubAzubi-300x168.jpg 300w, https:\/\/www.hsu-hh.de\/bwp-w\/wp-content\/uploads\/sites\/833\/2025\/04\/Akteur_innen_InnoHubAzubi-768x431.jpg 768w, https:\/\/www.hsu-hh.de\/bwp-w\/wp-content\/uploads\/sites\/833\/2025\/04\/Akteur_innen_InnoHubAzubi-1100x617.jpg 1100w, https:\/\/www.hsu-hh.de\/bwp-w\/wp-content\/uploads\/sites\/833\/2025\/04\/Akteur_innen_InnoHubAzubi.jpg 1104w\" sizes=\"auto, (max-width: 1024px) 100vw, 1024px\" \/><\/figure>\n\n\n\n<p>Im Rahmen von InnoHubAzubi ist insgesamt die Einbindung von 100 Auszubildenden in 23 verschiedenen Projekten geplant.&nbsp; Die Auszubildenden aus den Unternehmen arbeiten in Teams zusammen, diese bestehen aus drei bis vier Auszubildenden, einem HYVE-Coach sowie einem\/einer Ausbilder:in. Die Auszubildenden aus der Berufsschule setzen sich aus einer anderen Gruppenkonstellation zusammen. Hier besteht ein Team aus 12-15 Auszubildenden, einem\/einer HYVE-Coach und einem\/einer Lehrenden.<\/p>\n\n\n\n<h2 class=\"wp-block-heading\"><strong>Projektlaufzeit<\/strong><\/h2>\n\n\n\n<p>01.11.2024 \u2013 31.12.2027<\/p>\n\n\n\n<h2 class=\"wp-block-heading\"><strong>F\u00f6rderung des Projekts<\/strong><\/h2>\n\n\n\n<figure class=\"wp-block-image size-full\"><img loading=\"lazy\" decoding=\"async\" width=\"879\" height=\"272\" src=\"https:\/\/www.hsu-hh.de\/bwp-w\/wp-content\/uploads\/sites\/833\/2025\/08\/Innovet_Logoleiste_DIN_A5.jpg\" data-credit=\"BMBFSFJ\" alt=\"\" class=\"wp-image-1481\" srcset=\"https:\/\/www.hsu-hh.de\/bwp-w\/wp-content\/uploads\/sites\/833\/2025\/08\/Innovet_Logoleiste_DIN_A5.jpg 879w, https:\/\/www.hsu-hh.de\/bwp-w\/wp-content\/uploads\/sites\/833\/2025\/08\/Innovet_Logoleiste_DIN_A5-300x93.jpg 300w, https:\/\/www.hsu-hh.de\/bwp-w\/wp-content\/uploads\/sites\/833\/2025\/08\/Innovet_Logoleiste_DIN_A5-768x238.jpg 768w\" sizes=\"auto, (max-width: 879px) 100vw, 879px\" \/><\/figure>\n\n\n\n<h2 class=\"wp-block-heading\"><strong>Kontakt<\/strong><\/h2>\n\n\n\n<p>Melina Wesp, M. A.<br>innohubazubi@hsu-hh.de<\/p>\n\n\n\n<h2 class=\"wp-block-heading\"><strong>Projektteam und Verbundpartner<\/strong><\/h2>\n\n\n\n<p>Professur f\u00fcr Berufs- und Wirtschaftsp\u00e4dagogik mit dem Schwerpunkt Wirtschaftsp\u00e4dagogik an der Helmut-Schmidt-Universit\u00e4t\/Universit\u00e4t der Bundeswehr Hamburg<\/p>\n\n\n\n<ul class=\"wp-block-list\">\n<li><abbr title=\"Professor\">Prof.<\/abbr> <abbr title=\"Doktor\">Dr.<\/abbr> Tobias Schl\u00f6mer<\/li>\n\n\n\n<li>Melina Wesp, M. A.<\/li>\n<\/ul>\n\n\n\n<p><\/p>\n\n\n\n<p>Professur f\u00fcr Wirtschaftsp\u00e4dagogik, <abbr title=\"insbesondere\">insb.<\/abbr> Bildung f\u00fcr nachhaltige Entwicklung an der Universit\u00e4t Paderborn:<\/p>\n\n\n\n<ul class=\"wp-block-list\">\n<li><abbr title=\"Professor\">Prof.<\/abbr> <abbr title=\"Doktor\">Dr.<\/abbr> Karina Kiepe<\/li>\n\n\n\n<li><abbr title=\"Doktor\">Dr.<\/abbr> Melanie Wilde<\/li>\n\n\n\n<li>Nataly Stimpel, M. Sc.<\/li>\n<\/ul>\n\n\n\n<p><\/p>\n\n\n\n<p>HYVE Innovate <abbr title=\"Gesellschaft mit beschr\u00e4nkter Haftung\">GmbH<\/abbr>:<\/p>\n\n\n\n<ul class=\"wp-block-list\">\n<li>Julius Piwowar<\/li>\n\n\n\n<li>Niclas Kr\u00f6ger<\/li>\n<\/ul>\n","protected":false},"excerpt":{"rendered":"<p>InnoHubAzubi \u2013 InnovationHubs f\u00fcr kaufm\u00e4nnische Auszubildende Organisation und F\u00f6rderhintergrund Bei dem Projekt \u201eInnovationHubs f\u00fcr kaufm\u00e4nnische Auszubildende (InnoHubAzubi)\u201c handelt es sich um ein Verbundprojekt der Helmut-Schmidt-Universit\u00e4t\/Universit\u00e4t der Bundeswehr Hamburg, der Universit\u00e4t [&hellip;]<\/p>\n","protected":false},"author":740,"featured_media":0,"parent":0,"menu_order":0,"comment_status":"closed","ping_status":"closed","template":"","meta":{"_EventAllDay":false,"_EventTimezone":"","_EventStartDate":"","_EventEndDate":"","_EventStartDateUTC":"","_EventEndDateUTC":"","_EventShowMap":false,"_EventShowMapLink":false,"_EventURL":"","_EventCost":"","_EventCostDescription":"","_EventCurrencySymbol":"","_EventCurrencyCode":"","_EventCurrencyPosition":"","_EventDateTimeSeparator":"","_EventTimeRangeSeparator":"","_EventOrganizerID":[],"_EventVenueID":[],"_OrganizerEmail":"","_OrganizerPhone":"","_OrganizerWebsite":"","_VenueAddress":"","_VenueCity":"","_VenueCountry":"","_VenueProvince":"","_VenueState":"","_VenueZip":"","_VenuePhone":"","_VenueURL":"","_VenueStateProvince":"","_VenueLat":"","_VenueLng":"","_VenueShowMap":false,"_VenueShowMapLink":false,"footnotes":""},"categories":[4],"tags":[],"class_list":["post-1394","page","type-page","status-publish","hentry","category-forschung"],"_links":{"self":[{"href":"https:\/\/www.hsu-hh.de\/bwp-w\/wp-json\/wp\/v2\/pages\/1394","targetHints":{"allow":["GET"]}}],"collection":[{"href":"https:\/\/www.hsu-hh.de\/bwp-w\/wp-json\/wp\/v2\/pages"}],"about":[{"href":"https:\/\/www.hsu-hh.de\/bwp-w\/wp-json\/wp\/v2\/types\/page"}],"author":[{"embeddable":true,"href":"https:\/\/www.hsu-hh.de\/bwp-w\/wp-json\/wp\/v2\/users\/740"}],"replies":[{"embeddable":true,"href":"https:\/\/www.hsu-hh.de\/bwp-w\/wp-json\/wp\/v2\/comments?post=1394"}],"version-history":[{"count":25,"href":"https:\/\/www.hsu-hh.de\/bwp-w\/wp-json\/wp\/v2\/pages\/1394\/revisions"}],"predecessor-version":[{"id":1482,"href":"https:\/\/www.hsu-hh.de\/bwp-w\/wp-json\/wp\/v2\/pages\/1394\/revisions\/1482"}],"wp:attachment":[{"href":"https:\/\/www.hsu-hh.de\/bwp-w\/wp-json\/wp\/v2\/media?parent=1394"}],"wp:term":[{"taxonomy":"category","embeddable":true,"href":"https:\/\/www.hsu-hh.de\/bwp-w\/wp-json\/wp\/v2\/categories?post=1394"},{"taxonomy":"post_tag","embeddable":true,"href":"https:\/\/www.hsu-hh.de\/bwp-w\/wp-json\/wp\/v2\/tags?post=1394"}],"curies":[{"name":"wp","href":"https:\/\/api.w.org\/{rel}","templated":true}]}}