{"id":1392,"date":"2025-03-20T15:44:43","date_gmt":"2025-03-20T14:44:43","guid":{"rendered":"https:\/\/www.hsu-hh.de\/bwp-w\/?page_id=1392"},"modified":"2025-09-03T10:03:49","modified_gmt":"2025-09-03T08:03:49","slug":"ckobelep-ii-digitalisierte-wissensarbeit","status":"publish","type":"page","link":"https:\/\/www.hsu-hh.de\/bwp-w\/ckobelep-ii-digitalisierte-wissensarbeit\/","title":{"rendered":"CKoBeLeP II &#8211; Digitalisierte Wissensarbeit"},"content":{"rendered":"\n<h2 class=\"wp-block-heading\">Crowdwork und Crowdworker: Kompetenz-\/Subjektivierungseffekte, individuelle Beruflichkeit und lernf\u00f6rderliche Plattformgestaltung &#8211; Transfer der Befunde auf die digitalisierte Wissensarbeit<\/h2>\n\n\n\n<h2 class=\"wp-block-heading\"><strong>Projekthintergrund<\/strong><\/h2>\n\n\n\n<p><strong>CKoBeLeP<\/strong>\u00a0ist ein Teilprojekt des Zentrums f\u00fcr Digitalisierungs- und Technologieforschung der Bundeswehr (<strong><a href=\"https:\/\/dtecbw.de\" rel='nofollow'>dtec.bw)<\/a><\/strong>\u00a0und wird im Rahmen von\u00a0<strong>NextGenerationEU<\/strong>\u00a0von der Europ\u00e4ischen Union gef\u00f6rdert. Das Projekt besteht aus zwei Phasen:\u00a0<strong>CKoBeLeP I<\/strong>\u00a0(2021-2024) und\u00a0<strong>CKoBeLeP II<\/strong>\u00a0(2025-2026). W\u00e4hrend in Phase I Crowdwork und Crowdworking-Plattformen aus der Perspektive der Berufs- und Wirtschaftsp\u00e4dagogik und Arbeitssoziologie empirisch untersucht werden, zielt Phase II auf die Beforschung von digitalisierter Wissensarbeit in konventionellen Unternehmen ab.<\/p>\n\n\n\n<h2 class=\"wp-block-heading\"><strong>Phase I<\/strong><\/h2>\n\n\n\n<p>Das Anliegen des Projektes CKoBeLeP I besteht darin, Crowdwork-Plattformen empirisch zu analysieren und eine an Kriterien der Sozialvertr\u00e4glichkeit und Lernf\u00f6rderlichkeit von Arbeit ausgerichtete Entwicklung plattformbasierter Arbeit zu unterst\u00fctzen. Das interdisziplin\u00e4re Projektteam untersuchte in verschiedenen Teilprojekten kompetenzrelevante und subjektivierende Effekte, die berufsbiographische Bedeutung sowie die lernf\u00f6rderliche Gestaltung plattformbasierter Arbeit. Ein Schwerpunkt lag auf Crowdworkern, die plattformbasierte Arbeit entweder als Nebenjob oder als Hauptbesch\u00e4ftigung aus\u00fcben. Die Forschungs- und Entwicklungsaktivit\u00e4ten wurden in Zusammenarbeit mit ausgew\u00e4hlten Crowdworking-Plattformen und anderen Stakeholdern als Praxispartnern durchgef\u00fchrt. In den folgenden Teilprojekten wurden auf die \u00fcbergreifende Zielsetzung ausgerichtete Einzelfacetten untersucht:<\/p>\n\n\n\n<p><strong>Individuelle Beruflichkeit&nbsp;(<abbr title=\"Professor\">Prof.<\/abbr> <abbr title=\"Doktor\">Dr.<\/abbr> Karin B\u00fcchter, <abbr title=\"Helmut Schmidt Universit\u00e4t\">HSU<\/abbr>\/UniBw H<\/strong>):<br>Untersuchung der Ver\u00e4nderung von Beruflichkeit und des Bildungsverst\u00e4ndnisses in Bezug auf die spezifischen Anforderungen und Subjektivierungsprozesse von Crowdwork.<\/p>\n\n\n\n<p><strong>Wissen, Kompetenz und Lernen&nbsp;(<abbr title=\"Professor\">Prof.<\/abbr> <abbr title=\"Doktor\">Dr.<\/abbr> Schl\u00f6mer, <abbr title=\"Helmut Schmidt Universit\u00e4t\">HSU<\/abbr>\/UniBw H):&nbsp;<br><\/strong>Untersuchung der Wissensfacetten, Grundvorstellungen, Lernpraktiken und K\u00f6nnerschaft von Crowdworkern hinsichtlich der Bef\u00e4higung und Lernf\u00f6rderlichkeit von Plattformarbeit aus berufs- und wirtschaftsp\u00e4dagogischer Sicht, erg\u00e4nzt durch praxistheoretische Perspektiven.<\/p>\n\n\n\n<p><strong>Subjektivierung&nbsp;(<abbr title=\"Professor\">Prof.<\/abbr> <abbr title=\"Doktor\">Dr.<\/abbr> Kleemann, Universit\u00e4t Duisburg-Essen):<\/strong><br>Analyse der subjektiven Bedeutung von Crowdwork, der Integration von Plattformarbeit in den Lebenszusammenhang und der Lernpraktiken innerhalb von Crowdwork aus arbeitssoziologischer Perspektive.<\/p>\n\n\n\n<p><strong>Transitionen\/Communities of Practice&nbsp;(<abbr title=\"Professor\">Prof.<\/abbr> <abbr title=\"Doktor\">Dr.<\/abbr> Martin Krzywdzinski, <abbr title=\"Helmut Schmidt Universit\u00e4t\">HSU<\/abbr>\/UniBw H &amp; WZB):<\/strong><br>Analyse von \u00dcbergangsprozessen in der Erwerbsbiografie von Crowdworkern und der Rolle von Communities of Practice im Lernprozess, der sich trotz individualisierter T\u00e4tigkeit zeigt.<\/p>\n\n\n\n<h2 class=\"wp-block-heading\"><strong>Phase II<\/strong><\/h2>\n\n\n\n<p>In der Phase II des Projektes wird untersucht, ob die Befunde aus Phase I, die empirisch auf Crowdwork als prototypischer neuer Organisationsform basieren, auf andere Formen digitalisierter Wissensarbeit \u00fcbertragen werden k\u00f6nnen. Besonders im Fokus steht dabei, ob diese Ergebnisse auf Bereiche wie Data Science und kaufm\u00e4nnische Berufe angewendet werden k\u00f6nnen, die zunehmend durch technologische Innovationen wie K\u00fcnstliche Intelligenz, Big Data und Automatisierung gepr\u00e4gt sind. Ziel ist es, sowohl gemeinsame Muster als auch spezifische Merkmale in verschiedenen Berufssektoren wie kaufm\u00e4nnischen Berufen und Data Science zu identifizieren.<\/p>\n\n\n\n<p>Dieser Fokus ist aus drei Gr\u00fcnden besonders relevant: Erstens besteht eine enge Verbindung zu dem im Rahmen von Phase I untersuchten Bereich des Crowdwork, das als Prototyp digitaler Wissensarbeit fungiert. Zweitens stellen diese Befunde zentrale Beispiele f\u00fcr die Transformation der wissensbasierten Arbeit dar, die durch die Digitalisierung vorangetrieben wird. Schlie\u00dflich bietet die Wahl dieser Berufe einen n\u00fctzlichen Kontrast zwischen unterschiedlichen Berufsgruppen.<\/p>\n\n\n\n<h3 class=\"wp-block-heading\"><strong>Mehr zum Projektanliegen<\/strong><\/h3>\n\n\n\n<p>Das Projekt untersucht die Entwicklung kaufm\u00e4nnischer Kompetenz und Data Science im Kontext von KI und Big Data aus den folgenden Perspektiven:<\/p>\n\n\n\n<ol start=\"1\" class=\"wp-block-list\">\n<li>Die konzeptionellen Grundlagen und das Wissen, das Fachkr\u00e4fte bei der Anwendung von KI und Big Data in Entscheidungsprozessen nutzen.<\/li>\n\n\n\n<li>Die Relationen des Einsatzes von KI und Big Data mit Arbeitspraktiken, Innovation und F\u00fchrung in Unternehmen sowie der Rolle von F\u00fchrungskr\u00e4ften bei der digitalen Transformation.<\/li>\n\n\n\n<li>Der Einfluss kultureller Faktoren auf die Nutzung und Integration von KI und Big Data.<\/li>\n\n\n\n<li>Die Weiterentwicklung des Konzepts der Relational Constellations im Kontext arbeitsteiliger Erwerbsarbeit.<\/li>\n\n\n\n<li>Arbeitsprozesse und Aktivit\u00e4ten von Data Scientists in Fertigungsunternehmen im Hinblick auf Standardisierung\/Routinisierung, Ver\u00e4nderungen der Wissensbasis und den Einsatz von Technologie.<\/li>\n\n\n\n<li>Innovative Ans\u00e4tze zur digitalen Transformation und F\u00fchrungskompetenz und deren Integration in Arbeitsprozesse.<\/li>\n<\/ol>\n\n\n\n<h3 class=\"wp-block-heading\"><strong>Projektpartner<\/strong><\/h3>\n\n\n\n<figure class=\"wp-block-image size-large is-resized\"><img loading=\"lazy\" decoding=\"async\" width=\"1024\" height=\"134\" src=\"https:\/\/www.hsu-hh.de\/bwp-w\/wp-content\/uploads\/sites\/833\/2025\/03\/Partner_zusammen_2025.03.20-1024x134.png\" data-credit=\"Logos\" alt=\"\" class=\"wp-image-1410\" style=\"width:650px;height:auto\" srcset=\"https:\/\/www.hsu-hh.de\/bwp-w\/wp-content\/uploads\/sites\/833\/2025\/03\/Partner_zusammen_2025.03.20-1024x134.png 1024w, https:\/\/www.hsu-hh.de\/bwp-w\/wp-content\/uploads\/sites\/833\/2025\/03\/Partner_zusammen_2025.03.20-300x39.png 300w, https:\/\/www.hsu-hh.de\/bwp-w\/wp-content\/uploads\/sites\/833\/2025\/03\/Partner_zusammen_2025.03.20-768x100.png 768w, https:\/\/www.hsu-hh.de\/bwp-w\/wp-content\/uploads\/sites\/833\/2025\/03\/Partner_zusammen_2025.03.20-1536x200.png 1536w, https:\/\/www.hsu-hh.de\/bwp-w\/wp-content\/uploads\/sites\/833\/2025\/03\/Partner_zusammen_2025.03.20-1100x144.png 1100w, https:\/\/www.hsu-hh.de\/bwp-w\/wp-content\/uploads\/sites\/833\/2025\/03\/Partner_zusammen_2025.03.20.png 1977w\" sizes=\"auto, (max-width: 1024px) 100vw, 1024px\" \/><\/figure>\n\n\n\n<p><strong>Helmut-Schmidt-Universit\u00e4t\/Universit\u00e4t der Bundeswehr Hamburg<\/strong><\/p>\n\n\n\n<ul class=\"wp-block-list\">\n<li><a href=\"https:\/\/www.hsu-hh.de\/bwp-w\/\"><strong>Professur f\u00fcr Berufs- und Wirtschaftsp\u00e4dagogik, SP Wirtschaftsp\u00e4dagogik<\/strong><\/a><br><abbr title=\"Professor\">Prof.<\/abbr> <abbr title=\"Doktor\">Dr.<\/abbr> Tobias Schl\u00f6mer (Projektleitung)<\/li>\n\n\n\n<li><a href=\"https:\/\/www.hsu-hh.de\/bwp-b\/\"><strong>Professur f\u00fcr Berufs- und Wirtschaftsp\u00e4dagogik, SP Berufsp\u00e4dagogik<\/strong><\/a><br><abbr title=\"Professor\">Prof.<\/abbr> <abbr title=\"Doktor\">Dr.<\/abbr> Karin B\u00fcchter <\/li>\n\n\n\n<li><a href=\"https:\/\/www.hsu-hh.de\/arbeit\/\">Professur Internationale Arbeitsbeziehungen<\/a><br><abbr title=\"Professor\">Prof.<\/abbr>&nbsp;<abbr title=\"Doktor\">Dr.<\/abbr>&nbsp;Martin Krzywdzinski&nbsp;&nbsp;<\/li>\n<\/ul>\n\n\n\n<p><\/p>\n\n\n\n<p><strong>Universit\u00e4t Duisburg-Essen<\/strong><\/p>\n\n\n\n<ul class=\"wp-block-list\">\n<li><a href=\"https:\/\/www.uni-due.de\/soziologie\/ABO.php\" rel='nofollow'><strong>Fachgebiet f\u00fcr Arbeit und Organisation<\/strong><\/a><br><abbr title=\"Professor\">Prof.<\/abbr>&nbsp;<abbr title=\"Doktor\">Dr.<\/abbr>&nbsp;Frank Kleemann&nbsp;<\/li>\n<\/ul>\n\n\n\n<p><\/p>\n\n\n\n<p><a href=\"https:\/\/www.hallighanken.de\/\" rel='nofollow'><strong>ZUKUNFT.unternehmen gGmbH<\/strong><\/a><\/p>\n\n\n\n<ul class=\"wp-block-list\">\n<li><abbr title=\"Professor\">Prof.<\/abbr> <abbr title=\"Doktor\">Dr.<\/abbr> Stephanie Birkner<\/li>\n\n\n\n<li>Leon Schmidt<\/li>\n<\/ul>\n\n\n\n<h3 class=\"wp-block-heading\">Projekteam<\/h3>\n\n\n\n<p>Hier geht es zum <a href=\"https:\/\/www.hsu-hh.de\/bwp-b\/forschung\/crowdwork\/team\/\">Projektteam<\/a>.<\/p>\n\n\n\n<h3 class=\"wp-block-heading\"><strong>Projektmanagement und Kontakt<\/strong><\/h3>\n\n\n\n<p><abbr title=\"Doktor\">Dr.<\/abbr> Jiayin Li-Gottwald (<abbr title=\"Helmut Schmidt Universit\u00e4t\">HSU<\/abbr>\/UniBw H)<br><a href=\"mailto:projekt-crowdwork@hsu-hh.de\" rel='nofollow'><strong>crowdwork@hsu-hh.de<\/strong><\/a><\/p>\n\n\n\n<h3 class=\"wp-block-heading\">F\u00f6rderung<\/h3>\n\n\n\n<figure class=\"wp-block-image size-full is-resized\"><img loading=\"lazy\" decoding=\"async\" width=\"889\" height=\"112\" src=\"https:\/\/www.hsu-hh.de\/bwp-w\/wp-content\/uploads\/sites\/833\/2025\/03\/Foerderhinweis_dtec_Next_EU_2025.03.20.jpg\" data-credit=\"dtec\" alt=\"\" class=\"wp-image-1413\" style=\"width:429px;height:auto\" srcset=\"https:\/\/www.hsu-hh.de\/bwp-w\/wp-content\/uploads\/sites\/833\/2025\/03\/Foerderhinweis_dtec_Next_EU_2025.03.20.jpg 889w, https:\/\/www.hsu-hh.de\/bwp-w\/wp-content\/uploads\/sites\/833\/2025\/03\/Foerderhinweis_dtec_Next_EU_2025.03.20-300x38.jpg 300w, https:\/\/www.hsu-hh.de\/bwp-w\/wp-content\/uploads\/sites\/833\/2025\/03\/Foerderhinweis_dtec_Next_EU_2025.03.20-768x97.jpg 768w\" sizes=\"auto, (max-width: 889px) 100vw, 889px\" \/><\/figure>\n\n\n\n<p><\/p>\n","protected":false},"excerpt":{"rendered":"<p>Crowdwork und Crowdworker: Kompetenz-\/Subjektivierungseffekte, individuelle Beruflichkeit und lernf\u00f6rderliche Plattformgestaltung &#8211; Transfer der Befunde auf die digitalisierte Wissensarbeit Projekthintergrund CKoBeLeP\u00a0ist ein Teilprojekt des Zentrums f\u00fcr Digitalisierungs- und Technologieforschung der Bundeswehr (dtec.bw)\u00a0und [&hellip;]<\/p>\n","protected":false},"author":740,"featured_media":0,"parent":0,"menu_order":0,"comment_status":"closed","ping_status":"closed","template":"","meta":{"_EventAllDay":false,"_EventTimezone":"","_EventStartDate":"","_EventEndDate":"","_EventStartDateUTC":"","_EventEndDateUTC":"","_EventShowMap":false,"_EventShowMapLink":false,"_EventURL":"","_EventCost":"","_EventCostDescription":"","_EventCurrencySymbol":"","_EventCurrencyCode":"","_EventCurrencyPosition":"","_EventDateTimeSeparator":"","_EventTimeRangeSeparator":"","_EventOrganizerID":[],"_EventVenueID":[],"_OrganizerEmail":"","_OrganizerPhone":"","_OrganizerWebsite":"","_VenueAddress":"","_VenueCity":"","_VenueCountry":"","_VenueProvince":"","_VenueState":"","_VenueZip":"","_VenuePhone":"","_VenueURL":"","_VenueStateProvince":"","_VenueLat":"","_VenueLng":"","_VenueShowMap":false,"_VenueShowMapLink":false,"footnotes":""},"categories":[4],"tags":[],"class_list":["post-1392","page","type-page","status-publish","hentry","category-forschung"],"_links":{"self":[{"href":"https:\/\/www.hsu-hh.de\/bwp-w\/wp-json\/wp\/v2\/pages\/1392","targetHints":{"allow":["GET"]}}],"collection":[{"href":"https:\/\/www.hsu-hh.de\/bwp-w\/wp-json\/wp\/v2\/pages"}],"about":[{"href":"https:\/\/www.hsu-hh.de\/bwp-w\/wp-json\/wp\/v2\/types\/page"}],"author":[{"embeddable":true,"href":"https:\/\/www.hsu-hh.de\/bwp-w\/wp-json\/wp\/v2\/users\/740"}],"replies":[{"embeddable":true,"href":"https:\/\/www.hsu-hh.de\/bwp-w\/wp-json\/wp\/v2\/comments?post=1392"}],"version-history":[{"count":14,"href":"https:\/\/www.hsu-hh.de\/bwp-w\/wp-json\/wp\/v2\/pages\/1392\/revisions"}],"predecessor-version":[{"id":1485,"href":"https:\/\/www.hsu-hh.de\/bwp-w\/wp-json\/wp\/v2\/pages\/1392\/revisions\/1485"}],"wp:attachment":[{"href":"https:\/\/www.hsu-hh.de\/bwp-w\/wp-json\/wp\/v2\/media?parent=1392"}],"wp:term":[{"taxonomy":"category","embeddable":true,"href":"https:\/\/www.hsu-hh.de\/bwp-w\/wp-json\/wp\/v2\/categories?post=1392"},{"taxonomy":"post_tag","embeddable":true,"href":"https:\/\/www.hsu-hh.de\/bwp-w\/wp-json\/wp\/v2\/tags?post=1392"}],"curies":[{"name":"wp","href":"https:\/\/api.w.org\/{rel}","templated":true}]}}